{"id":987,"date":"2020-01-01T02:23:18","date_gmt":"2020-01-01T01:23:18","guid":{"rendered":"https:\/\/www.fotezja.pl\/sklep\/?post_type=product&#038;p=987"},"modified":"2024-12-28T01:13:21","modified_gmt":"2024-12-28T00:13:21","slug":"fotobook-hdr-od-h-do-r-poradnik-fotograficzny","status":"publish","type":"product","link":"https:\/\/www.fotezja.pl\/sklep\/produkt\/fotobook-hdr-od-h-do-r-poradnik-fotograficzny\/","title":{"rendered":"Fotobook: HDR od H do R \u2013 poradnik fotograficzny"},"content":{"rendered":"<p>Z tego poradnika dowiesz si\u0119 jak fotografowa\u0107 HDR oraz jak sk\u0142ada\u0107 zdj\u0119cia, aby zwi\u0119kszy\u0107 rozpi\u0119to\u015b\u0107 tonaln\u0105 fotografii. Du\u017ca rozpi\u0119to\u015b\u0107 tonalna sceny, wysoki kontrast, wypalone i czarne obszary \u2013 to problemy, z kt\u00f3rymi spotka si\u0119 ka\u017cdy fotograf krajobraz\u00f3w czy architektury. Problemy si\u0119 rozwi\u0105zuje, a ten poradnik fotograficzny uczy rozwi\u0105zywa\u0107 problemy zwi\u0105zane z poprawnym na\u015bwietlaniem i sk\u0142adaniem w HDR scen wysokokontrastowych. Od rozpoznawania sytuacji o du\u017cej rozpi\u0119to\u015bci tonalnej, przez ich fotografowanie a\u017c po sk\u0142adanie i edycj\u0119 zdj\u0119\u0107, z uwzgl\u0119dnieniem estetyki oraz szczeg\u00f3lnych przypadk\u00f3w \u2013 ten podr\u0119cznik zawiera pe\u0142n\u0105 i kompletn\u0105 procedur\u0119 post\u0119powania podczas fotografowania scen trudnych lub niemo\u017cliwych do na\u015bwietlenia w jednym uj\u0119ciu.<br \/>\nKsi\u0105\u017cka zawiera m.in. obszern\u0105 instrukcj\u0119 sk\u0142adania plik\u00f3w HDR w programie SNS-HDR.<\/p>\n<h3>SPIS TRE\u015aCI EBOOKA:<\/h3>\n<p>Wst\u0119p, czyli po co w\u0142a\u015bciwie HDR<\/p>\n<h4><strong>   Jak si\u0119 zabra\u0107 za HDR<\/strong><\/h4>\n<p>Co widzi cz\u0142owiek, co widzi aparat<br \/>\nPo czym pozna\u0107, czy b\u0119dzie potrzebny HDR<br \/>\nGdy jeden histogram nie wystarczy<br \/>\nJaki sprz\u0119t jest potrzebny?<br \/>\nO ile ciemniej, jak bardzo ja\u015bniej?<br \/>\nDlaczego 2 EV? I dlaczego czas?<br \/>\nIle zdj\u0119\u0107 sk\u0142adowych potrzeba do HDR?<br \/>\nObliczanie ekspozycji: metoda akademicka<br \/>\nDlaczego nikt tak nie robi<br \/>\nObliczanie ekspozycji: metoda na babski rozum<br \/>\nKiedy \u015bwiat\u0142a s\u0105 wystarczaj\u0105co ciemne?<br \/>\nKiedy cienie s\u0105 wystarczaj\u0105co jasne?<br \/>\nLepiej za du\u017co, ni\u017c za ma\u0142o<br \/>\nCzy kolejno\u015b\u0107 wykonywania zdj\u0119\u0107 ma znaczenie?<br \/>\nSytuacje specjalne: Gdy wszystko p\u0142ynie<br \/>\nBracketowa\u0107, czy nie bracketowa\u0107?<br \/>\nHDR z r\u0119ki<br \/>\nEkspozycja, czyli zdj\u0119cia pr\u00f3bne<br \/>\nProblem jeszcze wi\u0119kszego kontrastu<br \/>\nNie chcesz liczy\u0107? Nie licz&#8230; ale to b\u0119dzie kosztowa\u0107<\/p>\n<h4><strong>   Sceny wymagaj\u0105ce HDR<\/strong><\/h4>\n<p>Widok za oknem<br \/>\nWidok do \u015brodka<br \/>\nKrajobraz w s\u0142o\u0144cu i w cieniu<br \/>\nDrzewa i plamy \u015bwiat\u0142a<br \/>\nZdj\u0119cia pod niskie s\u0142o\u0144ce<br \/>\nGdy niebo si\u0119 wypala<br \/>\nR\u00f3\u017cne \u017ar\u00f3d\u0142a \u015bwiat\u0142a<br \/>\n\u0179r\u00f3d\u0142o \u015bwiat\u0142a w kadrze<\/p>\n<h4><strong>   Sk\u0142adanie HDR<\/strong><\/h4>\n<p>HDR w aparacie<br \/>\nR\u0119cznie czy automatycznie?<br \/>\nSk\u0142adanie r\u0119czne<br \/>\nAutomaty i p\u00f3\u0142automaty<br \/>\nProgramy specjalistyczne<br \/>\nSNS-HDR i jego ustawienia<br \/>\nSk\u0142adanie w SNS-HDR<br \/>\nPrzyk\u0142ad z\u0142o\u017cenia: Efekt drapie\u017cny<br \/>\nPrzyk\u0142ad z\u0142o\u017cenia: Efekt \u0142agodny<br \/>\nPanoramy HDR<br \/>\nZ\u0142o\u017cenie HDR to nie koniec<\/p>\n<h4><strong>   Film w trybie HDR<\/strong><\/h4>\n<p>Filmowanie w trybie HDR \u2013 kilka \u201eale\u201d<br \/>\nFilmowanie w trybie HDR \u2013 jak to dzia\u0142a<br \/>\nKonfigurowanie Magicznej Latarni<br \/>\nSk\u0142adanie filmu HDR<\/p>\n<h4><strong>   Kiedy HDR nie pomo\u017ce<\/strong><\/h4>\n<p>Sytuacje dynamiczne<br \/>\nCiemno, a statywu nie ma<br \/>\nGdzie \u015bwiat\u0142o nie pada<br \/>\nGranice \u015bwiat\u0142a i cienia<\/p>\n<h4><strong> Alternatywy dla HDR<\/strong><\/h4>\n<p>Do\u015bwietlenie<br \/>\nPoczekanie na wyr\u00f3wnane o\u015bwietlenie<br \/>\nKompozycja z czerni\u0105 lub biel\u0105<br \/>\nKompozycja omijaj\u0105ca kontrastowe obszary<br \/>\nFiltr po\u0142\u00f3wkowy<br \/>\nFotografia podczerwona<\/p>\n<h4><strong>   Estetyka HDR<\/strong><\/h4>\n<p>Ostrze\u017cenie: Uwaga na dziur\u0119 HDR-ow\u0105<br \/>\nNiech cienie pozostan\u0105 w cieniach<br \/>\nWa\u017cne: Technika wp\u0142ywa na wymow\u0119 fotografii<br \/>\nZachowanie nastroju<br \/>\nHDR nie zast\u0105pi dobrego \u015bwiat\u0142a<\/p>\n<p>&nbsp;<\/p>\n<h3>Fragment fotobooka &#8220;HDR od H do R&#8221;<\/h3>\n<p>Rozdzia\u0142 tego poradnika jak fotografowa\u0107 HDR w cz\u0119\u015bci po\u015bwi\u0119conej temu, <a href=\"https:\/\/www.fotezja.pl\/ucz-sie-z-nami-fotografowac\/ile-zdjec-potrzeba-do-hdr-a\/\" target=\"_blank\" rel=\"noopener noreferrer\"><span style=\"color: #ff0000;\">ile zdj\u0119\u0107 jest potrzebnych, aby z\u0142o\u017cy\u0107 HDR<\/span><\/a> mo\u017cna przeczyta\u0107 na <a href=\"https:\/\/www.fotezja.pl\/\" target=\"_blank\" rel=\"noopener noreferrer\">Fotezja.pl<\/a><\/p>\n<p style=\"margin-bottom: 0,8cm;\"><strong>96 stron, obj\u0119to\u015b\u0107 pliku 41 MB, ebook dostarczany w formie elektronicznej<br \/>\n<\/strong><\/p>\n<p style=\"margin-bottom: 0,8cm;\">Recenzja pi\u00f3ra Konrada Le\u015bniaka: <a title=\"Konrad Le\u015bniak o fotobooku &quot;HDR od H do R&quot;\" href=\"http:\/\/ladaco.blogspot.com\/2015\/01\/o-hdr-od-h-do-r.html\" target=\"_blank\" rel=\"noopener noreferrer\">http:\/\/ladaco.blogspot.com\/2015\/01\/o-hdr-od-h-do-r.html<\/a><\/p>\n<p style=\"margin-bottom: 0,8cm;\">\n<h3>Zobacz wybrane strony tego e-booka:<\/h3>\n<div id=\"jig1\" class=\"justified-image-grid jig-03fb35ea040749d63ddc268c12b7d9c9 jig-preset-global jig-source-wp-gallery\"><div class=\"jig-clearfix\"><\/div><noscript id=\"jig1-html\" class=\"justified-image-grid-html\" data-lazy-src=\"skiplazyload\" data-src=\"skipunveillazyload\"><ul><li><a href=\"https:\/\/www.fotezja.pl\/sklep\/wp-content\/uploads\/sites\/5\/2020\/01\/HDR_odHdoR_poradnik_okladka.jpg\" title=\"HDR_odHdoR_poradnik_okladka\"><img fetchpriority=\"high\" decoding=\"async\" src=\"https:\/\/www.fotezja.pl\/sklep\/wp-content\/plugins\/justified-image-grid\/timthumb.php?src=https%3A%2F%2Fwww.fotezja.pl%2Fsklep%2Fwp-content%2Fuploads%2Fsites%2F5%2F2020%2F01%2FHDR_odHdoR_poradnik_okladka.jpg&amp;h=310&amp;q=90&amp;f=.jpg\" alt=\"HDR_odHdoR_poradnik_okladka\" width=\"495\" height=\"310\" \/><\/a><p class=\"jig-HTMLdescription\">HDR_odHdoR_poradnik_okladka<\/p><\/li><li><a href=\"https:\/\/www.fotezja.pl\/sklep\/wp-content\/uploads\/sites\/5\/2020\/01\/HDR_odHdoR_poradnik_01.jpg\" title=\"HDR_odHdoR_poradnik_01\"><img decoding=\"async\" src=\"https:\/\/www.fotezja.pl\/sklep\/wp-content\/plugins\/justified-image-grid\/timthumb.php?src=https%3A%2F%2Fwww.fotezja.pl%2Fsklep%2Fwp-content%2Fuploads%2Fsites%2F5%2F2020%2F01%2FHDR_odHdoR_poradnik_01.jpg&amp;h=310&amp;q=90&amp;f=.jpg\" alt=\"HDR_odHdoR_poradnik_01\" width=\"495\" height=\"310\" \/><\/a><p class=\"jig-HTMLdescription\">HDR_odHdoR_poradnik_01<\/p><\/li><li><a href=\"https:\/\/www.fotezja.pl\/sklep\/wp-content\/uploads\/sites\/5\/2020\/01\/HDR_odHdoR_poradnik_02.jpg\" title=\"HDR_odHdoR_poradnik_02\"><img decoding=\"async\" src=\"https:\/\/www.fotezja.pl\/sklep\/wp-content\/plugins\/justified-image-grid\/timthumb.php?src=https%3A%2F%2Fwww.fotezja.pl%2Fsklep%2Fwp-content%2Fuploads%2Fsites%2F5%2F2020%2F01%2FHDR_odHdoR_poradnik_02.jpg&amp;h=310&amp;q=90&amp;f=.jpg\" alt=\"HDR_odHdoR_poradnik_02\" width=\"495\" height=\"310\" \/><\/a><p class=\"jig-HTMLdescription\">HDR_odHdoR_poradnik_02<\/p><\/li><li><a href=\"https:\/\/www.fotezja.pl\/sklep\/wp-content\/uploads\/sites\/5\/2020\/01\/HDR_odHdoR_poradnik_03.jpg\" title=\"HDR_odHdoR_poradnik_03\"><img loading=\"lazy\" decoding=\"async\" src=\"https:\/\/www.fotezja.pl\/sklep\/wp-content\/plugins\/justified-image-grid\/timthumb.php?src=https%3A%2F%2Fwww.fotezja.pl%2Fsklep%2Fwp-content%2Fuploads%2Fsites%2F5%2F2020%2F01%2FHDR_odHdoR_poradnik_03.jpg&amp;h=310&amp;q=90&amp;f=.jpg\" alt=\"HDR_odHdoR_poradnik_03\" width=\"495\" height=\"310\" \/><\/a><p class=\"jig-HTMLdescription\">HDR_odHdoR_poradnik_03<\/p><\/li><li><a href=\"https:\/\/www.fotezja.pl\/sklep\/wp-content\/uploads\/sites\/5\/2020\/01\/HDR_odHdoR_poradnik_04.jpg\" title=\"HDR_odHdoR_poradnik_04\"><img loading=\"lazy\" decoding=\"async\" src=\"https:\/\/www.fotezja.pl\/sklep\/wp-content\/plugins\/justified-image-grid\/timthumb.php?src=https%3A%2F%2Fwww.fotezja.pl%2Fsklep%2Fwp-content%2Fuploads%2Fsites%2F5%2F2020%2F01%2FHDR_odHdoR_poradnik_04.jpg&amp;h=310&amp;q=90&amp;f=.jpg\" alt=\"HDR_odHdoR_poradnik_04\" width=\"495\" height=\"310\" \/><\/a><p class=\"jig-HTMLdescription\">HDR_odHdoR_poradnik_04<\/p><\/li><li><a href=\"https:\/\/www.fotezja.pl\/sklep\/wp-content\/uploads\/sites\/5\/2020\/01\/HDR_odHdoR_poradnik_05.jpg\" title=\"HDR_odHdoR_poradnik_05\"><img loading=\"lazy\" decoding=\"async\" src=\"https:\/\/www.fotezja.pl\/sklep\/wp-content\/plugins\/justified-image-grid\/timthumb.php?src=https%3A%2F%2Fwww.fotezja.pl%2Fsklep%2Fwp-content%2Fuploads%2Fsites%2F5%2F2020%2F01%2FHDR_odHdoR_poradnik_05.jpg&amp;h=310&amp;q=90&amp;f=.jpg\" alt=\"HDR_odHdoR_poradnik_05\" width=\"495\" height=\"310\" \/><\/a><p class=\"jig-HTMLdescription\">HDR_odHdoR_poradnik_05<\/p><\/li><li><a href=\"https:\/\/www.fotezja.pl\/sklep\/wp-content\/uploads\/sites\/5\/2020\/01\/HDR_odHdoR_poradnik_06.jpg\" title=\"HDR_odHdoR_poradnik_06\"><img loading=\"lazy\" decoding=\"async\" src=\"https:\/\/www.fotezja.pl\/sklep\/wp-content\/plugins\/justified-image-grid\/timthumb.php?src=https%3A%2F%2Fwww.fotezja.pl%2Fsklep%2Fwp-content%2Fuploads%2Fsites%2F5%2F2020%2F01%2FHDR_odHdoR_poradnik_06.jpg&amp;h=310&amp;q=90&amp;f=.jpg\" alt=\"HDR_odHdoR_poradnik_06\" width=\"495\" height=\"310\" \/><\/a><p class=\"jig-HTMLdescription\">HDR_odHdoR_poradnik_06<\/p><\/li><li><a href=\"https:\/\/www.fotezja.pl\/sklep\/wp-content\/uploads\/sites\/5\/2020\/01\/HDR_odHdoR_poradnik_07.jpg\" title=\"HDR_odHdoR_poradnik_07\"><img loading=\"lazy\" decoding=\"async\" src=\"https:\/\/www.fotezja.pl\/sklep\/wp-content\/plugins\/justified-image-grid\/timthumb.php?src=https%3A%2F%2Fwww.fotezja.pl%2Fsklep%2Fwp-content%2Fuploads%2Fsites%2F5%2F2020%2F01%2FHDR_odHdoR_poradnik_07.jpg&amp;h=310&amp;q=90&amp;f=.jpg\" alt=\"HDR_odHdoR_poradnik_07\" width=\"495\" height=\"310\" \/><\/a><p class=\"jig-HTMLdescription\">HDR_odHdoR_poradnik_07<\/p><\/li><li><a href=\"https:\/\/www.fotezja.pl\/sklep\/wp-content\/uploads\/sites\/5\/2020\/01\/HDR_odHdoR_poradnik_08.jpg\" title=\"HDR_odHdoR_poradnik_08\"><img loading=\"lazy\" decoding=\"async\" src=\"https:\/\/www.fotezja.pl\/sklep\/wp-content\/plugins\/justified-image-grid\/timthumb.php?src=https%3A%2F%2Fwww.fotezja.pl%2Fsklep%2Fwp-content%2Fuploads%2Fsites%2F5%2F2020%2F01%2FHDR_odHdoR_poradnik_08.jpg&amp;h=310&amp;q=90&amp;f=.jpg\" alt=\"HDR_odHdoR_poradnik_08\" width=\"495\" height=\"310\" \/><\/a><p class=\"jig-HTMLdescription\">HDR_odHdoR_poradnik_08<\/p><\/li><li><a href=\"https:\/\/www.fotezja.pl\/sklep\/wp-content\/uploads\/sites\/5\/2020\/01\/HDR_odHdoR_poradnik_09.jpg\" title=\"HDR_odHdoR_poradnik_09\"><img loading=\"lazy\" decoding=\"async\" src=\"https:\/\/www.fotezja.pl\/sklep\/wp-content\/plugins\/justified-image-grid\/timthumb.php?src=https%3A%2F%2Fwww.fotezja.pl%2Fsklep%2Fwp-content%2Fuploads%2Fsites%2F5%2F2020%2F01%2FHDR_odHdoR_poradnik_09.jpg&amp;h=310&amp;q=90&amp;f=.jpg\" alt=\"HDR_odHdoR_poradnik_09\" width=\"495\" height=\"310\" \/><\/a><p class=\"jig-HTMLdescription\">HDR_odHdoR_poradnik_09<\/p><\/li><li><a href=\"https:\/\/www.fotezja.pl\/sklep\/wp-content\/uploads\/sites\/5\/2020\/01\/HDR_odHdoR_poradnik_10.jpg\" title=\"HDR_odHdoR_poradnik_10\"><img loading=\"lazy\" decoding=\"async\" src=\"https:\/\/www.fotezja.pl\/sklep\/wp-content\/plugins\/justified-image-grid\/timthumb.php?src=https%3A%2F%2Fwww.fotezja.pl%2Fsklep%2Fwp-content%2Fuploads%2Fsites%2F5%2F2020%2F01%2FHDR_odHdoR_poradnik_10.jpg&amp;h=310&amp;q=90&amp;f=.jpg\" alt=\"HDR_odHdoR_poradnik_10\" width=\"495\" height=\"310\" \/><\/a><p class=\"jig-HTMLdescription\">HDR_odHdoR_poradnik_10<\/p><\/li><li><a href=\"https:\/\/www.fotezja.pl\/sklep\/wp-content\/uploads\/sites\/5\/2020\/01\/HDR_odHdoR_poradnik_11.jpg\" title=\"HDR_odHdoR_poradnik_11\"><img loading=\"lazy\" decoding=\"async\" src=\"https:\/\/www.fotezja.pl\/sklep\/wp-content\/plugins\/justified-image-grid\/timthumb.php?src=https%3A%2F%2Fwww.fotezja.pl%2Fsklep%2Fwp-content%2Fuploads%2Fsites%2F5%2F2020%2F01%2FHDR_odHdoR_poradnik_11.jpg&amp;h=310&amp;q=90&amp;f=.jpg\" alt=\"HDR_odHdoR_poradnik_11\" width=\"495\" height=\"310\" \/><\/a><p class=\"jig-HTMLdescription\">HDR_odHdoR_poradnik_11<\/p><\/li><\/ul><\/noscript><\/div>\n","protected":false},"excerpt":{"rendered":"<p>Autor: Ewa Prus<br \/>\nDu\u017ca rozpi\u0119to\u015b\u0107 tonalna sceny, wysoki kontrast, wypalone i czarne obszary \u2013 to problemy. Problemy si\u0119 rozwi\u0105zuje, a ten poradnik uczy rozwi\u0105zywa\u0107 problemy zwi\u0105zane z poprawnym na\u015bwietlaniem i sk\u0142adaniem w HDR scen wysokokontrastowych. Od rozpoznawania sytuacji o du\u017cej rozpi\u0119to\u015bci tonalnej, przez ich fotografowanie a\u017c po sk\u0142adanie i edycj\u0119 zdj\u0119\u0107, z uwzgl\u0119dnieniem estetyki oraz szczeg\u00f3lnych przypadk\u00f3w \u2013 ten poradnik zawiera pe\u0142n\u0105 i kompletn\u0105 procedur\u0119 post\u0119powania podczas fotografowania scen trudnych lub niemo\u017cliwych do na\u015bwietlenia w jednym uj\u0119ciu.<br \/>\nKsi\u0105\u017cka zawiera m.in. obszern\u0105 instrukcj\u0119 sk\u0142adania plik\u00f3w HDR w programie SNS-HDR.<\/p>\n<p>Ksi\u0105\u017cka ma posta\u0107 pliku w formacie PDF, do pobrania od razu po op\u0142aceniu. <strong>Nie wysy\u0142amy papierowej wersji<\/strong>, ale jak kto\u015b chce, to mo\u017ce sobie j\u0105 wydrukowa\u0107.<\/p>\n","protected":false},"featured_media":1004,"comment_status":"open","ping_status":"closed","template":"","meta":[],"product_brand":[],"product_cat":[29],"product_tag":[],"class_list":{"0":"post-987","1":"product","2":"type-product","3":"status-publish","4":"has-post-thumbnail","6":"product_cat-fotobooki","8":"first","9":"instock","10":"downloadable","11":"virtual","12":"sold-individually","13":"taxable","14":"purchasable","15":"product-type-simple"},"_links":{"self":[{"href":"https:\/\/www.fotezja.pl\/sklep\/wp-json\/wp\/v2\/product\/987","targetHints":{"allow":["GET"]}}],"collection":[{"href":"https:\/\/www.fotezja.pl\/sklep\/wp-json\/wp\/v2\/product"}],"about":[{"href":"https:\/\/www.fotezja.pl\/sklep\/wp-json\/wp\/v2\/types\/product"}],"replies":[{"embeddable":true,"href":"https:\/\/www.fotezja.pl\/sklep\/wp-json\/wp\/v2\/comments?post=987"}],"wp:featuredmedia":[{"embeddable":true,"href":"https:\/\/www.fotezja.pl\/sklep\/wp-json\/wp\/v2\/media\/1004"}],"wp:attachment":[{"href":"https:\/\/www.fotezja.pl\/sklep\/wp-json\/wp\/v2\/media?parent=987"}],"wp:term":[{"taxonomy":"product_brand","embeddable":true,"href":"https:\/\/www.fotezja.pl\/sklep\/wp-json\/wp\/v2\/product_brand?post=987"},{"taxonomy":"product_cat","embeddable":true,"href":"https:\/\/www.fotezja.pl\/sklep\/wp-json\/wp\/v2\/product_cat?post=987"},{"taxonomy":"product_tag","embeddable":true,"href":"https:\/\/www.fotezja.pl\/sklep\/wp-json\/wp\/v2\/product_tag?post=987"}],"curies":[{"name":"wp","href":"https:\/\/api.w.org\/{rel}","templated":true}]}}