{"id":976,"date":"2020-01-01T02:10:14","date_gmt":"2020-01-01T01:10:14","guid":{"rendered":"https:\/\/www.fotezja.pl\/sklep\/?post_type=product&#038;p=976"},"modified":"2024-11-15T04:17:37","modified_gmt":"2024-11-15T03:17:37","slug":"fotobook-jak-fotografowac-gwiezdne-smugi","status":"publish","type":"product","link":"https:\/\/www.fotezja.pl\/sklep\/produkt\/fotobook-jak-fotografowac-gwiezdne-smugi\/","title":{"rendered":"Fotobook: Jak fotografowa\u0107\u2026 Gwiezdne smugi"},"content":{"rendered":"<p style=\"margin-bottom: 0,8cm;\"><em><strong>Jak fotografowa\u0107&#8230; Gwiezdne smugi to poradnik<\/strong><\/em>, kt\u00f3ry zawiera wszystko, co potrzebujesz wiedzie\u0107, aby robi\u0107 fotografie gwiazd: zar\u00f3wno prezentuj\u0105cych je statycznie, jak i tworz\u0105cych jasne smugi na nocnym niebie. Poradnik omawia wszystkie potrzebne zagadnienia: od wyboru niezb\u0119dnego sprz\u0119tu, przez technik\u0119 fotografowania i edycj\u0119 zdj\u0119\u0107, a\u017c po problemy zwi\u0105zane z wyborem optymalnego miejsca i idealnej pogody. Czytaj\u0105c tego fotobooka dowiesz si\u0119 m.in.: dlaczego lepiej robi\u0107 d\u0142ug\u0105 ekspozycj\u0119 na raty, dlaczego cywilizacja \u017ale wp\u0142ywa na fotografowanie gwiazd i dlaczego kompas jest bardzo pomocny dla nocnej kompozycji.<\/p>\n<h4>Spis tre\u015bci ebooka:<\/h4>\n<p style=\"margin-bottom: 0,8cm;\">&#8211; Jak znale\u017a\u0107 idealne miejsce na sesj\u0119.<\/p>\n<p style=\"margin-bottom: 0,8cm;\">&#8211; Jaki sprz\u0119t b\u0119dzie potrzebny.<\/p>\n<p style=\"margin-bottom: 0,8cm;\">&#8211; Jak zaplanowa\u0107 kompozycj\u0119, z uwzgl\u0119dnieniem kierunk\u00f3w \u015bwiata.<\/p>\n<p style=\"margin-bottom: 0,8cm;\">&#8211; Fotografowanie gwiazd a ustawianie ekspozycji.<\/p>\n<p style=\"margin-bottom: 0,8cm;\">&#8211; Co to jest regu\u0142a 600 i czy nale\u017cy si\u0119 ni\u0105 przejmowa\u0107.<\/p>\n<p style=\"margin-bottom: 0,8cm;\">&#8211; Na czym polega technika tradycyjna, a na czym interwa\u0142owa i jak ma si\u0119 do nich technika filmowa.<\/p>\n<p style=\"margin-bottom: 0,8cm;\">&#8211; Jak zredukowa\u0107 szumy powstaj\u0105ce podczas nocnych ekspozycji.<\/p>\n<p style=\"margin-bottom: 0,8cm;\">&#8211; Co to jest ciemna klatka i jak j\u0105 odejmowa\u0107.<\/p>\n<p style=\"margin-bottom: 0,8cm;\">&#8211; Jak posk\u0142ada\u0107 zdj\u0119cia wykonane technik\u0105 interwa\u0142ow\u0105.<\/p>\n<p style=\"margin-bottom: 0,8cm;\">&#8211; Jak stworzy\u0107 film z materia\u0142u interwa\u0142owego.<\/p>\n<p style=\"margin-bottom: 0,8cm;\">&#8211; Jak stworzy\u0107 film z rosn\u0105cymi smugami gwiazd.<\/p>\n<h4 style=\"margin-bottom: 0,8cm;\">Nowe zagadnienia w II wydaniu fotobooka:<\/h4>\n<p style=\"margin-bottom: 0,8cm;\">&#8211; Przekl\u0119ty Ksi\u0119\u017cyc<\/p>\n<p style=\"margin-bottom: 0,8cm;\">&#8211; Gwiazdy z jasnym pierwszym planem<\/p>\n<p style=\"margin-bottom: 0,8cm;\">&#8211; Wi\u0119cej problem\u00f3w: Nikon<\/p>\n<p style=\"margin-bottom: 0,8cm;\">&#8211; Interwa\u0142 czy tryb seryjny \u2013 co daje mniejsze przerwy<\/p>\n<p style=\"margin-bottom: 0,8cm;\">&#8211; Konfigurowanie interwalometra: menu aparatu<\/p>\n<p style=\"margin-bottom: 0,8cm;\">&#8211; Konfigurowanie interwalometra: w\u0119\u017cyk spustowy<\/p>\n<p style=\"margin-bottom: 0,8cm;\">&#8211; Automatyczne sk\u0142adanie zdj\u0119\u0107<\/p>\n<p style=\"margin-bottom: 0,8cm;\">&#8211; Gdy gwiazd jest za du\u017co<\/p>\n<h4>Fotografowanie gwiazd jest \u0142atwe&#8230; je\u015bli si\u0119 wie jak!<\/h4>\n<p style=\"margin-bottom: 0,8cm;\">Uwaga! Fotobook zawiera odno\u015bnik do filmu prezentuj\u0105cego animacj\u0119 ruchu gwiazd. Obejrzenie filmu wymaga dost\u0119pu do internetu w momencie lektury poradnika.<\/p>\n<h4>Fragment fotobooka &#8220;Jak fotografowa\u0107 gwiezdne smugi&#8221;<\/h4>\n<p>Dwa rozdzia\u0142y fotobooka mo\u017cna przeczyta\u0107 na <a href=\"https:\/\/www.fotezja.pl\/\" target=\"_blank\" rel=\"noopener noreferrer\">portalu Fotezja.pl<\/a>:<\/p>\n<ul>\n<li>o tym, jak <a href=\"https:\/\/www.fotezja.pl\/oprogramowanie\/startrails-zlozyc-smugi-gwiazd\/\" target=\"_blank\" rel=\"noopener noreferrer\"><span style=\"color: #ff0000;\">za pomoc\u0105 bezp\u0142atnego programu z\u0142o\u017cy\u0107 zdj\u0119cia nocnego nieba w fotografi\u0119 przedstawiaj\u0105c\u0105 gwiezdne smugi<\/span><\/a> oraz;<\/li>\n<li> o<a href=\"https:\/\/www.fotezja.pl\/ucz-sie-z-nami-fotografowac\/fotografowac-gwiazdy-kompozycja\/\" target=\"_blank\" rel=\"noopener noreferrer\"><span style=\"color: #ff0000;\"> kompozycji fotografii krajobrazowej z gwiazdami<\/span><\/a>.<\/li>\n<\/ul>\n<p style=\"margin-bottom: 0,8cm;\"><strong>51 stron, obj\u0119to\u015b\u0107 pliku 19 MB, ebook dostarczany w formie elektronicznej<br \/>\n<\/strong><\/p>\n<h3>Zobacz wybrane strony tego e-booka:<\/h3>\n<div id=\"jig1\" class=\"justified-image-grid jig-e06ac9adae5c133b9598917c387b9ced jig-preset-global jig-source-wp-gallery\"><div class=\"jig-clearfix\"><\/div><noscript id=\"jig1-html\" class=\"justified-image-grid-html\" data-lazy-src=\"skiplazyload\" data-src=\"skipunveillazyload\"><ul><li><a href=\"https:\/\/www.fotezja.pl\/sklep\/wp-content\/uploads\/sites\/5\/2020\/01\/Jak_Fotografowac_Gwiezdne_Smugi_okladka.jpg\" title=\"Jak_Fotografowac_Gwiezdne_Smugi_okladka\"><img fetchpriority=\"high\" decoding=\"async\" src=\"https:\/\/www.fotezja.pl\/sklep\/wp-content\/plugins\/justified-image-grid\/timthumb.php?src=https%3A%2F%2Fwww.fotezja.pl%2Fsklep%2Fwp-content%2Fuploads%2Fsites%2F5%2F2020%2F01%2FJak_Fotografowac_Gwiezdne_Smugi_okladka.jpg&amp;h=310&amp;q=90&amp;f=.jpg\" alt=\"Jak_Fotografowac_Gwiezdne_Smugi_okladka\" width=\"495\" height=\"310\" \/><\/a><p class=\"jig-HTMLdescription\">Jak_Fotografowac_Gwiezdne_Smugi_okladka<\/p><\/li><li><a href=\"https:\/\/www.fotezja.pl\/sklep\/wp-content\/uploads\/sites\/5\/2020\/01\/Jak_Fotografowac_Gwiezdne_Smugi_1.jpg\" title=\"Jak_Fotografowac_Gwiezdne_Smugi_1\"><img decoding=\"async\" src=\"https:\/\/www.fotezja.pl\/sklep\/wp-content\/plugins\/justified-image-grid\/timthumb.php?src=https%3A%2F%2Fwww.fotezja.pl%2Fsklep%2Fwp-content%2Fuploads%2Fsites%2F5%2F2020%2F01%2FJak_Fotografowac_Gwiezdne_Smugi_1.jpg&amp;h=310&amp;q=90&amp;f=.jpg\" alt=\"Jak_Fotografowac_Gwiezdne_Smugi_1\" width=\"495\" height=\"310\" \/><\/a><p class=\"jig-HTMLdescription\">Jak_Fotografowac_Gwiezdne_Smugi_1<\/p><\/li><li><a href=\"https:\/\/www.fotezja.pl\/sklep\/wp-content\/uploads\/sites\/5\/2020\/01\/Jak_Fotografowac_Gwiezdne_Smugi_2.jpg\" title=\"Jak_Fotografowac_Gwiezdne_Smugi_2\"><img decoding=\"async\" src=\"https:\/\/www.fotezja.pl\/sklep\/wp-content\/plugins\/justified-image-grid\/timthumb.php?src=https%3A%2F%2Fwww.fotezja.pl%2Fsklep%2Fwp-content%2Fuploads%2Fsites%2F5%2F2020%2F01%2FJak_Fotografowac_Gwiezdne_Smugi_2.jpg&amp;h=310&amp;q=90&amp;f=.jpg\" alt=\"Jak_Fotografowac_Gwiezdne_Smugi_2\" width=\"495\" height=\"310\" \/><\/a><p class=\"jig-HTMLdescription\">Jak_Fotografowac_Gwiezdne_Smugi_2<\/p><\/li><li><a href=\"https:\/\/www.fotezja.pl\/sklep\/wp-content\/uploads\/sites\/5\/2020\/01\/Jak_Fotografowac_Gwiezdne_Smugi_3.jpg\" title=\"Jak_Fotografowac_Gwiezdne_Smugi_3\"><img loading=\"lazy\" decoding=\"async\" src=\"https:\/\/www.fotezja.pl\/sklep\/wp-content\/plugins\/justified-image-grid\/timthumb.php?src=https%3A%2F%2Fwww.fotezja.pl%2Fsklep%2Fwp-content%2Fuploads%2Fsites%2F5%2F2020%2F01%2FJak_Fotografowac_Gwiezdne_Smugi_3.jpg&amp;h=310&amp;q=90&amp;f=.jpg\" alt=\"Jak_Fotografowac_Gwiezdne_Smugi_3\" width=\"495\" height=\"310\" \/><\/a><p class=\"jig-HTMLdescription\">Jak_Fotografowac_Gwiezdne_Smugi_3<\/p><\/li><li><a href=\"https:\/\/www.fotezja.pl\/sklep\/wp-content\/uploads\/sites\/5\/2020\/01\/Jak_Fotografowac_Gwiezdne_Smugi_4.jpg\" title=\"Jak_Fotografowac_Gwiezdne_Smugi_4\"><img loading=\"lazy\" decoding=\"async\" src=\"https:\/\/www.fotezja.pl\/sklep\/wp-content\/plugins\/justified-image-grid\/timthumb.php?src=https%3A%2F%2Fwww.fotezja.pl%2Fsklep%2Fwp-content%2Fuploads%2Fsites%2F5%2F2020%2F01%2FJak_Fotografowac_Gwiezdne_Smugi_4.jpg&amp;h=310&amp;q=90&amp;f=.jpg\" alt=\"Jak_Fotografowac_Gwiezdne_Smugi_4\" width=\"495\" height=\"310\" \/><\/a><p class=\"jig-HTMLdescription\">Jak_Fotografowac_Gwiezdne_Smugi_4<\/p><\/li><li><a href=\"https:\/\/www.fotezja.pl\/sklep\/wp-content\/uploads\/sites\/5\/2020\/01\/Jak_Fotografowac_Gwiezdne_Smugi_5.jpg\" title=\"Jak_Fotografowac_Gwiezdne_Smugi_5\"><img loading=\"lazy\" decoding=\"async\" src=\"https:\/\/www.fotezja.pl\/sklep\/wp-content\/plugins\/justified-image-grid\/timthumb.php?src=https%3A%2F%2Fwww.fotezja.pl%2Fsklep%2Fwp-content%2Fuploads%2Fsites%2F5%2F2020%2F01%2FJak_Fotografowac_Gwiezdne_Smugi_5.jpg&amp;h=310&amp;q=90&amp;f=.jpg\" alt=\"Jak_Fotografowac_Gwiezdne_Smugi_5\" width=\"495\" height=\"310\" \/><\/a><p class=\"jig-HTMLdescription\">Jak_Fotografowac_Gwiezdne_Smugi_5<\/p><\/li><li><a href=\"https:\/\/www.fotezja.pl\/sklep\/wp-content\/uploads\/sites\/5\/2020\/01\/Jak_Fotografowac_Gwiezdne_Smugi_6.jpg\" title=\"Jak_Fotografowac_Gwiezdne_Smugi_6\"><img loading=\"lazy\" decoding=\"async\" src=\"https:\/\/www.fotezja.pl\/sklep\/wp-content\/plugins\/justified-image-grid\/timthumb.php?src=https%3A%2F%2Fwww.fotezja.pl%2Fsklep%2Fwp-content%2Fuploads%2Fsites%2F5%2F2020%2F01%2FJak_Fotografowac_Gwiezdne_Smugi_6.jpg&amp;h=310&amp;q=90&amp;f=.jpg\" alt=\"Jak_Fotografowac_Gwiezdne_Smugi_6\" width=\"495\" height=\"310\" \/><\/a><p class=\"jig-HTMLdescription\">Jak_Fotografowac_Gwiezdne_Smugi_6<\/p><\/li><li><a href=\"https:\/\/www.fotezja.pl\/sklep\/wp-content\/uploads\/sites\/5\/2020\/01\/Jak_Fotografowac_Gwiezdne_Smugi_7.jpg\" title=\"Jak_Fotografowac_Gwiezdne_Smugi_7\"><img loading=\"lazy\" decoding=\"async\" src=\"https:\/\/www.fotezja.pl\/sklep\/wp-content\/plugins\/justified-image-grid\/timthumb.php?src=https%3A%2F%2Fwww.fotezja.pl%2Fsklep%2Fwp-content%2Fuploads%2Fsites%2F5%2F2020%2F01%2FJak_Fotografowac_Gwiezdne_Smugi_7.jpg&amp;h=310&amp;q=90&amp;f=.jpg\" alt=\"Jak_Fotografowac_Gwiezdne_Smugi_7\" width=\"495\" height=\"310\" \/><\/a><p class=\"jig-HTMLdescription\">Jak_Fotografowac_Gwiezdne_Smugi_7<\/p><\/li><\/ul><\/noscript><\/div>\n","protected":false},"excerpt":{"rendered":"<p>Autor: Piotr D\u0119bek, Ewa Prus<\/p>\n<p>Zdj\u0119cia d\u0142ugich smug, jakie pozostawia na nocnym niebie pozorny ruch gwiazd, s\u0105 bardzo efektowne i wydaj\u0105 si\u0119 niezwykle trudne do zrobienia. Ten poradnik wyja\u015bnia wszystkie kwestie techniczne i estetyczne, niezb\u0119dne do wykonania takich zdj\u0119\u0107. Wskazuje te\u017c ograniczenia i trudno\u015bci natury pogodowej i krajobrazowej. Wystarczy przeczyta\u0107, a p\u00f3\u017aniej\u2026 wzi\u0105\u0107 statyw, aparat i wyruszy\u0107 w noc.<\/p>\n<p>Wydanie drugie \u2013 rozszerzone.<\/p>\n<p>Ksi\u0105\u017cka ma posta\u0107 pliku w formacie PDF, do pobrania od razu po op\u0142aceniu. <strong>Nie wysy\u0142amy papierowej wersji<\/strong>, ale jak kto\u015b chce, to mo\u017ce sobie j\u0105 wydrukowa\u0107.<\/p>\n","protected":false},"featured_media":985,"comment_status":"open","ping_status":"closed","template":"","meta":[],"product_brand":[],"product_cat":[29],"product_tag":[],"class_list":{"0":"post-976","1":"product","2":"type-product","3":"status-publish","4":"has-post-thumbnail","6":"product_cat-fotobooki","8":"first","9":"instock","10":"downloadable","11":"virtual","12":"sold-individually","13":"taxable","14":"purchasable","15":"product-type-simple"},"_links":{"self":[{"href":"https:\/\/www.fotezja.pl\/sklep\/wp-json\/wp\/v2\/product\/976","targetHints":{"allow":["GET"]}}],"collection":[{"href":"https:\/\/www.fotezja.pl\/sklep\/wp-json\/wp\/v2\/product"}],"about":[{"href":"https:\/\/www.fotezja.pl\/sklep\/wp-json\/wp\/v2\/types\/product"}],"replies":[{"embeddable":true,"href":"https:\/\/www.fotezja.pl\/sklep\/wp-json\/wp\/v2\/comments?post=976"}],"wp:featuredmedia":[{"embeddable":true,"href":"https:\/\/www.fotezja.pl\/sklep\/wp-json\/wp\/v2\/media\/985"}],"wp:attachment":[{"href":"https:\/\/www.fotezja.pl\/sklep\/wp-json\/wp\/v2\/media?parent=976"}],"wp:term":[{"taxonomy":"product_brand","embeddable":true,"href":"https:\/\/www.fotezja.pl\/sklep\/wp-json\/wp\/v2\/product_brand?post=976"},{"taxonomy":"product_cat","embeddable":true,"href":"https:\/\/www.fotezja.pl\/sklep\/wp-json\/wp\/v2\/product_cat?post=976"},{"taxonomy":"product_tag","embeddable":true,"href":"https:\/\/www.fotezja.pl\/sklep\/wp-json\/wp\/v2\/product_tag?post=976"}],"curies":[{"name":"wp","href":"https:\/\/api.w.org\/{rel}","templated":true}]}}