{"id":961,"date":"2020-01-01T01:59:34","date_gmt":"2020-01-01T00:59:34","guid":{"rendered":"https:\/\/www.fotezja.pl\/sklep\/?post_type=product&#038;p=961"},"modified":"2024-03-27T01:56:22","modified_gmt":"2024-03-27T00:56:22","slug":"fotobook-jak-fotografowac-odbicia-i-refleksy","status":"publish","type":"product","link":"https:\/\/www.fotezja.pl\/sklep\/produkt\/fotobook-jak-fotografowac-odbicia-i-refleksy\/","title":{"rendered":"Fotobook: Jak fotografowa\u0107\u2026 Odbicia i refleksy"},"content":{"rendered":"<p>&#8220;Jak fotografowa\u0107 odbicia i refleksy&#8221; to poradnik, kt\u00f3ry zawiera wszystko, co potrzebujesz wiedzie\u0107, aby robi\u0107 zdj\u0119cia \u015bwiata, kt\u00f3ry jest po drugiej stronie lustra, ukazuje si\u0119 w ka\u0142u\u017cy czy szybie. Om\u00f3wione s\u0105 kwestie zwi\u0105zane z optymalnymi warunkami o\u015bwietleniowymi dla takich zdj\u0119\u0107, u\u017cyciem filtr\u00f3w, pomiarem ostro\u015bci, ekspozycji oraz komponowaniem i estetyk\u0105. Dwa rozdzia\u0142y na temat komputerowej edycji s\u0105 uzupe\u0142nione o linki do zdj\u0119\u0107, kt\u00f3re mo\u017cna pobra\u0107 i samodzielnie prze\u0107wiczy\u0107 zaprezentowane techniki obr\u00f3bkowe.<\/p>\n<p>Do tego rodzaju zdj\u0119\u0107 nie jest potrzebny wyrafinowany sprz\u0119t ani specjalistyczne oprogramowanie. Obr\u00f3bka zdj\u0119\u0107 pe\u0142ni tu rol\u0119 tylko marginaln\u0105. Wszystko, czego potrzeba, to wiedzie\u0107 jak fotografowa\u0107 odbicia i&#8230; nauczy\u0107 si\u0119 je zauwa\u017ca\u0107. Ten poradnik pomo\u017ce w obu kwestiach: wyja\u015bni natur\u0119 powstawania odbi\u0107 i jej praktyczne znaczenie dla fotografa, przyst\u0119pnie przedstawi potrzebne techniki fotograficzne oraz nauczy, gdzie szuka\u0107 interesuj\u0105cych refleks\u00f3w. Wiedza jak fotografowa\u0107 refleksy jest na wyci\u0105gni\u0119cie r\u0119ki, a reszta zale\u017cy od pomys\u0142owo\u015bci fotografa!<\/p>\n<p>\u2013 Sk\u0105d si\u0119 bior\u0105 odbicia<\/p>\n<p>\u2013 Technika: ekspozycja<\/p>\n<p>\u2013 Technika: pomiar ostro\u015bci<\/p>\n<p>\u2013 Uwaga na filtry<\/p>\n<p>\u2013 Odbicie i orygina\u0142 \u2013 problem jasno\u015bci<\/p>\n<p>\u2013 Refleksy na falach \u2013 rozpraszanie odbiciowe<\/p>\n<p>\u2013 Odbicie i orygina\u0142 \u2013 kwestia ostro\u015bci<\/p>\n<p>\u2013 Estetyka i kompozycja<\/p>\n<p>\u2013 Edycja<\/p>\n<p>\u2013 Edycja \u2013 fotomonta\u017c odbicia<\/p>\n<p>\u2013 Wirtualny filtr po\u0142\u00f3wkowy<\/p>\n<p>\u2013 Inspiracje<\/p>\n<p>Uwaga! Fotobook &#8220;Jak fotografowa\u0107 odbicia i refleksy&#8221; zawiera odno\u015bniki do plik\u00f3w zdj\u0119\u0107, pozwalaj\u0105cych prze\u0107wiczy\u0107 zagadnienia edycyjne. Pobranie ich wymaga dost\u0119pu do internetu.<\/p>\n<h4>Fragment fotobooka &#8220;Jak fotografowa\u0107 odbicia i refleksy&#8221;<\/h4>\n<p>Na <a href=\"https:\/\/www.fotezja.pl\/\" target=\"_blank\" rel=\"noopener noreferrer\">portalu fotograficznym Fotezja.pl<\/a> mo\u017cna przeczyta\u0107 rozdzia\u0142 fotobooka <a href=\"https:\/\/www.fotezja.pl\/ucz-sie-z-nami-fotografowac\/jak-fotografowac-odbicia-rozpraszanie-odbiciowe\/\" target=\"_blank\" rel=\"noopener noreferrer\"><span style=\"color: #ff0000;\">na temat rozpraszania odbiciowego<\/span><\/a>.<\/p>\n<p>&nbsp;<\/p>\n<p><strong>45 strony, obj\u0119to\u015b\u0107 pliku 19 MB, ebook dostarczany w formie elektronicznej<br \/>\n<\/strong><\/p>\n<h3>Zobacz wybrane strony tego e-booka:<\/h3>\n<div id=\"jig1\" class=\"justified-image-grid jig-281475ee7312cacfb7ff591b97729349 jig-preset-global jig-source-wp-gallery\"><div class=\"jig-clearfix\"><\/div><noscript id=\"jig1-html\" class=\"justified-image-grid-html\" data-lazy-src=\"skiplazyload\" data-src=\"skipunveillazyload\"><ul><li><a href=\"https:\/\/www.fotezja.pl\/sklep\/wp-content\/uploads\/sites\/5\/2020\/01\/Jak_Fotografowac_odbicia_refleksy_okladka_640.jpg\" title=\"Jak_Fotografowac_odbicia_refleksy_okladka_640\"><img fetchpriority=\"high\" decoding=\"async\" src=\"https:\/\/www.fotezja.pl\/sklep\/wp-content\/plugins\/justified-image-grid\/timthumb.php?src=https%3A%2F%2Fwww.fotezja.pl%2Fsklep%2Fwp-content%2Fuploads%2Fsites%2F5%2F2020%2F01%2FJak_Fotografowac_odbicia_refleksy_okladka_640.jpg&amp;h=310&amp;q=90&amp;f=.jpg\" alt=\"Jak_Fotografowac_odbicia_refleksy_okladka_640\" width=\"496\" height=\"310\" \/><\/a><p class=\"jig-HTMLdescription\">Jak_Fotografowac_odbicia_refleksy_okladka_640<\/p><\/li><li><a href=\"https:\/\/www.fotezja.pl\/sklep\/wp-content\/uploads\/sites\/5\/2020\/01\/Jak_Fotografowac_Odbicia_Refleksy_2.jpg\" title=\"Jak_Fotografowac_Odbicia_Refleksy_2\"><img decoding=\"async\" src=\"https:\/\/www.fotezja.pl\/sklep\/wp-content\/plugins\/justified-image-grid\/timthumb.php?src=https%3A%2F%2Fwww.fotezja.pl%2Fsklep%2Fwp-content%2Fuploads%2Fsites%2F5%2F2020%2F01%2FJak_Fotografowac_Odbicia_Refleksy_2.jpg&amp;h=310&amp;q=90&amp;f=.jpg\" alt=\"Jak_Fotografowac_Odbicia_Refleksy_2\" width=\"496\" height=\"310\" \/><\/a><p class=\"jig-HTMLdescription\">Jak_Fotografowac_Odbicia_Refleksy_2<\/p><\/li><li><a href=\"https:\/\/www.fotezja.pl\/sklep\/wp-content\/uploads\/sites\/5\/2020\/01\/Jak_Fotografowac_Odbicia_Refleksy_3.jpg\" title=\"Jak_Fotografowac_Odbicia_Refleksy_3\"><img decoding=\"async\" src=\"https:\/\/www.fotezja.pl\/sklep\/wp-content\/plugins\/justified-image-grid\/timthumb.php?src=https%3A%2F%2Fwww.fotezja.pl%2Fsklep%2Fwp-content%2Fuploads%2Fsites%2F5%2F2020%2F01%2FJak_Fotografowac_Odbicia_Refleksy_3.jpg&amp;h=310&amp;q=90&amp;f=.jpg\" alt=\"Jak_Fotografowac_Odbicia_Refleksy_3\" width=\"496\" height=\"310\" \/><\/a><p class=\"jig-HTMLdescription\">Jak_Fotografowac_Odbicia_Refleksy_3<\/p><\/li><li><a href=\"https:\/\/www.fotezja.pl\/sklep\/wp-content\/uploads\/sites\/5\/2020\/01\/Jak_Fotografowac_Odbicia_Refleksy_4.jpg\" title=\"Jak_Fotografowac_Odbicia_Refleksy_4\"><img loading=\"lazy\" decoding=\"async\" src=\"https:\/\/www.fotezja.pl\/sklep\/wp-content\/plugins\/justified-image-grid\/timthumb.php?src=https%3A%2F%2Fwww.fotezja.pl%2Fsklep%2Fwp-content%2Fuploads%2Fsites%2F5%2F2020%2F01%2FJak_Fotografowac_Odbicia_Refleksy_4.jpg&amp;h=310&amp;q=90&amp;f=.jpg\" alt=\"Jak_Fotografowac_Odbicia_Refleksy_4\" width=\"496\" height=\"310\" \/><\/a><p class=\"jig-HTMLdescription\">Jak_Fotografowac_Odbicia_Refleksy_4<\/p><\/li><li><a href=\"https:\/\/www.fotezja.pl\/sklep\/wp-content\/uploads\/sites\/5\/2020\/01\/Jak_Fotografowac_Odbicia_Refleksy_5.jpg\" title=\"Jak_Fotografowac_Odbicia_Refleksy_5\"><img loading=\"lazy\" decoding=\"async\" src=\"https:\/\/www.fotezja.pl\/sklep\/wp-content\/plugins\/justified-image-grid\/timthumb.php?src=https%3A%2F%2Fwww.fotezja.pl%2Fsklep%2Fwp-content%2Fuploads%2Fsites%2F5%2F2020%2F01%2FJak_Fotografowac_Odbicia_Refleksy_5.jpg&amp;h=310&amp;q=90&amp;f=.jpg\" alt=\"Jak_Fotografowac_Odbicia_Refleksy_5\" width=\"496\" height=\"310\" \/><\/a><p class=\"jig-HTMLdescription\">Jak_Fotografowac_Odbicia_Refleksy_5<\/p><\/li><li><a href=\"https:\/\/www.fotezja.pl\/sklep\/wp-content\/uploads\/sites\/5\/2020\/01\/Jak_Fotografowac_Odbicia_Refleksy_6.jpg\" title=\"Jak_Fotografowac_Odbicia_Refleksy_6\"><img loading=\"lazy\" decoding=\"async\" src=\"https:\/\/www.fotezja.pl\/sklep\/wp-content\/plugins\/justified-image-grid\/timthumb.php?src=https%3A%2F%2Fwww.fotezja.pl%2Fsklep%2Fwp-content%2Fuploads%2Fsites%2F5%2F2020%2F01%2FJak_Fotografowac_Odbicia_Refleksy_6.jpg&amp;h=310&amp;q=90&amp;f=.jpg\" alt=\"Jak_Fotografowac_Odbicia_Refleksy_6\" width=\"496\" height=\"310\" \/><\/a><p class=\"jig-HTMLdescription\">Jak_Fotografowac_Odbicia_Refleksy_6<\/p><\/li><li><a href=\"https:\/\/www.fotezja.pl\/sklep\/wp-content\/uploads\/sites\/5\/2020\/01\/Jak_Fotografowac_Odbicia_Refleksy_7.jpg\" title=\"Jak_Fotografowac_Odbicia_Refleksy_7\"><img loading=\"lazy\" decoding=\"async\" src=\"https:\/\/www.fotezja.pl\/sklep\/wp-content\/plugins\/justified-image-grid\/timthumb.php?src=https%3A%2F%2Fwww.fotezja.pl%2Fsklep%2Fwp-content%2Fuploads%2Fsites%2F5%2F2020%2F01%2FJak_Fotografowac_Odbicia_Refleksy_7.jpg&amp;h=310&amp;q=90&amp;f=.jpg\" alt=\"Jak_Fotografowac_Odbicia_Refleksy_7\" width=\"496\" height=\"310\" \/><\/a><p class=\"jig-HTMLdescription\">Jak_Fotografowac_Odbicia_Refleksy_7<\/p><\/li><li><a href=\"https:\/\/www.fotezja.pl\/sklep\/wp-content\/uploads\/sites\/5\/2020\/01\/Jak_Fotografowac_Odbicia_Refleksy_8.jpg\" title=\"Jak_Fotografowac_Odbicia_Refleksy_8\"><img loading=\"lazy\" decoding=\"async\" src=\"https:\/\/www.fotezja.pl\/sklep\/wp-content\/plugins\/justified-image-grid\/timthumb.php?src=https%3A%2F%2Fwww.fotezja.pl%2Fsklep%2Fwp-content%2Fuploads%2Fsites%2F5%2F2020%2F01%2FJak_Fotografowac_Odbicia_Refleksy_8.jpg&amp;h=310&amp;q=90&amp;f=.jpg\" alt=\"Jak_Fotografowac_Odbicia_Refleksy_8\" width=\"496\" height=\"310\" \/><\/a><p class=\"jig-HTMLdescription\">Jak_Fotografowac_Odbicia_Refleksy_8<\/p><\/li><li><a href=\"https:\/\/www.fotezja.pl\/sklep\/wp-content\/uploads\/sites\/5\/2020\/01\/Jak_Fotografowac_Odbicia_Refleksy_9.jpg\" title=\"Jak_Fotografowac_Odbicia_Refleksy_9\"><img loading=\"lazy\" decoding=\"async\" src=\"https:\/\/www.fotezja.pl\/sklep\/wp-content\/plugins\/justified-image-grid\/timthumb.php?src=https%3A%2F%2Fwww.fotezja.pl%2Fsklep%2Fwp-content%2Fuploads%2Fsites%2F5%2F2020%2F01%2FJak_Fotografowac_Odbicia_Refleksy_9.jpg&amp;h=310&amp;q=90&amp;f=.jpg\" alt=\"Jak_Fotografowac_Odbicia_Refleksy_9\" width=\"496\" height=\"310\" \/><\/a><p class=\"jig-HTMLdescription\">Jak_Fotografowac_Odbicia_Refleksy_9<\/p><\/li><\/ul><\/noscript><\/div>\n","protected":false},"excerpt":{"rendered":"<p>Autor: Piotr D\u0119bek<\/p>\n<p>Refleksy na wodzie, obrazy w lustrach, p\u00f3\u0142przezroczyste kszta\u0142ty widoczne w witrynach sklepowych to wspania\u0142e tematy fotograficzne. Jak sobie z nimi radzi\u0107, na co uwa\u017ca\u0107, gdzie czyhaj\u0105 techniczne pu\u0142apki \u2013 na te pytania odpowiadamy na ponad 40 stronach fotobooka. Pozycja jest bogato ilustrowana, bo opr\u00f3cz przekazywania wiedzy chcemy te\u017c inspirowa\u0107 i zach\u0119ca\u0107 do spr\u00f3bowania w\u0142asnych si\u0142 w rejestrowaniu obraz\u00f3w \u015bwiata po drugiej stronie lustra.<br \/>\nKsi\u0105\u017cka ma posta\u0107 pliku w formacie PDF, do pobrania od razu po op\u0142aceniu. <strong>Nie wysy\u0142amy papierowej wersji<\/strong>, ale jak kto\u015b chce, to mo\u017ce sobie j\u0105 wydrukowa\u0107.<\/p>\n","protected":false},"featured_media":965,"comment_status":"open","ping_status":"closed","template":"","meta":[],"product_brand":[],"product_cat":[29],"product_tag":[],"class_list":{"0":"post-961","1":"product","2":"type-product","3":"status-publish","4":"has-post-thumbnail","6":"product_cat-fotobooki","8":"first","9":"instock","10":"downloadable","11":"virtual","12":"sold-individually","13":"taxable","14":"purchasable","15":"product-type-simple"},"_links":{"self":[{"href":"https:\/\/www.fotezja.pl\/sklep\/wp-json\/wp\/v2\/product\/961","targetHints":{"allow":["GET"]}}],"collection":[{"href":"https:\/\/www.fotezja.pl\/sklep\/wp-json\/wp\/v2\/product"}],"about":[{"href":"https:\/\/www.fotezja.pl\/sklep\/wp-json\/wp\/v2\/types\/product"}],"replies":[{"embeddable":true,"href":"https:\/\/www.fotezja.pl\/sklep\/wp-json\/wp\/v2\/comments?post=961"}],"wp:featuredmedia":[{"embeddable":true,"href":"https:\/\/www.fotezja.pl\/sklep\/wp-json\/wp\/v2\/media\/965"}],"wp:attachment":[{"href":"https:\/\/www.fotezja.pl\/sklep\/wp-json\/wp\/v2\/media?parent=961"}],"wp:term":[{"taxonomy":"product_brand","embeddable":true,"href":"https:\/\/www.fotezja.pl\/sklep\/wp-json\/wp\/v2\/product_brand?post=961"},{"taxonomy":"product_cat","embeddable":true,"href":"https:\/\/www.fotezja.pl\/sklep\/wp-json\/wp\/v2\/product_cat?post=961"},{"taxonomy":"product_tag","embeddable":true,"href":"https:\/\/www.fotezja.pl\/sklep\/wp-json\/wp\/v2\/product_tag?post=961"}],"curies":[{"name":"wp","href":"https:\/\/api.w.org\/{rel}","templated":true}]}}