{"id":941,"date":"2020-01-01T01:38:27","date_gmt":"2020-01-01T00:38:27","guid":{"rendered":"https:\/\/www.fotezja.pl\/sklep\/?post_type=product&#038;p=941"},"modified":"2024-03-13T18:57:45","modified_gmt":"2024-03-13T17:57:45","slug":"fotobook-siedem-fotografii-ii-islandia","status":"publish","type":"product","link":"https:\/\/www.fotezja.pl\/sklep\/produkt\/fotobook-siedem-fotografii-ii-islandia\/","title":{"rendered":"Fotobook: Siedem fotografii II: Islandia"},"content":{"rendered":"<p>Ten poradnik fotografowania na Islandii dok\u0142adnie omawia siedem fotografii, z kt\u00f3rych ka\u017cda wykonana zosta\u0142a w innej scenerii i wi\u0105za\u0142a si\u0119 z innymi wyzwaniami. Po lekturze Czytelnik b\u0119dzie wiedzia\u0142:<\/p>\n<p>&#8211; jak fotografowa\u0107 wybuch gejzera (i nie da\u0107 si\u0119 obla\u0107 gor\u0105c\u0105 wod\u0105),<\/p>\n<p>&#8211; jak zabra\u0107 si\u0119 za robienie zdj\u0119\u0107 niemal spod strumienia wody wodospadu Seljalandsfoss (i prawie nie zmokn\u0105\u0107),<\/p>\n<p>&#8211; jak zapolowa\u0107 na maskonury (z aparatem, oczywi\u015bcie, a nie ze strzelb\u0105!),<\/p>\n<p>&#8211; jak uchwyci\u0107 gor\u0105ce b\u0142otne \u201epotwory\u201d na obszarze geotermalnym,<\/p>\n<p>&#8211; kiedy lepiej zrezygnowa\u0107 ze statywu i fotografowa\u0107 pejza\u017ce z r\u0119ki,<\/p>\n<p>&#8211; jak uchwyci\u0107 lodow\u0105 bi\u017cuteri\u0119 omywan\u0105 przez fale na Lodowcowej Pla\u017cy,<\/p>\n<p>&#8211; kiedy wodery i nietypowa pogoda pomagaj\u0105 w komponowaniu kadru.<\/p>\n<p>Ka\u017cda fotografia jest opisana pod wzgl\u0119dem:<\/p>\n<p>&#8211; miejsca wykonania (w\u0142\u0105cznie z opisem dojazdu oraz interaktywn\u0105 mapk\u0105, na kt\u00f3rej zaznaczone jest miejsce wykonania zdj\u0119cia, a klikni\u0119cie owego zaznaczenia przenosi na odpowiedni fragment Google Maps),<\/p>\n<p>&#8211; u\u017cytego sprz\u0119tu (w tym mniej typowego, jak pelerynka przeciwdeszczowa czy wodery),<\/p>\n<p>&#8211; zastosowanych parametr\u00f3w ekspozycji (w\u0142\u0105cznie z wyja\u015bnieniem, dlaczego akurat takie ustawienia by\u0142y optymalne dla danego kadru),<\/p>\n<p>&#8211; kompozycji i edycji.<\/p>\n<p>\u017bycz\u0119 przyjemnej i po\u017cytecznej lektury!<\/p>\n<h3>Fragment fotobooka Siedem fotografii II Islandia<\/h3>\n<p>Na portalu <a href=\"https:\/\/www.fotezja.pl\/\" target=\"_blank\" rel=\"noopener noreferrer\">Fotezja.pl<\/a> mo\u017cna przeczyta\u0107 artyku\u0142 &#8220;<span style=\"color: #ff0000;\"><a style=\"color: #ff0000;\" href=\"https:\/\/www.fotezja.pl\/fotografia-w-podrozy\/jak-fotografowac-lod-jokulsarlon\/\" target=\"_blank\" rel=\"noopener noreferrer\">Jak fotografowa\u0107 l\u00f3d \u2013 J\u00f6kuls\u00e1rl\u00f3n<\/a><\/span>&#8220;, kt\u00f3ry pochodzi z tego fotobooka.<\/p>\n<p>Apetyt na wi\u0119cej? Mamy r\u00f3wnie\u017c autorski album <a href=\"https:\/\/www.fotezja.pl\/sklep\/produkt\/fotobook-islandia-monografia\/\"><strong>Islandia Monografia<\/strong><\/a>, do podziwiania i inspirowania si\u0119!<\/p>\n<p>&nbsp;<\/p>\n<p><strong>44 strony, obj\u0119to\u015b\u0107 pliku 15 MB, ebook dostarczany w formie elektronicznej<br \/>\n<\/strong><\/p>\n<h3>Zobacz wybrane strony tego e-booka:<\/h3>\n<div id=\"jig1\" class=\"justified-image-grid jig-afe4e1f9b12dc46300d0128358963777 jig-preset-global jig-source-wp-gallery\"><div class=\"jig-clearfix\"><\/div><noscript id=\"jig1-html\" class=\"justified-image-grid-html\" data-lazy-src=\"skiplazyload\" data-src=\"skipunveillazyload\"><ul><li><a href=\"https:\/\/www.fotezja.pl\/sklep\/wp-content\/uploads\/sites\/5\/2020\/01\/Siedem_Fotografii_Islandia_okladka.jpg\" title=\"Siedem_Fotografii_Islandia_okladka\"><img fetchpriority=\"high\" decoding=\"async\" src=\"https:\/\/www.fotezja.pl\/sklep\/wp-content\/plugins\/justified-image-grid\/timthumb.php?src=https%3A%2F%2Fwww.fotezja.pl%2Fsklep%2Fwp-content%2Fuploads%2Fsites%2F5%2F2020%2F01%2FSiedem_Fotografii_Islandia_okladka.jpg&amp;h=310&amp;q=90&amp;f=.jpg\" alt=\"Siedem_Fotografii_Islandia_okladka\" width=\"497\" height=\"310\" \/><\/a><p class=\"jig-HTMLdescription\">Siedem_Fotografii_Islandia_okladka<\/p><\/li><li><a href=\"https:\/\/www.fotezja.pl\/sklep\/wp-content\/uploads\/sites\/5\/2020\/01\/Siedem_Fotografii_Islandia_2.jpg\" title=\"Siedem_Fotografii_Islandia_2\"><img decoding=\"async\" src=\"https:\/\/www.fotezja.pl\/sklep\/wp-content\/plugins\/justified-image-grid\/timthumb.php?src=https%3A%2F%2Fwww.fotezja.pl%2Fsklep%2Fwp-content%2Fuploads%2Fsites%2F5%2F2020%2F01%2FSiedem_Fotografii_Islandia_2.jpg&amp;h=310&amp;q=90&amp;f=.jpg\" alt=\"Siedem_Fotografii_Islandia_2\" width=\"496\" height=\"310\" \/><\/a><p class=\"jig-HTMLdescription\">Siedem_Fotografii_Islandia_2<\/p><\/li><li><a href=\"https:\/\/www.fotezja.pl\/sklep\/wp-content\/uploads\/sites\/5\/2020\/01\/Siedem_Fotografii_Islandia_3.jpg\" title=\"Siedem_Fotografii_Islandia_3\"><img decoding=\"async\" src=\"https:\/\/www.fotezja.pl\/sklep\/wp-content\/plugins\/justified-image-grid\/timthumb.php?src=https%3A%2F%2Fwww.fotezja.pl%2Fsklep%2Fwp-content%2Fuploads%2Fsites%2F5%2F2020%2F01%2FSiedem_Fotografii_Islandia_3.jpg&amp;h=310&amp;q=90&amp;f=.jpg\" alt=\"Siedem_Fotografii_Islandia_3\" width=\"496\" height=\"310\" \/><\/a><p class=\"jig-HTMLdescription\">Siedem_Fotografii_Islandia_3<\/p><\/li><li><a href=\"https:\/\/www.fotezja.pl\/sklep\/wp-content\/uploads\/sites\/5\/2020\/01\/Siedem_Fotografii_Islandia_4.jpg\" title=\"Siedem_Fotografii_Islandia_4\"><img loading=\"lazy\" decoding=\"async\" src=\"https:\/\/www.fotezja.pl\/sklep\/wp-content\/plugins\/justified-image-grid\/timthumb.php?src=https%3A%2F%2Fwww.fotezja.pl%2Fsklep%2Fwp-content%2Fuploads%2Fsites%2F5%2F2020%2F01%2FSiedem_Fotografii_Islandia_4.jpg&amp;h=310&amp;q=90&amp;f=.jpg\" alt=\"Siedem_Fotografii_Islandia_4\" width=\"496\" height=\"310\" \/><\/a><p class=\"jig-HTMLdescription\">Siedem_Fotografii_Islandia_4<\/p><\/li><li><a href=\"https:\/\/www.fotezja.pl\/sklep\/wp-content\/uploads\/sites\/5\/2020\/01\/Siedem_Fotografii_Islandia_5.jpg\" title=\"Siedem_Fotografii_Islandia_5\"><img loading=\"lazy\" decoding=\"async\" src=\"https:\/\/www.fotezja.pl\/sklep\/wp-content\/plugins\/justified-image-grid\/timthumb.php?src=https%3A%2F%2Fwww.fotezja.pl%2Fsklep%2Fwp-content%2Fuploads%2Fsites%2F5%2F2020%2F01%2FSiedem_Fotografii_Islandia_5.jpg&amp;h=310&amp;q=90&amp;f=.jpg\" alt=\"Siedem_Fotografii_Islandia_5\" width=\"496\" height=\"310\" \/><\/a><p class=\"jig-HTMLdescription\">Siedem_Fotografii_Islandia_5<\/p><\/li><li><a href=\"https:\/\/www.fotezja.pl\/sklep\/wp-content\/uploads\/sites\/5\/2020\/01\/Siedem_Fotografii_Islandia_6.jpg\" title=\"Siedem_Fotografii_Islandia_6\"><img loading=\"lazy\" decoding=\"async\" src=\"https:\/\/www.fotezja.pl\/sklep\/wp-content\/plugins\/justified-image-grid\/timthumb.php?src=https%3A%2F%2Fwww.fotezja.pl%2Fsklep%2Fwp-content%2Fuploads%2Fsites%2F5%2F2020%2F01%2FSiedem_Fotografii_Islandia_6.jpg&amp;h=310&amp;q=90&amp;f=.jpg\" alt=\"Siedem_Fotografii_Islandia_6\" width=\"496\" height=\"310\" \/><\/a><p class=\"jig-HTMLdescription\">Siedem_Fotografii_Islandia_6<\/p><\/li><li><a href=\"https:\/\/www.fotezja.pl\/sklep\/wp-content\/uploads\/sites\/5\/2020\/01\/Siedem_Fotografii_Islandia_7.jpg\" title=\"Siedem_Fotografii_Islandia_7\"><img loading=\"lazy\" decoding=\"async\" src=\"https:\/\/www.fotezja.pl\/sklep\/wp-content\/plugins\/justified-image-grid\/timthumb.php?src=https%3A%2F%2Fwww.fotezja.pl%2Fsklep%2Fwp-content%2Fuploads%2Fsites%2F5%2F2020%2F01%2FSiedem_Fotografii_Islandia_7.jpg&amp;h=310&amp;q=90&amp;f=.jpg\" alt=\"Siedem_Fotografii_Islandia_7\" width=\"496\" height=\"310\" \/><\/a><p class=\"jig-HTMLdescription\">Siedem_Fotografii_Islandia_7<\/p><\/li><li><a href=\"https:\/\/www.fotezja.pl\/sklep\/wp-content\/uploads\/sites\/5\/2020\/01\/Siedem_Fotografii_Islandia_8.jpg\" title=\"Siedem_Fotografii_Islandia_8\"><img loading=\"lazy\" decoding=\"async\" src=\"https:\/\/www.fotezja.pl\/sklep\/wp-content\/plugins\/justified-image-grid\/timthumb.php?src=https%3A%2F%2Fwww.fotezja.pl%2Fsklep%2Fwp-content%2Fuploads%2Fsites%2F5%2F2020%2F01%2FSiedem_Fotografii_Islandia_8.jpg&amp;h=310&amp;q=90&amp;f=.jpg\" alt=\"Siedem_Fotografii_Islandia_8\" width=\"496\" height=\"310\" \/><\/a><p class=\"jig-HTMLdescription\">Siedem_Fotografii_Islandia_8<\/p><\/li><li><a href=\"https:\/\/www.fotezja.pl\/sklep\/wp-content\/uploads\/sites\/5\/2020\/01\/Siedem_Fotografii_Islandia_9.jpg\" title=\"Siedem_Fotografii_Islandia_9\"><img loading=\"lazy\" decoding=\"async\" src=\"https:\/\/www.fotezja.pl\/sklep\/wp-content\/plugins\/justified-image-grid\/timthumb.php?src=https%3A%2F%2Fwww.fotezja.pl%2Fsklep%2Fwp-content%2Fuploads%2Fsites%2F5%2F2020%2F01%2FSiedem_Fotografii_Islandia_9.jpg&amp;h=310&amp;q=90&amp;f=.jpg\" alt=\"Siedem_Fotografii_Islandia_9\" width=\"496\" height=\"310\" \/><\/a><p class=\"jig-HTMLdescription\">Siedem_Fotografii_Islandia_9<\/p><\/li><\/ul><\/noscript><\/div>\n","protected":false},"excerpt":{"rendered":"<p>Autor: Piotr D\u0119bek<\/p>\n<p>Islandia jest tyle\u017c pi\u0119kna, co trudna do fotografowania. Dzi\u0119ki siedmiu autorskim fotografiom oraz historii ich powstania, a tak\u017ce przepisom, poradom i podpowiedziom zawartym w tym fotobooku robienie zdj\u0119\u0107 b\u0119dzie \u0142atwiejsze, a wyprawa na Islandi\u0119 bardziej owocna.<br \/>\nKsi\u0105\u017cka ma posta\u0107 pliku w formacie PDF, do pobrania od razu po op\u0142aceniu. <strong>Nie wysy\u0142amy papierowej wersji<\/strong>, ale jak kto\u015b chce, to mo\u017ce sobie j\u0105 wydrukowa\u0107.<\/p>\n","protected":false},"featured_media":951,"comment_status":"open","ping_status":"closed","template":"","meta":[],"product_brand":[],"product_cat":[29],"product_tag":[],"class_list":{"0":"post-941","1":"product","2":"type-product","3":"status-publish","4":"has-post-thumbnail","6":"product_cat-fotobooki","8":"first","9":"instock","10":"downloadable","11":"virtual","12":"sold-individually","13":"taxable","14":"purchasable","15":"product-type-simple"},"_links":{"self":[{"href":"https:\/\/www.fotezja.pl\/sklep\/wp-json\/wp\/v2\/product\/941","targetHints":{"allow":["GET"]}}],"collection":[{"href":"https:\/\/www.fotezja.pl\/sklep\/wp-json\/wp\/v2\/product"}],"about":[{"href":"https:\/\/www.fotezja.pl\/sklep\/wp-json\/wp\/v2\/types\/product"}],"replies":[{"embeddable":true,"href":"https:\/\/www.fotezja.pl\/sklep\/wp-json\/wp\/v2\/comments?post=941"}],"wp:featuredmedia":[{"embeddable":true,"href":"https:\/\/www.fotezja.pl\/sklep\/wp-json\/wp\/v2\/media\/951"}],"wp:attachment":[{"href":"https:\/\/www.fotezja.pl\/sklep\/wp-json\/wp\/v2\/media?parent=941"}],"wp:term":[{"taxonomy":"product_brand","embeddable":true,"href":"https:\/\/www.fotezja.pl\/sklep\/wp-json\/wp\/v2\/product_brand?post=941"},{"taxonomy":"product_cat","embeddable":true,"href":"https:\/\/www.fotezja.pl\/sklep\/wp-json\/wp\/v2\/product_cat?post=941"},{"taxonomy":"product_tag","embeddable":true,"href":"https:\/\/www.fotezja.pl\/sklep\/wp-json\/wp\/v2\/product_tag?post=941"}],"curies":[{"name":"wp","href":"https:\/\/api.w.org\/{rel}","templated":true}]}}