{"id":924,"date":"2020-01-01T01:14:11","date_gmt":"2020-01-01T00:14:11","guid":{"rendered":"https:\/\/www.fotezja.pl\/sklep\/?post_type=product&#038;p=924"},"modified":"2024-03-27T01:56:24","modified_gmt":"2024-03-27T00:56:24","slug":"fotobook-jak-fotografowac-z-dlugim-czasem","status":"publish","type":"product","link":"https:\/\/www.fotezja.pl\/sklep\/produkt\/fotobook-jak-fotografowac-z-dlugim-czasem\/","title":{"rendered":"Fotobook: Jak fotografowa\u0107 z d\u0142ugim czasem"},"content":{"rendered":"<p>Ten podr\u0119cznik zawiera komplet informacji potrzebnych, aby stosowa\u0107 d\u0142ugie ekspozycje. Na prawie 100 stronach ebooka zamie\u015bcili\u015bmy nie tylko list\u0119 potrzebnego i przydatnego wyposa\u017cenia, opis technik pozwalaj\u0105cych wyd\u0142u\u017cy\u0107 czas na\u015bwietlania oraz om\u00f3wili\u015bmy problemy, trudno\u015bci i pu\u0142apki, na jakie mo\u017cna natrafi\u0107 wykonuj\u0105c tego typu fotografie. Sporo miejsca po\u015bwi\u0119cili\u015bmy tak\u017ce kwestiom estetycznym, prezentuj\u0105c tematy i motywy, kt\u00f3re ciekawie wygl\u0105daj\u0105 przy na\u015bwietlaniu trwaj\u0105cym sekundy i minuty. W ebooku poruszone te\u017c zosta\u0142y techniki obr\u00f3bkowe przydatne przy takich uj\u0119ciach \u2013 takie, kt\u00f3re pozwalaj\u0105 obej\u015b\u0107 si\u0119 bez filtra szarego, jak i pozwalaj\u0105ce zwielokrotni\u0107 efekt d\u0142ugiej ekspozycji przez \u0142\u0105czenie kadr\u00f3w. Ostatnia cz\u0119\u015b\u0107 naszego fotobooka Jak fotografowa\u0107 z d\u0142ugim czasem to inspiracje: szczeg\u00f3\u0142owe om\u00f3wienie zdj\u0119\u0107 wykonanych w r\u00f3\u017cnych sytuacjach i przy r\u00f3\u017cnej d\u0142ugo\u015bci ekspozycji \u2013 mam nadziej\u0119, \u017ce pomog\u0105 radzi\u0107 sobie z problemami podczas sesji plenerowych oraz dostarcz\u0105 podpowiedzi do stworzenia pi\u0119knych fotografii!<\/p>\n<h3>Zawarto\u015b\u0107 fotobooka Jak fotografowa\u0107 z d\u0142ugim czasem<\/h3>\n<h4>Wst\u0119p: Pokaza\u0107 up\u0142yw czasu<\/h4>\n<h4>Cz\u0119\u015b\u0107 I: Czas w fotografii<\/h4>\n<p>Od czego zale\u017cy czas i co zale\u017cy od czasu<\/p>\n<p>Nie b\u00f3j si\u0119 na\u015bwietla\u0107 d\u0142ugo!<\/p>\n<p>Estetyka poruszenia<\/p>\n<p>Bezw\u0142adno\u015b\u0107 oka, czyli kiedy ekspozycja jest d\u0142uga<\/p>\n<p>Ruch musi by\u0107!<\/p>\n<p>&nbsp;<\/p>\n<h4>Cz\u0119\u015b\u0107 II: Jak d\u0142ugo jest d\u0142ugo?<\/h4>\n<p>Ka\u017cdy ruch ma sw\u00f3j optymalny czas<\/p>\n<p>Kr\u00f3tko czy d\u0142ugo \u2013 dostosuj ekspozycj\u0119 do ruchu<\/p>\n<p>D\u0142ugie na\u015bwietlanie i redukcja ruchu<\/p>\n<p>&nbsp;<\/p>\n<h4>Cz\u0119\u015b\u0107 III: W\u0142a\u015bciwy czas dla r\u00f3\u017cnych sytuacji<\/h4>\n<p>Poni\u017cej sekundy<\/p>\n<p>Sekunda i dalej<\/p>\n<p>Kilka-kilkana\u015bcie sekund<\/p>\n<p>Trzydzie\u015bci sekund<\/p>\n<p>Minuty<\/p>\n<p>Godziny, dni, tygodnie, miesi\u0105ce, mo\u017ce nawet lata<\/p>\n<p>&nbsp;<\/p>\n<h4>Cz\u0119\u015b\u0107 IV: Jaki tryb ekspozycji dla d\u0142ugich na\u015bwietle\u0144?<\/h4>\n<p>Tr\u00f3jk\u0105t ekspozycji<\/p>\n<p>Co jest nie tak z trybem Tv<\/p>\n<p>Priorytet przys\u0142ony na (prawie) ka\u017cd\u0105 okazj\u0119<\/p>\n<p>Po prostu \u2013 tryb manualny<\/p>\n<p>Tryb bulb \u2013 gdy ekspozycja robi si\u0119 naprawd\u0119 d\u0142uga<\/p>\n<p>&nbsp;<\/p>\n<h4>Cz\u0119\u015b\u0107 V: Jak wyd\u0142u\u017cy\u0107 ekspozycj\u0119<\/h4>\n<p>Po pierwsze \u2013 przys\u0142ona<\/p>\n<p>Jaka przys\u0142ona jest rozs\u0105dna?<\/p>\n<p>Filtrujemy \u2013 filtr polaryzacyjny<\/p>\n<p>Filtrujemy \u2013 filtr szary<\/p>\n<p>Wi\u0119cej ni\u017c jeden filtr<\/p>\n<p>&nbsp;<\/p>\n<h4>Cz\u0119\u015b\u0107 VI: O filtrach szarych bez \u015bciemy<\/h4>\n<p>Kwadratowe i okr\u0105g\u0142e<\/p>\n<p>Szary, szarszy&#8230; czyli co nieco o g\u0119sto\u015bciach<\/p>\n<p>Dlaczego nie fader?<\/p>\n<p>&nbsp;<\/p>\n<h4>Cz\u0119\u015b\u0107 VII: Wyd\u0142u\u017canie ekspozycji w praktyce<\/h4>\n<p>Zdj\u0119cia z d\u0142ugim czasem \u2013 krok po kroku<\/p>\n<p>Gdy ko\u0144czy si\u0119 czas, czyli jak zmierzy\u0107 Bulba<\/p>\n<p>W\u0119\u017cyk, pilot i nie tylko<\/p>\n<p>Czasy nadzwyczajne, czyli o zmierzchu i o \u015bwicie<\/p>\n<p>Przetestuj swoje filtry \u2013 g\u0119sto\u015b\u0107<\/p>\n<p>Przetestuj swoje filtry \u2013 zafarb<\/p>\n<p>&nbsp;<\/p>\n<h4>Cz\u0119\u015b\u0107 VIII: Triki komputerowe<\/h4>\n<p>D\u0142ugie na\u015bwietlanie\u2026 na raty<\/p>\n<p>Jak z\u0142o\u017cy\u0107 wiele plik\u00f3w w jedno zdj\u0119cie<\/p>\n<p>Rezultaty: P\u0142yn\u0105ca woda<\/p>\n<p>Rezultaty: Znikaj\u0105cy t\u0142um<\/p>\n<p>Rezultaty: Rozwiane chmury<\/p>\n<p>Sk\u0142adanie d\u0142ugich ekspozycji w aparacie<\/p>\n<p>Wyd\u0142u\u017canie smug \u015bwiate\u0142 samochodowych<\/p>\n<p>Usuwanie ludzi z serii kadr\u00f3w<\/p>\n<p>&nbsp;<\/p>\n<h4>Cz\u0119\u015b\u0107 IX: Walka z szumami<\/h4>\n<p>Co to jest szum i sk\u0105d si\u0119 bierze<\/p>\n<p>Jak unika\u0107 powstawania szumu na zdj\u0119ciach<\/p>\n<p>Usuwanie szumu w aparacie<\/p>\n<p>Jak dzia\u0142a redukcja zak\u0142\u00f3ce\u0144 wysokich czu\u0142o\u015bci ISO<\/p>\n<p>Jak dzia\u0142a redukcja zak\u0142\u00f3ce\u0144 dla d\u0142ugich ekspozycji<\/p>\n<p>Odszumianie metod\u0105 ciemnej klatki \u2013 metoda r\u0119czna<\/p>\n<p>Odszumianie metod\u0105 ciemnej klatki na komputerze<\/p>\n<p>Odszumianie w postprodukcji<\/p>\n<p>&nbsp;<\/p>\n<h4>Cz\u0119\u015b\u0107 X: Studium p\u0119dz\u0105cego czasu<\/h4>\n<p>Panoramowanie<\/p>\n<p>Im d\u0142u\u017cej, tym lepiej, ale\u2026<\/p>\n<p>7 porad o technice panoramowania<\/p>\n<p>Zoomowanie<\/p>\n<p>Intencjonalne poruszenia aparatu<\/p>\n<p>Ruch ca\u0142ego \u015bwiata<\/p>\n<p>Mgie\u0142ka z morskich fal<\/p>\n<p>Skrzyd\u0142a wiatraka<\/p>\n<p>Helikoptery i samoloty \u015bmig\u0142owe<\/p>\n<p>Czarne kamienie i bia\u0142e fale, czyli tryb M na ratunek<\/p>\n<p>Trawy na wietrze<\/p>\n<p>Wodospady<\/p>\n<p>Rozwiane chmury<\/p>\n<p>Fale, kaskady i chmury razem<\/p>\n<p>D\u0142ugi czas i malowanie \u015bwiat\u0142em<\/p>\n<p>Polowanie na duchy<\/p>\n<p>Smugi \u015bwiate\u0142<\/p>\n<h4>Wsta\u0144, we\u017a aparat i id\u017a<\/h4>\n<p>&nbsp;<\/p>\n<h3>Fragment fotobooka Jak fotografowa\u0107 z d\u0142ugim czasem<\/h3>\n<p>Na portalu Fotezja.pl mo\u017cna przeczyta\u0107 artyku\u0142 &#8220;<a href=\"https:\/\/www.fotezja.pl\/ucz-sie-z-nami-fotografowac\/panoramowanie-7-porad\/\" target=\"_blank\" rel=\"noopener noreferrer\"><span style=\"color: #ff0000;\">Panoramowanie &#8211; 7 porad<\/span><\/a>&#8220;, kt\u00f3ry pochodzi z z tego fotobooka.<\/p>\n<p>Mo\u017ce Ci\u0119 zainteresowa\u0107 tak\u017ce poradnik &#8220;<a href=\"https:\/\/ewaipiotr.pl\/sklep\/produkt\/jak-fotografowac-gwiezdne-smugi\/\"><strong>Jak fotografowa\u0107&#8230; gwiezdne smugi<\/strong><\/a>&#8220;.<\/p>\n<p>&nbsp;<\/p>\n<p><strong>91 stron, obj\u0119to\u015b\u0107 pliku 31 MB, ebook dostarczany w formie elektronicznej<\/strong><\/p>\n<h3>Zobacz wybrane strony tego e-booka:<\/h3>\n<div id=\"jig1\" class=\"justified-image-grid jig-767f8f3bb4449252a1ee67407fbae8d8 jig-preset-global jig-source-wp-gallery\"><div class=\"jig-clearfix\"><\/div><noscript id=\"jig1-html\" class=\"justified-image-grid-html\" data-lazy-src=\"skiplazyload\" data-src=\"skipunveillazyload\"><ul><li><a href=\"https:\/\/www.fotezja.pl\/sklep\/wp-content\/uploads\/sites\/5\/2020\/01\/JakFotografowacZDlugimCzasem_okladka.jpg\" title=\"JakFotografowacZDlugimCzasem_okladka\"><img fetchpriority=\"high\" decoding=\"async\" src=\"https:\/\/www.fotezja.pl\/sklep\/wp-content\/plugins\/justified-image-grid\/timthumb.php?src=https%3A%2F%2Fwww.fotezja.pl%2Fsklep%2Fwp-content%2Fuploads%2Fsites%2F5%2F2020%2F01%2FJakFotografowacZDlugimCzasem_okladka.jpg&amp;h=310&amp;q=90&amp;f=.jpg\" alt=\"JakFotografowacZDlugimCzasem_okladka\" width=\"495\" height=\"310\" \/><\/a><p class=\"jig-HTMLdescription\">JakFotografowacZDlugimCzasem_okladka<\/p><\/li><li><a href=\"https:\/\/www.fotezja.pl\/sklep\/wp-content\/uploads\/sites\/5\/2020\/01\/JakFotografowacZDlugimCzasem_spistresci_1.jpg\" title=\"JakFotografowacZDlugimCzasem_spistresci_1\"><img decoding=\"async\" src=\"https:\/\/www.fotezja.pl\/sklep\/wp-content\/plugins\/justified-image-grid\/timthumb.php?src=https%3A%2F%2Fwww.fotezja.pl%2Fsklep%2Fwp-content%2Fuploads%2Fsites%2F5%2F2020%2F01%2FJakFotografowacZDlugimCzasem_spistresci_1.jpg&amp;h=310&amp;q=90&amp;f=.jpg\" alt=\"JakFotografowacZDlugimCzasem_spistresci_1\" width=\"495\" height=\"310\" \/><\/a><p class=\"jig-HTMLdescription\">JakFotografowacZDlugimCzasem_spistresci_1<\/p><\/li><li><a href=\"https:\/\/www.fotezja.pl\/sklep\/wp-content\/uploads\/sites\/5\/2020\/01\/JakFotografowacZDlugimCzasem_spistresci_2.jpg\" title=\"JakFotografowacZDlugimCzasem_spistresci_2\"><img decoding=\"async\" src=\"https:\/\/www.fotezja.pl\/sklep\/wp-content\/plugins\/justified-image-grid\/timthumb.php?src=https%3A%2F%2Fwww.fotezja.pl%2Fsklep%2Fwp-content%2Fuploads%2Fsites%2F5%2F2020%2F01%2FJakFotografowacZDlugimCzasem_spistresci_2.jpg&amp;h=310&amp;q=90&amp;f=.jpg\" alt=\"JakFotografowacZDlugimCzasem_spistresci_2\" width=\"495\" height=\"310\" \/><\/a><p class=\"jig-HTMLdescription\">JakFotografowacZDlugimCzasem_spistresci_2<\/p><\/li><li><a href=\"https:\/\/www.fotezja.pl\/sklep\/wp-content\/uploads\/sites\/5\/2020\/01\/JakFotografowacZDlugimCzasem_-2.jpg\"><img loading=\"lazy\" decoding=\"async\" src=\"https:\/\/www.fotezja.pl\/sklep\/wp-content\/plugins\/justified-image-grid\/timthumb.php?src=https%3A%2F%2Fwww.fotezja.pl%2Fsklep%2Fwp-content%2Fuploads%2Fsites%2F5%2F2020%2F01%2FJakFotografowacZDlugimCzasem_-2.jpg&amp;h=310&amp;q=90&amp;f=.jpg\" alt=\"\" width=\"495\" height=\"310\" \/><\/a><\/li><li><a href=\"https:\/\/www.fotezja.pl\/sklep\/wp-content\/uploads\/sites\/5\/2020\/01\/JakFotografowacZDlugimCzasem_3.jpg\" title=\"JakFotografowacZDlugimCzasem_3\"><img loading=\"lazy\" decoding=\"async\" src=\"https:\/\/www.fotezja.pl\/sklep\/wp-content\/plugins\/justified-image-grid\/timthumb.php?src=https%3A%2F%2Fwww.fotezja.pl%2Fsklep%2Fwp-content%2Fuploads%2Fsites%2F5%2F2020%2F01%2FJakFotografowacZDlugimCzasem_3.jpg&amp;h=310&amp;q=90&amp;f=.jpg\" alt=\"JakFotografowacZDlugimCzasem_3\" width=\"495\" height=\"310\" \/><\/a><p class=\"jig-HTMLdescription\">JakFotografowacZDlugimCzasem_3<\/p><\/li><li><a href=\"https:\/\/www.fotezja.pl\/sklep\/wp-content\/uploads\/sites\/5\/2020\/01\/JakFotografowacZDlugimCzasem_4.jpg\" title=\"JakFotografowacZDlugimCzasem_4\"><img loading=\"lazy\" decoding=\"async\" src=\"https:\/\/www.fotezja.pl\/sklep\/wp-content\/plugins\/justified-image-grid\/timthumb.php?src=https%3A%2F%2Fwww.fotezja.pl%2Fsklep%2Fwp-content%2Fuploads%2Fsites%2F5%2F2020%2F01%2FJakFotografowacZDlugimCzasem_4.jpg&amp;h=310&amp;q=90&amp;f=.jpg\" alt=\"JakFotografowacZDlugimCzasem_4\" width=\"495\" height=\"310\" \/><\/a><p class=\"jig-HTMLdescription\">JakFotografowacZDlugimCzasem_4<\/p><\/li><li><a href=\"https:\/\/www.fotezja.pl\/sklep\/wp-content\/uploads\/sites\/5\/2020\/01\/JakFotografowacZDlugimCzasem_5.jpg\" title=\"JakFotografowacZDlugimCzasem_5\"><img loading=\"lazy\" decoding=\"async\" src=\"https:\/\/www.fotezja.pl\/sklep\/wp-content\/plugins\/justified-image-grid\/timthumb.php?src=https%3A%2F%2Fwww.fotezja.pl%2Fsklep%2Fwp-content%2Fuploads%2Fsites%2F5%2F2020%2F01%2FJakFotografowacZDlugimCzasem_5.jpg&amp;h=310&amp;q=90&amp;f=.jpg\" alt=\"JakFotografowacZDlugimCzasem_5\" width=\"495\" height=\"310\" \/><\/a><p class=\"jig-HTMLdescription\">JakFotografowacZDlugimCzasem_5<\/p><\/li><li><a href=\"https:\/\/www.fotezja.pl\/sklep\/wp-content\/uploads\/sites\/5\/2020\/01\/JakFotografowacZDlugimCzasem_6.jpg\" title=\"JakFotografowacZDlugimCzasem_6\"><img loading=\"lazy\" decoding=\"async\" src=\"https:\/\/www.fotezja.pl\/sklep\/wp-content\/plugins\/justified-image-grid\/timthumb.php?src=https%3A%2F%2Fwww.fotezja.pl%2Fsklep%2Fwp-content%2Fuploads%2Fsites%2F5%2F2020%2F01%2FJakFotografowacZDlugimCzasem_6.jpg&amp;h=310&amp;q=90&amp;f=.jpg\" alt=\"JakFotografowacZDlugimCzasem_6\" width=\"495\" height=\"310\" \/><\/a><p class=\"jig-HTMLdescription\">JakFotografowacZDlugimCzasem_6<\/p><\/li><li><a href=\"https:\/\/www.fotezja.pl\/sklep\/wp-content\/uploads\/sites\/5\/2020\/01\/JakFotografowacZDlugimCzasem_7.jpg\" title=\"JakFotografowacZDlugimCzasem_7\"><img loading=\"lazy\" decoding=\"async\" src=\"https:\/\/www.fotezja.pl\/sklep\/wp-content\/plugins\/justified-image-grid\/timthumb.php?src=https%3A%2F%2Fwww.fotezja.pl%2Fsklep%2Fwp-content%2Fuploads%2Fsites%2F5%2F2020%2F01%2FJakFotografowacZDlugimCzasem_7.jpg&amp;h=310&amp;q=90&amp;f=.jpg\" alt=\"JakFotografowacZDlugimCzasem_7\" width=\"495\" height=\"310\" \/><\/a><p class=\"jig-HTMLdescription\">JakFotografowacZDlugimCzasem_7<\/p><\/li><li><a href=\"https:\/\/www.fotezja.pl\/sklep\/wp-content\/uploads\/sites\/5\/2020\/01\/JakFotografowacZDlugimCzasem_8.jpg\" title=\"JakFotografowacZDlugimCzasem_8\"><img loading=\"lazy\" decoding=\"async\" src=\"https:\/\/www.fotezja.pl\/sklep\/wp-content\/plugins\/justified-image-grid\/timthumb.php?src=https%3A%2F%2Fwww.fotezja.pl%2Fsklep%2Fwp-content%2Fuploads%2Fsites%2F5%2F2020%2F01%2FJakFotografowacZDlugimCzasem_8.jpg&amp;h=310&amp;q=90&amp;f=.jpg\" alt=\"JakFotografowacZDlugimCzasem_8\" width=\"495\" height=\"310\" \/><\/a><p class=\"jig-HTMLdescription\">JakFotografowacZDlugimCzasem_8<\/p><\/li><li><a href=\"https:\/\/www.fotezja.pl\/sklep\/wp-content\/uploads\/sites\/5\/2020\/01\/JakFotografowacZDlugimCzasem_9.jpg\" title=\"JakFotografowacZDlugimCzasem_9\"><img loading=\"lazy\" decoding=\"async\" src=\"https:\/\/www.fotezja.pl\/sklep\/wp-content\/plugins\/justified-image-grid\/timthumb.php?src=https%3A%2F%2Fwww.fotezja.pl%2Fsklep%2Fwp-content%2Fuploads%2Fsites%2F5%2F2020%2F01%2FJakFotografowacZDlugimCzasem_9.jpg&amp;h=310&amp;q=90&amp;f=.jpg\" alt=\"JakFotografowacZDlugimCzasem_9\" width=\"495\" height=\"310\" \/><\/a><p class=\"jig-HTMLdescription\">JakFotografowacZDlugimCzasem_9<\/p><\/li><li><a href=\"https:\/\/www.fotezja.pl\/sklep\/wp-content\/uploads\/sites\/5\/2020\/01\/JakFotografowacZDlugimCzasem_10.jpg\" title=\"JakFotografowacZDlugimCzasem_10\"><img loading=\"lazy\" decoding=\"async\" src=\"https:\/\/www.fotezja.pl\/sklep\/wp-content\/plugins\/justified-image-grid\/timthumb.php?src=https%3A%2F%2Fwww.fotezja.pl%2Fsklep%2Fwp-content%2Fuploads%2Fsites%2F5%2F2020%2F01%2FJakFotografowacZDlugimCzasem_10.jpg&amp;h=310&amp;q=90&amp;f=.jpg\" alt=\"JakFotografowacZDlugimCzasem_10\" width=\"495\" height=\"310\" \/><\/a><p class=\"jig-HTMLdescription\">JakFotografowacZDlugimCzasem_10<\/p><\/li><li><a href=\"https:\/\/www.fotezja.pl\/sklep\/wp-content\/uploads\/sites\/5\/2020\/01\/JakFotografowacZDlugimCzasem_11.jpg\" title=\"JakFotografowacZDlugimCzasem_11\"><img loading=\"lazy\" decoding=\"async\" src=\"https:\/\/www.fotezja.pl\/sklep\/wp-content\/plugins\/justified-image-grid\/timthumb.php?src=https%3A%2F%2Fwww.fotezja.pl%2Fsklep%2Fwp-content%2Fuploads%2Fsites%2F5%2F2020%2F01%2FJakFotografowacZDlugimCzasem_11.jpg&amp;h=310&amp;q=90&amp;f=.jpg\" alt=\"JakFotografowacZDlugimCzasem_11\" width=\"495\" height=\"310\" \/><\/a><p class=\"jig-HTMLdescription\">JakFotografowacZDlugimCzasem_11<\/p><\/li><\/ul><\/noscript><\/div>\n","protected":false},"excerpt":{"rendered":"<p>Autor: Piotr D\u0119bek i Ewa Prus<\/p>\n<p>Z ebooka \u201eJak fotografowa\u0107 z d\u0142ugim czasem\u201d dowiecie si\u0119 wszystkiego, co trzeba wiedzie\u0107, aby skutecznie robi\u0107 zdj\u0119cia z d\u0142ug\u0105 ekspozycj\u0105. Na blisko stu stronach poznacie potrzebne techniki, zaznajomicie si\u0119 z list\u0105 niezb\u0119dnego sprz\u0119tu, a przede wszystkim przestudiujecie r\u00f3\u017cne sytuacje, w kt\u00f3rych zastosowanie d\u0142ugich ekspozycji ma sens.<br \/>\nKsi\u0105\u017cka ma posta\u0107 pliku w formacie PDF, do pobrania od razu po op\u0142aceniu. <strong>Nie wysy\u0142amy papierowej wersji<\/strong>, ale jak kto\u015b chce, to mo\u017ce sobie j\u0105 wydrukowa\u0107.<\/p>\n","protected":false},"featured_media":928,"comment_status":"open","ping_status":"closed","template":"","meta":[],"product_brand":[],"product_cat":[29],"product_tag":[],"class_list":{"0":"post-924","1":"product","2":"type-product","3":"status-publish","4":"has-post-thumbnail","6":"product_cat-fotobooki","8":"first","9":"instock","10":"downloadable","11":"virtual","12":"sold-individually","13":"taxable","14":"purchasable","15":"product-type-simple"},"_links":{"self":[{"href":"https:\/\/www.fotezja.pl\/sklep\/wp-json\/wp\/v2\/product\/924","targetHints":{"allow":["GET"]}}],"collection":[{"href":"https:\/\/www.fotezja.pl\/sklep\/wp-json\/wp\/v2\/product"}],"about":[{"href":"https:\/\/www.fotezja.pl\/sklep\/wp-json\/wp\/v2\/types\/product"}],"replies":[{"embeddable":true,"href":"https:\/\/www.fotezja.pl\/sklep\/wp-json\/wp\/v2\/comments?post=924"}],"wp:featuredmedia":[{"embeddable":true,"href":"https:\/\/www.fotezja.pl\/sklep\/wp-json\/wp\/v2\/media\/928"}],"wp:attachment":[{"href":"https:\/\/www.fotezja.pl\/sklep\/wp-json\/wp\/v2\/media?parent=924"}],"wp:term":[{"taxonomy":"product_brand","embeddable":true,"href":"https:\/\/www.fotezja.pl\/sklep\/wp-json\/wp\/v2\/product_brand?post=924"},{"taxonomy":"product_cat","embeddable":true,"href":"https:\/\/www.fotezja.pl\/sklep\/wp-json\/wp\/v2\/product_cat?post=924"},{"taxonomy":"product_tag","embeddable":true,"href":"https:\/\/www.fotezja.pl\/sklep\/wp-json\/wp\/v2\/product_tag?post=924"}],"curies":[{"name":"wp","href":"https:\/\/api.w.org\/{rel}","templated":true}]}}