{"id":910,"date":"2020-01-01T00:38:21","date_gmt":"2019-12-31T23:38:21","guid":{"rendered":"https:\/\/www.fotezja.pl\/sklep\/?post_type=product&#038;p=910"},"modified":"2024-10-18T07:40:47","modified_gmt":"2024-10-18T05:40:47","slug":"fotobook-fotografia-malarska","status":"publish","type":"product","link":"https:\/\/www.fotezja.pl\/sklep\/produkt\/fotobook-fotografia-malarska\/","title":{"rendered":"Fotobook: Fotografia malarska"},"content":{"rendered":"<p>Z fotobooka &#8220;Fotografia malarska&#8221; nauczysz si\u0119, jak w Photoshopie osi\u0105ga\u0107 na zdj\u0119ciach r\u00f3\u017cnorodne efekty przypominaj\u0105ce malarstwo lub rysunek. Przyk\u0142ady zosta\u0142y dobrane tak, aby i ko\u0144cowe efekty malarskie, i drogi doj\u015bcia do nich by\u0142y zr\u00f3\u017cnicowane. Dzi\u0119ki temu czytelnik zyskuje bogaty wachlarz narz\u0119dzi, kt\u00f3rymi b\u0119dzie umia\u0142 si\u0119 pos\u0142ugiwa\u0107 w miar\u0119 potrzeb. Ka\u017cdy z pi\u0119ciu efekt\u00f3w malarskich zosta\u0142 dok\u0142adnie opisany, a wszystkie kroki s\u0105 obficie zilustrowane, \u0142\u0105cznie z zaznaczeniem na zrzutach ekranowych, gdzie trzeba klikn\u0105\u0107 i na co zwr\u00f3ci\u0107 uwag\u0119. Jako \u017ce instrukcje obejmuj\u0105 zaawansowane u\u017cycie p\u0119dzli, jest tu te\u017c rozdzia\u0142 t\u0142umacz\u0105cy, w jaki spos\u00f3b mo\u017cna sobie p\u0119dzle konfigurowa\u0107 i jak to zrobi\u0107, \u017ceby raz ustawione by\u0142y ju\u017c zawsze pod r\u0119k\u0105. Nie trzeba umie\u0107 malowa\u0107, \u017ceby tworzy\u0107 fotografie wygl\u0105daj\u0105ce jak obrazy \u2013 przekonaj si\u0119 jak to si\u0119 robi!<\/p>\n<p><b>Uwaga:<\/b> Do fotobooka \u201eFotografia malarska\u201d s\u0105 do\u0142\u0105czone zdj\u0119cia, na kt\u00f3rych w ksi\u0105\u017cce prezentowane s\u0105 efekty, tak aby czytelnik m\u00f3g\u0142 osobi\u015bcie po\u0107wiczy\u0107 edycj\u0119 na tych samych plikach. Zdj\u0119cia nie s\u0105 pobierane jednocze\u015bnie z fotobookiem. Przy ka\u017cdym rozdziale znajduje si\u0119 wyra\u017anie oznaczony link do pobrania fotografii potrzebnej do danego efektu. Pobieranie zdj\u0119\u0107 wymaga po\u0142\u0105czenia z internetem.<\/p>\n<h3>Tre\u015b\u0107 fotobooka \u201eFotografia malarska\u201d:<\/h3>\n<p>Wst\u0119p: Gdy liczy si\u0119 styl<\/p>\n<p>W\u0142asne pude\u0142ko p\u0119dzli, czyli jak sobie ustawi\u0107 p\u0119dzle, \u017ceby zawsze by\u0142y pod r\u0119k\u0105<\/p>\n<p>Akwarela<\/p>\n<p>Rysunek w\u0119glem<\/p>\n<p>Obraz olejny<\/p>\n<p>Obraz impresjonistyczny<\/p>\n<p>Pop art<\/p>\n<p>&nbsp;<\/p>\n<h3>Z fotobooka \u201eFotografia malarska\u201d dowiesz si\u0119, jak:<\/h3>\n<ul>\n<li>tw\u00f3rczo u\u017cywa\u0107 filtr\u00f3w Photoshopa, tak by nie by\u0142o wida\u0107, \u017ce to filtry<\/li>\n<li>korzysta\u0107 z warstw, ich tryb\u00f3w mieszania i masek dla uzyskania wiarygodnie wygl\u0105daj\u0105cego efektu<\/li>\n<li>tworzy\u0107 p\u0119dzle o r\u00f3\u017cnych w\u0142a\u015bciwo\u015bciach i zapisywa\u0107 je sobie do p\u00f3\u017aniejszego wykorzystania<\/li>\n<li>osi\u0105gn\u0105\u0107 efekt obrazu w pi\u0119ciu stylach: akwareli, obrazu olejnego, impresjonizmu, rysunku w\u0119glem i pop artu.<\/li>\n<\/ul>\n<h3>Fragment fotobooka \u201eFotografia malarska\u201d<\/h3>\n<p><a name=\"sample-permalink\"><\/a><a name=\"editable-post-name\"><\/a> Na portalu Fotezja.pl mo\u017cna przeczyta\u0107 artyku\u0142 \u201eEfekt impresjonistyczny z Photoshopa\u201c, kt\u00f3ry pochodzi z z tego fotobooka. <a href=\"https:\/\/www.fotezja.pl\/edycja-zdjec\/efekt-impresjonistyczny-z-photoshopa\/\" target=\"_blank\" rel=\"noopener noreferrer\"><strong>https:\/\/www.fotezja.pl\/edycja-zdjec\/efekt-impresjonistyczny-z-photoshopa\/<\/strong><\/a><\/p>\n<p>Przeczytaj recenzj\u0119 &#8220;Fotografii malarskiej&#8221; pi\u00f3ra Konrada Le\u015bniaka:<\/p>\n<p><a href=\"https:\/\/ladaco.blogspot.com\/2019\/05\/o-ewa-prus-fotografia-malarska.html\" target=\"_blank\" rel=\"noopener noreferrer\">https:\/\/ladaco.blogspot.com\/2019\/05\/o-ewa-prus-fotografia-malarska.html<\/a><\/p>\n<p>&nbsp;<\/p>\n<p><strong>63 strony, obj\u0119to\u015b\u0107 pliku 26 MB, ebook dostarczany w formie elektronicznej<\/strong><\/p>\n<h3>Zobacz wybrane strony tego e-booka:<\/h3>\n<div id=\"jig1\" class=\"justified-image-grid jig-43f0b8e9964c4448b67b126b151e6def jig-preset-global jig-source-wp-gallery\"><div class=\"jig-clearfix\"><\/div><noscript id=\"jig1-html\" class=\"justified-image-grid-html\" data-lazy-src=\"skiplazyload\" data-src=\"skipunveillazyload\"><ul><li><a href=\"https:\/\/www.fotezja.pl\/sklep\/wp-content\/uploads\/sites\/5\/2020\/01\/FotografiaMalarska_1-e1577837504956.jpg\"><img fetchpriority=\"high\" decoding=\"async\" src=\"https:\/\/www.fotezja.pl\/sklep\/wp-content\/plugins\/justified-image-grid\/timthumb.php?src=https%3A%2F%2Fwww.fotezja.pl%2Fsklep%2Fwp-content%2Fuploads%2Fsites%2F5%2F2020%2F01%2FFotografiaMalarska_1-e1577837504956.jpg&amp;h=310&amp;q=90&amp;f=.jpg\" alt=\"\" width=\"495\" height=\"310\" \/><\/a><\/li><li><a href=\"https:\/\/www.fotezja.pl\/sklep\/wp-content\/uploads\/sites\/5\/2020\/01\/Fotografia_malarska_akwarela.jpg\" title=\"Fotografia_malarska_akwarela\"><img decoding=\"async\" src=\"https:\/\/www.fotezja.pl\/sklep\/wp-content\/plugins\/justified-image-grid\/timthumb.php?src=https%3A%2F%2Fwww.fotezja.pl%2Fsklep%2Fwp-content%2Fuploads%2Fsites%2F5%2F2020%2F01%2FFotografia_malarska_akwarela.jpg&amp;h=310&amp;q=90&amp;f=.jpg\" alt=\"Fotografia_malarska_akwarela\" width=\"495\" height=\"310\" \/><\/a><p class=\"jig-HTMLdescription\">Fotografia_malarska_akwarela<\/p><\/li><li><a href=\"https:\/\/www.fotezja.pl\/sklep\/wp-content\/uploads\/sites\/5\/2020\/01\/Fotografia_malarska_impresjonizm.jpg\" title=\"Fotografia_malarska_impresjonizm\"><img decoding=\"async\" src=\"https:\/\/www.fotezja.pl\/sklep\/wp-content\/plugins\/justified-image-grid\/timthumb.php?src=https%3A%2F%2Fwww.fotezja.pl%2Fsklep%2Fwp-content%2Fuploads%2Fsites%2F5%2F2020%2F01%2FFotografia_malarska_impresjonizm.jpg&amp;h=310&amp;q=90&amp;f=.jpg\" alt=\"Fotografia_malarska_impresjonizm\" width=\"495\" height=\"310\" \/><\/a><p class=\"jig-HTMLdescription\">Fotografia_malarska_impresjonizm<\/p><\/li><li><a href=\"https:\/\/www.fotezja.pl\/sklep\/wp-content\/uploads\/sites\/5\/2020\/01\/Fotografia_malarska_olejna.jpg\" title=\"Fotografia_malarska_olejna\"><img loading=\"lazy\" decoding=\"async\" src=\"https:\/\/www.fotezja.pl\/sklep\/wp-content\/plugins\/justified-image-grid\/timthumb.php?src=https%3A%2F%2Fwww.fotezja.pl%2Fsklep%2Fwp-content%2Fuploads%2Fsites%2F5%2F2020%2F01%2FFotografia_malarska_olejna.jpg&amp;h=310&amp;q=90&amp;f=.jpg\" alt=\"Fotografia_malarska_olejna\" width=\"495\" height=\"310\" \/><\/a><p class=\"jig-HTMLdescription\">Fotografia_malarska_olejna<\/p><\/li><li><a href=\"https:\/\/www.fotezja.pl\/sklep\/wp-content\/uploads\/sites\/5\/2020\/01\/Fotografia_malarska_popart.jpg\" title=\"Fotografia_malarska_popart\"><img loading=\"lazy\" decoding=\"async\" src=\"https:\/\/www.fotezja.pl\/sklep\/wp-content\/plugins\/justified-image-grid\/timthumb.php?src=https%3A%2F%2Fwww.fotezja.pl%2Fsklep%2Fwp-content%2Fuploads%2Fsites%2F5%2F2020%2F01%2FFotografia_malarska_popart.jpg&amp;h=310&amp;q=90&amp;f=.jpg\" alt=\"Fotografia_malarska_popart\" width=\"495\" height=\"310\" \/><\/a><p class=\"jig-HTMLdescription\">Fotografia_malarska_popart<\/p><\/li><li><a href=\"https:\/\/www.fotezja.pl\/sklep\/wp-content\/uploads\/sites\/5\/2020\/01\/Fotografia_malarska_szkic_weglem.jpg\" title=\"Fotografia_malarska_szkic_weglem\"><img loading=\"lazy\" decoding=\"async\" src=\"https:\/\/www.fotezja.pl\/sklep\/wp-content\/plugins\/justified-image-grid\/timthumb.php?src=https%3A%2F%2Fwww.fotezja.pl%2Fsklep%2Fwp-content%2Fuploads%2Fsites%2F5%2F2020%2F01%2FFotografia_malarska_szkic_weglem.jpg&amp;h=310&amp;q=90&amp;f=.jpg\" alt=\"Fotografia_malarska_szkic_weglem\" width=\"495\" height=\"310\" \/><\/a><p class=\"jig-HTMLdescription\">Fotografia_malarska_szkic_weglem<\/p><\/li><\/ul><\/noscript><\/div>\n","protected":false},"excerpt":{"rendered":"<p>Autor: Ewa Prus<\/p>\n<p>Ebook \u201eFotografia malarska\u201d zawiera pi\u0119\u0107 tutoriali Photoshopa pokazuj\u0105cych krok po kroku i klik po kliku, jak przerobi\u0107 zdj\u0119cie na obraz. Pokazane efekty malarskie s\u0105 bardzo r\u00f3\u017cne: akwarela, rysunek w\u0119glem, obraz olejny o grubych poci\u0105gni\u0119ciach p\u0119dzlem, obraz impresjonistyczny oraz pop art. Dodatkowo znalaz\u0142 si\u0119 tam rozdzia\u0142 o dobieraniu w\u0142a\u015bciwo\u015bci p\u0119dzli, bo skoro jest malarstwo, to musz\u0105 by\u0107 i p\u0119dzle!<br \/>\nKsi\u0105\u017cka ma posta\u0107 pliku w formacie PDF, do pobrania od razu po op\u0142aceniu. <strong>Nie wysy\u0142amy papierowej wersji<\/strong>, ale jak kto\u015b chce, to mo\u017ce sobie j\u0105 wydrukowa\u0107.<\/p>\n","protected":false},"featured_media":923,"comment_status":"open","ping_status":"closed","template":"","meta":[],"product_brand":[],"product_cat":[29],"product_tag":[],"class_list":{"0":"post-910","1":"product","2":"type-product","3":"status-publish","4":"has-post-thumbnail","6":"product_cat-fotobooki","8":"first","9":"instock","10":"downloadable","11":"virtual","12":"sold-individually","13":"taxable","14":"purchasable","15":"product-type-simple"},"_links":{"self":[{"href":"https:\/\/www.fotezja.pl\/sklep\/wp-json\/wp\/v2\/product\/910","targetHints":{"allow":["GET"]}}],"collection":[{"href":"https:\/\/www.fotezja.pl\/sklep\/wp-json\/wp\/v2\/product"}],"about":[{"href":"https:\/\/www.fotezja.pl\/sklep\/wp-json\/wp\/v2\/types\/product"}],"replies":[{"embeddable":true,"href":"https:\/\/www.fotezja.pl\/sklep\/wp-json\/wp\/v2\/comments?post=910"}],"wp:featuredmedia":[{"embeddable":true,"href":"https:\/\/www.fotezja.pl\/sklep\/wp-json\/wp\/v2\/media\/923"}],"wp:attachment":[{"href":"https:\/\/www.fotezja.pl\/sklep\/wp-json\/wp\/v2\/media?parent=910"}],"wp:term":[{"taxonomy":"product_brand","embeddable":true,"href":"https:\/\/www.fotezja.pl\/sklep\/wp-json\/wp\/v2\/product_brand?post=910"},{"taxonomy":"product_cat","embeddable":true,"href":"https:\/\/www.fotezja.pl\/sklep\/wp-json\/wp\/v2\/product_cat?post=910"},{"taxonomy":"product_tag","embeddable":true,"href":"https:\/\/www.fotezja.pl\/sklep\/wp-json\/wp\/v2\/product_tag?post=910"}],"curies":[{"name":"wp","href":"https:\/\/api.w.org\/{rel}","templated":true}]}}