{"id":832,"date":"2019-11-06T23:06:47","date_gmt":"2019-11-06T22:06:47","guid":{"rendered":"https:\/\/www.fotezja.pl\/sklep\/?post_type=product&#038;p=832"},"modified":"2022-02-16T14:52:50","modified_gmt":"2022-02-16T13:52:50","slug":"wartosci-przyslony-bransoletka-pamietaczka","status":"publish","type":"product","link":"https:\/\/www.fotezja.pl\/sklep\/produkt\/wartosci-przyslony-bransoletka-pamietaczka\/","title":{"rendered":"Warto\u015bci przys\u0142ony: bransoletka &#8211; pami\u0119taczka"},"content":{"rendered":"<p><strong>Zawsze pod r\u0119k\u0105, a nawet na niej!<\/strong><br \/>\n<strong>Bransoletka \u2013 pami\u0119taczka b\u0119dzie za Ciebie pami\u0119ta\u0107, jakie s\u0105 pe\u0142ne warto\u015bci przys\u0142ony.<\/strong><\/p>\n<p>Przydatna przy ustawianiu ekspozycji w trybie priorytetu przys\u0142ony albo manualnym. Pokazuje ci\u0105g pe\u0142nych warto\u015bci przys\u0142ony, od f\/1 do f\/32, czyli prawdopodobnie wszystkie, jakie kiedykolwiek masz szans\u0119 ustawi\u0107 w obiektywie.<\/p>\n<p>Nie wiesz, jak dzia\u0142a priorytet przys\u0142ony? <a href=\"https:\/\/www.fotezja.pl\/jak-dziala-priorytet-przyslony\/\"><strong>Zapraszamy do lektury!<\/strong><\/a><\/p>\n<p>A jak dzia\u0142a bransoletka &#8211; pami\u0119taczka? To proste: gdy potrzebujesz dwukrotnie kr\u00f3tszego czasu na\u015bwietlania, musisz albo dwukrotnie podnie\u015b\u0107 ISO (do tego nie mamy pami\u0119taczki, mno\u017cenie przez dwa da si\u0119 ogarn\u0105\u0107 w g\u0142owie nawet o wschodzie s\u0142o\u0144ca) albo otworzy\u0107 przys\u0142on\u0119 o jedn\u0105 pe\u0142n\u0105 warto\u015b\u0107. Jaka to b\u0119dzie warto\u015b\u0107? Ta po lewej stronie od aktualnie wybranej! I odwrotnie: liczba po prawej od aktualnie wybranej oznacza przys\u0142on\u0119 przymkni\u0119t\u0105 o jedn\u0105 pe\u0142n\u0105 warto\u015b\u0107 (tzw. 1 EV). Na bransoletce nie ma &#8220;f\/&#8221;, ale chyba oczywiste \u017ce chodzi o przys\u0142ony, prawda?<\/p>\n<p>Cechy bransoletki \u2013 pami\u0119taczki:<\/p>\n<ul>\n<li>Wykonana z silikonu trwa\u0142ego i mocnego, ale mi\u0119kkiego i przyjemnego w dotyku<\/li>\n<li>Wz\u00f3r jest wyt\u0142oczony i wype\u0142niony kolorem \u2013 farba si\u0119 nie zetrze!<\/li>\n<li>D\u0142ugo\u015b\u0107 bransoletki: 202mm, szeroko\u015b\u0107: 12mm. Rozmiar (prawie) uniwersalny.<\/li>\n<li>Mo\u017cna nosi\u0107 na r\u0119ce, nasuni\u0119te na pasek od aparatu albo za\u0142o\u017cy\u0107 na obiektyw. \u015arednica oko\u0142o 64mm.<\/li>\n<\/ul>\n","protected":false},"excerpt":{"rendered":"<p><strong>Zawsze pod r\u0119k\u0105, a nawet na niej!<br \/>\nBransoletka \u2013 pami\u0119taczka b\u0119dzie za Ciebie pami\u0119ta\u0107, jakie s\u0105 pe\u0142ne warto\u015bci przys\u0142ony.<\/strong><\/p>\n","protected":false},"featured_media":833,"comment_status":"open","ping_status":"closed","template":"","meta":[],"product_brand":[],"product_cat":[34],"product_tag":[38,42],"class_list":{"0":"post-832","1":"product","2":"type-product","3":"status-publish","4":"has-post-thumbnail","6":"product_cat-gadzety-fotograficzne","7":"product_tag-bransoletka","8":"product_tag-przyslona","9":"product_shipping_class-bransoletki","11":"first","12":"instock","13":"taxable","14":"shipping-taxable","15":"purchasable","16":"product-type-simple"},"_links":{"self":[{"href":"https:\/\/www.fotezja.pl\/sklep\/wp-json\/wp\/v2\/product\/832","targetHints":{"allow":["GET"]}}],"collection":[{"href":"https:\/\/www.fotezja.pl\/sklep\/wp-json\/wp\/v2\/product"}],"about":[{"href":"https:\/\/www.fotezja.pl\/sklep\/wp-json\/wp\/v2\/types\/product"}],"replies":[{"embeddable":true,"href":"https:\/\/www.fotezja.pl\/sklep\/wp-json\/wp\/v2\/comments?post=832"}],"wp:featuredmedia":[{"embeddable":true,"href":"https:\/\/www.fotezja.pl\/sklep\/wp-json\/wp\/v2\/media\/833"}],"wp:attachment":[{"href":"https:\/\/www.fotezja.pl\/sklep\/wp-json\/wp\/v2\/media?parent=832"}],"wp:term":[{"taxonomy":"product_brand","embeddable":true,"href":"https:\/\/www.fotezja.pl\/sklep\/wp-json\/wp\/v2\/product_brand?post=832"},{"taxonomy":"product_cat","embeddable":true,"href":"https:\/\/www.fotezja.pl\/sklep\/wp-json\/wp\/v2\/product_cat?post=832"},{"taxonomy":"product_tag","embeddable":true,"href":"https:\/\/www.fotezja.pl\/sklep\/wp-json\/wp\/v2\/product_tag?post=832"}],"curies":[{"name":"wp","href":"https:\/\/api.w.org\/{rel}","templated":true}]}}