{"id":780,"date":"2019-07-30T00:51:39","date_gmt":"2019-07-29T22:51:39","guid":{"rendered":"https:\/\/www.fotezja.pl\/sklep\/?post_type=product&#038;p=780"},"modified":"2022-02-16T14:52:50","modified_gmt":"2022-02-16T13:52:50","slug":"balanse-bieli-bransoletka-pamietaczka","status":"publish","type":"product","link":"https:\/\/www.fotezja.pl\/sklep\/produkt\/balanse-bieli-bransoletka-pamietaczka\/","title":{"rendered":"Wyb\u00f3r balansu bieli: bransoletka &#8211; pami\u0119taczka"},"content":{"rendered":"<p><strong>Zawsze pod r\u0119k\u0105, a nawet na niej! <\/strong><\/p>\n<p><strong>Bransoletka &#8211; pami\u0119taczka b\u0119dzie za Ciebie pami\u0119ta\u0107, jakie balanse bieli s\u0105 ocieplaj\u0105ce, a jakie &#8211; och\u0142adzaj\u0105ce.<\/strong><\/p>\n<p>Pokazuje ci\u0105g balans\u00f3w bieli od najbardziej och\u0142adzaj\u0105cych do maksymalnie ocieplaj\u0105cych, czyli od minimalnej do maksymalnej ilo\u015bci stopni Kelwina (K), plus stopnie po\u015brednie. Minimum dost\u0119pne w wi\u0119kszo\u015bci aparat\u00f3w to 2000K, maksimum &#8211; 10 000K, cho\u0107 zdarza si\u0119 wi\u0119cej.<br \/>\nNie wiesz, jak korzysta\u0107 z bransoletki-pami\u0119taczki do ustawiania balansu bieli? To proste: oznaczenia na bransoletce wygl\u0105daj\u0105 tak jak ikony wyboru balansu bieli (WB) w aparacie. Ustawiasz w aparacie jaki\u015b konkretny balans bieli (nie automatyczny! Automaty kiepsko dzia\u0142aj\u0105&#8230;). Znajdujesz na bransoletce takie samo oznaczenie. Je\u015bli zdj\u0119cia wydaj\u0105 Ci si\u0119 za ch\u0142odne w odcieniu, zmieniasz balans bieli na taki, kt\u00f3ry jest na bransoletce na prawo od wybranego pierwotnie, je\u015bli za ciep\u0142e &#8211; na taki z lewej.<\/p>\n<p>Cechy bransoletki &#8211; pami\u0119taczki:<\/p>\n<ul>\n<li>Wykonana z silikonu trwa\u0142ego i mocnego, ale mi\u0119kkiego i przyjemnego w dotyku<\/li>\n<li>Wz\u00f3r jest wyt\u0142oczony i wype\u0142niony kolorem &#8211; farba si\u0119 nie zetrze!<\/li>\n<li>D\u0142ugo\u015b\u0107 bransoletki: 202mm, szeroko\u015b\u0107: 12mm. Rozmiar (prawie) uniwersalny.<\/li>\n<li>Mo\u017cna nosi\u0107 na r\u0119ce, nasuni\u0119te na pasek od aparatu albo za\u0142o\u017cy\u0107 na obiektyw. \u015arednica oko\u0142o 64mm.<\/li>\n<\/ul>\n","protected":false},"excerpt":{"rendered":"<p><strong>Zawsze pod r\u0119k\u0105, a nawet na niej!<br \/>\nBransoletka &#8211; pami\u0119taczka b\u0119dzie za Ciebie pami\u0119ta\u0107, jakie balanse bieli s\u0105 ocieplaj\u0105ce, a jakie &#8211; och\u0142adzaj\u0105ce.<\/strong><\/p>\n","protected":false},"featured_media":829,"comment_status":"open","ping_status":"closed","template":"","meta":[],"product_brand":[],"product_cat":[34],"product_tag":[37,38],"class_list":{"0":"post-780","1":"product","2":"type-product","3":"status-publish","4":"has-post-thumbnail","6":"product_cat-gadzety-fotograficzne","7":"product_tag-balans-bieli","8":"product_tag-bransoletka","9":"product_shipping_class-bransoletki","11":"first","12":"instock","13":"taxable","14":"shipping-taxable","15":"purchasable","16":"product-type-simple"},"_links":{"self":[{"href":"https:\/\/www.fotezja.pl\/sklep\/wp-json\/wp\/v2\/product\/780","targetHints":{"allow":["GET"]}}],"collection":[{"href":"https:\/\/www.fotezja.pl\/sklep\/wp-json\/wp\/v2\/product"}],"about":[{"href":"https:\/\/www.fotezja.pl\/sklep\/wp-json\/wp\/v2\/types\/product"}],"replies":[{"embeddable":true,"href":"https:\/\/www.fotezja.pl\/sklep\/wp-json\/wp\/v2\/comments?post=780"}],"wp:featuredmedia":[{"embeddable":true,"href":"https:\/\/www.fotezja.pl\/sklep\/wp-json\/wp\/v2\/media\/829"}],"wp:attachment":[{"href":"https:\/\/www.fotezja.pl\/sklep\/wp-json\/wp\/v2\/media?parent=780"}],"wp:term":[{"taxonomy":"product_brand","embeddable":true,"href":"https:\/\/www.fotezja.pl\/sklep\/wp-json\/wp\/v2\/product_brand?post=780"},{"taxonomy":"product_cat","embeddable":true,"href":"https:\/\/www.fotezja.pl\/sklep\/wp-json\/wp\/v2\/product_cat?post=780"},{"taxonomy":"product_tag","embeddable":true,"href":"https:\/\/www.fotezja.pl\/sklep\/wp-json\/wp\/v2\/product_tag?post=780"}],"curies":[{"name":"wp","href":"https:\/\/api.w.org\/{rel}","templated":true}]}}