{"id":674,"date":"2019-05-27T23:38:17","date_gmt":"2019-05-27T21:38:17","guid":{"rendered":"https:\/\/www.fotezja.pl\/sklep\/?post_type=product&#038;p=674"},"modified":"2025-12-12T21:04:21","modified_gmt":"2025-12-12T20:04:21","slug":"koszulka-meska-f-8-i-stan-gdzie-trzeba-toskania","status":"publish","type":"product","link":"https:\/\/www.fotezja.pl\/sklep\/produkt\/koszulka-meska-f-8-i-stan-gdzie-trzeba-toskania\/","title":{"rendered":"Koszulka m\u0119ska f\/8 i sta\u0144 gdzie trzeba: Toskania"},"content":{"rendered":"<p><strong>Legendarny fotograf Robert Capa na pytanie, jak robi si\u0119 dobre zdj\u0119cia, m\u00f3wi\u0142: &#8220;f\/8 i sta\u0144 gdzie trzeba&#8221;. Poka\u017c, \u017ce jeste\u015b fotografem, kt\u00f3ry zna si\u0119 na rzeczy! Wiesz, jak robi\u0107 dobre zdj\u0119cia i gdzie &#8211; w tej koszulce poka\u017cesz, \u017ce wiesz gdzie trzeba stan\u0105\u0107, b\u0119d\u0105c w Toskanii.<\/strong><\/p>\n<p>Cechy koszulki:<\/p>\n<ul>\n<li>Utrzymana w jedynym s\u0142usznym kolorze: fotograficznej szaro\u015bci<\/li>\n<li>Swobodny kr\u00f3j, w kt\u00f3rym mo\u017cna przybra\u0107 dowoln\u0105 fotograficzn\u0105 pozycj\u0119 (regular fit)<\/li>\n<li>Dekolt wyko\u0144czony dzianin\u0105 pr\u0105\u017ckowan\u0105, elegancko<\/li>\n<li>Ta\u015bma wzmacniaj\u0105ca na karku i ramionach, bo si\u0142a musi by\u0107<\/li>\n<li>Porz\u0105dny materia\u0142: 90% wysokiej jako\u015bci bawe\u0142ny ring-spun i 10% poliestru dla wi\u0119kszej wygody i wytrzyma\u0142o\u015bci materia\u0142u<\/li>\n<li>Wst\u0119pnie dekatyzowana &#8211; nie zmieni kszta\u0142tu po praniu<\/li>\n<li>Gramatura 180 g\/m2<\/li>\n<li>Nadruk wykonany nowoczesn\u0105, trwa\u0142\u0105 technik\u0105 druku cyfrowego<\/li>\n<\/ul>\n<p>&nbsp;<\/p>\n<p>&nbsp;<\/p>\n<p>&nbsp;<\/p>\n","protected":false},"excerpt":{"rendered":"<p><strong>Legendarny fotograf Robert Capa na pytanie, jak robi si\u0119 dobre zdj\u0119cia, m\u00f3wi\u0142: &#8220;f\/8 i sta\u0144 gdzie trzeba&#8221;. Poka\u017c, \u017ce jeste\u015b fotografem, kt\u00f3ry zna si\u0119 na rzeczy! Wiesz, jak robi\u0107 dobre zdj\u0119cia i gdzie &#8211; w tej koszulce poka\u017cesz, \u017ce wiesz gdzie trzeba stan\u0105\u0107, b\u0119d\u0105c w Toskanii.<\/strong><\/p>\n<p>UWAGA! Rozmiary koszulek s\u0105 do\u015b\u0107 du\u017ce. Radzimy nie dobiera\u0107 rozmiaru &#8220;na pami\u0119\u0107&#8221;, tylko naprawd\u0119 zmierzy\u0107 swoj\u0105 ulubion\u0105 koszulk\u0119, w stanie le\u017c\u0105cym nienaci\u0105gni\u0119tym, i por\u00f3wna\u0107 jej wymiar z podanym poni\u017cej.<\/p>\n","protected":false},"featured_media":751,"comment_status":"open","ping_status":"closed","template":"","meta":[],"product_brand":[],"product_cat":[34],"product_tag":[],"class_list":{"0":"post-674","1":"product","2":"type-product","3":"status-publish","4":"has-post-thumbnail","6":"product_cat-gadzety-fotograficzne","7":"product_shipping_class-https-www-fotezja-pl-sklep-kategoria-produktu-koszulki","9":"first","10":"instock","11":"taxable","12":"shipping-taxable","13":"purchasable","14":"product-type-variable"},"_links":{"self":[{"href":"https:\/\/www.fotezja.pl\/sklep\/wp-json\/wp\/v2\/product\/674","targetHints":{"allow":["GET"]}}],"collection":[{"href":"https:\/\/www.fotezja.pl\/sklep\/wp-json\/wp\/v2\/product"}],"about":[{"href":"https:\/\/www.fotezja.pl\/sklep\/wp-json\/wp\/v2\/types\/product"}],"replies":[{"embeddable":true,"href":"https:\/\/www.fotezja.pl\/sklep\/wp-json\/wp\/v2\/comments?post=674"}],"wp:featuredmedia":[{"embeddable":true,"href":"https:\/\/www.fotezja.pl\/sklep\/wp-json\/wp\/v2\/media\/751"}],"wp:attachment":[{"href":"https:\/\/www.fotezja.pl\/sklep\/wp-json\/wp\/v2\/media?parent=674"}],"wp:term":[{"taxonomy":"product_brand","embeddable":true,"href":"https:\/\/www.fotezja.pl\/sklep\/wp-json\/wp\/v2\/product_brand?post=674"},{"taxonomy":"product_cat","embeddable":true,"href":"https:\/\/www.fotezja.pl\/sklep\/wp-json\/wp\/v2\/product_cat?post=674"},{"taxonomy":"product_tag","embeddable":true,"href":"https:\/\/www.fotezja.pl\/sklep\/wp-json\/wp\/v2\/product_tag?post=674"}],"curies":[{"name":"wp","href":"https:\/\/api.w.org\/{rel}","templated":true}]}}