{"id":3476,"date":"2026-02-01T18:06:57","date_gmt":"2026-02-01T17:06:57","guid":{"rendered":"https:\/\/www.fotezja.pl\/sklep\/?post_type=product&#038;p=3476"},"modified":"2026-02-02T22:24:00","modified_gmt":"2026-02-02T21:24:00","slug":"wyprawy-przyrodnicze-fotezji-fotografie-uczestnikow","status":"publish","type":"product","link":"https:\/\/www.fotezja.pl\/sklep\/produkt\/wyprawy-przyrodnicze-fotezji-fotografie-uczestnikow\/","title":{"rendered":"Wyprawy Przyrodnicze Fotezji &#8211; fotografie uczestnik\u00f3w"},"content":{"rendered":"<h1><strong><span style=\"color: #0000ff;\">Wyprawy Przyrodnicze Fotezji &#8211; Fotografie Uczestnik\u00f3w<br \/>\n<\/span><\/strong><\/h1>\n<p><em><strong>Ewa Prus, Jacek Betleja, Piotr D\u0119bek<br \/>\n<\/strong><\/em><\/p>\n<p><em>Po serii album\u00f3w podsumowuj\u0105cych wyjazdy fotograficzne teraz tak\u017ce uczestnicy wypraw przyrodniczych otrzymali mo\u017cliwo\u015b\u0107 podzielenia si\u0119 swoimi fotografiami. Tym razem tematem zdj\u0119\u0107 s\u0105 g\u0142\u00f3wnie ptaki (cho\u0107 wi\u0119ksze zwi\u0119rz\u0119ta, a tak\u017ce pi\u0119kne scenerie te\u017c mo\u017cna znale\u017a\u0107 na kartach albumu), a same obrazy to nie tylko \u015blad estetycznych decyzji autor\u00f3w. To tak\u017ce trofea, bo wiele ze sfotografowanych ptak\u00f3w to przedstawiciele rzadkich albo te\u017c bardzo odleg\u0142ych geograficznie gatunk\u00f3w. Przy tych zdj\u0119ciach liczy si\u0119 nie tylko &#8220;jak&#8221;, ale i &#8220;co&#8221; zosta\u0142o uchwycone, bo wprawdzie i wr\u00f3bla mo\u017cna \u0142adnie sfotografowa\u0107, ale uchwycenie kagu czy kazuara wymaga wyprawy. Na razie wi\u0119c zapraszamy na wypraw\u0119 wirtualn\u0105 w \u015bwiat przyrody i mamy nadziej\u0119, \u017ce zainspiruje ona do prawdziwych wypraw przyrodniczych. <\/em><em>Przed Wami album <\/em><strong>Wyprawy Przyrodnicze Fotezji &#8211; Fotografie Uczestnik\u00f3w<\/strong><em>.<br \/>\n<\/em><\/p>\n<h3>Przedstawiamy album fotograficzny Uczestnik\u00f3w wypraw przyrodniczych<\/h3>\n<p class=\"western\" align=\"left\">Zdj\u0119cia ptak\u00f3w i innych zwierz\u0105t, jakie robimy podczas wypraw, to dope\u0142nienie obserwacji. Dzielimy si\u0119 nimi w grupie, w kt\u00f3rej razem patrzymy na przyrod\u0119, cho\u0107 ka\u017cdy inaczej. Wpisujemy pe\u0142ne listy wszystkich widzianych ptak\u00f3w do bazy nauki obywatelskiej i uzupe\u0142niamy wieloma zdj\u0119ciami. To spe\u0142nienie nie tylko obowi\u0105zku wobec przyrody i innych obserwator\u00f3w, ale tak\u017ce trwa\u0142y \u015blad pozostawiony w ogr\u00f3dku nauki do kt\u00f3rego wrzucamy ma\u0142y kamyczek.<\/p>\n<p class=\"western\" align=\"left\">Zdj\u0119cia tam lokowane, nie musz\u0105 by\u0107 idealne, specjalnie wykadrowane, czy te\u017c z widocznymi wszystkimi detalami. Wystarczy, \u017ce s\u0105 ostre i oryginalne. Bo z takich<br \/>\nmateria\u0142\u00f3w sztuczna inteligencja przygotowuje algorytmy u\u0142atwiaj\u0105ce rozpoznawanie ptak\u00f3w ze zdj\u0119\u0107. Tak wykorzystywana technologia s\u0142u\u017cy wszystkim, w szczytnym celu szlachetnego rozwoju. Cieszmy si\u0119 wi\u0119c, na wiele sposob\u00f3w, ka\u017cdym swoim\u00a0 autentycznym zdj\u0119ciem opublikowanym w sieci czy w albumie z wyprawy.<\/p>\n<h3>Wyprawy Przyrodnicze Fotezji &#8211; co jest w tej ksi\u0105\u017cce?<\/h3>\n<p class=\"western\">Album powsta\u0142 jako forma podsumowania i wymiany do\u015bwiadcze\u0144 dla uczestnik\u00f3w wypraw przyrodniczych Fotezji, pozwalaj\u0105c ich uczestnikom zobaczy\u0107 co wypatrzyli i jak uchwycili ich kole\u017canki i koledzy z grupy. Mam nadziej\u0119, \u017ce z albumu skorzystaj\u0105 tak\u017ce mi\u0142o\u015bnicy przyrody, kt\u00f3rzy dot\u0105d nie byli na naszych wyprawach, a kt\u00f3rzy w ten spos\u00f3b b\u0119d\u0105 mogli zajrze\u0107 ich uczestnikom przez rami\u0119. Mo\u017cna obejrze\u0107 fotografie z wypraw przyrodniczych zrealizowane w takich miejscach jak:<\/p>\n<ul>\n<li>Bieszczady<\/li>\n<li>Dolina Baryczy<\/li>\n<li>Dolina Odry i Uj\u015bcie Warty<\/li>\n<li>Australia<\/li>\n<li>Costa Blanca<\/li>\n<li>Finlandia<\/li>\n<li>Gotlandia<\/li>\n<li>Helgoland<\/li>\n<li>Islandia<\/li>\n<li>Laponia<\/li>\n<li>Paragwaj<\/li>\n<li>S\u0142owenia<\/li>\n<\/ul>\n<p class=\"western\">Mi\u0142ego ogl\u0105dania i wielu inspiracji!<\/p>\n<p>Autorem fotografii na ok\u0142adce jest Witold Nekanda Trepka<\/p>\n<p><strong>144 strony, obj\u0119to\u015b\u0107 pliku 56 MB, ebook dostarczany w formie elektronicznej<\/strong><strong><br \/>\n<\/strong><\/p>\n<p style=\"text-align: center;\">Filmowa relacja z wernisa\u017cu albumu:<\/p>\n<p style=\"text-align: center;\"><iframe title=\"YouTube video player\" src=\"https:\/\/www.youtube.com\/embed\/yiM-BoEhR3g?si=Rlj2szc7pb9ASWY7\" width=\"560\" height=\"315\" frameborder=\"0\" allowfullscreen=\"allowfullscreen\"><\/iframe><\/p>\n","protected":false},"excerpt":{"rendered":"<p>Autor zbiorowy<\/p>\n<p><em>Po serii album\u00f3w podsumowuj\u0105cych wyjazdy przyrodnicze teraz tak\u017ce uczestnicy wypraw przyrodniczych otrzymali mo\u017cliwo\u015b\u0107 podzielenia si\u0119 swoimi fotografiami. Tym razem tematem zdj\u0119\u0107 s\u0105 g\u0142\u00f3wnie ptaki (cho\u0107 wi\u0119ksze zwi\u0119rz\u0119ta, a tak\u017ce pi\u0119kne scenerie te\u017c mo\u017cna znale\u017a\u0107 na kartach albumu), a same obrazy to nie tylko \u015blad estetycznych decyzji autor\u00f3w. To tak\u017ce trofea, bo wiele ze sfotografowanych ptak\u00f3w to przedstawiciele rzadkich albo te\u017c bardzo odleg\u0142ych geograficznie gatunk\u00f3w. Przy tych zdj\u0119ciach liczy si\u0119 nie tylko &#8220;jak&#8221;, ale i &#8220;co&#8221; zosta\u0142o uchwycone, bo wprawdzie i wr\u00f3bla mo\u017cna \u0142adnie sfotografowa\u0107, ale uchwycenie kagu czy kazuara wymaga wyprawy. Na razie wi\u0119c zapraszamy na wypraw\u0119 wirtualn\u0105 w \u015bwiat przyrody i mamy nadziej\u0119, \u017ce zainspiruje ona prawdziwych wypraw przyrodniczych. <\/em><em>Przed Wami album <\/em><strong>Wyprawy Przyrodnicze Fotezji &#8211; Fotografie Uczestnik\u00f3w<\/strong><em>.<\/em><\/p>\n<p>&nbsp;<\/p>\n<p>Ksi\u0105\u017cka ma posta\u0107 pliku w formacie PDF, do pobrania od razu po zam\u00f3wieniu. <strong>Nie wysy\u0142amy papierowej wersji<\/strong>, ale jak kto\u015b chce, to mo\u017ce sobie j\u0105 wydrukowa\u0107.<\/p>\n","protected":false},"featured_media":3475,"comment_status":"open","ping_status":"closed","template":"","meta":[],"product_brand":[],"product_cat":[49],"product_tag":[],"class_list":{"0":"post-3476","1":"product","2":"type-product","3":"status-publish","4":"has-post-thumbnail","6":"product_cat-bezplatne-albumy","8":"first","9":"instock","10":"downloadable","11":"virtual","12":"sold-individually","13":"purchasable","14":"product-type-simple"},"_links":{"self":[{"href":"https:\/\/www.fotezja.pl\/sklep\/wp-json\/wp\/v2\/product\/3476","targetHints":{"allow":["GET"]}}],"collection":[{"href":"https:\/\/www.fotezja.pl\/sklep\/wp-json\/wp\/v2\/product"}],"about":[{"href":"https:\/\/www.fotezja.pl\/sklep\/wp-json\/wp\/v2\/types\/product"}],"replies":[{"embeddable":true,"href":"https:\/\/www.fotezja.pl\/sklep\/wp-json\/wp\/v2\/comments?post=3476"}],"wp:featuredmedia":[{"embeddable":true,"href":"https:\/\/www.fotezja.pl\/sklep\/wp-json\/wp\/v2\/media\/3475"}],"wp:attachment":[{"href":"https:\/\/www.fotezja.pl\/sklep\/wp-json\/wp\/v2\/media?parent=3476"}],"wp:term":[{"taxonomy":"product_brand","embeddable":true,"href":"https:\/\/www.fotezja.pl\/sklep\/wp-json\/wp\/v2\/product_brand?post=3476"},{"taxonomy":"product_cat","embeddable":true,"href":"https:\/\/www.fotezja.pl\/sklep\/wp-json\/wp\/v2\/product_cat?post=3476"},{"taxonomy":"product_tag","embeddable":true,"href":"https:\/\/www.fotezja.pl\/sklep\/wp-json\/wp\/v2\/product_tag?post=3476"}],"curies":[{"name":"wp","href":"https:\/\/api.w.org\/{rel}","templated":true}]}}