{"id":1740,"date":"2022-09-01T01:01:44","date_gmt":"2022-08-31T23:01:44","guid":{"rendered":"https:\/\/www.fotezja.pl\/sklep\/?post_type=product&#038;p=1740"},"modified":"2024-01-15T20:35:50","modified_gmt":"2024-01-15T19:35:50","slug":"fotobook-rozmazance-czyli-techniki-intencjonalnego-poruszenia","status":"publish","type":"product","link":"https:\/\/www.fotezja.pl\/sklep\/produkt\/fotobook-rozmazance-czyli-techniki-intencjonalnego-poruszenia\/","title":{"rendered":"Fotobook: Rozmaza\u0144ce, czyli Techniki Intencjonalnego Poruszenia"},"content":{"rendered":"<h3><strong><span style=\"color: #0000ff;\">Rozmaza\u0144ce, czyli Techniki Intencjonalnego Poruszenia<br \/>\n<\/span><\/strong><\/h3>\n<p><em><strong>Piotr D\u0119bek<br \/>\n<\/strong><\/em><\/p>\n<p><em>Zwykle fotografuj\u0105c skupiamy si\u0119 na tym, \u017ceby zdj\u0119cia by\u0142y jak najbardziej ostre. Ale czasem warto zrobi\u0107 odwrotnie! Niniejsza ksi\u0105\u017cka prezentuje techniki intencjonalnego poruszenia aparatu, w skr\u00f3cie TIP, kt\u00f3re sprawi\u0105 \u017ce Twoje zdj\u0119cia nie b\u0119d\u0105 ostre, ale za to b\u0119d\u0105 naprawd\u0119 indywidualne i zaskakuj\u0105ce!<br \/>\n<\/em><\/p>\n<h3>Techniki Intencjonalnego Poruszenia albo Intentional Camera Movement<\/h3>\n<p>Angielski termin Intentional Camera Movement, w skr\u00f3cie ICM, jest cz\u0119sto stosowany jako okre\u015blenie technik fotografowania, przy kt\u00f3rych aparat jest poruszany w trakcie na\u015bwietlania. To bardzo kreatywne metody uzyskiwania bardzo nietypowych zdj\u0119\u0107&#8230; i naprawd\u0119 niepowtarzalnych. Jak si\u0119 za to zabra\u0107, na co zwraca\u0107 uwag\u0119, co jest w tych technikach istotne, a na co mo\u017cna machn\u0105\u0107 r\u0119k\u0105?<\/p>\n<h3>Machanie aparatem na r\u00f3\u017cne sposoby<\/h3>\n<p>Porusza\u0107 aparatem mo\u017cna na wiele sposob\u00f3w, a ograniczeniem jest tylko w\u0142asna kreatywno\u015b\u0107. Podpowiadamy, jak macha\u0107, jak kr\u0119ci\u0107 i czym, jak warto techniki \u0142\u0105czy\u0107 aby uzyska\u0107 jeszcze bardziej oryginalne efekty. Gwarantujemy, \u017ce ka\u017cde zdj\u0119cie b\u0119dzie inne. TIP-y albo ICM-y to przede wszystkim mn\u00f3stwo \u015bwietnej zabawy &#8211; wystarczy tylko wiedzie\u0107 jak si\u0119 za ni\u0105 zabra\u0107.<\/p>\n<h3>Troch\u0119 technikali\u00f3w dla udanie poruszonych uj\u0119\u0107<\/h3>\n<p>W ksi\u0105\u017cce t\u0142umacz\u0119 jakie ustawienia s\u0105 istotne w aparacie, aby intencjonalne poruszenia wysz\u0142y zgodnie z intencj\u0105. Jaki sprz\u0119t fotograficzny jest do tego potrzebny, jak i kiedy warto w technice ICM u\u017cywa\u0107 statywu &#8211; serio, czasem statyw przydaje si\u0119 \u017ceby robi\u0107 poruszone zdj\u0119cia! Mog\u0105 si\u0119 te\u017c przyda\u0107 filtry, cho\u0107 nie wszystkie ich rodzaje b\u0119d\u0105 r\u00f3wnie dobre.<\/p>\n<h3>Dobry czas na par\u0119 technik intencjonalnego poruszenia, czyli niech si\u0119 stanie ICM<\/h3>\n<p>Ksi\u0105\u017cka zawiera przyk\u0142ady r\u00f3\u017cnych rodzaj\u00f3w technik ICM, z wyja\u015bnieniem jak dane zdj\u0119cie zosta\u0142o zrobione: od kierunku i rodzaju ruchu po u\u017cyty czas na\u015bwietlania. Czas ekspozycji, razem z pewnym refleksem i kreatywno\u015bci\u0105, jest bowiem bardzo wa\u017cnym elementem tworzenia fotografii-rozmaza\u0144c\u00f3w, czyli TIP. Jaki czas b\u0119dzie najbardziej odpowiedni do wybranej techniki, czego potrzeba \u017ceby m\u00f3c go ustawi\u0107, czego si\u0119 spodziewa\u0107 w danych warunkach o\u015bwietleniowych, jak robi\u0107 rozmazane zdj\u0119cia nawet w \u015brodku s\u0142onecznego dnia?<\/p>\n<p>Chcesz fotografowa\u0107 bardziej tw\u00f3rczo, odwa\u017cniej, bez zahamowa\u0144, ale za to z du\u017c\u0105 rado\u015bci\u0105? Nie b\u00f3j si\u0119, porusz aparatem!<\/p>\n<p>&nbsp;<\/p>\n<p><strong>49 stron, obj\u0119to\u015b\u0107 pliku 18 MB, ebook dostarczany w formie elektronicznej<\/strong><strong><br \/>\n<\/strong><\/p>\n<p>&nbsp;<\/p>\n<h3>Zobacz wybrane strony tego e-booka:<\/h3>\n<div id=\"jig1\" class=\"justified-image-grid jig-b8c5f6d3f0c3d1571c2a65a8b48c986b jig-preset-global jig-source-wp-gallery\"><div class=\"jig-clearfix\"><\/div><noscript id=\"jig1-html\" class=\"justified-image-grid-html\" data-lazy-src=\"skiplazyload\" data-src=\"skipunveillazyload\"><ul><li><a href=\"https:\/\/www.fotezja.pl\/sklep\/wp-content\/uploads\/sites\/5\/2022\/09\/rozmazance_okladka.jpg\" title=\"rozmazance_okladka\"><img fetchpriority=\"high\" decoding=\"async\" src=\"https:\/\/www.fotezja.pl\/sklep\/wp-content\/plugins\/justified-image-grid\/timthumb.php?src=https%3A%2F%2Fwww.fotezja.pl%2Fsklep%2Fwp-content%2Fuploads%2Fsites%2F5%2F2022%2F09%2Frozmazance_okladka.jpg&amp;h=310&amp;q=90&amp;f=.jpg\" alt=\"rozmazance_okladka\" width=\"502\" height=\"310\" \/><\/a><p class=\"jig-HTMLdescription\">rozmazance_okladka<\/p><\/li><li><a href=\"https:\/\/www.fotezja.pl\/sklep\/wp-content\/uploads\/sites\/5\/2022\/09\/rozmazance_1.jpg\" title=\"rozmazance_1\"><img decoding=\"async\" src=\"https:\/\/www.fotezja.pl\/sklep\/wp-content\/plugins\/justified-image-grid\/timthumb.php?src=https%3A%2F%2Fwww.fotezja.pl%2Fsklep%2Fwp-content%2Fuploads%2Fsites%2F5%2F2022%2F09%2Frozmazance_1.jpg&amp;h=310&amp;q=90&amp;f=.jpg\" alt=\"rozmazance_1\" width=\"496\" height=\"310\" \/><\/a><p class=\"jig-HTMLdescription\">rozmazance_1<\/p><\/li><li><a href=\"https:\/\/www.fotezja.pl\/sklep\/wp-content\/uploads\/sites\/5\/2022\/09\/rozmazance_2.jpg\" title=\"rozmazance_2\"><img decoding=\"async\" src=\"https:\/\/www.fotezja.pl\/sklep\/wp-content\/plugins\/justified-image-grid\/timthumb.php?src=https%3A%2F%2Fwww.fotezja.pl%2Fsklep%2Fwp-content%2Fuploads%2Fsites%2F5%2F2022%2F09%2Frozmazance_2.jpg&amp;h=310&amp;q=90&amp;f=.jpg\" alt=\"rozmazance_2\" width=\"496\" height=\"310\" \/><\/a><p class=\"jig-HTMLdescription\">rozmazance_2<\/p><\/li><li><a href=\"https:\/\/www.fotezja.pl\/sklep\/wp-content\/uploads\/sites\/5\/2022\/09\/rozmazance_3.jpg\" title=\"rozmazance_3\"><img loading=\"lazy\" decoding=\"async\" src=\"https:\/\/www.fotezja.pl\/sklep\/wp-content\/plugins\/justified-image-grid\/timthumb.php?src=https%3A%2F%2Fwww.fotezja.pl%2Fsklep%2Fwp-content%2Fuploads%2Fsites%2F5%2F2022%2F09%2Frozmazance_3.jpg&amp;h=310&amp;q=90&amp;f=.jpg\" alt=\"rozmazance_3\" width=\"496\" height=\"310\" \/><\/a><p class=\"jig-HTMLdescription\">rozmazance_3<\/p><\/li><li><a href=\"https:\/\/www.fotezja.pl\/sklep\/wp-content\/uploads\/sites\/5\/2022\/09\/rozmazance_4.jpg\" title=\"rozmazance_4\"><img loading=\"lazy\" decoding=\"async\" src=\"https:\/\/www.fotezja.pl\/sklep\/wp-content\/plugins\/justified-image-grid\/timthumb.php?src=https%3A%2F%2Fwww.fotezja.pl%2Fsklep%2Fwp-content%2Fuploads%2Fsites%2F5%2F2022%2F09%2Frozmazance_4.jpg&amp;h=310&amp;q=90&amp;f=.jpg\" alt=\"rozmazance_4\" width=\"496\" height=\"310\" \/><\/a><p class=\"jig-HTMLdescription\">rozmazance_4<\/p><\/li><li><a href=\"https:\/\/www.fotezja.pl\/sklep\/wp-content\/uploads\/sites\/5\/2022\/09\/rozmazance_5.jpg\" title=\"rozmazance_5\"><img loading=\"lazy\" decoding=\"async\" src=\"https:\/\/www.fotezja.pl\/sklep\/wp-content\/plugins\/justified-image-grid\/timthumb.php?src=https%3A%2F%2Fwww.fotezja.pl%2Fsklep%2Fwp-content%2Fuploads%2Fsites%2F5%2F2022%2F09%2Frozmazance_5.jpg&amp;h=310&amp;q=90&amp;f=.jpg\" alt=\"rozmazance_5\" width=\"496\" height=\"310\" \/><\/a><p class=\"jig-HTMLdescription\">rozmazance_5<\/p><\/li><li><a href=\"https:\/\/www.fotezja.pl\/sklep\/wp-content\/uploads\/sites\/5\/2022\/09\/rozmazance_6.jpg\" title=\"rozmazance_6\"><img loading=\"lazy\" decoding=\"async\" src=\"https:\/\/www.fotezja.pl\/sklep\/wp-content\/plugins\/justified-image-grid\/timthumb.php?src=https%3A%2F%2Fwww.fotezja.pl%2Fsklep%2Fwp-content%2Fuploads%2Fsites%2F5%2F2022%2F09%2Frozmazance_6.jpg&amp;h=310&amp;q=90&amp;f=.jpg\" alt=\"rozmazance_6\" width=\"496\" height=\"310\" \/><\/a><p class=\"jig-HTMLdescription\">rozmazance_6<\/p><\/li><\/ul><\/noscript><\/div>\n<p>Dla zainteresowanych nietypowymi technikami fotograficznymi mamy r\u00f3wnie\u017c ksi\u0105\u017ck\u0119 na temat <a href=\"https:\/\/www.fotezja.pl\/sklep\/produkt\/fotobook-jak-fotografowac-z-dlugim-czasem\/\"><strong>wyd\u0142u\u017cania czasu na\u015bwietlania<\/strong><\/a>, polecam!<\/p>\n","protected":false},"excerpt":{"rendered":"<p>Autor: <strong>Piotr D\u0119bek<\/strong><br \/>\nTechniki Intencjonalnego Poruszenia, nazywane te\u017c z angielska Intentional Camera Movement, to metoda na tworzenie zdj\u0119\u0107 nieostrych, i przez to pi\u0119knych. Ksi\u0105\u017cka ta przyst\u0119pnie i dog\u0142\u0119bnie obja\u015bnia, na czym polegaj\u0105 techniki robienia zdj\u0119\u0107 poruszonych &#8211; i poruszaj\u0105cych &#8211; tak \u017ceby uzyska\u0107 dobry efekt. Na co trzeba zwraca\u0107 uwag\u0119, gdzie czaj\u0105 si\u0119 pu\u0142apki i jak je omija\u0107.<\/p>\n<p>Ksi\u0105\u017cka ma posta\u0107 pliku w formacie PDF, do pobrania od razu po op\u0142aceniu. <strong>Nie wysy\u0142amy papierowej wersji<\/strong>, ale jak kto\u015b chce, to mo\u017ce sobie j\u0105 wydrukowa\u0107.<\/p>\n","protected":false},"featured_media":1747,"comment_status":"open","ping_status":"closed","template":"","meta":[],"product_brand":[],"product_cat":[29],"product_tag":[],"class_list":{"0":"post-1740","1":"product","2":"type-product","3":"status-publish","4":"has-post-thumbnail","6":"product_cat-fotobooki","8":"first","9":"instock","10":"downloadable","11":"virtual","12":"sold-individually","13":"taxable","14":"purchasable","15":"product-type-simple"},"_links":{"self":[{"href":"https:\/\/www.fotezja.pl\/sklep\/wp-json\/wp\/v2\/product\/1740","targetHints":{"allow":["GET"]}}],"collection":[{"href":"https:\/\/www.fotezja.pl\/sklep\/wp-json\/wp\/v2\/product"}],"about":[{"href":"https:\/\/www.fotezja.pl\/sklep\/wp-json\/wp\/v2\/types\/product"}],"replies":[{"embeddable":true,"href":"https:\/\/www.fotezja.pl\/sklep\/wp-json\/wp\/v2\/comments?post=1740"}],"wp:featuredmedia":[{"embeddable":true,"href":"https:\/\/www.fotezja.pl\/sklep\/wp-json\/wp\/v2\/media\/1747"}],"wp:attachment":[{"href":"https:\/\/www.fotezja.pl\/sklep\/wp-json\/wp\/v2\/media?parent=1740"}],"wp:term":[{"taxonomy":"product_brand","embeddable":true,"href":"https:\/\/www.fotezja.pl\/sklep\/wp-json\/wp\/v2\/product_brand?post=1740"},{"taxonomy":"product_cat","embeddable":true,"href":"https:\/\/www.fotezja.pl\/sklep\/wp-json\/wp\/v2\/product_cat?post=1740"},{"taxonomy":"product_tag","embeddable":true,"href":"https:\/\/www.fotezja.pl\/sklep\/wp-json\/wp\/v2\/product_tag?post=1740"}],"curies":[{"name":"wp","href":"https:\/\/api.w.org\/{rel}","templated":true}]}}