{"id":1716,"date":"2022-07-15T22:13:21","date_gmt":"2022-07-15T20:13:21","guid":{"rendered":"https:\/\/www.fotezja.pl\/sklep\/?post_type=product&#038;p=1716"},"modified":"2022-09-18T00:13:56","modified_gmt":"2022-09-17T22:13:56","slug":"fotobook-islandia-monografia","status":"publish","type":"product","link":"https:\/\/www.fotezja.pl\/sklep\/produkt\/fotobook-islandia-monografia\/","title":{"rendered":"Fotobook: Islandia Monografia"},"content":{"rendered":"<h1><strong><span style=\"color: #0000ff;\">Islandia Monografia<br \/>\n<\/span><\/strong><\/h1>\n<p><em><strong>Ewa Prus, Piotr D\u0119bek<br \/>\n<\/strong><\/em><\/p>\n<p><em>W trakcie naszych islandzkich podr\u00f3\u017cy powsta\u0142o mn\u00f3stwo fotografii &#8211; od dokumentacyjnych po abstrakcyjne, ale najwi\u0119cej chyba jest tych, kt\u00f3re pokazuj\u0105 wra\u017cenia i odczucia na temat ogl\u0105danych &#8211; i prze\u017cywanych &#8211; krajobraz\u00f3w. A \u017ce zdj\u0119cia chc\u0105 do ludzi, stworzyli\u015bmy album fotograficzny o Islandii, kt\u00f3ry tutaj w\u0142a\u015bnie prezentujemy. Przed Wami album <\/em><strong>Islandia Monografia<\/strong><em>.<br \/>\n<\/em><\/p>\n<h3>Przedstawiamy album fotograficzny o Islandii<\/h3>\n<p>Album zawiera starannie wybrane fotografie, kt\u00f3re powsta\u0142y w trakcie naszych islandzkich fotowypraw. Islandi\u0119 zje\u017adzili\u015bmy nie tylko dooko\u0142a, jak wi\u0119kszo\u015b\u0107 os\u00f3b odwiedzaj\u0105cych t\u0119 oryginaln\u0105 wysp\u0119, ale r\u00f3wnie\u017c wzd\u0142u\u017c i wszerz &#8211; dos\u0142ownie. Bywali\u015bmy w Interiorze, na Fiordach Zachodnich, nad wodospadem Dettifoss od jego jedynie s\u0142usznej strony (kt\u00f3ra nie jest t\u0105 stron\u0105, gdzie doje\u017cd\u017caj\u0105 normalnie wycieczki), na czarnych i bia\u0142ych pla\u017cach, w lodowcowych jaskiniach, w\u015br\u00f3d zielonych wzg\u00f3rz i wulkanicznych pustkowi. W s\u0142o\u0144cu, deszczu, wietrze i we mgle. Mo\u017cemy z czystym sumieniem powiedzie\u0107, \u017ce widzieli\u015bmy Islandi\u0119 &#8211; i j\u0105 odczuli\u015bmy. Te odczucia postarali\u015bmy si\u0119 zawrze\u0107 na 69 fotografiach, wybranych spo\u015br\u00f3d tysi\u0119cy kadr\u00f3w wykonanych na Islandii.<\/p>\n<h3>Islandzka r\u00f3\u017cnorodno\u015b\u0107 w pe\u0142nej krasie<\/h3>\n<p>Islandia to \u015bredniej wielko\u015bci wyspa, kt\u00f3rej bogactwo krajobraz\u00f3w wystarczy\u0142oby dla ca\u0142ego kontynentu. Mi\u0119kkie, zielone wzg\u00f3rza poprzecinane strumieniami, ostre rumowiska lawy, dymi\u0105ce pola geotermalne, no i wodospady &#8211; mn\u00f3stwo wodospad\u00f3w. R\u00f3wnie\u017c w mniejszej skali jest tu interesuj\u0105co: kamienie pokryte porostami czy mchem zyskuj\u0105 wi\u0119cej barw ni\u017c mo\u017cna by przypuszcza\u0107, a pseudokrystaliczne formy skalne s\u0105 tu na porz\u0105dku dziennym. Architektura Islandii nawi\u0105zuje do tych naturalnych zjawisk &#8211; i to te\u017c postarali\u015bmy si\u0119 pokaza\u0107 w naszej islandzkiej monografii.<\/p>\n<h3>Islandia Monografia &#8211; co jest w tej ksi\u0105\u017cce?<\/h3>\n<p>Niniejszy e-book zosta\u0142 pomy\u015blany jako album, wi\u0119c zawiera przede wszystkim fotografie &#8211; starannie dobrane i u\u0142o\u017cone tak, by dostarczy\u0107 ogl\u0105daj\u0105cemu wielu pozytywnych wra\u017ce\u0144 na temat Islandii. Opr\u00f3cz tego, s\u0105 w nim r\u00f3wnie\u017c kr\u00f3tkie, inspiruj\u0105ce teksty, kt\u00f3re pomagaj\u0105 ukierunkowa\u0107 wra\u017cenia. Dla dociekliwych zamie\u015bcili\u015bmy r\u00f3wnie\u017c podstawowe dane EXIF do wszystkich zamieszczonych zdj\u0119\u0107 &#8211; ka\u017cdy kto jest ciekaw, jak\u0105 ogniskow\u0105 czy przy jakim czasie zosta\u0142a wykonana dana fotografia, b\u0119dzie m\u00f3g\u0142 swoj\u0105 ciekawo\u015b\u0107 zaspokoi\u0107.<\/p>\n<h3>Co jeszcze mamy na temat Islandii?<\/h3>\n<p>Dla jeszcze bardziej dociekliwych mamy e-booka, przedstawiaj\u0105cego tylko siedem islandzkich fotografii, ale za to dog\u0142\u0119bnie om\u00f3wionych. Jest to ksi\u0105\u017cka <a href=\"https:\/\/www.fotezja.pl\/sklep\/produkt\/fotobook-siedem-fotografii-ii-islandia\/\"><strong>Siedem Fotografii II: Islandia<\/strong><\/a>.<\/p>\n<p>A dla os\u00f3b, kt\u00f3re chcia\u0142yby osobi\u015bcie pojecha\u0107 na Islandi\u0119 i stworzy\u0107 tam w\u0142asne autorskie fotografie, mamy islandzkie fotowyprawy, kt\u00f3re odbywaj\u0105 si\u0119 co najmniej raz w roku. Aktualne zaproszenie mo\u017cna znale\u017a\u0107 pod tym linkiem:<\/p>\n<h2 style=\"text-align: center;\"><a href=\"https:\/\/www.fotezja.pl\/fotowyprawy\/tag\/islandia\/\"><strong><span style=\"color: #5e7a0c;\">Fotowyprawa na Islandi\u0119<\/span><\/strong><\/a><\/h2>\n<p><strong>98 stron (49 rozk\u0142ad\u00f3wek), obj\u0119to\u015b\u0107 pliku 19 MB, ebook dostarczany w formie elektronicznej<\/strong><strong><br \/>\n<\/strong><\/p>\n<p>&nbsp;<\/p>\n<h3>Zobacz wybrane strony tego e-booka:<\/h3>\n<div id=\"jig1\" class=\"justified-image-grid jig-c0c32c89d69917847525e081b56c71c0 jig-preset-global jig-source-wp-gallery\"><div class=\"jig-clearfix\"><\/div><noscript id=\"jig1-html\" class=\"justified-image-grid-html\" data-lazy-src=\"skiplazyload\" data-src=\"skipunveillazyload\"><ul><li><a href=\"https:\/\/www.fotezja.pl\/sklep\/wp-content\/uploads\/sites\/5\/2022\/07\/Islandia_mono_okladka_a.jpg\" title=\"Islandia_mono_okladka_a\"><img fetchpriority=\"high\" decoding=\"async\" src=\"https:\/\/www.fotezja.pl\/sklep\/wp-content\/plugins\/justified-image-grid\/timthumb.php?src=https%3A%2F%2Fwww.fotezja.pl%2Fsklep%2Fwp-content%2Fuploads%2Fsites%2F5%2F2022%2F07%2FIslandia_mono_okladka_a.jpg&amp;h=310&amp;q=90&amp;f=.jpg\" alt=\"Islandia_mono_okladka_a\" width=\"276\" height=\"310\" \/><\/a><p class=\"jig-HTMLdescription\">Islandia_mono_okladka_a<\/p><\/li><li><a href=\"https:\/\/www.fotezja.pl\/sklep\/wp-content\/uploads\/sites\/5\/2022\/07\/Islandia_mono_1a.jpg\" title=\"Islandia_mono_1a\"><img decoding=\"async\" src=\"https:\/\/www.fotezja.pl\/sklep\/wp-content\/plugins\/justified-image-grid\/timthumb.php?src=https%3A%2F%2Fwww.fotezja.pl%2Fsklep%2Fwp-content%2Fuploads%2Fsites%2F5%2F2022%2F07%2FIslandia_mono_1a.jpg&amp;h=310&amp;q=90&amp;f=.jpg\" alt=\"Islandia_mono_1a\" width=\"551\" height=\"310\" \/><\/a><p class=\"jig-HTMLdescription\">Islandia_mono_1a<\/p><\/li><li><a href=\"https:\/\/www.fotezja.pl\/sklep\/wp-content\/uploads\/sites\/5\/2022\/07\/Islandia_mono_2a.jpg\" title=\"Islandia_mono_2a\"><img decoding=\"async\" src=\"https:\/\/www.fotezja.pl\/sklep\/wp-content\/plugins\/justified-image-grid\/timthumb.php?src=https%3A%2F%2Fwww.fotezja.pl%2Fsklep%2Fwp-content%2Fuploads%2Fsites%2F5%2F2022%2F07%2FIslandia_mono_2a.jpg&amp;h=310&amp;q=90&amp;f=.jpg\" alt=\"Islandia_mono_2a\" width=\"551\" height=\"310\" \/><\/a><p class=\"jig-HTMLdescription\">Islandia_mono_2a<\/p><\/li><li><a href=\"https:\/\/www.fotezja.pl\/sklep\/wp-content\/uploads\/sites\/5\/2022\/07\/Islandia_mono_3a.jpg\" title=\"Islandia_mono_3a\"><img loading=\"lazy\" decoding=\"async\" src=\"https:\/\/www.fotezja.pl\/sklep\/wp-content\/plugins\/justified-image-grid\/timthumb.php?src=https%3A%2F%2Fwww.fotezja.pl%2Fsklep%2Fwp-content%2Fuploads%2Fsites%2F5%2F2022%2F07%2FIslandia_mono_3a.jpg&amp;h=310&amp;q=90&amp;f=.jpg\" alt=\"Islandia_mono_3a\" width=\"551\" height=\"310\" \/><\/a><p class=\"jig-HTMLdescription\">Islandia_mono_3a<\/p><\/li><li><a href=\"https:\/\/www.fotezja.pl\/sklep\/wp-content\/uploads\/sites\/5\/2022\/07\/Islandia_mono_4a.jpg\" title=\"Islandia_mono_4a\"><img loading=\"lazy\" decoding=\"async\" src=\"https:\/\/www.fotezja.pl\/sklep\/wp-content\/plugins\/justified-image-grid\/timthumb.php?src=https%3A%2F%2Fwww.fotezja.pl%2Fsklep%2Fwp-content%2Fuploads%2Fsites%2F5%2F2022%2F07%2FIslandia_mono_4a.jpg&amp;h=310&amp;q=90&amp;f=.jpg\" alt=\"Islandia_mono_4a\" width=\"551\" height=\"310\" \/><\/a><p class=\"jig-HTMLdescription\">Islandia_mono_4a<\/p><\/li><li><a href=\"https:\/\/www.fotezja.pl\/sklep\/wp-content\/uploads\/sites\/5\/2022\/07\/Islandia_mono_5a.jpg\" title=\"Islandia_mono_5a\"><img loading=\"lazy\" decoding=\"async\" src=\"https:\/\/www.fotezja.pl\/sklep\/wp-content\/plugins\/justified-image-grid\/timthumb.php?src=https%3A%2F%2Fwww.fotezja.pl%2Fsklep%2Fwp-content%2Fuploads%2Fsites%2F5%2F2022%2F07%2FIslandia_mono_5a.jpg&amp;h=310&amp;q=90&amp;f=.jpg\" alt=\"Islandia_mono_5a\" width=\"551\" height=\"310\" \/><\/a><p class=\"jig-HTMLdescription\">Islandia_mono_5a<\/p><\/li><\/ul><\/noscript><\/div>\n","protected":false},"excerpt":{"rendered":"<p>Autor: <strong>Ewa Prus, Piotr D\u0119bek<\/strong><br \/>\n&#8220;Islandia Monografia&#8221; to nasz autorski album fotograficzny na temat tej pi\u0119knej wyspy. 69 fotografii pokazuje niezwyk\u0142o\u015b\u0107 i urok Islandii we wszystkich jej aspektach. Niesamowite pla\u017ce i wybrze\u017ca, lodowce, wodospady, urozmaicona ziele\u0144 ro\u015blinno\u015bci oraz odcienie wulkanicznej czerni &#8211; wszystko to zobaczycie w naszym albumie fotograficznym o Islandii &#8211; tak bliskiej, a jednak dalekiej.<\/p>\n<p>Nasz islandzki album zawiera r\u00f3wnie\u017c dane EXIF wszystkich zamieszczonych fotografii.<\/p>\n<p>Ksi\u0105\u017cka ma posta\u0107 pliku w formacie PDF, do pobrania od razu po op\u0142aceniu. <strong>Nie wysy\u0142amy papierowej wersji<\/strong>, ale jak kto\u015b chce, to mo\u017ce sobie j\u0105 wydrukowa\u0107.<\/p>\n","protected":false},"featured_media":1789,"comment_status":"open","ping_status":"closed","template":"","meta":[],"product_brand":[],"product_cat":[29],"product_tag":[],"class_list":{"0":"post-1716","1":"product","2":"type-product","3":"status-publish","4":"has-post-thumbnail","6":"product_cat-fotobooki","8":"first","9":"instock","10":"downloadable","11":"virtual","12":"sold-individually","13":"taxable","14":"purchasable","15":"product-type-simple"},"_links":{"self":[{"href":"https:\/\/www.fotezja.pl\/sklep\/wp-json\/wp\/v2\/product\/1716","targetHints":{"allow":["GET"]}}],"collection":[{"href":"https:\/\/www.fotezja.pl\/sklep\/wp-json\/wp\/v2\/product"}],"about":[{"href":"https:\/\/www.fotezja.pl\/sklep\/wp-json\/wp\/v2\/types\/product"}],"replies":[{"embeddable":true,"href":"https:\/\/www.fotezja.pl\/sklep\/wp-json\/wp\/v2\/comments?post=1716"}],"wp:featuredmedia":[{"embeddable":true,"href":"https:\/\/www.fotezja.pl\/sklep\/wp-json\/wp\/v2\/media\/1789"}],"wp:attachment":[{"href":"https:\/\/www.fotezja.pl\/sklep\/wp-json\/wp\/v2\/media?parent=1716"}],"wp:term":[{"taxonomy":"product_brand","embeddable":true,"href":"https:\/\/www.fotezja.pl\/sklep\/wp-json\/wp\/v2\/product_brand?post=1716"},{"taxonomy":"product_cat","embeddable":true,"href":"https:\/\/www.fotezja.pl\/sklep\/wp-json\/wp\/v2\/product_cat?post=1716"},{"taxonomy":"product_tag","embeddable":true,"href":"https:\/\/www.fotezja.pl\/sklep\/wp-json\/wp\/v2\/product_tag?post=1716"}],"curies":[{"name":"wp","href":"https:\/\/api.w.org\/{rel}","templated":true}]}}