{"id":1436,"date":"2020-12-18T22:09:14","date_gmt":"2020-12-18T21:09:14","guid":{"rendered":"https:\/\/www.fotezja.pl\/sklep\/?post_type=product&#038;p=1436"},"modified":"2025-12-12T21:03:47","modified_gmt":"2025-12-12T20:03:47","slug":"koszulka-dla-fotografa-meska","status":"publish","type":"product","link":"https:\/\/www.fotezja.pl\/sklep\/produkt\/koszulka-dla-fotografa-meska\/","title":{"rendered":"Koszulka dla fotografa &#8211; m\u0119ska"},"content":{"rendered":"<p><strong>Poka\u017c, \u017ce znasz si\u0119 na rzeczy! Nasza koszulka dla fotografa to \u015bci\u0105gawka z symbolami fotograficznymi. Tylko si\u0119 jej przyjrzyj, a wszystko b\u0119dzie jasne!<\/strong><\/p>\n<p>Cechy koszulki:<\/p>\n<ul>\n<li>Utrzymana w jedynym s\u0142usznym kolorze: fotograficznej szaro\u015bci<\/li>\n<li>Swobodny kr\u00f3j, w kt\u00f3rym mo\u017cna przybra\u0107 dowoln\u0105 fotograficzn\u0105 pozycj\u0119 (regular fit)<\/li>\n<li>Dekolt wyko\u0144czony dzianin\u0105 pr\u0105\u017ckowan\u0105, elegancko<\/li>\n<li>Ta\u015bma wzmacniaj\u0105ca na karku i ramionach, bo si\u0142a musi by\u0107<\/li>\n<li>Przyjemny w dotyku, a przy tym porz\u0105dny materia\u0142: 90% wysokiej jako\u015bci bawe\u0142ny ring-spun i 10% poliestru dla wi\u0119kszej wygody i wytrzyma\u0142o\u015bci materia\u0142u<\/li>\n<li>Wst\u0119pnie dekatyzowana &#8211; nie zmieni kszta\u0142tu po praniu<\/li>\n<li>Gramatura 180 g\/m2<\/li>\n<li>Nadruk wykonany nowoczesn\u0105, trwa\u0142\u0105 technik\u0105 druku cyfrowego<\/li>\n<li>Koszulka mi\u0119kko uk\u0142ada si\u0119 na ciele &#8211; wz\u00f3r nie usztywnia materia\u0142u ani nie obni\u017ca jego elastyczno\u015bci<\/li>\n<\/ul>\n<p>Tutaj prezentujemy wersj\u0119 m\u0119sk\u0105 koszulki fotograficznej; w poszukiwaniu damskiej, z bardzo kobiecym dekoltem w szpic, prosimy si\u0119 uda\u0107 <a href=\"https:\/\/www.fotezja.pl\/sklep\/produkt\/koszulka-fotograficzna-damska\/\"><strong>na s\u0105siedni\u0105 stron\u0119<\/strong><\/a>.<\/p>\n<p>&nbsp;<\/p>\n","protected":false},"excerpt":{"rendered":"<p><strong>Poka\u017c, \u017ce znasz si\u0119 na rzeczy! Nasza koszulka dla fotografa to \u015bci\u0105gawka z symbolami fotograficznymi. Tylko si\u0119 jej przyjrzyj, a wszystko b\u0119dzie jasne!<br \/>\n<\/strong><\/p>\n<p>TO JEST WERSJA M\u0118SKA. <a href=\"https:\/\/www.fotezja.pl\/sklep\/produkt\/koszulka-fotograficzna-damska\/\"><strong>WERSJA DAMSKA TUTAJ<\/strong><\/a><\/p>\n<p>UWAGA! Rozmiary koszulek s\u0105 do\u015b\u0107 du\u017ce. Radzimy nie dobiera\u0107 rozmiaru &#8220;na pami\u0119\u0107&#8221;, tylko naprawd\u0119 zmierzy\u0107 swoj\u0105 ulubion\u0105 koszulk\u0119, w stanie le\u017c\u0105cym nienaci\u0105gni\u0119tym, i por\u00f3wna\u0107 jej wymiar z podanym poni\u017cej.<\/p>\n","protected":false},"featured_media":1441,"comment_status":"open","ping_status":"closed","template":"","meta":[],"product_brand":[],"product_cat":[34],"product_tag":[],"class_list":{"0":"post-1436","1":"product","2":"type-product","3":"status-publish","4":"has-post-thumbnail","6":"product_cat-gadzety-fotograficzne","7":"product_shipping_class-https-www-fotezja-pl-sklep-kategoria-produktu-koszulki","9":"first","10":"instock","11":"taxable","12":"shipping-taxable","13":"purchasable","14":"product-type-variable"},"_links":{"self":[{"href":"https:\/\/www.fotezja.pl\/sklep\/wp-json\/wp\/v2\/product\/1436","targetHints":{"allow":["GET"]}}],"collection":[{"href":"https:\/\/www.fotezja.pl\/sklep\/wp-json\/wp\/v2\/product"}],"about":[{"href":"https:\/\/www.fotezja.pl\/sklep\/wp-json\/wp\/v2\/types\/product"}],"replies":[{"embeddable":true,"href":"https:\/\/www.fotezja.pl\/sklep\/wp-json\/wp\/v2\/comments?post=1436"}],"wp:featuredmedia":[{"embeddable":true,"href":"https:\/\/www.fotezja.pl\/sklep\/wp-json\/wp\/v2\/media\/1441"}],"wp:attachment":[{"href":"https:\/\/www.fotezja.pl\/sklep\/wp-json\/wp\/v2\/media?parent=1436"}],"wp:term":[{"taxonomy":"product_brand","embeddable":true,"href":"https:\/\/www.fotezja.pl\/sklep\/wp-json\/wp\/v2\/product_brand?post=1436"},{"taxonomy":"product_cat","embeddable":true,"href":"https:\/\/www.fotezja.pl\/sklep\/wp-json\/wp\/v2\/product_cat?post=1436"},{"taxonomy":"product_tag","embeddable":true,"href":"https:\/\/www.fotezja.pl\/sklep\/wp-json\/wp\/v2\/product_tag?post=1436"}],"curies":[{"name":"wp","href":"https:\/\/api.w.org\/{rel}","templated":true}]}}