{"id":1432,"date":"2020-12-18T18:37:19","date_gmt":"2020-12-18T17:37:19","guid":{"rendered":"https:\/\/www.fotezja.pl\/sklep\/?post_type=product&#038;p=1432"},"modified":"2023-09-12T14:59:13","modified_gmt":"2023-09-12T12:59:13","slug":"kieliszek-podrozny-dla-fotografa","status":"publish","type":"product","link":"https:\/\/www.fotezja.pl\/sklep\/produkt\/kieliszek-podrozny-dla-fotografa\/","title":{"rendered":"Kieliszek podr\u00f3\u017cny dla fotografa"},"content":{"rendered":"<p><strong>Idealny sk\u0142adany kieliszek podr\u00f3\u017cny dla fotografa<\/strong>, nie tylko plenerowego: por\u0119czny, elegancki, sk\u0142adany teleskopowo, zaopatrzony w grawerowane etui i kr\u00f3tki \u0142a\u0144cuszek z karabi\u0144czykiem. Na etui jest wygrawerowany napis FOTEZJA.<\/p>\n<h3>Sk\u0142adany kieliszek podr\u00f3\u017cny Fotezji ma same zalety i wiele zastosowa\u0144<\/h3>\n<p>Mie\u015bci si\u0119 w kieszeni spodni lub w kieszonkach bocznych wszelkich toreb\/plecak\u00f3w\/sakw fotograficznych, nawet tych niewielkich. Ma doczepiony \u0142a\u0144cuszek z karabi\u0144czykiem, wi\u0119c mo\u017cna go przypi\u0105\u0107 do czego\u015b, \u017ceby na pewno nie zgubi\u0107. Jest stalowy, a wi\u0119c odporny na warunki zewn\u0119trzne i z pewno\u015bci\u0105 si\u0119 nie pot\u0142ucze, wi\u0119c przy dalszych podr\u00f3\u017cach mo\u017cna go przewozi\u0107 r\u00f3wnie\u017c w baga\u017cu g\u0142\u00f3wnym, nie zajmuj\u0105c sobie miejsca w podr\u0119cznym.<\/p>\n<p>Nadaje si\u0119 do napoj\u00f3w gor\u0105cych, zimnych i tych sch\u0142adzanych r\u00f3wnie\u017c. Dzi\u0119ki temu pomaga zar\u00f3wno w rozgrzewaniu si\u0119 na plenerach zimowych, jak i orze\u017awianiu w pozosta\u0142ych porach roku. Poza tym u\u0142atwia integracj\u0119 spo\u0142eczn\u0105 z kolegami i kole\u017cankami fotografami oraz wspomaga wydatnie dyskusje fotograficzne, szczeg\u00f3lnie te wieczorne.<\/p>\n<h3>Wymiary kieliszka:<\/h3>\n<p>z\u0142o\u017cony: 5 cm \u015brednicy, 2 cm wysoko\u015bci<br \/>\nroz\u0142o\u017cony: 4,8 cm \u015brednicy na g\u00f3rze, 6,3 cm wysoko\u015bci<br \/>\nsam kieliszek wa\u017cy oko\u0142o 60g<\/p>\n<p>Z\u0142o\u017cony mie\u015bci si\u0119 w kieszeni, roz\u0142o\u017cony mie\u015bci do 65 ml napoju.<\/p>\n<h3>Wykonanie:<\/h3>\n<p>Starannie wykonany ze stali nierdzewnej, nasz sk\u0142adany kieliszek podr\u00f3\u017cny nadaje si\u0119 do wszelkiego rodzaju napoj\u00f3w, tak zimnych jak i gor\u0105cych. Po otwarciu etui, kieliszek nale\u017cy &#8220;wysypa\u0107&#8221; z podstawki i rozci\u0105gn\u0105\u0107, u\u017cywaj\u0105c niewielkiej si\u0142y, z wyczuciem, a\u017c do napotkania oporu. Podstawka o pi\u0119ciocentymetrowej \u015brednicy jest przymocowana na sta\u0142e, dzi\u0119ki czemu kieliszek jest bardzo stabilny.<\/p>\n<p>I jeszcze uprzedzaj\u0105c pytania: nie zawiera zadzior\u00f3w ani ostrych kraw\u0119dzi, nie otwiera si\u0119 sam w kieszeni. I nie, z pewno\u015bci\u0105 nie cieknie. Sprawdzali\u015bmy. Wielokrotnie \ud83d\ude00 Je\u015bli Tw\u00f3j kieliszek cieknie, to znaczy, \u017ce musisz go troch\u0119 mocniej rozci\u0105gn\u0105\u0107.<\/p>\n<h3 style=\"text-align: center;\">Maj\u0105c nasz sk\u0142adany kieliszek podr\u00f3\u017cny, ju\u017c nigdy nie b\u0119dziesz szuka\u0107 szk\u0142a!<\/h3>\n","protected":false},"excerpt":{"rendered":"<p>Idealny sk\u0142adany kieliszek podr\u00f3\u017cny dla fotografa, nie tylko plenerowego: por\u0119czny, elegancki, sk\u0142adany teleskopowo, zaopatrzony w grawerowane etui.<\/p>\n<p><strong>Z\u0142o\u017cony mie\u015bci si\u0119 w kieszeni, roz\u0142o\u017cony mie\u015bci do 65 ml napoju.<\/strong> Wykonany ze stali nierdzewnej, nadaje si\u0119 do wszelkiego rodzaju napoj\u00f3w, tak zimnych jak i gor\u0105cych.<\/p>\n<p>I uprzedzaj\u0105c pytania: nie, z pewno\u015bci\u0105 nie cieknie. Sprawdzali\u015bmy.<\/p>\n","protected":false},"featured_media":1429,"comment_status":"open","ping_status":"closed","template":"","meta":[],"product_brand":[],"product_cat":[34],"product_tag":[44,45],"class_list":{"0":"post-1432","1":"product","2":"type-product","3":"status-publish","4":"has-post-thumbnail","6":"product_cat-gadzety-fotograficzne","7":"product_tag-kieliszek-podrozny","8":"product_tag-kieliszek-skladany","9":"product_shipping_class-bransoletki","11":"first","12":"instock","13":"taxable","14":"shipping-taxable","15":"purchasable","16":"product-type-simple"},"_links":{"self":[{"href":"https:\/\/www.fotezja.pl\/sklep\/wp-json\/wp\/v2\/product\/1432","targetHints":{"allow":["GET"]}}],"collection":[{"href":"https:\/\/www.fotezja.pl\/sklep\/wp-json\/wp\/v2\/product"}],"about":[{"href":"https:\/\/www.fotezja.pl\/sklep\/wp-json\/wp\/v2\/types\/product"}],"replies":[{"embeddable":true,"href":"https:\/\/www.fotezja.pl\/sklep\/wp-json\/wp\/v2\/comments?post=1432"}],"wp:featuredmedia":[{"embeddable":true,"href":"https:\/\/www.fotezja.pl\/sklep\/wp-json\/wp\/v2\/media\/1429"}],"wp:attachment":[{"href":"https:\/\/www.fotezja.pl\/sklep\/wp-json\/wp\/v2\/media?parent=1432"}],"wp:term":[{"taxonomy":"product_brand","embeddable":true,"href":"https:\/\/www.fotezja.pl\/sklep\/wp-json\/wp\/v2\/product_brand?post=1432"},{"taxonomy":"product_cat","embeddable":true,"href":"https:\/\/www.fotezja.pl\/sklep\/wp-json\/wp\/v2\/product_cat?post=1432"},{"taxonomy":"product_tag","embeddable":true,"href":"https:\/\/www.fotezja.pl\/sklep\/wp-json\/wp\/v2\/product_tag?post=1432"}],"curies":[{"name":"wp","href":"https:\/\/api.w.org\/{rel}","templated":true}]}}