{"id":1029,"date":"2015-01-01T01:05:39","date_gmt":"2015-01-01T00:05:39","guid":{"rendered":"https:\/\/www.fotezja.pl\/sklep\/?post_type=product&#038;p=1029"},"modified":"2025-12-13T23:44:42","modified_gmt":"2025-12-13T22:44:42","slug":"fotobook-abc-fotografii","status":"publish","type":"product","link":"https:\/\/www.fotezja.pl\/sklep\/produkt\/fotobook-abc-fotografii\/","title":{"rendered":"Fotobook: ABC fotografii"},"content":{"rendered":"<p>ABC fotografii to zbi\u00f3r artyku\u0142\u00f3w, zawieraj\u0105cych wszystko, co trzeba wiedzie\u0107, aby w spos\u00f3b \u015bwiadomy robi\u0107 zdj\u0119cia, kontroluj\u0105c to, co robi aparat. Tematyka ksi\u0105\u017cki obejmuje zale\u017cno\u015bci mi\u0119dzy przys\u0142on\u0105 a g\u0142\u0119bi\u0105 ostro\u015bci, omawia czynniki decyduj\u0105cymi o jasno\u015bci zdj\u0119cia, zagadnienia zwi\u0105zane z pomiarem ostro\u015bci i doborem przys\u0142ony, a tak\u017ce wyborem ogniskowej, balansu bieli, a\u017c po podstawy komputerowej edycji, drukowania oraz odbiorem fotografii. Om\u00f3wione s\u0105 zagadnienia zwi\u0105zane z wyborem aparatu, korzystaniem z obiektyw\u00f3w manualnych, lampy b\u0142yskowej oraz doborem filtr\u00f3w. Opublikowane w ksi\u0105\u017cce materia\u0142y ukaza\u0142y si\u0119 na \u0142amach miesi\u0119cznika Digital Foto Video w latach 2007-2009.<\/p>\n<h4>Spis tre\u015bci ebooka:<\/h4>\n<p>Wst\u0119p<\/p>\n<p>CZ\u0118\u015a\u0106 I \u2013 podstawy<br \/>\n\u015awiat\u0142o<br \/>\nCzas na\u015bwietlania<br \/>\nPrzys\u0142ona i g\u0142\u0119bia ostro\u015bci<br \/>\nCzu\u0142o\u015b\u0107 matrycy<br \/>\nOgniskowa<br \/>\nBalans bieli<\/p>\n<p>CZ\u0118\u015a\u0106 II \u2013 Sprz\u0119t<br \/>\nInstrukcja obs\u0142ugi lustrzanki bez d\u0142u\u017cyzn<br \/>\nPomiar ostro\u015bci<br \/>\nLampa b\u0142yskowa<br \/>\nObiektywy manualne<br \/>\nFiltry<\/p>\n<p>CZ\u0118\u015a\u0106 III \u2013 techniki fotografowania<br \/>\nTryb manualny<br \/>\nTryb seryjny<br \/>\nMakrofotografia<br \/>\nOdleg\u0142o\u015b\u0107 hiperfokalna<br \/>\nOd pliku do fotografii<br \/>\nOdbiorca<br \/>\nIndeks<\/p>\n<h4>ABC fotografii &#8211; wszystko, czego potrzebuje pocz\u0105tkuj\u0105cy fotograf!<\/h4>\n<p><strong>200 stron, obj\u0119to\u015b\u0107 pliku 11 MB, ebook dostarczany w formie elektronicznej<br \/>\n<\/strong><\/p>\n<h3>Zobacz wybrane strony tego e-booka:<\/h3>\n<div id=\"jig1\" class=\"justified-image-grid jig-e96efbf3d5df3fac939e940357b4162f jig-preset-global jig-source-wp-gallery\"><div class=\"jig-clearfix\"><\/div><noscript id=\"jig1-html\" class=\"justified-image-grid-html\" data-lazy-src=\"skiplazyload\" data-src=\"skipunveillazyload\"><ul><li><a href=\"https:\/\/www.fotezja.pl\/sklep\/wp-content\/uploads\/sites\/5\/2020\/01\/ABC_Fotografii_okladka.jpg\" title=\"ABC_Fotografii_okladka\"><img fetchpriority=\"high\" decoding=\"async\" src=\"https:\/\/www.fotezja.pl\/sklep\/wp-content\/plugins\/justified-image-grid\/timthumb.php?src=https%3A%2F%2Fwww.fotezja.pl%2Fsklep%2Fwp-content%2Fuploads%2Fsites%2F5%2F2020%2F01%2FABC_Fotografii_okladka.jpg&amp;h=310&amp;q=90&amp;f=.jpg\" alt=\"ABC_Fotografii_okladka\" width=\"220\" height=\"310\" \/><\/a><p class=\"jig-HTMLdescription\">ABC_Fotografii_okladka<\/p><\/li><li><a href=\"https:\/\/www.fotezja.pl\/sklep\/wp-content\/uploads\/sites\/5\/2020\/01\/ABC_Fotografii_demo_0009_Layer-1.jpg\"><img decoding=\"async\" src=\"https:\/\/www.fotezja.pl\/sklep\/wp-content\/plugins\/justified-image-grid\/timthumb.php?src=https%3A%2F%2Fwww.fotezja.pl%2Fsklep%2Fwp-content%2Fuploads%2Fsites%2F5%2F2020%2F01%2FABC_Fotografii_demo_0009_Layer-1.jpg&amp;h=310&amp;q=90&amp;f=.jpg\" alt=\"\" width=\"440\" height=\"310\" \/><\/a><\/li><li><a href=\"https:\/\/www.fotezja.pl\/sklep\/wp-content\/uploads\/sites\/5\/2020\/01\/ABC_Fotografii_demo_0008_Layer-2.jpg\"><img decoding=\"async\" src=\"https:\/\/www.fotezja.pl\/sklep\/wp-content\/plugins\/justified-image-grid\/timthumb.php?src=https%3A%2F%2Fwww.fotezja.pl%2Fsklep%2Fwp-content%2Fuploads%2Fsites%2F5%2F2020%2F01%2FABC_Fotografii_demo_0008_Layer-2.jpg&amp;h=310&amp;q=90&amp;f=.jpg\" alt=\"\" width=\"440\" height=\"310\" \/><\/a><\/li><li><a href=\"https:\/\/www.fotezja.pl\/sklep\/wp-content\/uploads\/sites\/5\/2020\/01\/ABC_Fotografii_demo_0007_Layer-3.jpg\"><img loading=\"lazy\" decoding=\"async\" src=\"https:\/\/www.fotezja.pl\/sklep\/wp-content\/plugins\/justified-image-grid\/timthumb.php?src=https%3A%2F%2Fwww.fotezja.pl%2Fsklep%2Fwp-content%2Fuploads%2Fsites%2F5%2F2020%2F01%2FABC_Fotografii_demo_0007_Layer-3.jpg&amp;h=310&amp;q=90&amp;f=.jpg\" alt=\"\" width=\"440\" height=\"310\" \/><\/a><\/li><li><a href=\"https:\/\/www.fotezja.pl\/sklep\/wp-content\/uploads\/sites\/5\/2020\/01\/ABC_Fotografii_demo_0006_Layer-4.jpg\"><img loading=\"lazy\" decoding=\"async\" src=\"https:\/\/www.fotezja.pl\/sklep\/wp-content\/plugins\/justified-image-grid\/timthumb.php?src=https%3A%2F%2Fwww.fotezja.pl%2Fsklep%2Fwp-content%2Fuploads%2Fsites%2F5%2F2020%2F01%2FABC_Fotografii_demo_0006_Layer-4.jpg&amp;h=310&amp;q=90&amp;f=.jpg\" alt=\"\" width=\"440\" height=\"310\" \/><\/a><\/li><li><a href=\"https:\/\/www.fotezja.pl\/sklep\/wp-content\/uploads\/sites\/5\/2020\/01\/ABC_Fotografii_demo_0005_Layer-5.jpg\"><img loading=\"lazy\" decoding=\"async\" src=\"https:\/\/www.fotezja.pl\/sklep\/wp-content\/plugins\/justified-image-grid\/timthumb.php?src=https%3A%2F%2Fwww.fotezja.pl%2Fsklep%2Fwp-content%2Fuploads%2Fsites%2F5%2F2020%2F01%2FABC_Fotografii_demo_0005_Layer-5.jpg&amp;h=310&amp;q=90&amp;f=.jpg\" alt=\"\" width=\"440\" height=\"310\" \/><\/a><\/li><li><a href=\"https:\/\/www.fotezja.pl\/sklep\/wp-content\/uploads\/sites\/5\/2020\/01\/ABC_Fotografii_demo_0004_Layer-6.jpg\"><img loading=\"lazy\" decoding=\"async\" src=\"https:\/\/www.fotezja.pl\/sklep\/wp-content\/plugins\/justified-image-grid\/timthumb.php?src=https%3A%2F%2Fwww.fotezja.pl%2Fsklep%2Fwp-content%2Fuploads%2Fsites%2F5%2F2020%2F01%2FABC_Fotografii_demo_0004_Layer-6.jpg&amp;h=310&amp;q=90&amp;f=.jpg\" alt=\"\" width=\"440\" height=\"310\" \/><\/a><\/li><li><a href=\"https:\/\/www.fotezja.pl\/sklep\/wp-content\/uploads\/sites\/5\/2020\/01\/ABC_Fotografii_demo_0003_Layer-7.jpg\"><img loading=\"lazy\" decoding=\"async\" src=\"https:\/\/www.fotezja.pl\/sklep\/wp-content\/plugins\/justified-image-grid\/timthumb.php?src=https%3A%2F%2Fwww.fotezja.pl%2Fsklep%2Fwp-content%2Fuploads%2Fsites%2F5%2F2020%2F01%2FABC_Fotografii_demo_0003_Layer-7.jpg&amp;h=310&amp;q=90&amp;f=.jpg\" alt=\"\" width=\"440\" height=\"310\" \/><\/a><\/li><li><a href=\"https:\/\/www.fotezja.pl\/sklep\/wp-content\/uploads\/sites\/5\/2020\/01\/ABC_Fotografii_demo_0002_Layer-8.jpg\"><img loading=\"lazy\" decoding=\"async\" src=\"https:\/\/www.fotezja.pl\/sklep\/wp-content\/plugins\/justified-image-grid\/timthumb.php?src=https%3A%2F%2Fwww.fotezja.pl%2Fsklep%2Fwp-content%2Fuploads%2Fsites%2F5%2F2020%2F01%2FABC_Fotografii_demo_0002_Layer-8.jpg&amp;h=310&amp;q=90&amp;f=.jpg\" alt=\"\" width=\"440\" height=\"310\" \/><\/a><\/li><li><a href=\"https:\/\/www.fotezja.pl\/sklep\/wp-content\/uploads\/sites\/5\/2020\/01\/ABC_Fotografii_demo_0001_Layer-9.jpg\"><img loading=\"lazy\" decoding=\"async\" src=\"https:\/\/www.fotezja.pl\/sklep\/wp-content\/plugins\/justified-image-grid\/timthumb.php?src=https%3A%2F%2Fwww.fotezja.pl%2Fsklep%2Fwp-content%2Fuploads%2Fsites%2F5%2F2020%2F01%2FABC_Fotografii_demo_0001_Layer-9.jpg&amp;h=310&amp;q=90&amp;f=.jpg\" alt=\"\" width=\"440\" height=\"310\" \/><\/a><\/li><\/ul><\/noscript><\/div>\n","protected":false},"excerpt":{"rendered":"<p>Autor: Piotr D\u0119bek<\/p>\n<p>ABC fotografii to licz\u0105cy 200 stron poradnik zawieraj\u0105cy praktyczne informacje na temat podstaw robienia zdj\u0119\u0107 \u2013 bez zb\u0119dnej teorii i historii, bez niepotrzebnych opis\u00f3w technologicznych. Tylko to, co potrzeba do \u015bwiadomego robienia zdj\u0119\u0107 \u2013 i ani troch\u0119 mniej. Od podstaw ekspozycji po kwestie zwi\u0105zane z edycj\u0105 i kszta\u0142towaniem odbiorcy zdj\u0119\u0107. Opublikowane w ksi\u0105\u017cce materia\u0142y ukaza\u0142y si\u0119 na \u0142amach miesi\u0119cznika Digital Foto Video w latach 2007-2009.<\/p>\n<p><strong>200 stron, obj\u0119to\u015b\u0107 pliku 11 MB<\/strong><\/p>\n<p>Ksi\u0105\u017cka ma posta\u0107 pliku w formacie PDF, do pobrania od razu po op\u0142aceniu. <strong>Nie wysy\u0142amy papierowej wersji<\/strong>, ale jak kto\u015b chce, to mo\u017ce sobie j\u0105 wydrukowa\u0107.<\/p>\n","protected":false},"featured_media":3343,"comment_status":"open","ping_status":"closed","template":"","meta":[],"product_brand":[],"product_cat":[29],"product_tag":[],"class_list":{"0":"post-1029","1":"product","2":"type-product","3":"status-publish","4":"has-post-thumbnail","6":"product_cat-fotobooki","8":"first","9":"instock","10":"downloadable","11":"virtual","12":"sold-individually","13":"taxable","14":"purchasable","15":"product-type-simple"},"_links":{"self":[{"href":"https:\/\/www.fotezja.pl\/sklep\/wp-json\/wp\/v2\/product\/1029","targetHints":{"allow":["GET"]}}],"collection":[{"href":"https:\/\/www.fotezja.pl\/sklep\/wp-json\/wp\/v2\/product"}],"about":[{"href":"https:\/\/www.fotezja.pl\/sklep\/wp-json\/wp\/v2\/types\/product"}],"replies":[{"embeddable":true,"href":"https:\/\/www.fotezja.pl\/sklep\/wp-json\/wp\/v2\/comments?post=1029"}],"wp:featuredmedia":[{"embeddable":true,"href":"https:\/\/www.fotezja.pl\/sklep\/wp-json\/wp\/v2\/media\/3343"}],"wp:attachment":[{"href":"https:\/\/www.fotezja.pl\/sklep\/wp-json\/wp\/v2\/media?parent=1029"}],"wp:term":[{"taxonomy":"product_brand","embeddable":true,"href":"https:\/\/www.fotezja.pl\/sklep\/wp-json\/wp\/v2\/product_brand?post=1029"},{"taxonomy":"product_cat","embeddable":true,"href":"https:\/\/www.fotezja.pl\/sklep\/wp-json\/wp\/v2\/product_cat?post=1029"},{"taxonomy":"product_tag","embeddable":true,"href":"https:\/\/www.fotezja.pl\/sklep\/wp-json\/wp\/v2\/product_tag?post=1029"}],"curies":[{"name":"wp","href":"https:\/\/api.w.org\/{rel}","templated":true}]}}