{"id":1017,"date":"2020-01-01T02:56:39","date_gmt":"2020-01-01T01:56:39","guid":{"rendered":"https:\/\/www.fotezja.pl\/sklep\/?post_type=product&#038;p=1017"},"modified":"2024-10-25T06:51:45","modified_gmt":"2024-10-25T04:51:45","slug":"fotobook-jak-kupic-statyw","status":"publish","type":"product","link":"https:\/\/www.fotezja.pl\/sklep\/produkt\/fotobook-jak-kupic-statyw\/","title":{"rendered":"Fotobook: Jak kupi\u0107 statyw"},"content":{"rendered":"<h3><strong><span style=\"color: #0000ff;\">JAK KUPI\u0106 STATYW<\/span><\/strong><\/h3>\n<p><em><strong>Piotr D\u0119bek<\/strong><\/em><\/p>\n<p><em>Poradnik nabywcy statywu: zr\u00f3b to raz, a dobrze. Jak ustrzec si\u0119 bubli, dobra\u0107 tr\u00f3jn\u00f3g i g\u0142owic\u0119 do swoich potrzeb, nauczy\u0107 si\u0119 samemu testowa\u0107 stabilno\u015b\u0107 zestawu. Unikatowy poradnik, kt\u00f3ry pozwoli zaoszcz\u0119dzi\u0107 sporo pieni\u0119dzy, bo nie wydasz ich na kiepskie produkty. <\/em><\/p>\n<p>Je\u015bli masz pytania co do statyw\u00f3w lub g\u0142owic &#8211; tu na pewno znajdziesz odpowied\u017a. W kolejnych rozdzia\u0142ach  fotobooka mo\u017cna przeczyta\u0107:<\/p>\n<p>&#8211; Dlaczego statyw warto kupowa\u0107 tylko raz, a za to starannie;<\/p>\n<p>&#8211; Dlaczego nie ma jednego statywu dobrego dla wszystkich;<\/p>\n<p>&#8211; Jakie s\u0105 kluczowe cechy dobrego statywu&#8230; a jakie od razu go dyskwalifikuj\u0105;<\/p>\n<p>&#8211; Jak si\u0119 zorientowa\u0107 w g\u0105szczu produkt\u00f3w obecnych na rynku;<\/p>\n<p>&#8211; Jakie rodzaje g\u0142owic statywowych mamy do wyboru&#8230; i co z tego wynika;<\/p>\n<p>&#8211; Jak si\u0119 zabra\u0107 za wyb\u00f3r g\u0142owicy odpowiedniej do potrzeb;<\/p>\n<p>&#8211; Jak sobie samemu przetestowa\u0107 i statyw, i g\u0142owic\u0119;<\/p>\n<p>&#8211; Po czym odr\u00f3\u017cni\u0107 solidny produkt od bubla?<\/p>\n<p>Pami\u0119taj: Statyw mo\u017cna opisa\u0107 trzema cechami: tani, lekki, solidny. Mo\u017cesz wybra\u0107 dowolne dwie z tego zestawu &#8211; dowiedz si\u0119, jak wybiera\u0107!<\/p>\n<p>Mo\u017cna kupi\u0107 wiele kiepskich statyw\u00f3w, ale dobry kupuje si\u0119 raz!<\/p>\n<h4>Fragment fotobooka &#8220;Jak kupi\u0107 statyw&#8221;<\/h4>\n<p>Rozdzia\u0142 fotobooka po\u015bwi\u0119cony temu, <span style=\"color: #ff0000;\"><a style=\"color: #ff0000;\" href=\"https:\/\/www.fotezja.pl\/sprzet-fotograficzny\/jak-przetestowac-statyw\/\" target=\"_blank\" rel=\"noopener noreferrer\">jak samodzielnie przetestowa\u0107 solidno\u015b\u0107 i stabilno\u015b\u0107 statywu<\/a><\/span> mo\u017cna przeczyta\u0107 na <a href=\"https:\/\/www.fotezja.pl\/\" target=\"_blank\" rel=\"noopener noreferrer\">portalu fotograficznym Fotezja<\/a>.<\/p>\n<p>&nbsp;<\/p>\n<p><strong>87 stron, 95 ilustracji, obj\u0119to\u015b\u0107 pliku 27 MB, ebook dostarczany w formie elektronicznej<\/strong><strong><br \/>\n<\/strong><\/p>\n<p><span style=\"color: #64a044;\"><br \/>\n<em><strong>Recenzja fotobooka autorstwa Konrada Le\u015bniaka: <\/strong><\/em><\/span><br \/>\n<a title=\"Konrad Le\u015bniak o fotobooku &quot;Jak kupi\u0107 statyw&quot;\" href=\"http:\/\/ladaco.blogspot.com\/2014\/05\/fotobook.html\" target=\"_blank\" rel=\"nofollow noopener noreferrer\">http:\/\/ladaco.blogspot.com\/2014\/05\/fotobook.html<\/a><\/p>\n<h3>Zobacz wybrane strony tego e-booka:<\/h3>\n<div id=\"jig1\" class=\"justified-image-grid jig-7d8d8917d53ebb8bba477900cfe28bb5 jig-preset-global jig-source-wp-gallery\"><div class=\"jig-clearfix\"><\/div><noscript id=\"jig1-html\" class=\"justified-image-grid-html\" data-lazy-src=\"skiplazyload\" data-src=\"skipunveillazyload\"><ul><li><a href=\"https:\/\/www.fotezja.pl\/sklep\/wp-content\/uploads\/sites\/5\/2020\/01\/statywy01.jpg\" title=\"statywy01\"><img fetchpriority=\"high\" decoding=\"async\" src=\"https:\/\/www.fotezja.pl\/sklep\/wp-content\/plugins\/justified-image-grid\/timthumb.php?src=https%3A%2F%2Fwww.fotezja.pl%2Fsklep%2Fwp-content%2Fuploads%2Fsites%2F5%2F2020%2F01%2Fstatywy01.jpg&amp;h=310&amp;q=90&amp;f=.jpg\" alt=\"statywy01\" width=\"496\" height=\"310\" \/><\/a><p class=\"jig-HTMLdescription\">statywy01<\/p><\/li><li><a href=\"https:\/\/www.fotezja.pl\/sklep\/wp-content\/uploads\/sites\/5\/2020\/01\/statywy02.jpg\" title=\"statywy02\"><img decoding=\"async\" src=\"https:\/\/www.fotezja.pl\/sklep\/wp-content\/plugins\/justified-image-grid\/timthumb.php?src=https%3A%2F%2Fwww.fotezja.pl%2Fsklep%2Fwp-content%2Fuploads%2Fsites%2F5%2F2020%2F01%2Fstatywy02.jpg&amp;h=310&amp;q=90&amp;f=.jpg\" alt=\"statywy02\" width=\"496\" height=\"310\" \/><\/a><p class=\"jig-HTMLdescription\">statywy02<\/p><\/li><li><a href=\"https:\/\/www.fotezja.pl\/sklep\/wp-content\/uploads\/sites\/5\/2020\/01\/statywy03.jpg\" title=\"statywy03\"><img decoding=\"async\" src=\"https:\/\/www.fotezja.pl\/sklep\/wp-content\/plugins\/justified-image-grid\/timthumb.php?src=https%3A%2F%2Fwww.fotezja.pl%2Fsklep%2Fwp-content%2Fuploads%2Fsites%2F5%2F2020%2F01%2Fstatywy03.jpg&amp;h=310&amp;q=90&amp;f=.jpg\" alt=\"statywy03\" width=\"496\" height=\"310\" \/><\/a><p class=\"jig-HTMLdescription\">statywy03<\/p><\/li><li><a href=\"https:\/\/www.fotezja.pl\/sklep\/wp-content\/uploads\/sites\/5\/2020\/01\/statywy04.jpg\" title=\"statywy04\"><img loading=\"lazy\" decoding=\"async\" src=\"https:\/\/www.fotezja.pl\/sklep\/wp-content\/plugins\/justified-image-grid\/timthumb.php?src=https%3A%2F%2Fwww.fotezja.pl%2Fsklep%2Fwp-content%2Fuploads%2Fsites%2F5%2F2020%2F01%2Fstatywy04.jpg&amp;h=310&amp;q=90&amp;f=.jpg\" alt=\"statywy04\" width=\"496\" height=\"310\" \/><\/a><p class=\"jig-HTMLdescription\">statywy04<\/p><\/li><li><a href=\"https:\/\/www.fotezja.pl\/sklep\/wp-content\/uploads\/sites\/5\/2020\/01\/statywy05.jpg\" title=\"statywy05\"><img loading=\"lazy\" decoding=\"async\" src=\"https:\/\/www.fotezja.pl\/sklep\/wp-content\/plugins\/justified-image-grid\/timthumb.php?src=https%3A%2F%2Fwww.fotezja.pl%2Fsklep%2Fwp-content%2Fuploads%2Fsites%2F5%2F2020%2F01%2Fstatywy05.jpg&amp;h=310&amp;q=90&amp;f=.jpg\" alt=\"statywy05\" width=\"496\" height=\"310\" \/><\/a><p class=\"jig-HTMLdescription\">statywy05<\/p><\/li><li><a href=\"https:\/\/www.fotezja.pl\/sklep\/wp-content\/uploads\/sites\/5\/2020\/01\/statywy06.jpg\" title=\"statywy06\"><img loading=\"lazy\" decoding=\"async\" src=\"https:\/\/www.fotezja.pl\/sklep\/wp-content\/plugins\/justified-image-grid\/timthumb.php?src=https%3A%2F%2Fwww.fotezja.pl%2Fsklep%2Fwp-content%2Fuploads%2Fsites%2F5%2F2020%2F01%2Fstatywy06.jpg&amp;h=310&amp;q=90&amp;f=.jpg\" alt=\"statywy06\" width=\"496\" height=\"310\" \/><\/a><p class=\"jig-HTMLdescription\">statywy06<\/p><\/li><li><a href=\"https:\/\/www.fotezja.pl\/sklep\/wp-content\/uploads\/sites\/5\/2020\/01\/statywy07.jpg\" title=\"statywy07\"><img loading=\"lazy\" decoding=\"async\" src=\"https:\/\/www.fotezja.pl\/sklep\/wp-content\/plugins\/justified-image-grid\/timthumb.php?src=https%3A%2F%2Fwww.fotezja.pl%2Fsklep%2Fwp-content%2Fuploads%2Fsites%2F5%2F2020%2F01%2Fstatywy07.jpg&amp;h=310&amp;q=90&amp;f=.jpg\" alt=\"statywy07\" width=\"496\" height=\"310\" \/><\/a><p class=\"jig-HTMLdescription\">statywy07<\/p><\/li><li><a href=\"https:\/\/www.fotezja.pl\/sklep\/wp-content\/uploads\/sites\/5\/2020\/01\/statywy08.jpg\" title=\"statywy08\"><img loading=\"lazy\" decoding=\"async\" src=\"https:\/\/www.fotezja.pl\/sklep\/wp-content\/plugins\/justified-image-grid\/timthumb.php?src=https%3A%2F%2Fwww.fotezja.pl%2Fsklep%2Fwp-content%2Fuploads%2Fsites%2F5%2F2020%2F01%2Fstatywy08.jpg&amp;h=310&amp;q=90&amp;f=.jpg\" alt=\"statywy08\" width=\"496\" height=\"310\" \/><\/a><p class=\"jig-HTMLdescription\">statywy08<\/p><\/li><li><a href=\"https:\/\/www.fotezja.pl\/sklep\/wp-content\/uploads\/sites\/5\/2020\/01\/statywy09.jpg\" title=\"statywy09\"><img loading=\"lazy\" decoding=\"async\" src=\"https:\/\/www.fotezja.pl\/sklep\/wp-content\/plugins\/justified-image-grid\/timthumb.php?src=https%3A%2F%2Fwww.fotezja.pl%2Fsklep%2Fwp-content%2Fuploads%2Fsites%2F5%2F2020%2F01%2Fstatywy09.jpg&amp;h=310&amp;q=90&amp;f=.jpg\" alt=\"statywy09\" width=\"496\" height=\"310\" \/><\/a><p class=\"jig-HTMLdescription\">statywy09<\/p><\/li><li><a href=\"https:\/\/www.fotezja.pl\/sklep\/wp-content\/uploads\/sites\/5\/2020\/01\/statywy10.jpg\" title=\"statywy10\"><img loading=\"lazy\" decoding=\"async\" src=\"https:\/\/www.fotezja.pl\/sklep\/wp-content\/plugins\/justified-image-grid\/timthumb.php?src=https%3A%2F%2Fwww.fotezja.pl%2Fsklep%2Fwp-content%2Fuploads%2Fsites%2F5%2F2020%2F01%2Fstatywy10.jpg&amp;h=310&amp;q=90&amp;f=.jpg\" alt=\"statywy10\" width=\"496\" height=\"310\" \/><\/a><p class=\"jig-HTMLdescription\">statywy10<\/p><\/li><\/ul><\/noscript><\/div>\n","protected":false},"excerpt":{"rendered":"<p>Autor: Piotr D\u0119bek<br \/>\nJak kupi\u0107 statyw? Raz, a dobrze! Jak ustrzec si\u0119 bubli, dobra\u0107 tr\u00f3jn\u00f3g i g\u0142owic\u0119 do swoich potrzeb, nauczy\u0107 si\u0119 samemu testowa\u0107 stabilno\u015b\u0107 zestawu. Unikatowy przewodnik po tr\u00f3jnogach, kt\u00f3ry pozwoli zaoszcz\u0119dzi\u0107 sporo pieni\u0119dzy, bo nie wydasz ich na kiepskie produkty. <\/p>\n<p>Ksi\u0105\u017cka ma posta\u0107 pliku w formacie PDF, do pobrania od razu po op\u0142aceniu. <strong>Nie wysy\u0142amy papierowej wersji<\/strong>, ale jak kto\u015b chce, to mo\u017ce sobie j\u0105 wydrukowa\u0107.<\/p>\n","protected":false},"featured_media":1019,"comment_status":"open","ping_status":"closed","template":"","meta":[],"product_brand":[],"product_cat":[29],"product_tag":[],"class_list":{"0":"post-1017","1":"product","2":"type-product","3":"status-publish","4":"has-post-thumbnail","6":"product_cat-fotobooki","8":"first","9":"instock","10":"downloadable","11":"virtual","12":"sold-individually","13":"taxable","14":"purchasable","15":"product-type-simple"},"_links":{"self":[{"href":"https:\/\/www.fotezja.pl\/sklep\/wp-json\/wp\/v2\/product\/1017","targetHints":{"allow":["GET"]}}],"collection":[{"href":"https:\/\/www.fotezja.pl\/sklep\/wp-json\/wp\/v2\/product"}],"about":[{"href":"https:\/\/www.fotezja.pl\/sklep\/wp-json\/wp\/v2\/types\/product"}],"replies":[{"embeddable":true,"href":"https:\/\/www.fotezja.pl\/sklep\/wp-json\/wp\/v2\/comments?post=1017"}],"wp:featuredmedia":[{"embeddable":true,"href":"https:\/\/www.fotezja.pl\/sklep\/wp-json\/wp\/v2\/media\/1019"}],"wp:attachment":[{"href":"https:\/\/www.fotezja.pl\/sklep\/wp-json\/wp\/v2\/media?parent=1017"}],"wp:term":[{"taxonomy":"product_brand","embeddable":true,"href":"https:\/\/www.fotezja.pl\/sklep\/wp-json\/wp\/v2\/product_brand?post=1017"},{"taxonomy":"product_cat","embeddable":true,"href":"https:\/\/www.fotezja.pl\/sklep\/wp-json\/wp\/v2\/product_cat?post=1017"},{"taxonomy":"product_tag","embeddable":true,"href":"https:\/\/www.fotezja.pl\/sklep\/wp-json\/wp\/v2\/product_tag?post=1017"}],"curies":[{"name":"wp","href":"https:\/\/api.w.org\/{rel}","templated":true}]}}