{"id":47,"date":"2023-04-05T23:51:44","date_gmt":"2023-04-05T21:51:44","guid":{"rendered":"https:\/\/www.fotezja.pl\/przyroda\/?page_id=47"},"modified":"2023-04-06T00:15:18","modified_gmt":"2023-04-05T22:15:18","slug":"napisz-do-nas","status":"publish","type":"page","link":"https:\/\/www.fotezja.pl\/przyroda\/napisz-do-nas\/","title":{"rendered":"Napisz do nas"},"content":{"rendered":"<p>Napisz do nas! Je\u015bli masz jakie\u015b pytania odno\u015bnie organizowanych przez nas wypraw, chcia\u0142by\u015b si\u0119 dopyta\u0107 si\u0119 o kwestie, kt\u00f3rych nie znalaz\u0142e\u015b w podanych informacjach lub rozwia\u0107 w\u0105tpliwo\u015bci co do udzia\u0142u w jednej z naszych imprez \u2013 daj nam szans\u0119 i skontaktuj si\u0119 z nami!<\/p>\n<p>Mo\u017cesz te\u017c do nas zadzwoni\u0107 codziennie w godzinach <strong>od 14 do 20<\/strong>:<\/p>\n<p><img decoding=\"async\" loading=\"lazy\" class=\"size-full wp-image-1914 aligncenter\" src=\"https:\/\/www.fotezja.pl\/fotowyprawy\/wp-content\/uploads\/sites\/6\/2020\/02\/telefon_Fotezja_centralka.png\" alt=\"\" width=\"239\" height=\"32\" \/><noscript><img decoding=\"async\" class=\"size-full wp-image-1914 aligncenter\" src=\"https:\/\/www.fotezja.pl\/fotowyprawy\/wp-content\/uploads\/sites\/6\/2020\/02\/telefon_Fotezja_centralka.png\" alt=\"\" width=\"239\" height=\"32\" \/><\/noscript><\/p>\n\n<div class=\"wpcf7 no-js\" id=\"wpcf7-f6-o1\" lang=\"pl-PL\" dir=\"ltr\" data-wpcf7-id=\"6\">\n<div class=\"screen-reader-response\"><p role=\"status\" aria-live=\"polite\" aria-atomic=\"true\"><\/p> <ul><\/ul><\/div>\n<form action=\"\/przyroda\/wp-json\/wp\/v2\/pages\/47#wpcf7-f6-o1\" method=\"post\" class=\"wpcf7-form init\" aria-label=\"Formularz kontaktowy\" novalidate=\"novalidate\" data-status=\"init\">\n<fieldset class=\"hidden-fields-container\"><input type=\"hidden\" name=\"_wpcf7\" value=\"6\" \/><input type=\"hidden\" name=\"_wpcf7_version\" value=\"6.1.5\" \/><input type=\"hidden\" name=\"_wpcf7_locale\" value=\"pl_PL\" \/><input type=\"hidden\" name=\"_wpcf7_unit_tag\" value=\"wpcf7-f6-o1\" \/><input type=\"hidden\" name=\"_wpcf7_container_post\" value=\"0\" \/><input type=\"hidden\" name=\"_wpcf7_posted_data_hash\" value=\"\" \/>\n<\/fieldset>\n<p><label> Twoje imi\u0119 i nazwisko<br \/>\n<span class=\"wpcf7-form-control-wrap\" data-name=\"your-name\"><input size=\"40\" maxlength=\"400\" class=\"wpcf7-form-control wpcf7-text wpcf7-validates-as-required\" autocomplete=\"name\" aria-required=\"true\" aria-invalid=\"false\" value=\"\" type=\"text\" name=\"your-name\" \/><\/span> <\/label>\n<\/p>\n<p><label> Tw\u00f3j adres e-mail<br \/>\n<span class=\"wpcf7-form-control-wrap\" data-name=\"your-email\"><input size=\"40\" maxlength=\"400\" class=\"wpcf7-form-control wpcf7-email wpcf7-validates-as-required wpcf7-text wpcf7-validates-as-email\" autocomplete=\"email\" aria-required=\"true\" aria-invalid=\"false\" value=\"\" type=\"email\" name=\"your-email\" \/><\/span> <\/label>\n<\/p>\n<p><label> Temat<br \/>\n<span class=\"wpcf7-form-control-wrap\" data-name=\"your-subject\"><input size=\"40\" maxlength=\"400\" class=\"wpcf7-form-control wpcf7-text wpcf7-validates-as-required\" aria-required=\"true\" aria-invalid=\"false\" value=\"\" type=\"text\" name=\"your-subject\" \/><\/span> <\/label>\n<\/p>\n<p><label> Twoja wiadomo\u015bci (opcjonalne)<br \/>\n<span class=\"wpcf7-form-control-wrap\" data-name=\"your-message\"><textarea cols=\"40\" rows=\"10\" maxlength=\"2000\" class=\"wpcf7-form-control wpcf7-textarea\" aria-invalid=\"false\" name=\"your-message\"><\/textarea><\/span> <\/label>\n<\/p>\n<p><input class=\"wpcf7-form-control wpcf7-submit has-spinner\" type=\"submit\" value=\"Wy\u015blij\" \/>\n<\/p><div class=\"wpcf7-response-output\" aria-hidden=\"true\"><\/div>\n<\/form>\n<\/div>\n\n","protected":false},"excerpt":{"rendered":"<p>Napisz do nas! Je\u015bli masz jakie\u015b pytania odno\u015bnie organizowanych przez nas wypraw, chcia\u0142by\u015b si\u0119 dopyta\u0107 si\u0119 o kwestie, kt\u00f3rych nie znalaz\u0142e\u015b w podanych informacjach lub rozwia\u0107 w\u0105tpliwo\u015bci co do udzia\u0142u w jednej z naszych imprez \u2013 daj nam szans\u0119 i skontaktuj si\u0119 z nami! Mo\u017cesz te\u017c do nas zadzwoni\u0107 codziennie w godzinach od 14 do 20:<\/p>\n","protected":false},"author":1,"featured_media":0,"parent":0,"menu_order":0,"comment_status":"closed","ping_status":"closed","template":"","meta":{"footnotes":"","_links_to":"","_links_to_target":""},"class_list":["post-47","page","type-page","status-publish","hentry"],"jetpack_sharing_enabled":true,"_links":{"self":[{"href":"https:\/\/www.fotezja.pl\/przyroda\/wp-json\/wp\/v2\/pages\/47","targetHints":{"allow":["GET"]}}],"collection":[{"href":"https:\/\/www.fotezja.pl\/przyroda\/wp-json\/wp\/v2\/pages"}],"about":[{"href":"https:\/\/www.fotezja.pl\/przyroda\/wp-json\/wp\/v2\/types\/page"}],"author":[{"embeddable":true,"href":"https:\/\/www.fotezja.pl\/przyroda\/wp-json\/wp\/v2\/users\/1"}],"replies":[{"embeddable":true,"href":"https:\/\/www.fotezja.pl\/przyroda\/wp-json\/wp\/v2\/comments?post=47"}],"version-history":[{"count":3,"href":"https:\/\/www.fotezja.pl\/przyroda\/wp-json\/wp\/v2\/pages\/47\/revisions"}],"predecessor-version":[{"id":61,"href":"https:\/\/www.fotezja.pl\/przyroda\/wp-json\/wp\/v2\/pages\/47\/revisions\/61"}],"wp:attachment":[{"href":"https:\/\/www.fotezja.pl\/przyroda\/wp-json\/wp\/v2\/media?parent=47"}],"curies":[{"name":"wp","href":"https:\/\/api.w.org\/{rel}","templated":true}]}}