{"id":9995,"date":"2024-02-25T23:07:06","date_gmt":"2024-02-25T22:07:06","guid":{"rendered":"https:\/\/www.fotezja.pl\/fotowyprawy\/?page_id=9995"},"modified":"2024-10-26T01:04:14","modified_gmt":"2024-10-25T23:04:14","slug":"skrzydlata-kambodza-wyprawa-przyrodnicza","status":"publish","type":"page","link":"https:\/\/www.fotezja.pl\/fotowyprawy\/skrzydlata-kambodza-wyprawa-przyrodnicza\/","title":{"rendered":"Skrzydlata Kambod\u017ca \u2013 wyprawa przyrodnicza"},"content":{"rendered":"<p><img decoding=\"async\" loading=\"lazy\" src=\"https:\/\/www.fotezja.pl\/fotowyprawy\/wp-content\/uploads\/sites\/6\/2024\/02\/Vulture-fight_5078.jpg\"><noscript><img decoding=\"async\" src=\"https:\/\/www.fotezja.pl\/fotowyprawy\/wp-content\/uploads\/sites\/6\/2024\/02\/Vulture-fight_5078.jpg\"><\/noscript><\/p>\n<p><\/p>\n<p>Dwutygodniowa wyprawa przyrodnicza do ptasiego kr\u00f3lestwa Kambod\u017cy b\u0119dzie okazj\u0105 do obserwacji setek gatunk\u00f3w ptak\u00f3w, w tym wielu rzadkich i zagro\u017conych wygini\u0119ciem. Podr\u00f3\u017c zacznie si\u0119 od Siem Reap i s\u0142ynnego kompleksu Angkor (miejsce ciekawe tak\u017ce ornitologicznie!), poprowadzi przez mokrad\u0142a Tonle Sap, tereny zalewowe Prek Toal, r\u00f3wniny Tmat Boey a\u017c po &#8220;s\u0119pi\u0105 restauracj\u0119&#8221; w Boeng Toal i rezerwat Keo Seima. Uczestnicy b\u0119d\u0105 mieli okazj\u0119 zobaczy\u0107 ponad 200 gatunk\u00f3w ptak\u00f3w ale nie b\u0119dziemy unika\u0107 spotka\u0144 ze ssakami. Cho\u0107 wyprawa zacznie si\u0119 od zwiedzania s\u0142ynnych \u015bwi\u0105ty\u0144 Angkor, to szybko przenosi si\u0119 w miejsca praktycznie nieznane turystycznie, co pozwoli zobaczy\u0107 Kambod\u017c\u0119 inn\u0105 ni\u017c poczt\u00f3wek.<\/p>\n<p><\/p>\n<p><\/p>\n<p><\/p>\n<p>Cen\u0119 tej wyprawy podajemy w dolarach, poniewa\u017c jej koszty r\u00f3wnie\u017c p\u0142acimy w dolarach. Hotele, przewozy, bilety &#8211; to wszystko op\u0142acamy w walucie. Cena podana w dolarach, a nie w z\u0142ot\u00f3wkach, gwarantuje, \u017ce nie pobierzemy od Was mniej ni\u017c wynosi koszt imprezy&#8230; ani wi\u0119cej.<\/p>\n<p>Wp\u0142at mo\u017cna dokonywa\u0107 na dwa sposoby:<\/p>\n<p>Przelicza\u0107 sobie wysoko\u015b\u0107 zaliczki w USD na z\u0142ot\u00f3wki po <strong><span style=\"color: #ff9900;\"><a href=\"https:\/\/www.nbp.pl\/home.aspx?f=\/kursy\/kursyc.html\" target=\"_blank\" rel=\"noopener noreferrer\">kursie sprzeda\u017cy NBP<\/a><\/span><\/strong> z danego dnia, a wynik, w z\u0142ot\u00f3wkach, wp\u0142aca\u0107 na nasze konto z\u0142ot\u00f3wkowe: 86 2530 0008 2053 1055 8271 0001<\/p>\n<p>Wp\u0142aca\u0107 sum\u0119 wyra\u017con\u0105 w USD na nasze konto dolarowe (PL59 1870 1045 2078 1055 8271 0001), niczego nie przeliczaj\u0105c. Osoby, kt\u00f3re same posiadaj\u0105 konto w dolarach, mog\u0105 to robi\u0107 prostym przelewem; pozostali mog\u0105 np. korzysta\u0107 z serwis\u00f3w  wymiany walut, gdzie mo\u017cna zleca\u0107 przelewy mi\u0119dzywalutowe po bardzo dobrym kursie.<\/p>\n<p><strong>Prosz\u0119 w \u017cadnym wypadku nie wp\u0142aca\u0107 z\u0142ot\u00f3wek na konto dolarowe ani dolar\u00f3w na konto z\u0142ot\u00f3wkowe, nawet je\u015bli bank to umo\u017cliwia!<\/strong> W takim przypadku Wy wp\u0142aciliby\u015bcie wi\u0119cej ni\u017c trzeba, my dostaliby\u015bmy mniej ni\u017c trzeba, i tylko bank by\u0142by zadowolony.<\/p>\n<p>Gdyby kto\u015b mia\u0142 w\u0105tpliwo\u015bci co do wp\u0142at, prosimy o kontakt &#8211; pomo\u017cemy.<\/p>\n<p><img decoding=\"async\" loading=\"lazy\" src=\"https:\/\/www.fotezja.pl\/fotowyprawy\/wp-content\/uploads\/sites\/6\/2024\/02\/Ibis.jpg\"><noscript><img decoding=\"async\" src=\"https:\/\/www.fotezja.pl\/fotowyprawy\/wp-content\/uploads\/sites\/6\/2024\/02\/Ibis.jpg\"><\/noscript><\/p>\n<p style=\"text-align: center;\"><span style=\"color: #00ff00;\">ZAPRASZAMY DO PTASIEJ AZJI!<\/span><\/p>\n<p>To wyjazd adresowany przede wszystkim do mi\u0142o\u015bnik\u00f3w obserwacji zwierz\u0105t, g\u0142\u00f3wnie ptak\u00f3w, cho\u0107 nie tylko. Program tej wyprawy przyrodniczej zosta\u0142 opracowany przez Stowarzyszenie Kambod\u017ca\u0144skich Przewodnik\u00f3w Ornitologicznych. Przez ca\u0142\u0105 wypraw\u0119 b\u0119dziemy mieli lokalnego opiekuna towarzysz\u0105cego grupie i pomagaj\u0105cego w obserwacjach. W trakcie wyjazdu uczestnicy maj\u0105 szans\u0119 na obserwacj\u0119 powszechnie wyst\u0119puj\u0105cych gatunk\u00f3w ptak\u00f3w w Azji po\u0142udniowo-wschodniej. Celem b\u0119dzie zobaczenie tych najrzadszych i zagro\u017conych. Przewodnik zapewni bezpieczny dla ptak\u00f3w i wygodny dla nas spos\u00f3b ich obserwacji. Na z\u0142otej li\u015bcie najcenniejszych gatunk\u00f3w do zobaczenia podczas wyprawy znajduj\u0105 si\u0119: ibis olbrzymi, ibis szarog\u0142owy, hubarka bengalska, \u017curaw indyjski, d\u0142awigad malajski, marabut indyjski, malajka, paw z\u0142oty, s\u0119p \u0142ysy, s\u0119p d\u0142ugodzioby, s\u0119p bengalski, pliszka indochi\u0144ska i krawczyk jasnolicy.<\/p>\n<p style=\"text-align: center;\"><span style=\"color: #00ff00;\">ZAPRASZAMY DO PTASIEJ AZJI!<\/span><\/p>\n<p><a name=\"zgloszenie\"><\/a><\/p>\n<p><strong><em><span style=\"color: #990000;\"><a href=\"https:\/\/www.fotezja.pl\/fotowyprawy\/skrzydlata-kambodza-wyprawa-przyrodnicza\/zgloszenie-na-wyprawe-skrzydlata-kambodza\/\" rel=\"\">Chc\u0119 zobaczy\u0107 ptaki Kambod\u017cy!<\/a><\/span><\/em><\/strong><\/p>\n<p><img decoding=\"async\" loading=\"lazy\" src=\"https:\/\/www.fotezja.pl\/fotowyprawy\/wp-content\/uploads\/sites\/6\/2024\/02\/Florican.jpg\"><noscript><img decoding=\"async\" src=\"https:\/\/www.fotezja.pl\/fotowyprawy\/wp-content\/uploads\/sites\/6\/2024\/02\/Florican.jpg\"><\/noscript><\/p>\n<p><a href=\"https:\/\/www.fotezja.pl\/fotowyprawy\/skrzydlata-kambodza-wyprawa-przyrodnicza\/zgloszenie-na-wyprawe-skrzydlata-kambodza\/\" rel=\"\">Zg\u0142aszam si\u0119 na wypraw\u0119 przyrodnicz\u0105 do Kambod\u017cy<\/a><\/p>\n<p>Bardzo istotna kwestia, kt\u00f3ra wp\u0142ywa tak na wygod\u0119, jak i bezpiecze\u0144stwo to spos\u00f3b pakowania. <strong>Zalecamy dwa baga\u017ce<\/strong>: g\u0142\u00f3wny i podr\u0119czny. G\u0142\u00f3wny, ze wszystkimi ubraniami, rzeczami osobistymi, ewentualnie statywem i \u017cywno\u015bci\u0105 to najlepiej du\u017ca torba na k\u00f3\u0142kach. <strong>Nie zalecamy walizki<\/strong> jako baga\u017cu g\u0142\u00f3wnego &#8211; trudniej j\u0105 upakowa\u0107 w busie, a do tego jest bardziej nara\u017cona na uszkodzenie w transporcie lotniczym.<strong> Limit dla baga\u017cu g\u0142\u00f3wnego przewa\u017cnie wynosi 20 kilogram\u00f3w <\/strong>(zale\u017cy od linii lotniczych, niekiedy jest to nieco wi\u0119cej). Nie nale\u017cy pakowa\u0107 do baga\u017cu g\u0142\u00f3wnego \u017cadnej elektroniki, a baterii i akumulator\u00f3w nawet nie wolno!<\/p>\n<p>Je\u015bli mamy jaki\u015b sprz\u0119t fotograficzny lub obserwacyjny (luneta, lornetka) nale\u017cy go zmie\u015bci\u0107 w baga\u017cu podr\u0119cznym. Na czas podr\u00f3\u017cy samolotem tam te\u017c powinny by\u0107 wszystkie akumulatory, \u0142adowarki i powerbanki. Je\u015bli kto\u015b zabiera notebooka, to r\u00f3wnie\u017c do baga\u017cu podr\u0119cznego &#8211; przynajmniej na czas podr\u00f3\u017cy lotniczej. Wskazane jest, aby m\u00f3c zabra\u0107 ze sob\u0105 termos lub\/i butelk\u0119 wody oraz kanapki &#8211; w taki spos\u00f3b, aby nie grozi\u0142o to ubrudzeniem lub zalaniem aparatu fotograficznego czy lornetki. Je\u015bli chodzi o sprz\u0119t fotograficzny, to najbardziej przydatne b\u0119d\u0105 teleobiektywy &#8211; co najmniej 200 mm, cho\u0107 wi\u0119ksze ogniskowe te\u017c b\u0119d\u0105 u\u017cyteczne.<\/p>\n<p><\/p>\n<p><\/p>\n<p><img decoding=\"async\" loading=\"lazy\" src=\"https:\/\/www.fotezja.pl\/fotowyprawy\/wp-content\/uploads\/sites\/6\/2024\/02\/Giant-Ibis.jpg\"><noscript><img decoding=\"async\" src=\"https:\/\/www.fotezja.pl\/fotowyprawy\/wp-content\/uploads\/sites\/6\/2024\/02\/Giant-Ibis.jpg\"><\/noscript><\/p>\n<p>Do wjazdu do Kambod\u017cy konieczny jest paszport, wa\u017cny co najmniej 6 miesi\u0119cy od daty powrotu, a tak\u017ce wiza, kt\u00f3r\u0105 mo\u017cna uzyska\u0107 online przez stron\u0119stron\u0119 <strong><span style=\"color: #ff9900;\"><a href=\"https:\/\/www.evisa.gov.kh\" target=\"_blank\" rel=\"noopener noreferrer\">www.evisa.gov.kh<\/a> <\/span><\/strong>&#8211; koszt op\u0142at to 42 USD.<\/p>\n<p><\/p>\n<p><\/p>\n<p><\/p>\n<p>Jak przed ka\u017cd\u0105 podr\u00f3\u017c\u0105, zach\u0119camy aby w razie w\u0105tpliwo\u015bci sprawdzi\u0107 stron\u0119 <strong><span style=\"color: #e69138;\"><a href=\"https:\/\/www.gov.pl\/web\/dyplomacja\/informacje-dla-podrozujacych\" target=\"_blank\" rel=\"noopener noreferrer\">Ministerstwa Spraw Zagranicznych<\/a><\/span><\/strong>. Znajduj\u0105 si\u0119 tam aktualne informacje o wymaganych dokumentach, szczepieniach, ostrze\u017cenia i przepisy celne dla ka\u017cdego kraju.<\/p>\n<p class=\"tipi-center\"><a target=\"_blank\" href=\"https:\/\/www.fotezja.pl\/fotowyprawy\/powinienes-wiedziec-ze\/\" style=\"color: #e69138\" rel=\"noopener\"><strong>Przeczytaj, co jeszcze warto wiedzie\u0107 o naszych fotowyprawach<\/strong><\/a><a target=\"_blank\" href=\"https:\/\/www.fotezja.pl\/fotowyprawy\/category\/powinienes-wiedziec-ze\/\" style=\"color: #e69138\" rel=\"noopener\"><strong> <\/strong><\/a><\/p>\n<p class=\"tipi-center\"><a target=\"_blank\" href=\"https:\/\/www.fotezja.pl\/fotowyprawy\/warto-bo\/\" style=\"color: #e69138\" rel=\"noopener\"><strong>Co oferujemy i dlaczego warto jecha\u0107 w\u0142a\u015bnie z nami<\/strong><\/a><a target=\"_blank\" href=\"https:\/\/www.fotezja.pl\/fotowyprawy\/warto-bo\/\" style=\"color: #e69138\" rel=\"noopener\"><strong>&nbsp;<\/strong><\/a><\/p>\n<p class=\"tipi-center\"><a target=\"_blank\" href=\"https:\/\/www.fotezja.pl\/fotowyprawy\/ogolne-warunki-umowy-o-swiadczeniu-imprez-turystycznych\/\" style=\"color: #e69138\" rel=\"noopener\"><strong>Jakie s\u0105 og\u00f3lne warunki umowy o \u015bwiadczenie us\u0142ug turystycznych <\/strong><\/a><\/p>\n","protected":false},"excerpt":{"rendered":"<p>Dwutygodniowa wyprawa przyrodnicza do ptasiego kr\u00f3lestwa Kambod\u017cy b\u0119dzie okazj\u0105 do obserwacji setek gatunk\u00f3w ptak\u00f3w, w tym wielu rzadkich i zagro\u017conych wygini\u0119ciem. Podr\u00f3\u017c zacznie si\u0119 od Siem Reap i s\u0142ynnego kompleksu Angkor (miejsce ciekawe tak\u017ce ornitologicznie!), poprowadzi przez mokrad\u0142a Tonle Sap, tereny zalewowe Prek Toal, r\u00f3wniny Tmat Boey a\u017c po &#8220;s\u0119pi\u0105 restauracj\u0119&#8221; w Boeng Toal i rezerwat Keo Seima. Uczestnicy b\u0119d\u0105 mieli okazj\u0119 zobaczy\u0107 ponad 200 gatunk\u00f3w ptak\u00f3w ale nie b\u0119dziemy unika\u0107 spotka\u0144 ze ssakami. Cho\u0107 wyprawa zacznie si\u0119 od zwiedzania [&hellip;]<\/p>\n","protected":false},"author":1,"featured_media":9981,"parent":0,"menu_order":0,"comment_status":"closed","ping_status":"closed","template":"","meta":{"footnotes":"","_links_to":"","_links_to_target":""},"class_list":["post-9995","page","type-page","status-publish","has-post-thumbnail","hentry"],"_links":{"self":[{"href":"https:\/\/www.fotezja.pl\/fotowyprawy\/wp-json\/wp\/v2\/pages\/9995","targetHints":{"allow":["GET"]}}],"collection":[{"href":"https:\/\/www.fotezja.pl\/fotowyprawy\/wp-json\/wp\/v2\/pages"}],"about":[{"href":"https:\/\/www.fotezja.pl\/fotowyprawy\/wp-json\/wp\/v2\/types\/page"}],"author":[{"embeddable":true,"href":"https:\/\/www.fotezja.pl\/fotowyprawy\/wp-json\/wp\/v2\/users\/1"}],"replies":[{"embeddable":true,"href":"https:\/\/www.fotezja.pl\/fotowyprawy\/wp-json\/wp\/v2\/comments?post=9995"}],"version-history":[{"count":106,"href":"https:\/\/www.fotezja.pl\/fotowyprawy\/wp-json\/wp\/v2\/pages\/9995\/revisions"}],"predecessor-version":[{"id":11977,"href":"https:\/\/www.fotezja.pl\/fotowyprawy\/wp-json\/wp\/v2\/pages\/9995\/revisions\/11977"}],"wp:featuredmedia":[{"embeddable":true,"href":"https:\/\/www.fotezja.pl\/fotowyprawy\/wp-json\/wp\/v2\/media\/9981"}],"wp:attachment":[{"href":"https:\/\/www.fotezja.pl\/fotowyprawy\/wp-json\/wp\/v2\/media?parent=9995"}],"curies":[{"name":"wp","href":"https:\/\/api.w.org\/{rel}","templated":true}]}}