{"id":8540,"date":"2023-09-19T22:03:36","date_gmt":"2023-09-19T20:03:36","guid":{"rendered":"https:\/\/www.fotezja.pl\/fotowyprawy\/?page_id=8540"},"modified":"2023-09-19T22:03:36","modified_gmt":"2023-09-19T20:03:36","slug":"zgloszenie-na-fotowyprawe-do-portugalii","status":"publish","type":"page","link":"https:\/\/www.fotezja.pl\/fotowyprawy\/portugalia-lizbona-i-wybrzeze-agarve\/zgloszenie-na-fotowyprawe-do-portugalii\/","title":{"rendered":"Zg\u0142oszenie na fotowypraw\u0119 do Portugalii"},"content":{"rendered":"\n<div class=\"wpcf7 no-js\" id=\"wpcf7-f8539-o1\" lang=\"pl-PL\" dir=\"ltr\" data-wpcf7-id=\"8539\">\n<div class=\"screen-reader-response\"><p role=\"status\" aria-live=\"polite\" aria-atomic=\"true\"><\/p> <ul><\/ul><\/div>\n<form action=\"\/fotowyprawy\/wp-json\/wp\/v2\/pages\/8540#wpcf7-f8539-o1\" method=\"post\" class=\"wpcf7-form init\" aria-label=\"Formularz kontaktowy\" novalidate=\"novalidate\" data-status=\"init\">\n<fieldset class=\"hidden-fields-container\"><input type=\"hidden\" name=\"_wpcf7\" value=\"8539\" \/><input type=\"hidden\" name=\"_wpcf7_version\" value=\"6.1.5\" \/><input type=\"hidden\" name=\"_wpcf7_locale\" value=\"pl_PL\" \/><input type=\"hidden\" name=\"_wpcf7_unit_tag\" value=\"wpcf7-f8539-o1\" \/><input type=\"hidden\" name=\"_wpcf7_container_post\" value=\"0\" \/><input type=\"hidden\" name=\"_wpcf7_posted_data_hash\" value=\"\" \/><input type=\"hidden\" name=\"_wpcf7_recaptcha_response\" value=\"\" \/>\n<\/fieldset>\n<p><label> IMI\u0118 I NAZWISKO (wymagane)<br \/>\n<span class=\"wpcf7-form-control-wrap\" data-name=\"your-name\"><input size=\"40\" maxlength=\"400\" class=\"wpcf7-form-control wpcf7-text wpcf7-validates-as-required\" aria-required=\"true\" aria-invalid=\"false\" value=\"\" type=\"text\" name=\"your-name\" \/><\/span> <\/label>\n<\/p>\n<p><label> ADRES E-MAIL (wymagane)<br \/>\n<span class=\"wpcf7-form-control-wrap\" data-name=\"your-email\"><input size=\"40\" maxlength=\"400\" class=\"wpcf7-form-control wpcf7-email wpcf7-validates-as-required wpcf7-text wpcf7-validates-as-email\" aria-required=\"true\" aria-invalid=\"false\" value=\"\" type=\"email\" name=\"your-email\" \/><\/span> <\/label>\n<\/p>\n<p><label> TELEFON (wymagane)<br \/>\n<span class=\"wpcf7-form-control-wrap\" data-name=\"Telefon\"><input size=\"40\" maxlength=\"400\" class=\"wpcf7-form-control wpcf7-tel wpcf7-validates-as-required wpcf7-text wpcf7-validates-as-tel\" aria-required=\"true\" aria-invalid=\"false\" value=\"\" type=\"tel\" name=\"Telefon\" \/><\/span> <\/label>\n<\/p>\n<p><label> ADRES (wymagane)<br \/>\n<span class=\"wpcf7-form-control-wrap\" data-name=\"Adres\"><input size=\"40\" maxlength=\"400\" class=\"wpcf7-form-control wpcf7-text wpcf7-validates-as-required\" aria-required=\"true\" aria-invalid=\"false\" value=\"\" type=\"text\" name=\"Adres\" \/><\/span> <\/label>\n<\/p>\n<p><label> KOD POCZTOWY (wymagane)<br \/>\n<span class=\"wpcf7-form-control-wrap\" data-name=\"kodpocztowy\"><input size=\"40\" maxlength=\"400\" class=\"wpcf7-form-control wpcf7-text wpcf7-validates-as-required\" aria-required=\"true\" aria-invalid=\"false\" value=\"\" type=\"text\" name=\"kodpocztowy\" \/><\/span> <\/label>\n<\/p>\n<p><label> MIEJSCOWO\u015a\u0106 (wymagane)<br \/>\n<span class=\"wpcf7-form-control-wrap\" data-name=\"miejscowosc\"><input size=\"40\" maxlength=\"400\" class=\"wpcf7-form-control wpcf7-text wpcf7-validates-as-required\" aria-required=\"true\" aria-invalid=\"false\" value=\"\" type=\"text\" name=\"miejscowosc\" \/><\/span> <\/label>\n<\/p>\n<p><label> DATA URODZENIA (wymagane)<br \/>\n<span class=\"wpcf7-form-control-wrap\" data-name=\"urodziny\"><input size=\"40\" maxlength=\"400\" class=\"wpcf7-form-control wpcf7-text wpcf7-validates-as-required\" aria-required=\"true\" aria-invalid=\"false\" value=\"\" type=\"text\" name=\"urodziny\" \/><\/span> <\/label>\n<\/p>\n<p>UBEZPIECZENIE OD KOSZT\u00d3W REZYGNACJI (opcjonalne)<br \/>\n<span class=\"wpcf7-form-control-wrap\" data-name=\"Opcjonalneubezpieczenieodkosztwrezygnacji\"><span class=\"wpcf7-form-control wpcf7-radio\"><span class=\"wpcf7-list-item first\"><input type=\"radio\" name=\"Opcjonalneubezpieczenieodkosztwrezygnacji\" value=\"Nie chc\u0119 ubezpieczenia od rezygnacji\" checked=\"checked\" \/><span class=\"wpcf7-list-item-label\">Nie chc\u0119 ubezpieczenia od rezygnacji<\/span><\/span><span class=\"wpcf7-list-item\"><input type=\"radio\" name=\"Opcjonalneubezpieczenieodkosztwrezygnacji\" value=\"Chc\u0119 wykupi\u0107 dodatkowe ubezpieczenie koszt\u00f3w rezygnacji\" \/><span class=\"wpcf7-list-item-label\">Chc\u0119 wykupi\u0107 dodatkowe ubezpieczenie koszt\u00f3w rezygnacji<\/span><\/span><span class=\"wpcf7-list-item last\"><input type=\"radio\" name=\"Opcjonalneubezpieczenieodkosztwrezygnacji\" value=\"Chc\u0119 wykupi\u0107 ubezpieczenie od rezygnacji rozszerzone o Covid-19\" \/><span class=\"wpcf7-list-item-label\">Chc\u0119 wykupi\u0107 ubezpieczenie od rezygnacji rozszerzone o Covid-19<\/span><\/span><\/span><\/span>\n<\/p>\n<p><label> SPECJALNA DIETA NIEZB\u0118DNA ZE WZGL\u0118D\u00d3W MEDYCZNYCH (je\u015bli dotyczy)<br \/>\n<span class=\"wpcf7-form-control-wrap\" data-name=\"dieta\"><input size=\"40\" maxlength=\"400\" class=\"wpcf7-form-control wpcf7-text\" aria-invalid=\"false\" value=\"\" type=\"text\" name=\"dieta\" \/><\/span> <\/label>\n<\/p>\n<p>FAKTURA ZA WARSZTATY (opcjonalne)<br \/>\n<span class=\"wpcf7-form-control-wrap\" data-name=\"Fakturazawarsztaty\"><span class=\"wpcf7-form-control wpcf7-radio\"><span class=\"wpcf7-list-item first\"><input type=\"radio\" name=\"Fakturazawarsztaty\" value=\"Nie potrzebuj\u0119 faktury\" checked=\"checked\" \/><span class=\"wpcf7-list-item-label\">Nie potrzebuj\u0119 faktury<\/span><\/span><span class=\"wpcf7-list-item last\"><input type=\"radio\" name=\"Fakturazawarsztaty\" value=\"Potrzebuj\u0119 faktury i podaj\u0119 poni\u017cej dane do faktury\" \/><span class=\"wpcf7-list-item-label\">Potrzebuj\u0119 faktury i podaj\u0119 poni\u017cej dane do faktury<\/span><\/span><\/span><\/span><br \/>\n<span class=\"wpcf7-form-control-wrap\" data-name=\"danedoFaktury\"><input size=\"40\" maxlength=\"400\" class=\"wpcf7-form-control wpcf7-text\" aria-invalid=\"false\" value=\"\" type=\"text\" name=\"danedoFaktury\" \/><\/span>\n<\/p>\n<p><label> DODATKOWE UWAGI<br \/>\n<span class=\"wpcf7-form-control-wrap\" data-name=\"UWAGI\"><input size=\"40\" maxlength=\"400\" class=\"wpcf7-form-control wpcf7-text\" aria-invalid=\"false\" value=\"\" type=\"text\" name=\"UWAGI\" \/><\/span> <\/label>\n<\/p>\n<p><label> Wyra\u017cam zgod\u0119 na przetwarzanie moich danych osobowych dla realizacji wyjazdu (wymagane)<br \/>\n<span class=\"wpcf7-form-control-wrap\" data-name=\"acceptance-649\"><span class=\"wpcf7-form-control wpcf7-acceptance\"><span class=\"wpcf7-list-item\"><input type=\"checkbox\" name=\"acceptance-649\" value=\"1\" aria-invalid=\"false\" \/><\/span><\/span><\/span><br \/>\n<\/label>\n<\/p>\n<p>Wysy\u0142aj\u0105c zg\u0142oszenie akceptujesz Og\u00f3lne warunki umowy o \u015bwiadczeniu imprez turystycznych biura podr\u00f3\u017cy Fotezja - <a href=\"https:\/\/www.fotezja.pl\/fotowyprawy\/ogolne-warunki-umowy-o-swiadczeniu-imprez-turystycznych\/\" target=\"_blank\" ><strong> tutaj mo\u017cesz si\u0119 z nimi zapozna\u0107. <\/strong><br \/>\n\t<br \/>\n<input class=\"wpcf7-form-control wpcf7-submit has-spinner\" type=\"submit\" value=\"WY\u015aLIJ ZG\u0141OSZENIE\" \/><\/a>\n<\/p><div class=\"wpcf7-response-output\" aria-hidden=\"true\"><\/div>\n<\/form>\n<\/div>\n\n","protected":false},"excerpt":{"rendered":"","protected":false},"author":1,"featured_media":8486,"parent":8466,"menu_order":0,"comment_status":"closed","ping_status":"closed","template":"","meta":{"footnotes":"","_links_to":"","_links_to_target":""},"class_list":["post-8540","page","type-page","status-publish","has-post-thumbnail","hentry"],"_links":{"self":[{"href":"https:\/\/www.fotezja.pl\/fotowyprawy\/wp-json\/wp\/v2\/pages\/8540","targetHints":{"allow":["GET"]}}],"collection":[{"href":"https:\/\/www.fotezja.pl\/fotowyprawy\/wp-json\/wp\/v2\/pages"}],"about":[{"href":"https:\/\/www.fotezja.pl\/fotowyprawy\/wp-json\/wp\/v2\/types\/page"}],"author":[{"embeddable":true,"href":"https:\/\/www.fotezja.pl\/fotowyprawy\/wp-json\/wp\/v2\/users\/1"}],"replies":[{"embeddable":true,"href":"https:\/\/www.fotezja.pl\/fotowyprawy\/wp-json\/wp\/v2\/comments?post=8540"}],"version-history":[{"count":1,"href":"https:\/\/www.fotezja.pl\/fotowyprawy\/wp-json\/wp\/v2\/pages\/8540\/revisions"}],"predecessor-version":[{"id":8541,"href":"https:\/\/www.fotezja.pl\/fotowyprawy\/wp-json\/wp\/v2\/pages\/8540\/revisions\/8541"}],"up":[{"embeddable":true,"href":"https:\/\/www.fotezja.pl\/fotowyprawy\/wp-json\/wp\/v2\/pages\/8466"}],"wp:featuredmedia":[{"embeddable":true,"href":"https:\/\/www.fotezja.pl\/fotowyprawy\/wp-json\/wp\/v2\/media\/8486"}],"wp:attachment":[{"href":"https:\/\/www.fotezja.pl\/fotowyprawy\/wp-json\/wp\/v2\/media?parent=8540"}],"curies":[{"name":"wp","href":"https:\/\/api.w.org\/{rel}","templated":true}]}}