{"id":7848,"date":"2023-07-10T00:46:49","date_gmt":"2023-07-09T22:46:49","guid":{"rendered":"https:\/\/www.fotezja.pl\/fotowyprawy\/?page_id=7848"},"modified":"2024-10-26T01:06:12","modified_gmt":"2024-10-25T23:06:12","slug":"skrzydlaty-izrael-wyprawa-przyrodnicza","status":"publish","type":"page","link":"https:\/\/www.fotezja.pl\/fotowyprawy\/skrzydlaty-izrael-wyprawa-przyrodnicza\/","title":{"rendered":"Skrzydlaty Izrael wyprawa przyrodnicza"},"content":{"rendered":"<p><img decoding=\"async\" loading=\"lazy\" src=\"https:\/\/www.fotezja.pl\/fotowyprawy\/wp-content\/uploads\/sites\/6\/2023\/07\/czapla-zielonawa.jpg\"><noscript><img decoding=\"async\" src=\"https:\/\/www.fotezja.pl\/fotowyprawy\/wp-content\/uploads\/sites\/6\/2023\/07\/czapla-zielonawa.jpg\"><\/noscript><\/p>\n<p>Izrael to dla mi\u0142o\u015bnik\u00f3w ptak\u00f3w Zachodniej Palearktyki pozycja obowi\u0105zkowa. Ten niewielki kraj przez ca\u0142y rok ukazuje swoje ciekawe i r\u00f3\u017cnorodne oblicza. Dzi\u0119ki wyj\u0105tkowej lokalizacji na przeci\u0119ciu szlak\u00f3w ptasich w\u0119dr\u00f3wek Izrael stwarza niepowtarzaln\u0105 okazj\u0119 do\u015bwiadczenia w pe\u0142ni zjawiska migracji. Ta jesienna jest tu naprawd\u0119 spektakularna. Miliony ptak\u00f3w nap\u0142ywaj\u0105 do Ziemi \u015awi\u0119tej w drodze do Afryki. Listopad to miesi\u0105c szczeg\u00f3lny, w kt\u00f3rym \u017cyzne p\u00f3\u0142nocne doliny, gaje oliwne, parki i uedy na pustyni Negev zape\u0142niaj\u0105 si\u0119 ptakami, m.in. wr\u00f3blowymi, szponiastymi czy pelikanami. Ponadto, to wci\u0105\u017c bardzo dobry czas do obserwacji wielu interesuj\u0105cych gatunk\u00f3w l\u0119gowych, takich jak dziwonia synajska czy hubara arabska. Po\u0142\u0105czenie ogromnych ilo\u015bci ptak\u00f3w, ich r\u00f3\u017cnorodno\u015bci, wspania\u0142ych przestrzennych scenerii, przyjaznej pogody i \u017cyczliwych ludzi pozostawi trwa\u0142y \u015blad we wspomnieniach ka\u017cdego mi\u0142o\u015bnika przyrody b\u0119d\u0105cego uczestnikiem naszej wyprawy. &nbsp;&nbsp;<\/p>\n<p><\/p>\n<p>Cen\u0119 tej fotowyprawy podajemy w euro, poniewa\u017c jej koszty r\u00f3wnie\u017c p\u0142acimy w euro. Hotele, przewozy, bilety &#8211; to wszystko op\u0142acamy w walucie. Cena podana w euro, a nie w z\u0142ot\u00f3wkach, gwarantuje, \u017ce nie pobierzemy od Was mniej ni\u017c wynosi koszt imprezy&#8230; ani wi\u0119cej.<\/p>\n<p>Wp\u0142at mo\u017cna dokonywa\u0107 na dwa sposoby:<\/p>\n<p>Przelicza\u0107 sobie wysoko\u015b\u0107 zaliczki w euro na z\u0142ot\u00f3wki po <strong><span style=\"color: #ff9900;\"><a href=\"https:\/\/www.nbp.pl\/home.aspx?f=\/kursy\/kursyc.html\" target=\"_blank\" rel=\"noopener noreferrer\">kursie sprzeda\u017cy NBP<\/a><\/span><\/strong> z danego dnia, a wynik, w z\u0142ot\u00f3wkach, wp\u0142aca\u0107 na nasze konto z\u0142ot\u00f3wkowe: 86 2530 0008 2053 1055 8271 0001<\/p>\n<p>Wp\u0142aca\u0107 sum\u0119 wyra\u017con\u0105 w euro na nasze konto w euro (59 2530 0008 2053 1055 8271 0002), niczego nie przeliczaj\u0105c. Osoby, kt\u00f3re same posiadaj\u0105 konto w euro, mog\u0105 to robi\u0107 prostym przelewem; pozostali mog\u0105 np. korzysta\u0107 z serwis\u00f3w  wymiany walut, gdzie mo\u017cna zleca\u0107 przelewy mi\u0119dzywalutowe po bardzo dobrym kursie.<\/p>\n<p><strong>Prosz\u0119 w \u017cadnym wypadku nie wp\u0142aca\u0107 z\u0142ot\u00f3wek na konto euro ani euro na konto z\u0142ot\u00f3wkowe, nawet je\u015bli bank to umo\u017cliwia!<\/strong> W takim przypadku Wy wp\u0142aciliby\u015bcie wi\u0119cej ni\u017c trzeba, my dostaliby\u015bmy mniej ni\u017c trzeba, i tylko bank by\u0142by zadowolony.<\/p>\n<p>Gdyby kto\u015b mia\u0142 w\u0105tpliwo\u015bci co do wp\u0142at, prosimy o kontakt &#8211; pomo\u017cemy.<\/p>\n<p style=\"text-align: center;\"><span style=\"color: #0000ff;\"><a href=\"https:\/\/www.fotezja.pl\/fotowyprawy\/skrzydlaty-izrael-wyprawa-przyrodnicza\/zgloszenie-na-wyprawe-skrzydlaty-izrael\/\" rel=\"\">ZAPRASZAMY NA JESIENN\u0104 MIGRACJ\u0118 PTAK\u00d3W!<\/a><\/span><\/p>\n<p><img decoding=\"async\" loading=\"lazy\" src=\"https:\/\/www.fotezja.pl\/fotowyprawy\/wp-content\/uploads\/sites\/6\/2023\/07\/czarnotek-arabski.jpg\"><noscript><img decoding=\"async\" src=\"https:\/\/www.fotezja.pl\/fotowyprawy\/wp-content\/uploads\/sites\/6\/2023\/07\/czarnotek-arabski.jpg\"><\/noscript><\/p>\n<p>To wyjazd adresowany przede wszystkim do mi\u0142o\u015bnik\u00f3w obserwacji zwierz\u0105t, przede wszystkim ptak\u00f3w, cho\u0107 nie tylko. Wsparcie do\u015bwiadczonego przyrodnika i ornitologa pozwoli dostrzec nawet p\u0142ochliwe czy odleg\u0142e zwierz\u0119ta, a tak\u017ce je zidentyfikowa\u0107. Warto oczywi\u015bcie zabra\u0107 aparat fotograficzny, nie jest to jednak fotowyprawa &#8211; zamiast plener\u00f3w b\u0119d\u0105 wsp\u00f3lne spacery w poszukiwaniu np. or\u0142\u00f3w cesarskich, hubary arabskiej czy dziwonii synajskiej, cho\u0107 kozioro\u017cce nubijskie te\u017c si\u0119 mog\u0105 trafi\u0107. Nie znaczy to jednak, \u017ce nie da si\u0119 zrobi\u0107 udanych fotografii! Gdy jaki\u015b ciekawy przedstawiciel fauny b\u0119dzie blisko, post\u00f3j na jego podziwianie i fotografowanie mo\u017ce trwa\u0107 nawet i p\u00f3\u0142 godziny &#8211; b\u0119dzie wi\u0119c czas, \u017ceby zrobi\u0107 niejedno zdj\u0119cie. Wszystkie prezentowane tu fotografie zosta\u0142y zreszt\u0105 wykonane osobi\u015bcie przez Ma\u0107ka Kowalskiego, kt\u00f3ry b\u0119dzie przewodnikiem na tej wyprawie. <\/p>\n<p style=\"text-align: center;\"><span style=\"color: #0000ff;\"><a href=\"https:\/\/www.fotezja.pl\/fotowyprawy\/skrzydlaty-izrael-wyprawa-przyrodnicza\/zgloszenie-na-wyprawe-skrzydlaty-izrael\/\" rel=\"\">MIGRACJE PTAK\u00d3W S\u0104 ODLOTOWE! \ud83d\ude42<\/a><\/span><\/p>\n<p><a name=\"zgloszenie\"><\/a><\/p>\n<p><strong><em><span style=\"color: #ffff00;\"><a href=\"https:\/\/www.fotezja.pl\/fotowyprawy\/skrzydlaty-izrael-wyprawa-przyrodnicza\/zgloszenie-na-wyprawe-skrzydlaty-izrael\/\" rel=\"\">Chc\u0119 zobaczy\u0107 ptaki Izraela!<\/a><\/span><\/em><\/strong><\/p>\n<p><img decoding=\"async\" loading=\"lazy\" src=\"https:\/\/www.fotezja.pl\/fotowyprawy\/wp-content\/uploads\/sites\/6\/2023\/07\/flaming-rozowy-scaled.jpg\"><noscript><img decoding=\"async\" src=\"https:\/\/www.fotezja.pl\/fotowyprawy\/wp-content\/uploads\/sites\/6\/2023\/07\/flaming-rozowy-scaled.jpg\"><\/noscript><\/p>\n<p><a href=\"https:\/\/www.fotezja.pl\/fotowyprawy\/skrzydlaty-izrael-wyprawa-przyrodnicza\/zgloszenie-na-wyprawe-skrzydlaty-izrael\/\" rel=\"\">Zg\u0142aszam si\u0119 na wypraw\u0119 przyrodnicz\u0105 do izraela!<\/a><\/p>\n<p>Bardzo istotna kwestia, kt\u00f3ra wp\u0142ywa tak na wygod\u0119, jak i bezpiecze\u0144stwo to spos\u00f3b pakowania. <strong>Zalecamy dwa baga\u017ce<\/strong>: g\u0142\u00f3wny i podr\u0119czny. G\u0142\u00f3wny, ze wszystkimi ubraniami, rzeczami osobistymi, ewentualnie statywem i \u017cywno\u015bci\u0105 to najlepiej du\u017ca torba na k\u00f3\u0142kach. <strong>Nie zalecamy walizki<\/strong> jako baga\u017cu g\u0142\u00f3wnego &#8211; trudniej j\u0105 upakowa\u0107 w busie, a do tego jest bardziej nara\u017cona na uszkodzenie w transporcie lotniczym.<strong> Limit dla baga\u017cu g\u0142\u00f3wnego przewa\u017cnie wynosi 20 kilogram\u00f3w <\/strong>(zale\u017cy od linii lotniczych, niekiedy jest to nieco wi\u0119cej). Nie nale\u017cy pakowa\u0107 do baga\u017cu g\u0142\u00f3wnego \u017cadnej elektroniki, a baterii i akumulator\u00f3w nawet nie wolno!<\/p>\n<p>Je\u015bli mamy jaki\u015b sprz\u0119t fotograficzny lub obserwacyjny (luneta, lornetka) nale\u017cy go zmie\u015bci\u0107 w baga\u017cu podr\u0119cznym. Na czas podr\u00f3\u017cy samolotem tam te\u017c powinny by\u0107 wszystkie akumulatory, \u0142adowarki i powerbanki. Je\u015bli kto\u015b zabiera notebooka, to r\u00f3wnie\u017c do baga\u017cu podr\u0119cznego &#8211; przynajmniej na czas podr\u00f3\u017cy lotniczej. Wskazane jest, aby m\u00f3c zabra\u0107 ze sob\u0105 termos lub\/i butelk\u0119 wody oraz kanapki &#8211; w taki spos\u00f3b, aby nie grozi\u0142o to ubrudzeniem lub zalaniem aparatu fotograficznego czy lornetki. Je\u015bli chodzi o sprz\u0119t fotograficzny, to najbardziej przydatne b\u0119d\u0105 teleobiektywy &#8211; co najmniej 200 mm, cho\u0107 wi\u0119ksze ogniskowe te\u017c b\u0119d\u0105 u\u017cyteczne.<\/p>\n<p><\/p>\n<p>W listopadzie w Izraelu przewa\u017cnie temperatura w dzie\u0144 to od 15 do 25 stopni Celsjusza, mog\u0105 trafi\u0107 si\u0119 dni ciep\u0142e i s\u0142oneczne, jak i znacznie ch\u0142odniejsze. Wskazane jest przygotowanie si\u0119 na opady deszczu, je\u015bli jednak si\u0119 trafi\u0105, to nie b\u0119d\u0105 one jednak intensywne ani d\u0142ugotrwa\u0142e.<\/p>\n<p><img decoding=\"async\" loading=\"lazy\" src=\"https:\/\/www.fotezja.pl\/fotowyprawy\/wp-content\/uploads\/sites\/6\/2023\/07\/skowronik-piaskowy.jpg\"><noscript><img decoding=\"async\" src=\"https:\/\/www.fotezja.pl\/fotowyprawy\/wp-content\/uploads\/sites\/6\/2023\/07\/skowronik-piaskowy.jpg\"><\/noscript><\/p>\n<p>Do wjazdu do Izraela niezb\u0119dny jest paszport, kt\u00f3ry powinien by\u0107 wa\u017cny co najmniej 6 miesi\u0119cy po zako\u0144czeniu wyprawy. \u017badne szczeg\u00f3lne szczepienia nie s\u0105 wymagane, nie ma te\u017c \u017cadnych nietypowych warunk\u00f3w zdrowotnych ani szczeg\u00f3lnych zagro\u017ce\u0144. Je\u015bli b\u0119d\u0105 wymagane jakie\u015b szczeg\u00f3lne procedury zwi\u0105zane z Covid-19, b\u0119dziemy o nich informowa\u0107 z wyprzedzeniem.<\/p>\n<p>Izrael ma specjalne wymogi dotycz\u0105ce wwozu niekt\u00f3rych lek\u00f3w, je\u015bli kto\u015b bierze leki na recept\u0119, prosimy o informacj\u0119 przy zg\u0142oszeniu.<\/p>\n<p><\/p>\n<p><\/p>\n<p><\/p>\n<p>Jak przed ka\u017cd\u0105 podr\u00f3\u017c\u0105, zach\u0119camy aby w razie w\u0105tpliwo\u015bci sprawdzi\u0107 stron\u0119 <strong><span style=\"color: #e69138;\"><a href=\"https:\/\/www.gov.pl\/web\/dyplomacja\/informacje-dla-podrozujacych\" target=\"_blank\" rel=\"noopener noreferrer\">Ministerstwa Spraw Zagranicznych<\/a><\/span><\/strong>. Znajduj\u0105 si\u0119 tam aktualne informacje o wymaganych dokumentach, szczepieniach, ostrze\u017cenia i przepisy celne dla ka\u017cdego kraju.<\/p>\n<div id=\"jig1\" class=\"justified-image-grid jig-f1d53ffceb318ada96019eb6eebc465c jig-preset-global jig-source-wp-gallery\"><div class=\"jig-clearfix\"><\/div><noscript id=\"jig1-html\" class=\"justified-image-grid-html\" data-lazy-src=\"skiplazyload\" data-src=\"skipunveillazyload\"><ul><li><a href=\"https:\/\/www.fotezja.pl\/fotowyprawy\/wp-content\/uploads\/sites\/6\/2023\/07\/zolna-niebieskolica.jpg\" title=\"\u017co\u0142na niebieskolica\"><img decoding=\"async\" src=\"https:\/\/www.fotezja.pl\/fotowyprawy\/wp-content\/plugins\/justified-image-grid\/timthumb.php?src=https%3A%2F%2Fwww.fotezja.pl%2Ffotowyprawy%2Fwp-content%2Fuploads%2Fsites%2F6%2F2023%2F07%2Fzolna-niebieskolica.jpg&amp;h=340&amp;q=90&amp;f=.jpg\" alt=\"\u017co\u0142na niebieskolica\" width=\"510\" height=\"340\" \/><\/a><p class=\"jig-HTMLdescription\">\u017co\u0142na niebieskolica<\/p><\/li><li><a href=\"https:\/\/www.fotezja.pl\/fotowyprawy\/wp-content\/uploads\/sites\/6\/2023\/07\/bialorzytka-arabska.jpg\" title=\"bia\u0142orzytka arabska\"><img decoding=\"async\" src=\"https:\/\/www.fotezja.pl\/fotowyprawy\/wp-content\/plugins\/justified-image-grid\/timthumb.php?src=https%3A%2F%2Fwww.fotezja.pl%2Ffotowyprawy%2Fwp-content%2Fuploads%2Fsites%2F6%2F2023%2F07%2Fbialorzytka-arabska.jpg&amp;h=340&amp;q=90&amp;f=.jpg\" alt=\"bia\u0142orzytka arabska\" width=\"510\" height=\"340\" \/><\/a><p class=\"jig-HTMLdescription\">bia\u0142orzytka arabska<\/p><\/li><li><a href=\"https:\/\/www.fotezja.pl\/fotowyprawy\/wp-content\/uploads\/sites\/6\/2023\/07\/bialorzytka-czarnosterna.jpg\" title=\"Szareczka czarnosterna (Cercomela melanura)\"><img decoding=\"async\" src=\"https:\/\/www.fotezja.pl\/fotowyprawy\/wp-content\/plugins\/justified-image-grid\/timthumb.php?src=https%3A%2F%2Fwww.fotezja.pl%2Ffotowyprawy%2Fwp-content%2Fuploads%2Fsites%2F6%2F2023%2F07%2Fbialorzytka-czarnosterna.jpg&amp;h=340&amp;q=90&amp;f=.jpg\" alt=\"Szareczka czarnosterna (Cercomela melanura)\" width=\"509\" height=\"340\" \/><\/a><p class=\"jig-HTMLdescription\">Szareczka czarnosterna (Cercomela melanura)<\/p><\/li><li><a href=\"https:\/\/www.fotezja.pl\/fotowyprawy\/wp-content\/uploads\/sites\/6\/2023\/07\/bialorzytka-plowa.jpg\" title=\"bia\u0142orzytka p\u0142owa\"><img decoding=\"async\" src=\"https:\/\/www.fotezja.pl\/fotowyprawy\/wp-content\/plugins\/justified-image-grid\/timthumb.php?src=https%3A%2F%2Fwww.fotezja.pl%2Ffotowyprawy%2Fwp-content%2Fuploads%2Fsites%2F6%2F2023%2F07%2Fbialorzytka-plowa.jpg&amp;h=340&amp;q=90&amp;f=.jpg\" alt=\"bia\u0142orzytka p\u0142owa\" width=\"511\" height=\"340\" \/><\/a><p class=\"jig-HTMLdescription\">bia\u0142orzytka p\u0142owa<\/p><\/li><li><a href=\"https:\/\/www.fotezja.pl\/fotowyprawy\/wp-content\/uploads\/sites\/6\/2023\/07\/bialorzytka-saharyjska.jpg\" title=\"Bia\u0142orzytka saharyjska (Oenanthe leucopyga)\"><img decoding=\"async\" src=\"https:\/\/www.fotezja.pl\/fotowyprawy\/wp-content\/plugins\/justified-image-grid\/timthumb.php?src=https%3A%2F%2Fwww.fotezja.pl%2Ffotowyprawy%2Fwp-content%2Fuploads%2Fsites%2F6%2F2023%2F07%2Fbialorzytka-saharyjska.jpg&amp;h=340&amp;q=90&amp;f=.jpg\" alt=\"Bia\u0142orzytka saharyjska (Oenanthe leucopyga)\" width=\"508\" height=\"340\" \/><\/a><p class=\"jig-HTMLdescription\">Bia\u0142orzytka saharyjska (Oenanthe leucopyga)<\/p><\/li><li><a href=\"https:\/\/www.fotezja.pl\/fotowyprawy\/wp-content\/uploads\/sites\/6\/2023\/07\/czajka-szponiasta.jpg\" title=\"Czajka szponiasta (Vanellus spinosus)\"><img decoding=\"async\" src=\"https:\/\/www.fotezja.pl\/fotowyprawy\/wp-content\/plugins\/justified-image-grid\/timthumb.php?src=https%3A%2F%2Fwww.fotezja.pl%2Ffotowyprawy%2Fwp-content%2Fuploads%2Fsites%2F6%2F2023%2F07%2Fczajka-szponiasta.jpg&amp;h=340&amp;q=90&amp;f=.jpg\" alt=\"Czajka szponiasta (Vanellus spinosus)\" width=\"510\" height=\"340\" \/><\/a><p class=\"jig-HTMLdescription\">Czajka szponiasta (Vanellus spinosus)<\/p><\/li><li><a href=\"https:\/\/www.fotezja.pl\/fotowyprawy\/wp-content\/uploads\/sites\/6\/2023\/07\/czapla-rafowa.jpg\" title=\"Czapla rafowa (Egretta gularis)\"><img decoding=\"async\" src=\"https:\/\/www.fotezja.pl\/fotowyprawy\/wp-content\/plugins\/justified-image-grid\/timthumb.php?src=https%3A%2F%2Fwww.fotezja.pl%2Ffotowyprawy%2Fwp-content%2Fuploads%2Fsites%2F6%2F2023%2F07%2Fczapla-rafowa.jpg&amp;h=340&amp;q=90&amp;f=.jpg\" alt=\"Czapla rafowa (Egretta gularis)\" width=\"509\" height=\"340\" \/><\/a><p class=\"jig-HTMLdescription\">Czapla rafowa (Egretta gularis)<\/p><\/li><li><a href=\"https:\/\/www.fotezja.pl\/fotowyprawy\/wp-content\/uploads\/sites\/6\/2023\/07\/czapla-zielonawa.jpg\" title=\"czapla zielonawa\"><img decoding=\"async\" src=\"https:\/\/www.fotezja.pl\/fotowyprawy\/wp-content\/plugins\/justified-image-grid\/timthumb.php?src=https%3A%2F%2Fwww.fotezja.pl%2Ffotowyprawy%2Fwp-content%2Fuploads%2Fsites%2F6%2F2023%2F07%2Fczapla-zielonawa.jpg&amp;h=340&amp;q=90&amp;f=.jpg\" alt=\"czapla zielonawa\" width=\"509\" height=\"340\" \/><\/a><p class=\"jig-HTMLdescription\">czapla zielonawa<\/p><\/li><li><a href=\"https:\/\/www.fotezja.pl\/fotowyprawy\/wp-content\/uploads\/sites\/6\/2023\/07\/czarnotek-arabski.jpg\" title=\"Czarnotki arabskie (Onychognathus tristramii)\"><img decoding=\"async\" src=\"https:\/\/www.fotezja.pl\/fotowyprawy\/wp-content\/plugins\/justified-image-grid\/timthumb.php?src=https%3A%2F%2Fwww.fotezja.pl%2Ffotowyprawy%2Fwp-content%2Fuploads%2Fsites%2F6%2F2023%2F07%2Fczarnotek-arabski.jpg&amp;h=340&amp;q=90&amp;f=.jpg\" alt=\"Czarnotki arabskie (Onychognathus tristramii)\" width=\"508\" height=\"340\" \/><\/a><p class=\"jig-HTMLdescription\">Czarnotki arabskie (Onychognathus tristramii)<\/p><\/li><li><a href=\"https:\/\/www.fotezja.pl\/fotowyprawy\/wp-content\/uploads\/sites\/6\/2023\/07\/flaming-rozowy-scaled.jpg\" title=\"flaming r\u00f3\u017cowy\"><img decoding=\"async\" src=\"https:\/\/www.fotezja.pl\/fotowyprawy\/wp-content\/plugins\/justified-image-grid\/timthumb.php?src=https%3A%2F%2Fwww.fotezja.pl%2Ffotowyprawy%2Fwp-content%2Fuploads%2Fsites%2F6%2F2023%2F07%2Fflaming-rozowy-scaled.jpg&amp;h=340&amp;q=90&amp;f=.jpg\" alt=\"flaming r\u00f3\u017cowy\" width=\"509\" height=\"340\" \/><\/a><p class=\"jig-HTMLdescription\">flaming r\u00f3\u017cowy<\/p><\/li><li><a href=\"https:\/\/www.fotezja.pl\/fotowyprawy\/wp-content\/uploads\/sites\/6\/2023\/07\/gilak-pustynny.jpg\" title=\"Gilaki pustynne (Bucanetes githagineus)\"><img decoding=\"async\" src=\"https:\/\/www.fotezja.pl\/fotowyprawy\/wp-content\/plugins\/justified-image-grid\/timthumb.php?src=https%3A%2F%2Fwww.fotezja.pl%2Ffotowyprawy%2Fwp-content%2Fuploads%2Fsites%2F6%2F2023%2F07%2Fgilak-pustynny.jpg&amp;h=340&amp;q=90&amp;f=.jpg\" alt=\"Gilaki pustynne (Bucanetes githagineus)\" width=\"510\" height=\"340\" \/><\/a><p class=\"jig-HTMLdescription\">Gilaki pustynne (Bucanetes githagineus)<\/p><\/li><li><a href=\"https:\/\/www.fotezja.pl\/fotowyprawy\/wp-content\/uploads\/sites\/6\/2023\/07\/gorniczek-maly.jpg\" title=\"G\u00f3rniczek ma\u0142y (Eremophila bilopha)\"><img decoding=\"async\" src=\"https:\/\/www.fotezja.pl\/fotowyprawy\/wp-content\/plugins\/justified-image-grid\/timthumb.php?src=https%3A%2F%2Fwww.fotezja.pl%2Ffotowyprawy%2Fwp-content%2Fuploads%2Fsites%2F6%2F2023%2F07%2Fgorniczek-maly.jpg&amp;h=340&amp;q=90&amp;f=.jpg\" alt=\"G\u00f3rniczek ma\u0142y (Eremophila bilopha)\" width=\"508\" height=\"340\" \/><\/a><p class=\"jig-HTMLdescription\">G\u00f3rniczek ma\u0142y (Eremophila bilopha)<\/p><\/li><li><a href=\"https:\/\/www.fotezja.pl\/fotowyprawy\/wp-content\/uploads\/sites\/6\/2023\/07\/kruk-kusy.jpg\" title=\"Kruk kusy (Corvus rhipidurus)\"><img decoding=\"async\" src=\"https:\/\/www.fotezja.pl\/fotowyprawy\/wp-content\/plugins\/justified-image-grid\/timthumb.php?src=https%3A%2F%2Fwww.fotezja.pl%2Ffotowyprawy%2Fwp-content%2Fuploads%2Fsites%2F6%2F2023%2F07%2Fkruk-kusy.jpg&amp;h=340&amp;q=90&amp;f=.jpg\" alt=\"Kruk kusy (Corvus rhipidurus)\" width=\"509\" height=\"340\" \/><\/a><p class=\"jig-HTMLdescription\">Kruk kusy (Corvus rhipidurus)<\/p><\/li><li><a href=\"https:\/\/www.fotezja.pl\/fotowyprawy\/wp-content\/uploads\/sites\/6\/2023\/07\/lelek-pustynny.jpg\" title=\"lelek pustynny\"><img decoding=\"async\" src=\"https:\/\/www.fotezja.pl\/fotowyprawy\/wp-content\/plugins\/justified-image-grid\/timthumb.php?src=https%3A%2F%2Fwww.fotezja.pl%2Ffotowyprawy%2Fwp-content%2Fuploads%2Fsites%2F6%2F2023%2F07%2Flelek-pustynny.jpg&amp;h=340&amp;q=90&amp;f=.jpg\" alt=\"lelek pustynny\" width=\"509\" height=\"340\" \/><\/a><p class=\"jig-HTMLdescription\">lelek pustynny<\/p><\/li><li><a href=\"https:\/\/www.fotezja.pl\/fotowyprawy\/wp-content\/uploads\/sites\/6\/2023\/07\/lowiec-krasnodzioby.jpg\" title=\"\u0141owiec krasnodzioby (Halcyon smyrnensis)\"><img decoding=\"async\" src=\"https:\/\/www.fotezja.pl\/fotowyprawy\/wp-content\/plugins\/justified-image-grid\/timthumb.php?src=https%3A%2F%2Fwww.fotezja.pl%2Ffotowyprawy%2Fwp-content%2Fuploads%2Fsites%2F6%2F2023%2F07%2Flowiec-krasnodzioby.jpg&amp;h=340&amp;q=90&amp;f=.jpg\" alt=\"\u0141owiec krasnodzioby (Halcyon smyrnensis)\" width=\"510\" height=\"340\" \/><\/a><p class=\"jig-HTMLdescription\">\u0141owiec krasnodzioby (Halcyon smyrnensis)<\/p><\/li><li><a href=\"https:\/\/www.fotezja.pl\/fotowyprawy\/wp-content\/uploads\/sites\/6\/2023\/07\/majna-brunatna.jpg\" title=\"majna brunatna\"><img decoding=\"async\" src=\"https:\/\/www.fotezja.pl\/fotowyprawy\/wp-content\/plugins\/justified-image-grid\/timthumb.php?src=https%3A%2F%2Fwww.fotezja.pl%2Ffotowyprawy%2Fwp-content%2Fuploads%2Fsites%2F6%2F2023%2F07%2Fmajna-brunatna.jpg&amp;h=340&amp;q=90&amp;f=.jpg\" alt=\"majna brunatna\" width=\"509\" height=\"340\" \/><\/a><p class=\"jig-HTMLdescription\">majna brunatna<\/p><\/li><li><a href=\"https:\/\/www.fotezja.pl\/fotowyprawy\/wp-content\/uploads\/sites\/6\/2023\/07\/mewa-bialooka.jpg\" title=\"Mewa bia\u0142ooka (Ichthyaetus leucophthalmus)\"><img decoding=\"async\" src=\"https:\/\/www.fotezja.pl\/fotowyprawy\/wp-content\/plugins\/justified-image-grid\/timthumb.php?src=https%3A%2F%2Fwww.fotezja.pl%2Ffotowyprawy%2Fwp-content%2Fuploads%2Fsites%2F6%2F2023%2F07%2Fmewa-bialooka.jpg&amp;h=340&amp;q=90&amp;f=.jpg\" alt=\"Mewa bia\u0142ooka (Ichthyaetus leucophthalmus)\" width=\"510\" height=\"340\" \/><\/a><p class=\"jig-HTMLdescription\">Mewa bia\u0142ooka (Ichthyaetus leucophthalmus)<\/p><\/li><li><a href=\"https:\/\/www.fotezja.pl\/fotowyprawy\/wp-content\/uploads\/sites\/6\/2023\/07\/nektarnik-palestynski.jpg\" title=\"nektarnik palesty\u0144ski\"><img decoding=\"async\" src=\"https:\/\/www.fotezja.pl\/fotowyprawy\/wp-content\/plugins\/justified-image-grid\/timthumb.php?src=https%3A%2F%2Fwww.fotezja.pl%2Ffotowyprawy%2Fwp-content%2Fuploads%2Fsites%2F6%2F2023%2F07%2Fnektarnik-palestynski.jpg&amp;h=340&amp;q=90&amp;f=.jpg\" alt=\"nektarnik palesty\u0144ski\" width=\"510\" height=\"340\" \/><\/a><p class=\"jig-HTMLdescription\">nektarnik palesty\u0144ski<\/p><\/li><li><a href=\"https:\/\/www.fotezja.pl\/fotowyprawy\/wp-content\/uploads\/sites\/6\/2023\/07\/puchacz-pustynny.jpg\" title=\"puchacz pustynny\"><img decoding=\"async\" src=\"https:\/\/www.fotezja.pl\/fotowyprawy\/wp-content\/plugins\/justified-image-grid\/timthumb.php?src=https%3A%2F%2Fwww.fotezja.pl%2Ffotowyprawy%2Fwp-content%2Fuploads%2Fsites%2F6%2F2023%2F07%2Fpuchacz-pustynny.jpg&amp;h=340&amp;q=90&amp;f=.jpg\" alt=\"puchacz pustynny\" width=\"512\" height=\"340\" \/><\/a><p class=\"jig-HTMLdescription\">puchacz pustynny<\/p><\/li><li><a href=\"https:\/\/www.fotezja.pl\/fotowyprawy\/wp-content\/uploads\/sites\/6\/2023\/07\/skotniczka.jpg\" title=\"skotniczka\"><img decoding=\"async\" src=\"https:\/\/www.fotezja.pl\/fotowyprawy\/wp-content\/plugins\/justified-image-grid\/timthumb.php?src=https%3A%2F%2Fwww.fotezja.pl%2Ffotowyprawy%2Fwp-content%2Fuploads%2Fsites%2F6%2F2023%2F07%2Fskotniczka.jpg&amp;h=340&amp;q=90&amp;f=.jpg\" alt=\"skotniczka\" width=\"226\" height=\"340\" \/><\/a><p class=\"jig-HTMLdescription\">skotniczka<\/p><\/li><li><a href=\"https:\/\/www.fotezja.pl\/fotowyprawy\/wp-content\/uploads\/sites\/6\/2023\/07\/skowronik-piaskowy.jpg\" title=\"skowronik piaskowy\"><img decoding=\"async\" src=\"https:\/\/www.fotezja.pl\/fotowyprawy\/wp-content\/plugins\/justified-image-grid\/timthumb.php?src=https%3A%2F%2Fwww.fotezja.pl%2Ffotowyprawy%2Fwp-content%2Fuploads%2Fsites%2F6%2F2023%2F07%2Fskowronik-piaskowy.jpg&amp;h=340&amp;q=90&amp;f=.jpg\" alt=\"skowronik piaskowy\" width=\"511\" height=\"340\" \/><\/a><p class=\"jig-HTMLdescription\">skowronik piaskowy<\/p><\/li><li><a href=\"https:\/\/www.fotezja.pl\/fotowyprawy\/wp-content\/uploads\/sites\/6\/2023\/07\/tymal-arabski.jpg\" title=\"tymal arabski\"><img decoding=\"async\" src=\"https:\/\/www.fotezja.pl\/fotowyprawy\/wp-content\/plugins\/justified-image-grid\/timthumb.php?src=https%3A%2F%2Fwww.fotezja.pl%2Ffotowyprawy%2Fwp-content%2Fuploads%2Fsites%2F6%2F2023%2F07%2Ftymal-arabski.jpg&amp;h=340&amp;q=90&amp;f=.jpg\" alt=\"&lt;span id=&quot;wp-image-7864&quot; class=&quot;exif&quot;&gt;&lt;span class=&quot;aperture&quot;&gt;Przys\u0142ona:&#402;\/8&nbsp;&lt;span class=&quot;focal_length&quot;&gt;Ogniskowa:400mm&nbsp;&lt;span class=&quot;iso&quot;&gt;Czu\u0142o\u015b\u0107 ISO:160&nbsp;&lt;span class=&quot;shutter_speed&quot;&gt;Czas na\u015bwietlania:1\/500s&nbsp;&lt;\/span&gt;\" width=\"509\" height=\"340\" \/><\/a><p class=\"jig-HTMLdescription\"><span id=\"wp-image-7864\" class=\"exif\"><span class=\"aperture\">Przys\u0142ona:&#402;\/8&nbsp;<span class=\"focal_length\">Ogniskowa:400mm&nbsp;<span class=\"iso\">Czu\u0142o\u015b\u0107 ISO:160&nbsp;<span class=\"shutter_speed\">Czas na\u015bwietlania:1\/500s&nbsp;<\/span><br\/>tymal arabski<\/p><\/li><\/ul><\/noscript><\/div>\n<p class=\"tipi-center\"><a target=\"_blank\" href=\"https:\/\/www.fotezja.pl\/fotowyprawy\/powinienes-wiedziec-ze\/\" style=\"color: #e69138\" rel=\"noopener\"><strong>Przeczytaj, co jeszcze warto wiedzie\u0107 o naszych fotowyprawach<\/strong><\/a><a target=\"_blank\" href=\"https:\/\/www.fotezja.pl\/fotowyprawy\/category\/powinienes-wiedziec-ze\/\" style=\"color: #e69138\" rel=\"noopener\"><strong> <\/strong><\/a><\/p>\n<p class=\"tipi-center\"><a target=\"_blank\" href=\"https:\/\/www.fotezja.pl\/fotowyprawy\/warto-bo\/\" style=\"color: #e69138\" rel=\"noopener\"><strong>Co oferujemy i dlaczego warto jecha\u0107 w\u0142a\u015bnie z nami<\/strong><\/a><a target=\"_blank\" href=\"https:\/\/www.fotezja.pl\/fotowyprawy\/warto-bo\/\" style=\"color: #e69138\" rel=\"noopener\"><strong>&nbsp;<\/strong><\/a><\/p>\n<p class=\"tipi-center\"><a target=\"_blank\" href=\"https:\/\/www.fotezja.pl\/fotowyprawy\/ogolne-warunki-umowy-o-swiadczeniu-imprez-turystycznych\/\" style=\"color: #e69138\" rel=\"noopener\"><strong>Jakie s\u0105 og\u00f3lne warunki umowy o \u015bwiadczenie us\u0142ug turystycznych <\/strong><\/a><\/p>\n","protected":false},"excerpt":{"rendered":"<p>Izrael to dla mi\u0142o\u015bnik\u00f3w ptak\u00f3w Zachodniej Palearktyki pozycja obowi\u0105zkowa. Ten niewielki kraj przez ca\u0142y rok ukazuje swoje ciekawe i r\u00f3\u017cnorodne oblicza. Dzi\u0119ki wyj\u0105tkowej lokalizacji na przeci\u0119ciu szlak\u00f3w ptasich w\u0119dr\u00f3wek Izrael stwarza niepowtarzaln\u0105 okazj\u0119 do\u015bwiadczenia w pe\u0142ni zjawiska migracji. Ta jesienna jest tu naprawd\u0119 spektakularna. Miliony ptak\u00f3w nap\u0142ywaj\u0105 do Ziemi \u015awi\u0119tej w drodze do Afryki. Listopad to miesi\u0105c szczeg\u00f3lny, w kt\u00f3rym \u017cyzne p\u00f3\u0142nocne doliny, gaje oliwne, parki i uedy na pustyni Negev zape\u0142niaj\u0105 si\u0119 ptakami, m.in. wr\u00f3blowymi, szponiastymi czy pelikanami. Ponadto, [&hellip;]<\/p>\n","protected":false},"author":1,"featured_media":4955,"parent":0,"menu_order":0,"comment_status":"closed","ping_status":"closed","template":"","meta":{"footnotes":"","_links_to":"","_links_to_target":""},"class_list":["post-7848","page","type-page","status-publish","has-post-thumbnail","hentry"],"_links":{"self":[{"href":"https:\/\/www.fotezja.pl\/fotowyprawy\/wp-json\/wp\/v2\/pages\/7848","targetHints":{"allow":["GET"]}}],"collection":[{"href":"https:\/\/www.fotezja.pl\/fotowyprawy\/wp-json\/wp\/v2\/pages"}],"about":[{"href":"https:\/\/www.fotezja.pl\/fotowyprawy\/wp-json\/wp\/v2\/types\/page"}],"author":[{"embeddable":true,"href":"https:\/\/www.fotezja.pl\/fotowyprawy\/wp-json\/wp\/v2\/users\/1"}],"replies":[{"embeddable":true,"href":"https:\/\/www.fotezja.pl\/fotowyprawy\/wp-json\/wp\/v2\/comments?post=7848"}],"version-history":[{"count":57,"href":"https:\/\/www.fotezja.pl\/fotowyprawy\/wp-json\/wp\/v2\/pages\/7848\/revisions"}],"predecessor-version":[{"id":11983,"href":"https:\/\/www.fotezja.pl\/fotowyprawy\/wp-json\/wp\/v2\/pages\/7848\/revisions\/11983"}],"wp:featuredmedia":[{"embeddable":true,"href":"https:\/\/www.fotezja.pl\/fotowyprawy\/wp-json\/wp\/v2\/media\/4955"}],"wp:attachment":[{"href":"https:\/\/www.fotezja.pl\/fotowyprawy\/wp-json\/wp\/v2\/media?parent=7848"}],"curies":[{"name":"wp","href":"https:\/\/api.w.org\/{rel}","templated":true}]}}