{"id":7162,"date":"2023-03-25T21:10:10","date_gmt":"2023-03-25T20:10:10","guid":{"rendered":"https:\/\/www.fotezja.pl\/fotowyprawy\/?page_id=7162"},"modified":"2026-01-12T01:42:01","modified_gmt":"2026-01-12T00:42:01","slug":"paragwaj-i-iguazu-wyprawa-przyrodnicza","status":"publish","type":"page","link":"https:\/\/www.fotezja.pl\/fotowyprawy\/paragwaj-i-iguazu-wyprawa-przyrodnicza\/","title":{"rendered":"Paragwaj i Iguazu \u2013 wyprawa przyrodnicza"},"content":{"rendered":"<p><img decoding=\"async\" loading=\"lazy\" src=\"https:\/\/www.fotezja.pl\/fotowyprawy\/wp-content\/uploads\/sites\/6\/2023\/03\/Paragwaj_Jacek_Betleja_a61.jpg\"><noscript><img decoding=\"async\" src=\"https:\/\/www.fotezja.pl\/fotowyprawy\/wp-content\/uploads\/sites\/6\/2023\/03\/Paragwaj_Jacek_Betleja_a61.jpg\"><\/noscript><\/p>\n<p>Zapraszamy na zupe\u0142nie wyj\u0105tkow\u0105 wypraw\u0119 przyrodnicz\u0105 do tajemniczego Paragwaju, zamieszkanego przez takie mn\u00f3stwo egzotycznych ptak\u00f3w i innych zwierz\u0105t, \u017ce napatrzycie si\u0119 za wszystkie czasy! W ci\u0105gu 16 dni b\u0119dziemy je\u017adzi\u0107, chodzi\u0107 i skrada\u0107 si\u0119 w\u015br\u00f3d bujnej paragwajskiej przyrody, tropi\u0105c ary, dzi\u0119cio\u0142y, kapucynki i mr\u00f3wkojady &#8211; oraz tyle innych ptak\u00f3w, ssak\u00f3w i jaszczur\u00f3w, \u017ce nie spos\u00f3b ich wszystkich wymieni\u0107 w tym akapicie. Pojedziemy te\u017c zobaczy\u0107 s\u0142ynne wodospady Iguazu i zajrzymy w ruiny wpisanej na list\u0119 Unesco jezuickich misji Trinidad y Jesus, gdzie mo\u017cna poczu\u0107 atmosfer\u0119 jak z filmu <em>Misja<\/em>. To nie jest wyprawa fotograficzna, ale niezwyk\u0142ych widok\u00f3w z pewno\u015bci\u0105 nie zabraknie, a i \u0142adne zdj\u0119cia zwierz\u0105t na pewno da si\u0119 zrobi\u0107!<\/p>\n<p><\/p>\n<p><\/p>\n<p>Cen\u0119 tej wyprawy podajemy w dolarach, poniewa\u017c jej koszty r\u00f3wnie\u017c p\u0142acimy w dolarach. Hotele, przewozy, bilety &#8211; to wszystko op\u0142acamy w walucie. Cena podana w dolarach, a nie w z\u0142ot\u00f3wkach, gwarantuje, \u017ce nie pobierzemy od Was mniej ni\u017c wynosi koszt imprezy&#8230; ani wi\u0119cej.<\/p>\n<p>Wp\u0142at mo\u017cna dokonywa\u0107 na dwa sposoby:<\/p>\n<p>Przelicza\u0107 sobie wysoko\u015b\u0107 zaliczki w USD na z\u0142ot\u00f3wki po <strong><span style=\"color: #ff9900;\"><a href=\"https:\/\/www.nbp.pl\/home.aspx?f=\/kursy\/kursyc.html\" target=\"_blank\" rel=\"noopener noreferrer\">kursie sprzeda\u017cy NBP<\/a><\/span><\/strong> z danego dnia, a wynik, w z\u0142ot\u00f3wkach, wp\u0142aca\u0107 na nasze konto z\u0142ot\u00f3wkowe: 86 2530 0008 2053 1055 8271 0001<\/p>\n<p>Wp\u0142aca\u0107 sum\u0119 wyra\u017con\u0105 w USD na nasze konto dolarowe (PL27 1020 4900 0000 8902 3598 9863, SWIFT BPKOPLPW), niczego nie przeliczaj\u0105c. Osoby, kt\u00f3re same posiadaj\u0105 konto w dolarach, mog\u0105 to robi\u0107 prostym przelewem; pozostali mog\u0105 np. korzysta\u0107 z serwis\u00f3w wymiany walut, gdzie mo\u017cna zleca\u0107 przelewy mi\u0119dzywalutowe po bardzo dobrym kursie.<\/p>\n<p><strong>Prosz\u0119 w \u017cadnym wypadku nie wp\u0142aca\u0107 z\u0142ot\u00f3wek na konto dolarowe ani dolar\u00f3w na konto z\u0142ot\u00f3wkowe, nawet je\u015bli bank to umo\u017cliwia!<\/strong> W takim przypadku Wy wp\u0142aciliby\u015bcie wi\u0119cej ni\u017c trzeba, my dostaliby\u015bmy mniej ni\u017c trzeba, i tylko bank by\u0142by zadowolony.<\/p>\n<p>Cz\u0119\u015b\u0107 ceny powinna by\u0107 zap\u0142acona paragwajskiemu przewodnikowi na miejscu, w nowych banknotach 100-dolarowych. Wynika to ze specyfiki paragwajskiego systemu finansowego.<\/p>\n<p>Gdyby kto\u015b mia\u0142 w\u0105tpliwo\u015bci co do wp\u0142at, prosimy o kontakt &#8211; pomo\u017cemy.<\/p>\n<p><img decoding=\"async\" loading=\"lazy\" src=\"https:\/\/www.fotezja.pl\/fotowyprawy\/wp-content\/uploads\/sites\/6\/2023\/03\/Paragwaj_Jacek_Betleja_31.jpg\"><noscript><img decoding=\"async\" src=\"https:\/\/www.fotezja.pl\/fotowyprawy\/wp-content\/uploads\/sites\/6\/2023\/03\/Paragwaj_Jacek_Betleja_31.jpg\"><\/noscript><\/p>\n<p style=\"text-align: center;\">\n<p><img decoding=\"async\" loading=\"lazy\" src=\"https:\/\/www.fotezja.pl\/fotowyprawy\/wp-content\/uploads\/sites\/6\/2023\/03\/Paragwaj_Jacek_Betleja_a35.jpg\"><noscript><img decoding=\"async\" src=\"https:\/\/www.fotezja.pl\/fotowyprawy\/wp-content\/uploads\/sites\/6\/2023\/03\/Paragwaj_Jacek_Betleja_a35.jpg\"><\/noscript><\/p>\n<p>To wyjazd adresowany przede wszystkim do mi\u0142o\u015bnik\u00f3w obserwacji zwierz\u0105t, g\u0142\u00f3wnie ptak\u00f3w, cho\u0107 nie tylko. Wsparcie do\u015bwiadczonego przyrodnika i ornitologa pozwoli dostrzec nawet p\u0142ochliwe czy odleg\u0142e zwierz\u0119ta, a tak\u017ce je zidentyfikowa\u0107. Warto oczywi\u015bcie zabra\u0107 aparat fotograficzny, nie jest to jednak fotowyprawa &#8211; zamiast plener\u00f3w b\u0119d\u0105 wsp\u00f3lne spacery w poszukiwaniu przedstawicieli miejscowej fauny. Sporo z nich wyst\u0119puje wy\u0142\u0105cznie w Paragwaju!<\/p>\n<p style=\"text-align: center;\">\n<p><a name=\"zgloszenie\"><\/a><\/p>\n<p><strong><em><span style=\"color: #990000;\"><a href=\"https:\/\/www.fotezja.pl\/fotowyprawy\/paragwaj-i-iguazu-wyprawa-przyrodnicza\/zgloszenie-na-wyprawe-paragwa-i-iguazu\/\" rel=\"\">Chc\u0119 zobaczy\u0107 fascynuj\u0105c\u0105 faun\u0119 Paragwaju<\/a><\/span><\/em><\/strong><\/p>\n<p><img decoding=\"async\" loading=\"lazy\" src=\"https:\/\/www.fotezja.pl\/fotowyprawy\/wp-content\/uploads\/sites\/6\/2023\/03\/Paragwaj_Jacek_Betleja_a42.jpg\"><noscript><img decoding=\"async\" src=\"https:\/\/www.fotezja.pl\/fotowyprawy\/wp-content\/uploads\/sites\/6\/2023\/03\/Paragwaj_Jacek_Betleja_a42.jpg\"><\/noscript><\/p>\n<p><a href=\"https:\/\/www.fotezja.pl\/fotowyprawy\/paragwaj-i-iguazu-wyprawa-przyrodnicza\/zgloszenie-na-wyprawe-paragwa-i-iguazu\/\" rel=\"\">Zg\u0142aszam si\u0119 na wypraw\u0119 przyrodnicz\u0105 do Paragwaju<\/a><\/p>\n<p>Bardzo istotna kwestia, kt\u00f3ra wp\u0142ywa tak na wygod\u0119, jak i bezpiecze\u0144stwo to spos\u00f3b pakowania. <strong>Zalecamy dwa baga\u017ce<\/strong>: g\u0142\u00f3wny i podr\u0119czny. G\u0142\u00f3wny, ze wszystkimi ubraniami, rzeczami osobistymi, ewentualnie statywem i \u017cywno\u015bci\u0105 to najlepiej du\u017ca torba na k\u00f3\u0142kach. <strong>Nie zalecamy walizki<\/strong> jako baga\u017cu g\u0142\u00f3wnego &#8211; trudniej j\u0105 upakowa\u0107 w busie, a do tego jest bardziej nara\u017cona na uszkodzenie w transporcie lotniczym.<strong> Limit dla baga\u017cu g\u0142\u00f3wnego przewa\u017cnie wynosi 20 kilogram\u00f3w <\/strong>(zale\u017cy od linii lotniczych, niekiedy jest to nieco wi\u0119cej). Nie nale\u017cy pakowa\u0107 do baga\u017cu g\u0142\u00f3wnego \u017cadnej elektroniki, a baterii i akumulator\u00f3w nawet nie wolno!<\/p>\n<p>Je\u015bli mamy jaki\u015b sprz\u0119t fotograficzny lub obserwacyjny (luneta, lornetka) nale\u017cy go zmie\u015bci\u0107 w baga\u017cu podr\u0119cznym. Na czas podr\u00f3\u017cy samolotem tam te\u017c powinny by\u0107 wszystkie akumulatory, \u0142adowarki i powerbanki. Je\u015bli kto\u015b zabiera notebooka, to r\u00f3wnie\u017c do baga\u017cu podr\u0119cznego &#8211; przynajmniej na czas podr\u00f3\u017cy lotniczej. Wskazane jest, aby m\u00f3c zabra\u0107 ze sob\u0105 termos lub\/i butelk\u0119 wody oraz kanapki &#8211; w taki spos\u00f3b, aby nie grozi\u0142o to ubrudzeniem lub zalaniem aparatu fotograficznego czy lornetki. Je\u015bli chodzi o sprz\u0119t fotograficzny, to najbardziej przydatne b\u0119d\u0105 teleobiektywy &#8211; co najmniej 200 mm, cho\u0107 wi\u0119ksze ogniskowe te\u017c b\u0119d\u0105 u\u017cyteczne.<\/p>\n<p><\/p>\n<p>Je\u015bli chodzi o ubi\u00f3r, to nale\u017cy zwr\u00f3ci\u0107 uwag\u0119 na fakt, \u017ce Paragwaj znajduje si\u0119 na p\u00f3\u0142kuli po\u0142udniowej &#8211; co oznacza, \u017ce w sierpniu b\u0119dzie tam zima. Paragwajska zima nie jest jednak bardzo zimna: w dzie\u0144 b\u0119dzie prawdopodobnie dobrze ponad 20 stopni Celsjusza, w nocy ko\u0142o 10. Mo\u017ce popada\u0107, ale trzeba przyzna\u0107, \u017ce sierpie\u0144 nale\u017cy do miesi\u0119cy najmniej deszczowych w tym regionie. Pelerynka mo\u017ce si\u0119 jednak przyda\u0107.<\/p>\n<p><img decoding=\"async\" loading=\"lazy\" src=\"https:\/\/www.fotezja.pl\/fotowyprawy\/wp-content\/uploads\/sites\/6\/2023\/03\/Paragwaj_Jacek_Betleja_a39.jpg\"><noscript><img decoding=\"async\" src=\"https:\/\/www.fotezja.pl\/fotowyprawy\/wp-content\/uploads\/sites\/6\/2023\/03\/Paragwaj_Jacek_Betleja_a39.jpg\"><\/noscript><\/p>\n<p>Do wjazdu do Paragwaju konieczny jest paszport, wa\u017cny co najmniej 6 miesi\u0119cy od daty powrotu. Wiza na pobyt turystyczny do 90 dni nie jest wymagana, ale przy przekraczaniu granicy nale\u017cy zwr\u00f3ci\u0107 uwag\u0119, \u017ceby na pewno otrzyma\u0107 w paszporcie paragwajsk\u0105 piecz\u0105tk\u0119 wjazdow\u0105. Jest obowi\u0105zek sta\u0142ego noszenia przy sobie dokumentu to\u017csamo\u015bci (paszportu), warto wi\u0119c zaopatrzy\u0107 si\u0119 w po\u015bwiadczon\u0105 kopi\u0119 paszportu (strony z danymi osobowymi i z piecz\u0105tk\u0105 wjazdow\u0105), orygina\u0142 za\u015b przechowywa\u0107 w bezpiecznym miejscu. \u017badne szczeg\u00f3lne szczepienia nie s\u0105 wymagane. Na terenie Paragwaju wyst\u0119puje przenoszona przez komary denga. Obecnie nie s\u0105 wymagane \u017cadne szczeg\u00f3lne procedury zwi\u0105zane z Covid-19 &#8211; gdyby si\u0119 pojawi\u0142y, b\u0119dziemy o nich informowa\u0107 z wyprzedzeniem.<\/p>\n<p><\/p>\n<p><\/p>\n<p><\/p>\n<p>Jak przed ka\u017cd\u0105 podr\u00f3\u017c\u0105, zach\u0119camy aby w razie w\u0105tpliwo\u015bci sprawdzi\u0107 stron\u0119 <strong><span style=\"color: #e69138;\"><a href=\"https:\/\/www.gov.pl\/web\/dyplomacja\/informacje-dla-podrozujacych\" target=\"_blank\" rel=\"noopener noreferrer\">Ministerstwa Spraw Zagranicznych<\/a><\/span><\/strong>. Znajduj\u0105 si\u0119 tam aktualne informacje o wymaganych dokumentach, szczepieniach, ostrze\u017cenia i przepisy celne dla ka\u017cdego kraju.<\/p>\n<p class=\"tipi-center\"><a target=\"_blank\" href=\"https:\/\/www.fotezja.pl\/fotowyprawy\/powinienes-wiedziec-ze\/\" style=\"color: #e69138\"><strong>Przeczytaj, co jeszcze warto wiedzie\u0107 o naszych fotowyprawach<\/strong><\/a><a target=\"_blank\" href=\"https:\/\/www.fotezja.pl\/fotowyprawy\/category\/powinienes-wiedziec-ze\/\" style=\"color: #e69138\"><strong> <\/strong><\/a><\/p>\n<p class=\"tipi-center\"><a target=\"_blank\" href=\"https:\/\/www.fotezja.pl\/fotowyprawy\/warto-bo\/\" style=\"color: #e69138\"><strong>Co oferujemy i dlaczego warto jecha\u0107 w\u0142a\u015bnie z nami<\/strong><\/a><a target=\"_blank\" href=\"https:\/\/www.fotezja.pl\/fotowyprawy\/warto-bo\/\" style=\"color: #e69138\"><strong>&nbsp;<\/strong><\/a><\/p>\n<p class=\"tipi-center\"><a target=\"_blank\" href=\"https:\/\/www.fotezja.pl\/fotowyprawy\/ogolne-warunki-umowy-o-swiadczeniu-imprez-turystycznych\/\" style=\"color: #e69138\"><strong>Jakie s\u0105 og\u00f3lne warunki umowy o \u015bwiadczenie us\u0142ug turystycznych <\/strong><\/a><\/p>\n","protected":false},"excerpt":{"rendered":"<p>Zapraszamy na zupe\u0142nie wyj\u0105tkow\u0105 wypraw\u0119 przyrodnicz\u0105 do tajemniczego Paragwaju, zamieszkanego przez takie mn\u00f3stwo egzotycznych ptak\u00f3w i innych zwierz\u0105t, \u017ce napatrzycie si\u0119 za wszystkie czasy! W ci\u0105gu 16 dni b\u0119dziemy je\u017adzi\u0107, chodzi\u0107 i skrada\u0107 si\u0119 w\u015br\u00f3d bujnej paragwajskiej przyrody, tropi\u0105c ary, dzi\u0119cio\u0142y, kapucynki i mr\u00f3wkojady &#8211; oraz tyle innych ptak\u00f3w, ssak\u00f3w i jaszczur\u00f3w, \u017ce nie spos\u00f3b ich wszystkich wymieni\u0107 w tym akapicie. Pojedziemy te\u017c zobaczy\u0107 s\u0142ynne wodospady Iguazu i zajrzymy w ruiny wpisanej na list\u0119 Unesco jezuickich misji Trinidad y Jesus, [&hellip;]<\/p>\n","protected":false},"author":2,"featured_media":7300,"parent":0,"menu_order":0,"comment_status":"closed","ping_status":"closed","template":"","meta":{"footnotes":"","_links_to":"","_links_to_target":""},"class_list":["post-7162","page","type-page","status-publish","has-post-thumbnail","hentry"],"_links":{"self":[{"href":"https:\/\/www.fotezja.pl\/fotowyprawy\/wp-json\/wp\/v2\/pages\/7162","targetHints":{"allow":["GET"]}}],"collection":[{"href":"https:\/\/www.fotezja.pl\/fotowyprawy\/wp-json\/wp\/v2\/pages"}],"about":[{"href":"https:\/\/www.fotezja.pl\/fotowyprawy\/wp-json\/wp\/v2\/types\/page"}],"author":[{"embeddable":true,"href":"https:\/\/www.fotezja.pl\/fotowyprawy\/wp-json\/wp\/v2\/users\/2"}],"replies":[{"embeddable":true,"href":"https:\/\/www.fotezja.pl\/fotowyprawy\/wp-json\/wp\/v2\/comments?post=7162"}],"version-history":[{"count":191,"href":"https:\/\/www.fotezja.pl\/fotowyprawy\/wp-json\/wp\/v2\/pages\/7162\/revisions"}],"predecessor-version":[{"id":15159,"href":"https:\/\/www.fotezja.pl\/fotowyprawy\/wp-json\/wp\/v2\/pages\/7162\/revisions\/15159"}],"wp:featuredmedia":[{"embeddable":true,"href":"https:\/\/www.fotezja.pl\/fotowyprawy\/wp-json\/wp\/v2\/media\/7300"}],"wp:attachment":[{"href":"https:\/\/www.fotezja.pl\/fotowyprawy\/wp-json\/wp\/v2\/media?parent=7162"}],"curies":[{"name":"wp","href":"https:\/\/api.w.org\/{rel}","templated":true}]}}