{"id":617,"date":"2019-05-16T01:36:35","date_gmt":"2019-05-15T23:36:35","guid":{"rendered":"https:\/\/www.fotezja.pl\/fotowyprawy\/?page_id=617"},"modified":"2024-05-16T17:38:10","modified_gmt":"2024-05-16T15:38:10","slug":"gwarancja-ubezpieczeniowa","status":"publish","type":"page","link":"https:\/\/www.fotezja.pl\/fotowyprawy\/gwarancja-ubezpieczeniowa\/","title":{"rendered":"Gwarancja ubezpieczeniowa"},"content":{"rendered":"<p>Biuro podr\u00f3\u017cy Fotezja jest wpisane do Centralnej Ewidencji Organizator\u00f3w Turystyki i Po\u015brednik\u00f3w Turystycznych pod numerem ewidencyjnym <span id=\"T:dclay:oc_176404778ruA53A1:region1:r1:it2::content\" class=\"af_inputText_content\">23628<\/span>, numer wpisu do Rejestru Marsza\u0142ka Wojew\u00f3dztwa Dolno\u015bl\u0105skiego <span id=\"T:dclay:oc_176404778ruA53A1:region1:r1:it8::content\" class=\"af_inputText_content\">818\/23\/2019<\/span>. Biuro podr\u00f3\u017cy Fotezja posiada aktualn\u0105 gwarancj\u0119 ubezpieczeniow\u0105 numer M 526924, wystawion\u0105 przez Signal Iduna Polska TU S.A.<\/p>\n<p><img decoding=\"async\" loading=\"lazy\" class=\"aligncenter size-full wp-image-10827\" src=\"https:\/\/www.fotezja.pl\/fotowyprawy\/wp-content\/uploads\/sites\/6\/2024\/05\/Fotezja_Certyfikat_2024-2025_b.jpg\" alt=\"Fotezja gwarancja ubezpieczeniowa\" width=\"900\" height=\"1268\" srcset=\"https:\/\/www.fotezja.pl\/fotowyprawy\/wp-content\/uploads\/sites\/6\/2024\/05\/Fotezja_Certyfikat_2024-2025_b.jpg 900w, https:\/\/www.fotezja.pl\/fotowyprawy\/wp-content\/uploads\/sites\/6\/2024\/05\/Fotezja_Certyfikat_2024-2025_b-213x300.jpg 213w, https:\/\/www.fotezja.pl\/fotowyprawy\/wp-content\/uploads\/sites\/6\/2024\/05\/Fotezja_Certyfikat_2024-2025_b-727x1024.jpg 727w, https:\/\/www.fotezja.pl\/fotowyprawy\/wp-content\/uploads\/sites\/6\/2024\/05\/Fotezja_Certyfikat_2024-2025_b-500x704.jpg 500w, https:\/\/www.fotezja.pl\/fotowyprawy\/wp-content\/uploads\/sites\/6\/2024\/05\/Fotezja_Certyfikat_2024-2025_b-410x578.jpg 410w, https:\/\/www.fotezja.pl\/fotowyprawy\/wp-content\/uploads\/sites\/6\/2024\/05\/Fotezja_Certyfikat_2024-2025_b-887x1250.jpg 887w\" sizes=\"auto, (max-width: 900px) 100vw, 900px\" \/><noscript><img decoding=\"async\" class=\"aligncenter size-full wp-image-10827\" src=\"https:\/\/www.fotezja.pl\/fotowyprawy\/wp-content\/uploads\/sites\/6\/2024\/05\/Fotezja_Certyfikat_2024-2025_b.jpg\" alt=\"Fotezja gwarancja ubezpieczeniowa\" width=\"900\" height=\"1268\" srcset=\"https:\/\/www.fotezja.pl\/fotowyprawy\/wp-content\/uploads\/sites\/6\/2024\/05\/Fotezja_Certyfikat_2024-2025_b.jpg 900w, https:\/\/www.fotezja.pl\/fotowyprawy\/wp-content\/uploads\/sites\/6\/2024\/05\/Fotezja_Certyfikat_2024-2025_b-213x300.jpg 213w, https:\/\/www.fotezja.pl\/fotowyprawy\/wp-content\/uploads\/sites\/6\/2024\/05\/Fotezja_Certyfikat_2024-2025_b-727x1024.jpg 727w, https:\/\/www.fotezja.pl\/fotowyprawy\/wp-content\/uploads\/sites\/6\/2024\/05\/Fotezja_Certyfikat_2024-2025_b-500x704.jpg 500w, https:\/\/www.fotezja.pl\/fotowyprawy\/wp-content\/uploads\/sites\/6\/2024\/05\/Fotezja_Certyfikat_2024-2025_b-410x578.jpg 410w, https:\/\/www.fotezja.pl\/fotowyprawy\/wp-content\/uploads\/sites\/6\/2024\/05\/Fotezja_Certyfikat_2024-2025_b-887x1250.jpg 887w\" sizes=\"(max-width: 900px) 100vw, 900px\" \/><\/noscript><\/p>\n<p>&nbsp;<\/p>\n<p>&nbsp;<\/p>\n","protected":false},"excerpt":{"rendered":"<p>Biuro podr\u00f3\u017cy Fotezja jest wpisane do Centralnej Ewidencji Organizator\u00f3w Turystyki i Po\u015brednik\u00f3w Turystycznych pod numerem ewidencyjnym 23628, numer wpisu do Rejestru Marsza\u0142ka Wojew\u00f3dztwa Dolno\u015bl\u0105skiego 818\/23\/2019. Biuro podr\u00f3\u017cy Fotezja posiada aktualn\u0105 gwarancj\u0119 ubezpieczeniow\u0105 numer M 526924, wystawion\u0105 przez Signal Iduna Polska TU S.A. &nbsp; &nbsp;<\/p>\n","protected":false},"author":1,"featured_media":0,"parent":0,"menu_order":0,"comment_status":"closed","ping_status":"closed","template":"","meta":{"footnotes":"","_links_to":"","_links_to_target":""},"class_list":["post-617","page","type-page","status-publish","hentry"],"_links":{"self":[{"href":"https:\/\/www.fotezja.pl\/fotowyprawy\/wp-json\/wp\/v2\/pages\/617","targetHints":{"allow":["GET"]}}],"collection":[{"href":"https:\/\/www.fotezja.pl\/fotowyprawy\/wp-json\/wp\/v2\/pages"}],"about":[{"href":"https:\/\/www.fotezja.pl\/fotowyprawy\/wp-json\/wp\/v2\/types\/page"}],"author":[{"embeddable":true,"href":"https:\/\/www.fotezja.pl\/fotowyprawy\/wp-json\/wp\/v2\/users\/1"}],"replies":[{"embeddable":true,"href":"https:\/\/www.fotezja.pl\/fotowyprawy\/wp-json\/wp\/v2\/comments?post=617"}],"version-history":[{"count":13,"href":"https:\/\/www.fotezja.pl\/fotowyprawy\/wp-json\/wp\/v2\/pages\/617\/revisions"}],"predecessor-version":[{"id":10828,"href":"https:\/\/www.fotezja.pl\/fotowyprawy\/wp-json\/wp\/v2\/pages\/617\/revisions\/10828"}],"wp:attachment":[{"href":"https:\/\/www.fotezja.pl\/fotowyprawy\/wp-json\/wp\/v2\/media?parent=617"}],"curies":[{"name":"wp","href":"https:\/\/api.w.org\/{rel}","templated":true}]}}