{"id":5260,"date":"2022-04-01T23:36:23","date_gmt":"2022-04-01T21:36:23","guid":{"rendered":"https:\/\/www.fotezja.pl\/fotowyprawy\/?page_id=5260"},"modified":"2022-04-18T16:56:33","modified_gmt":"2022-04-18T14:56:33","slug":"photoshop-dla-poczatkujacych","status":"publish","type":"page","link":"https:\/\/www.fotezja.pl\/fotowyprawy\/photoshop-dla-poczatkujacych\/","title":{"rendered":"Photoshop dla pocz\u0105tkuj\u0105cych"},"content":{"rendered":"<p><img decoding=\"async\" loading=\"lazy\" src=\"https:\/\/www.fotezja.pl\/fotowyprawy\/wp-content\/uploads\/sites\/6\/2022\/04\/PTR_2996_b.jpg\"><noscript><img decoding=\"async\" src=\"https:\/\/www.fotezja.pl\/fotowyprawy\/wp-content\/uploads\/sites\/6\/2022\/04\/PTR_2996_b.jpg\"><\/noscript><\/p>\n<p>Warsztaty edycyjne robimy teraz zdalnie! O um\u00f3wionej godzinie ka\u017cdy zasi\u0105dzie przed swoim komputerem i nauczymy si\u0119 czego\u015b nowego. Tym razem skupimy si\u0119 na tajnikach radzenia sobie z programem Adobe Photoshop. Zaj\u0119cia s\u0105 przeznaczone dla pocz\u0105tkuj\u0105cych u\u017cytkownik\u00f3w tego programu: zobaczycie jak bardzo jest po\u017cyteczny, ale przede wszystkim &#8211; \u017ce nie trzeba si\u0119 go ba\u0107!<\/p>\n<p><\/p>\n<p><strong>Nasze warsztaty edycyjne to:<\/strong><\/p>\n<p><strong>\u2022 <\/strong>Interaktywne zaj\u0119cia w ma\u0142ych grupach<\/p>\n<p><strong>\u2022 <\/strong>Dok\u0142adne prze\u0107wiczenie ka\u017cdego zagadnienia<\/p>\n<p><strong>\u2022 <\/strong>Nie trzeba nigdzie je\u017adzi\u0107: uczysz si\u0119 w domu, przez internet<\/p>\n<p><strong>\u2022 <\/strong>Mo\u017cna korzysta\u0107 z laptopa albo komputera stacjonarnego<\/p>\n<p><strong>\u2022 <\/strong>Dost\u0119p do materia\u0142\u00f3w z warsztat\u00f3w po ich zako\u0144czeniu<\/p>\n<p><img decoding=\"async\" loading=\"lazy\" src=\"https:\/\/www.fotezja.pl\/fotowyprawy\/wp-content\/uploads\/sites\/6\/2022\/04\/PTR_8607_b.jpg\"><noscript><img decoding=\"async\" src=\"https:\/\/www.fotezja.pl\/fotowyprawy\/wp-content\/uploads\/sites\/6\/2022\/04\/PTR_8607_b.jpg\"><\/noscript><\/p>\n<p>Spotkania s\u0105 interaktywne i przebiegaj\u0105 wed\u0142ug schematu: prezentacja \u2013 \u0107wiczenie z asyst\u0105. Czyli najpierw ja pokazuj\u0119 co i jak nale\u017cy zrobi\u0107, a nast\u0119pnie Uczestnicy powtarzaj\u0105 czynno\u015bci, korzystaj\u0105c z mojej pomocy je\u015bli jej potrzebuj\u0105. Je\u015bli pojawi si\u0119 konieczno\u015b\u0107 dodatkowych wyja\u015bnie\u0144, te\u017c oczywi\u015bcie mo\u017cna na nie liczy\u0107. Gdy wszyscy wykonaj\u0105 \u0107wiczenie, przejdziemy do nast\u0119pnego. Taki interaktywny tryb pracy jest najbardziej efektywny dla ma\u0142ych grup, wi\u0119c nasze grupy b\u0119d\u0105 liczy\u0107 maksymalnie sze\u015b\u0107 os\u00f3b.<\/p>\n<p><strong>Na tych warsztatach nauczysz si\u0119:<\/strong><\/p>\n<p><strong>\u2022<\/strong> jak skonfigurowa\u0107 sobie Photoshopa do wygodnej pracy<\/p>\n<p><strong>\u2022<\/strong> otwiera\u0107 i zapisywa\u0107 zdj\u0119cia w spos\u00f3b dopasowany do potrzeb<\/p>\n<p><strong>\u2022<\/strong> korzysta\u0107 skutecznie z u\u017cytecznych narz\u0119dzi, kt\u00f3re Photoshop ma, a Lightroom nie&nbsp;<\/p>\n<p><strong>\u2022<\/strong> tworzy\u0107 i usuwa\u0107 warstwy <\/p>\n<p><\/p>\n<p><strong>\u2022<\/strong> korzysta\u0107 z szarej warstwy do precyzyjnej korekcji jasno\u015bci <\/p>\n<p><strong>\u2022<\/strong> korygowa\u0107 detale i retuszowa\u0107 przeszkadzaj\u0105ce elementy<\/p>\n<p><strong>\u2022<\/strong> kadrowa\u0107 tak \u017ceby dopasowa\u0107 obraz do papieru albo do w\u0142asnych preferencji<\/p>\n<p><\/p>\n<p><strong>\u2022<\/strong> prostowa\u0107 zdj\u0119cia, korygowa\u0107 perspektyw\u0119 i kadrowa\u0107<\/p>\n<p><strong>\u2022<\/strong> odszumia\u0107, wyostrza\u0107 i&#8230; doszumia\u0107<\/p>\n<p><strong>\u2022<\/strong> wykorzystywa\u0107 przestrzenie RGB i LAB do pracy nad jasno\u015bci\u0105 i kolorem<\/p>\n<p><strong>\u2022<\/strong> rozpoznawa\u0107, co lepiej robi\u0107 w module Camera Raw, a co zostawia\u0107 sobie na p\u00f3\u017aniejsz\u0105 obr\u00f3bk\u0119<\/p>\n<p>Zdj\u0119cie powy\u017cej powsta\u0142o ze zdj\u0119cia poni\u017cej&#8230; i tego te\u017c si\u0119 nauczymy na warsztatach!<\/p>\n<p><img decoding=\"async\" loading=\"lazy\" src=\"https:\/\/www.fotezja.pl\/fotowyprawy\/wp-content\/uploads\/sites\/6\/2022\/04\/PTR_8607_borg.jpg\"><noscript><img decoding=\"async\" src=\"https:\/\/www.fotezja.pl\/fotowyprawy\/wp-content\/uploads\/sites\/6\/2022\/04\/PTR_8607_borg.jpg\"><\/noscript><\/p>\n<p>Zaj\u0119cia online r\u00f3\u017cni\u0105 si\u0119 od stacjonarnych pod r\u00f3\u017cnymi wzgl\u0119dami. Skoro nigdzie nie musimy jecha\u0107 ani wynajmowa\u0107 sali, nie ma powodu, \u017ceby robi\u0107 trzydniowe posiedzenia. Online jeden dzie\u0144 to jedno zagadnienie, przewa\u0142kowane wzd\u0142u\u017c i wszerz. Pojedyncze spotkanie trwa 5 godzin, z p\u00f3\u0142godzinn\u0105 przerw\u0105 w \u015brodku. Kaw\u0119 i ciastka na przerw\u0119 ka\u017cdy dostarcza sobie we w\u0142asnym zakresie \ud83d\ude42 Potrzeba notowania zagadnie\u0144 jest mniejsza ni\u017c przy dotychczasowych warsztatach obr\u00f3bkowych, bo Uczestnicy dostan\u0105 dost\u0119p do materia\u0142\u00f3w zapisanych przez system Zoom w trakcie warsztat\u00f3w. Mimo to namawiam do notowania przynajmniej niekt\u00f3rych, bardziej skomplikowanych zagadnie\u0144, bo dzi\u0119ki temu lepiej si\u0119 zapami\u0119tuje \u2013 niemniej jednak, w tym systemie wi\u0119cej b\u0119dzie \u0107wicze\u0144, a mniej notowania.<\/p>\n<p>Warsztaty s\u0105 prowadzone przy u\u017cyciu platformy Zoom. Do uczestnictwa w nich wystarczy za\u0142o\u017cenie darmowego konta i pobranie bezp\u0142atnej aplikacji Zoom. Instrukcj\u0119 instalacji Zooma oraz korzystania z istotnych jego narz\u0119dzi mo\u017cna znale\u017a\u0107 w poradniku: <a href=\"https:\/\/www.fotezja.pl\/fotowyprawy\/warsztaty-online-jak-sie-przygotowac\/\" style=\"color: #ff9900\"><strong>Warsztaty online &#8211; jak si\u0119 przygotowa\u0107<\/strong><\/a>.<\/p>\n<p><img decoding=\"async\" loading=\"lazy\" src=\"https:\/\/www.fotezja.pl\/fotowyprawy\/wp-content\/uploads\/sites\/6\/2022\/03\/IMG_5440_b.jpg\"><noscript><img decoding=\"async\" src=\"https:\/\/www.fotezja.pl\/fotowyprawy\/wp-content\/uploads\/sites\/6\/2022\/03\/IMG_5440_b.jpg\"><\/noscript><\/p>\n<p class=\"tipi-center\"><span style=\"color: #ff0000\" wfd-id=\"247\"><br \/><\/span><\/p>\n<p><a name=\"zgloszenie\"><\/a><\/p>\n<p><strong><em><span style=\"color: #ffffff;\"><a href=\"https:\/\/www.fotezja.pl\/fotowyprawy\/photoshop-dla-poczatkujacych\/zgloszenie-na-warsztaty-photoshop-dla-poczatkujacych\/\" rel=\"\">Chc\u0119 sobie radzi\u0107 z Photoshopem!<\/a><\/span><\/em><\/strong><\/p>\n<p><img decoding=\"async\" loading=\"lazy\" src=\"https:\/\/www.fotezja.pl\/fotowyprawy\/wp-content\/uploads\/sites\/6\/2022\/04\/PTR_7998_b.jpg\"><noscript><img decoding=\"async\" src=\"https:\/\/www.fotezja.pl\/fotowyprawy\/wp-content\/uploads\/sites\/6\/2022\/04\/PTR_7998_b.jpg\"><\/noscript><\/p>\n<p><strong><a href=\"https:\/\/www.fotezja.pl\/fotowyprawy\/photoshop-dla-poczatkujacych\/zgloszenie-na-warsztaty-photoshop-dla-poczatkujacych\/\" rel=\"\">Zg\u0142aszam si\u0119 na warsztaty z PHOTOSHOPA<\/a><\/strong><\/p>\n<p>Warsztaty edycyjne online s\u0105 prowadzone przez internet, niezb\u0119dny jest wi\u0119c sprawny dost\u0119p do internetu. Jak sprawny? Je\u015bli ogl\u0105damy bez problem\u00f3w i zaci\u0119\u0107 filmy w wysokiej rozdzielczo\u015bci na Youtube, Netflix, HBO itp., to prawdopodobnie mamy wystarczaj\u0105co wydajny internet.<\/p>\n<p>Potrzebny jest te\u017c oczywi\u015bcie komputer z oprogramowaniem, kt\u00f3re b\u0119dzie u\u017cywane podczas warsztat\u00f3w. W tym przypadku potrzebne oprogramowanie to:<\/p>\n<p>&#8211; <strong>Adobe Photoshop<\/strong> (najlepiej w nowej wersji CC) z zainstalowanym modu\u0142em Camera Raw (powinien si\u0119 zainstalowa\u0107 razem z Photoshopem bez dodatkowych dzia\u0142a\u0144 ze strony u\u017cytkownika).<\/p>\n<p>Photoshop mo\u017ce by\u0107 w wersji pr\u00f3bnej, kt\u00f3r\u0105 mo\u017cna sobie aktywowa\u0107 bezp\u0142atnie na 7 dni wybieraj\u0105c <a target=\"_blank\" href=\"https:\/\/www.adobe.com\/pl\/creativecloud\/photography.html#mini-plans-web-cta-photoshop-card\" style=\"color: #ff9900\" rel=\"noopener\"><strong>Plan fotograficzny Adobe<\/strong><\/a>.<\/p>\n<p>Komputer powinien by\u0107 na tyle wydajny, aby wygodnie i sprawnie dzia\u0142a\u0142 na nim Photoshop &#8211; bez zaci\u0119\u0107, przestoj\u00f3w, oczekiwania na wykonanie operacji. W praktyce wystarczy do tego komputer z dowolnym procesorem nie starszym ni\u017c 7 lat i pami\u0119ci\u0105 RAM co najmniej 8 GB (a jeszcze lepiej &#8211; 12-16 GB). Potrzebna te\u017c b\u0119dzie myszka do sterowania (g\u0142adzik nie wystarczy!). Dwa monitory b\u0119d\u0105 stanowi\u0142y u\u0142atwienie (na jednym ekranie mo\u017cna wy\u015bwietla\u0107 transmitowane instrukcje warsztatowe, a na drugim ekranie mie\u0107 Photoshopa do \u0107wicze\u0144), ale nie s\u0105 niezb\u0119dne.<\/p>\n<p>Pliki zdj\u0119\u0107 potrzebnych do \u0107wicze\u0144 zostan\u0105 dostarczone przed rozpocz\u0119ciem warsztat\u00f3w &#8211; nie trzeba szykowa\u0107 w\u0142asnych.<\/p>\n<p>Warsztaty s\u0105 prowadzone przy u\u017cyciu platformy Zoom. Do uczestnictwa w nich wystarczy za\u0142o\u017cenie darmowego konta i pobranie bezp\u0142atnej aplikacji Zoom. Instrukcj\u0119 instalacji Zooma oraz korzystania z istotnych jego narz\u0119dzi mo\u017cna znale\u017a\u0107 w poradniku: <a href=\"https:\/\/www.fotezja.pl\/fotowyprawy\/warsztaty-online-jak-sie-przygotowac\/\" style=\"color: #ff9900\"><strong>Warsztaty online &#8211; jak si\u0119 przygotowa\u0107<\/strong><\/a>.<\/p>\n<p><img decoding=\"async\" loading=\"lazy\" src=\"https:\/\/www.fotezja.pl\/fotowyprawy\/wp-content\/uploads\/sites\/6\/2022\/04\/IMG_6906_org.jpg\"><noscript><img decoding=\"async\" src=\"https:\/\/www.fotezja.pl\/fotowyprawy\/wp-content\/uploads\/sites\/6\/2022\/04\/IMG_6906_org.jpg\"><\/noscript><br \/>\n<img decoding=\"async\" loading=\"lazy\" src=\"https:\/\/www.fotezja.pl\/fotowyprawy\/wp-content\/uploads\/sites\/6\/2022\/04\/IMG_6906-6908_b.jpg\"><noscript><img decoding=\"async\" src=\"https:\/\/www.fotezja.pl\/fotowyprawy\/wp-content\/uploads\/sites\/6\/2022\/04\/IMG_6906-6908_b.jpg\"><\/noscript><\/p>\n<p><\/p>\n<p style=\"text-align: center;\"><strong><span style=\"color: #ff9900;\"><a href=\"https:\/\/www.fotezja.pl\/jak-sobie-ulozyc-palety-w-photoshopie\/\" rel=\"noopener noreferrer nofollow\">Przed warsztatami u\u0142\u00f3\u017c sobie palety w Photoshopie<\/a><\/span><\/strong><\/p>\n<p style=\"text-align: center;\"><strong><span style=\"color: #ff9900;\"><a href=\"https:\/\/www.ewaipiotr.pl\/obrobka-zdjec\/jak-zdezaktualizowac-adobe-camera-raw\/\" rel=\"noopener noreferrer nofollow\" target=\"_blank\">Jak wr\u00f3ci\u0107 do poprzedniej (sprawnej) wersji Adobe Camera RAW w Photoshopie<\/a><\/span><\/strong><\/p>\n<p style=\"text-align: center;\">\n","protected":false},"excerpt":{"rendered":"<p>Warsztaty edycyjne robimy teraz zdalnie! O um\u00f3wionej godzinie ka\u017cdy zasi\u0105dzie przed swoim komputerem i nauczymy si\u0119 czego\u015b nowego. Tym razem skupimy si\u0119 na tajnikach radzenia sobie z programem Adobe Photoshop. Zaj\u0119cia s\u0105 przeznaczone dla pocz\u0105tkuj\u0105cych u\u017cytkownik\u00f3w tego programu: zobaczycie jak bardzo jest po\u017cyteczny, ale przede wszystkim &#8211; \u017ce nie trzeba si\u0119 go ba\u0107! Nasze warsztaty edycyjne to: \u2022 Interaktywne zaj\u0119cia w ma\u0142ych grupach \u2022 Dok\u0142adne prze\u0107wiczenie ka\u017cdego zagadnienia \u2022 Nie trzeba nigdzie je\u017adzi\u0107: uczysz si\u0119 w domu, przez internet \u2022 [&hellip;]<\/p>\n","protected":false},"author":2,"featured_media":5280,"parent":0,"menu_order":0,"comment_status":"closed","ping_status":"closed","template":"","meta":{"footnotes":"","_links_to":"","_links_to_target":""},"class_list":["post-5260","page","type-page","status-publish","has-post-thumbnail","hentry"],"_links":{"self":[{"href":"https:\/\/www.fotezja.pl\/fotowyprawy\/wp-json\/wp\/v2\/pages\/5260","targetHints":{"allow":["GET"]}}],"collection":[{"href":"https:\/\/www.fotezja.pl\/fotowyprawy\/wp-json\/wp\/v2\/pages"}],"about":[{"href":"https:\/\/www.fotezja.pl\/fotowyprawy\/wp-json\/wp\/v2\/types\/page"}],"author":[{"embeddable":true,"href":"https:\/\/www.fotezja.pl\/fotowyprawy\/wp-json\/wp\/v2\/users\/2"}],"replies":[{"embeddable":true,"href":"https:\/\/www.fotezja.pl\/fotowyprawy\/wp-json\/wp\/v2\/comments?post=5260"}],"version-history":[{"count":21,"href":"https:\/\/www.fotezja.pl\/fotowyprawy\/wp-json\/wp\/v2\/pages\/5260\/revisions"}],"predecessor-version":[{"id":5362,"href":"https:\/\/www.fotezja.pl\/fotowyprawy\/wp-json\/wp\/v2\/pages\/5260\/revisions\/5362"}],"wp:featuredmedia":[{"embeddable":true,"href":"https:\/\/www.fotezja.pl\/fotowyprawy\/wp-json\/wp\/v2\/media\/5280"}],"wp:attachment":[{"href":"https:\/\/www.fotezja.pl\/fotowyprawy\/wp-json\/wp\/v2\/media?parent=5260"}],"curies":[{"name":"wp","href":"https:\/\/api.w.org\/{rel}","templated":true}]}}