{"id":379,"date":"2019-04-22T18:14:06","date_gmt":"2019-04-22T16:14:06","guid":{"rendered":"https:\/\/www.fotezja.pl\/fotowyprawy\/?page_id=379"},"modified":"2020-04-20T17:44:54","modified_gmt":"2020-04-20T15:44:54","slug":"powiadomienia-o-fotowyprawach","status":"publish","type":"page","link":"https:\/\/www.fotezja.pl\/fotowyprawy\/o-bp-fotezja\/powiadomienia-o-fotowyprawach\/","title":{"rendered":"Powiadomienia o fotowyprawach"},"content":{"rendered":"<p>Nie przegap \u017cadnej egzotycznej fotowyprawy ani nie dopu\u015b\u0107, \u017ceby ciekawe warsztaty fotograficzne przesz\u0142y Ci ko\u0142o nosa! Zapisz si\u0119 na nasze powiadomienia, a b\u0119dziemy Ci wysy\u0142a\u0107 informacje o ka\u017cdym nowym wyje\u017adzie fotograficznym!<\/p>\n<p><a target=\"_blank\" href=\"http:\/\/eepurl.com\/grsibH\" rel=\"noopener noreferrer\">Zapisuj\u0119 Si\u0119 na powiadomienia Fotezji!<\/a><\/p>\n<p>Dlaczego warto zapisa\u0107 si\u0119 na nasz newsletter? Osoby zapisane otrzymuj\u0105 priorytetowo informacje o nowych warsztatach fotograficznych i fotowyprawach \u2013 a niekiedy rozchodz\u0105 si\u0119 one jak ciep\u0142e bu\u0142eczki i informacje o tych imprezach pojawiaj\u0105 si\u0119 ju\u017c z piecz\u0105tk\u0105 \u201cbrak miejsc\u201d! W ten spos\u00f3b te\u017c informujemy o naszych nowych poradnikach fotograficznych na Fotezji oraz nowych ksi\u0105\u017ckach fotograficznych, dodatkowo oferuj\u0105c premierowy kod zni\u017ckowy.&nbsp;<\/p>\n<p><\/p>\n<p>Adres\u00f3w mailowych nie sprzedajemy, nie udost\u0119pniamy i nie wykorzystujemy do rozsy\u0142ania informacji od podmiot\u00f3w trzecich. W ka\u017cdej chwili mo\u017cesz zmieni\u0107 zdanie i zrezygnowa\u0107 z otrzymywania od nas informacji poprzez klikni\u0119cie przycisku na dole ka\u017cdego z wys\u0142anych maili.<\/p>\n<p><img decoding=\"async\" loading=\"lazy\" src=\"https:\/\/www.fotezja.pl\/fotowyprawy\/wp-content\/uploads\/sites\/6\/2019\/05\/PTR_9913_zaproszenieToskania.jpg\"><noscript><img decoding=\"async\" src=\"https:\/\/www.fotezja.pl\/fotowyprawy\/wp-content\/uploads\/sites\/6\/2019\/05\/PTR_9913_zaproszenieToskania.jpg\"><\/noscript><\/p>\n<p>Po wype\u0142nieniu powy\u017cszego formularza, otrzymasz maila z pro\u015bb\u0105 o potwierdzenie rejestracji poprzez klikni\u0119cie zamieszczonego w mailu linka. Jest to podw\u00f3jne potwierdzenie ch\u0119ci otrzymywania powiadomie\u0144 od portalu fotograficznego Fotezja.pl \u2013 takie podw\u00f3jne potwierdzenie to wym\u00f3g prawny, a jednocze\u015bnie zabezpieczenie przed sytuacjami, gdy kto\u015b pr\u00f3buje zapisa\u0107 inn\u0105 osob\u0119 bez jej zgody. <strong>Je\u015bli nie otrzyma\u0142e\u015b maila z pro\u015bb\u0105 o potwierdzenie rejestracji, sprawd\u017a prosz\u0119, czy nie trafi\u0142 do spamu<\/strong>.<\/p>\n<p><\/p>\n\n<div class=\"wpcf7 no-js\" id=\"wpcf7-f316-o1\" lang=\"pl-PL\" dir=\"ltr\" data-wpcf7-id=\"316\">\n<div class=\"screen-reader-response\"><p role=\"status\" aria-live=\"polite\" aria-atomic=\"true\"><\/p> <ul><\/ul><\/div>\n<form action=\"\/fotowyprawy\/wp-json\/wp\/v2\/pages\/379#wpcf7-f316-o1\" method=\"post\" class=\"wpcf7-form init\" aria-label=\"Formularz kontaktowy\" novalidate=\"novalidate\" data-status=\"init\">\n<fieldset class=\"hidden-fields-container\"><input type=\"hidden\" name=\"_wpcf7\" value=\"316\" \/><input type=\"hidden\" name=\"_wpcf7_version\" value=\"6.1.5\" \/><input type=\"hidden\" name=\"_wpcf7_locale\" value=\"pl_PL\" \/><input type=\"hidden\" name=\"_wpcf7_unit_tag\" value=\"wpcf7-f316-o1\" \/><input type=\"hidden\" name=\"_wpcf7_container_post\" value=\"0\" \/><input type=\"hidden\" name=\"_wpcf7_posted_data_hash\" value=\"\" \/><input type=\"hidden\" name=\"_wpcf7_recaptcha_response\" value=\"\" \/>\n<\/fieldset>\n<p><label> Imi\u0119 i nazwisko (wymagane)<br \/>\n<span class=\"wpcf7-form-control-wrap\" data-name=\"your-name\"><input size=\"40\" maxlength=\"400\" class=\"wpcf7-form-control wpcf7-text wpcf7-validates-as-required\" aria-required=\"true\" aria-invalid=\"false\" value=\"\" type=\"text\" name=\"your-name\" \/><\/span> <\/label>\n<\/p>\n<p><label> Adres email (wymagane)<br \/>\n<span class=\"wpcf7-form-control-wrap\" data-name=\"your-email\"><input size=\"40\" maxlength=\"400\" class=\"wpcf7-form-control wpcf7-email wpcf7-validates-as-required wpcf7-text wpcf7-validates-as-email\" aria-required=\"true\" aria-invalid=\"false\" value=\"\" type=\"email\" name=\"your-email\" \/><\/span> <\/label>\n<\/p>\n<p><label> Temat<br \/>\n<span class=\"wpcf7-form-control-wrap\" data-name=\"your-subject\"><input size=\"40\" maxlength=\"400\" class=\"wpcf7-form-control wpcf7-text\" aria-invalid=\"false\" value=\"\" type=\"text\" name=\"your-subject\" \/><\/span> <\/label>\n<\/p>\n<p><label> Tre\u015b\u0107 wiadomo\u015bci<br \/>\n<span class=\"wpcf7-form-control-wrap\" data-name=\"your-message\"><textarea cols=\"40\" rows=\"10\" maxlength=\"2000\" class=\"wpcf7-form-control wpcf7-textarea\" aria-invalid=\"false\" name=\"your-message\"><\/textarea><\/span> <\/label>\n<\/p>\n\n<p><input class=\"wpcf7-form-control wpcf7-submit has-spinner\" type=\"submit\" value=\"Wy\u015blij\" \/>\n<\/p><div class=\"wpcf7-response-output\" aria-hidden=\"true\"><\/div>\n<\/form>\n<\/div>\n\n<p><\/p>\n","protected":false},"excerpt":{"rendered":"<p>Nie przegap \u017cadnej egzotycznej fotowyprawy ani nie dopu\u015b\u0107, \u017ceby ciekawe warsztaty fotograficzne przesz\u0142y Ci ko\u0142o nosa! Zapisz si\u0119 na nasze powiadomienia, a b\u0119dziemy Ci wysy\u0142a\u0107 informacje o ka\u017cdym nowym wyje\u017adzie fotograficznym! Zapisuj\u0119 Si\u0119 na powiadomienia Fotezji! Dlaczego warto zapisa\u0107 si\u0119 na nasz newsletter? Osoby zapisane otrzymuj\u0105 priorytetowo informacje o nowych warsztatach fotograficznych i fotowyprawach \u2013 a niekiedy rozchodz\u0105 si\u0119 one jak ciep\u0142e bu\u0142eczki i informacje o tych imprezach pojawiaj\u0105 si\u0119 ju\u017c z piecz\u0105tk\u0105 \u201cbrak miejsc\u201d! W ten spos\u00f3b te\u017c informujemy [&hellip;]<\/p>\n","protected":false},"author":1,"featured_media":0,"parent":376,"menu_order":0,"comment_status":"closed","ping_status":"closed","template":"","meta":{"footnotes":"","_links_to":"","_links_to_target":""},"class_list":["post-379","page","type-page","status-publish","hentry"],"_links":{"self":[{"href":"https:\/\/www.fotezja.pl\/fotowyprawy\/wp-json\/wp\/v2\/pages\/379","targetHints":{"allow":["GET"]}}],"collection":[{"href":"https:\/\/www.fotezja.pl\/fotowyprawy\/wp-json\/wp\/v2\/pages"}],"about":[{"href":"https:\/\/www.fotezja.pl\/fotowyprawy\/wp-json\/wp\/v2\/types\/page"}],"author":[{"embeddable":true,"href":"https:\/\/www.fotezja.pl\/fotowyprawy\/wp-json\/wp\/v2\/users\/1"}],"replies":[{"embeddable":true,"href":"https:\/\/www.fotezja.pl\/fotowyprawy\/wp-json\/wp\/v2\/comments?post=379"}],"version-history":[{"count":23,"href":"https:\/\/www.fotezja.pl\/fotowyprawy\/wp-json\/wp\/v2\/pages\/379\/revisions"}],"predecessor-version":[{"id":2096,"href":"https:\/\/www.fotezja.pl\/fotowyprawy\/wp-json\/wp\/v2\/pages\/379\/revisions\/2096"}],"up":[{"embeddable":true,"href":"https:\/\/www.fotezja.pl\/fotowyprawy\/wp-json\/wp\/v2\/pages\/376"}],"wp:attachment":[{"href":"https:\/\/www.fotezja.pl\/fotowyprawy\/wp-json\/wp\/v2\/media?parent=379"}],"curies":[{"name":"wp","href":"https:\/\/api.w.org\/{rel}","templated":true}]}}