{"id":376,"date":"2019-04-22T18:09:08","date_gmt":"2019-04-22T16:09:08","guid":{"rendered":"https:\/\/www.fotezja.pl\/fotowyprawy\/?page_id=376"},"modified":"2026-02-21T11:35:52","modified_gmt":"2026-02-21T10:35:52","slug":"o-bp-fotezja","status":"publish","type":"page","link":"https:\/\/www.fotezja.pl\/fotowyprawy\/o-bp-fotezja\/","title":{"rendered":"O Biurze Podr\u00f3\u017cy Fotezja"},"content":{"rendered":"<h3>Podr\u00f3\u017cujemy aby fotografowa\u0107<\/h3>\n<p>Fotowyprawy Fotezji powsta\u0142y z potrzeby serca: chcieli\u015bmy je\u017adzi\u0107 po \u015bwiecie na spos\u00f3b fotograficzny, ale nikt nie organizowa\u0142 wyjazd\u00f3w, kt\u00f3re by nam odpowiada\u0142y. Wi\u0119c teraz organizujemy je osobi\u015bcie: takie, jak maj\u0105 by\u0107.<\/p>\n<p>My, czyli <a href=\"https:\/\/www.ewaipiotr.pl\/o-nas\/ewa\/\" target=\"_blank\" rel=\"noopener noreferrer\"><strong>Ewa Prus<\/strong><\/a> i <a href=\"https:\/\/www.ewaipiotr.pl\/o-nas\/piotr\/\" target=\"_blank\" rel=\"noopener noreferrer\"><strong>Piotr D\u0119bek<\/strong><\/a>.<\/p>\n<div id=\"jig1\" class=\"justified-image-grid jig-501be3d489d51f2e81e47e66c945cc16 jig-preset-global jig-source-wp-gallery\"><div class=\"jig-clearfix\"><\/div><noscript id=\"jig1-html\" class=\"justified-image-grid-html\" data-lazy-src=\"skiplazyload\" data-src=\"skipunveillazyload\"><ul><li><a href=\"https:\/\/www.fotezja.pl\/fotowyprawy\/wp-content\/uploads\/sites\/6\/2019\/12\/IMG_7688_Ewa_aa.jpg\" title=\"IMG_7688_Ewa_aa\"><img decoding=\"async\" src=\"https:\/\/www.fotezja.pl\/fotowyprawy\/wp-content\/plugins\/justified-image-grid\/timthumb.php?src=https%3A%2F%2Fwww.fotezja.pl%2Ffotowyprawy%2Fwp-content%2Fuploads%2Fsites%2F6%2F2019%2F12%2FIMG_7688_Ewa_aa.jpg&amp;h=450&amp;q=90&amp;f=.jpg\" alt=\"&lt;span id=&quot;wp-image-1826&quot; class=&quot;exif&quot;&gt;&lt;span class=&quot;aperture&quot;&gt;Przys\u0142ona:&#402;\/8&nbsp;&lt;span class=&quot;focal_length&quot;&gt;Ogniskowa:40mm&nbsp;&lt;span class=&quot;iso&quot;&gt;Czu\u0142o\u015b\u0107 ISO:100&nbsp;&lt;span class=&quot;shutter_speed&quot;&gt;Czas na\u015bwietlania:1\/160s&nbsp;&lt;\/span&gt;\" width=\"565\" height=\"450\" \/><\/a><p class=\"jig-HTMLdescription\"><span id=\"wp-image-1826\" class=\"exif\"><span class=\"aperture\">Przys\u0142ona:&#402;\/8&nbsp;<span class=\"focal_length\">Ogniskowa:40mm&nbsp;<span class=\"iso\">Czu\u0142o\u015b\u0107 ISO:100&nbsp;<span class=\"shutter_speed\">Czas na\u015bwietlania:1\/160s&nbsp;<\/span><br\/>IMG_7688_Ewa_aa<\/p><\/li><li><a href=\"https:\/\/www.fotezja.pl\/fotowyprawy\/wp-content\/uploads\/sites\/6\/2019\/12\/IMG_2082_b-770x613.jpg\"><img decoding=\"async\" src=\"https:\/\/www.fotezja.pl\/fotowyprawy\/wp-content\/plugins\/justified-image-grid\/timthumb.php?src=https%3A%2F%2Fwww.fotezja.pl%2Ffotowyprawy%2Fwp-content%2Fuploads%2Fsites%2F6%2F2019%2F12%2FIMG_2082_b-770x613.jpg&amp;h=450&amp;q=90&amp;f=.jpg\" alt=\"&lt;span id=&quot;wp-image-1822&quot; class=&quot;exif&quot;&gt;&lt;span class=&quot;aperture&quot;&gt;Przys\u0142ona:&#402;\/8&nbsp;&lt;span class=&quot;focal_length&quot;&gt;Ogniskowa:18mm&nbsp;&lt;span class=&quot;iso&quot;&gt;Czu\u0142o\u015b\u0107 ISO:200&nbsp;&lt;span class=&quot;shutter_speed&quot;&gt;Czas na\u015bwietlania:1\/125s&nbsp;&lt;\/span&gt;\" width=\"565\" height=\"450\" \/><\/a><p class=\"jig-HTMLdescription\"><span id=\"wp-image-1822\" class=\"exif\"><span class=\"aperture\">Przys\u0142ona:&#402;\/8&nbsp;<span class=\"focal_length\">Ogniskowa:18mm&nbsp;<span class=\"iso\">Czu\u0142o\u015b\u0107 ISO:200&nbsp;<span class=\"shutter_speed\">Czas na\u015bwietlania:1\/125s&nbsp;<\/span><\/p><\/li><\/ul><\/noscript><\/div>\n<p>Warsztaty fotograficzne prowadzimy od 2009 roku, a fotowyprawy od 2012. Do roku 2019 przeprowadzili\u015bmy ponad 60 fotowypraw, w kt\u00f3rych wzi\u0119\u0142o udzia\u0142 ponad 650 os\u00f3b, a co trzecia z nich by\u0142a z nami na wyje\u017adzie fotograficznym trzy razy lub wi\u0119cej. Warsztat\u00f3w ju\u017c nawet nie liczymy&#8230; To oznacza, \u017ce nikt w Polsce nie ma takiej wprawy jak my!<\/p>\n<p>Relacje z naszych fotowypraw i warsztat\u00f3w mo\u017cesz przeczyta\u0107 na naszym blogu:<strong> <a href=\"https:\/\/www.ewaipiotr.pl\/wspomnienia-z-warsztatow\/\" target=\"_blank\" rel=\"noopener noreferrer\">https:\/\/www.ewaipiotr.pl\/wspomnienia-z-warsztatow\/<\/a><\/strong><\/p>\n<p>Pr\u00f3bk\u0119 zdj\u0119\u0107 jakie powsta\u0142y podczas tych wyjazd\u00f3w mo\u017cna zobaczy\u0107 w naszym Portfolio: <strong><a href=\"https:\/\/www.ewaipiotr.pl\/portfolio-4\/\" target=\"_blank\" rel=\"noopener noreferrer\">https:\/\/www.ewaipiotr.pl\/portfolio-4\/<\/a><\/strong><\/p>\n<p>Nasze warsztaty odbywa\u0142y si\u0119 ju\u017c w 22 krajach, a liczba ta ro\u015bnie, bo w planach mamy nast\u0119pne &#8211; a nasze plany mamy zwyczaj realizowa\u0107.<\/p>\n<p>Edukacj\u0105 fotograficzn\u0105 zajmujemy si\u0119 jeszcze d\u0142u\u017cej ni\u017c fotowyprawami. Prowadzili\u015bmy j\u0105 od 2000 roku, najpierw na \u0142amach miesi\u0119cznika \u201eCHIP\u201d, p\u00f3\u017aniej \u201eCHIP Foto Video Digital\u201d, a nast\u0119pnie \u201eDigital Foto Video\u201d i \u201cFoto Plus\u201d. Napisali\u015bmy mn\u00f3stwo poradnik\u00f3w fotograficznych i ci\u0105gle tworzymy nowe, bo ta dziedzina wiedzy nigdy si\u0119 nie ko\u0144czy. Aktualne kompendia s\u0105 dost\u0119pne w naszym sklepiku: <a href=\"https:\/\/www.fotezja.pl\/sklep\/\"><strong>https:\/\/www.fotezja.pl\/sklep\/<\/strong><\/a> a artyku\u0142y na przer\u00f3\u017cne fotograficzne tematy na bie\u017c\u0105co umieszczamy na naszym portalu<strong> <a href=\"http:\/\/www.fotezja.pl\">Fotezja.pl<\/a><\/strong><\/p>\n<blockquote><p>Powod\u00f3w do podr\u00f3\u017cowania mo\u017ce by\u0107 wiele. Dla nas najlepsz\u0105 motywacj\u0105 do ruszenia w \u015bwiat jest okazja do szukania nowych kadr\u00f3w. Ruszaj z nami w \u015bwiat aby szuka\u0107 pi\u0119kna i zapisywa\u0107 je w postaci fotografii!<\/p><\/blockquote>\n<h4>O Biurze Podr\u00f3\u017cy Fotezja<\/h4>\n<p>Biuro Podr\u00f3\u017cy Fotezja nale\u017cy do:<\/p>\n<p>Fotezja Ewa Prus i Piotr D\u0119bek s.c.<br \/>\nul. Kolista 18\/5<br \/>\n54-152 Wroc\u0142aw<br \/>\nNIP: 8943043636<br \/>\nRegon: 022051530<\/p>\n<p>Je\u015bli masz pytania, napisz do nas:<\/p>\n\n<div class=\"wpcf7 no-js\" id=\"wpcf7-f316-o1\" lang=\"pl-PL\" dir=\"ltr\" data-wpcf7-id=\"316\">\n<div class=\"screen-reader-response\"><p role=\"status\" aria-live=\"polite\" aria-atomic=\"true\"><\/p> <ul><\/ul><\/div>\n<form action=\"\/fotowyprawy\/wp-json\/wp\/v2\/pages\/376#wpcf7-f316-o1\" method=\"post\" class=\"wpcf7-form init\" aria-label=\"Formularz kontaktowy\" novalidate=\"novalidate\" data-status=\"init\">\n<fieldset class=\"hidden-fields-container\"><input type=\"hidden\" name=\"_wpcf7\" value=\"316\" \/><input type=\"hidden\" name=\"_wpcf7_version\" value=\"6.1.5\" \/><input type=\"hidden\" name=\"_wpcf7_locale\" value=\"pl_PL\" \/><input type=\"hidden\" name=\"_wpcf7_unit_tag\" value=\"wpcf7-f316-o1\" \/><input type=\"hidden\" name=\"_wpcf7_container_post\" value=\"0\" \/><input type=\"hidden\" name=\"_wpcf7_posted_data_hash\" value=\"\" \/><input type=\"hidden\" name=\"_wpcf7_recaptcha_response\" value=\"\" \/>\n<\/fieldset>\n<p><label> Imi\u0119 i nazwisko (wymagane)<br \/>\n<span class=\"wpcf7-form-control-wrap\" data-name=\"your-name\"><input size=\"40\" maxlength=\"400\" class=\"wpcf7-form-control wpcf7-text wpcf7-validates-as-required\" aria-required=\"true\" aria-invalid=\"false\" value=\"\" type=\"text\" name=\"your-name\" \/><\/span> <\/label>\n<\/p>\n<p><label> Adres email (wymagane)<br \/>\n<span class=\"wpcf7-form-control-wrap\" data-name=\"your-email\"><input size=\"40\" maxlength=\"400\" class=\"wpcf7-form-control wpcf7-email wpcf7-validates-as-required wpcf7-text wpcf7-validates-as-email\" aria-required=\"true\" aria-invalid=\"false\" value=\"\" type=\"email\" name=\"your-email\" \/><\/span> <\/label>\n<\/p>\n<p><label> Temat<br \/>\n<span class=\"wpcf7-form-control-wrap\" data-name=\"your-subject\"><input size=\"40\" maxlength=\"400\" class=\"wpcf7-form-control wpcf7-text\" aria-invalid=\"false\" value=\"\" type=\"text\" name=\"your-subject\" \/><\/span> <\/label>\n<\/p>\n<p><label> Tre\u015b\u0107 wiadomo\u015bci<br \/>\n<span class=\"wpcf7-form-control-wrap\" data-name=\"your-message\"><textarea cols=\"40\" rows=\"10\" maxlength=\"2000\" class=\"wpcf7-form-control wpcf7-textarea\" aria-invalid=\"false\" name=\"your-message\"><\/textarea><\/span> <\/label>\n<\/p>\n\n<p><input class=\"wpcf7-form-control wpcf7-submit has-spinner\" type=\"submit\" value=\"Wy\u015blij\" \/>\n<\/p><div class=\"wpcf7-response-output\" aria-hidden=\"true\"><\/div>\n<\/form>\n<\/div>\n\n<p style=\"text-align: center;\">Mo\u017cesz te\u017c do nas zadzwoni\u0107:<br \/>\n<a href=\"tel:+48531851081\">+48531851081<\/a><\/p>\n<p>telefon jest czynny codziennie <strong>w godzinach 14-20<\/strong>, OBS\u0141UGUJE WY\u0141\u0104CZNIE PO\u0141\u0104CZENIA G\u0141OSOWE!<\/p>\n<p>Konta firmowe Biura Podr\u00f3\u017cy Fotezja:<\/p>\n<p>Nest Bank<\/p>\n<p>Konto w PLN:<br \/>\n86 2530 0008 2053 1055 8271 0001<\/p>\n<p>Konto w euro \u20ac:<br \/>\n59 2530 0008 2053 1055 8271 0002<\/p>\n<p>Konto w funtach brytyjskich GBP:<br \/>\n32 1870 1045 2078 1055 8271 0002<\/p>\n<p>Konto w dolarach ameryka\u0144skich USD:<br \/>\n59 1870 1045 2078 1055 8271 0001<\/p>\n<p><strong>Op\u0142at okre\u015blonych w euro lub USD prosimy w \u017cadnym wypadku nie przesy\u0142a\u0107 na konto z\u0142ot\u00f3wkowe! Z\u0142ot\u00f3wki nale\u017cy wp\u0142aca\u0107 na konto w PLN, euro &#8211; na konto euro, funty na konto GBP, a dolary ameryka\u0144skie &#8211; na konto dolarowe. <\/strong><\/p>\n<p>Biuro Podr\u00f3\u017cy Fotezja jest wpisane do <span id=\"T:dclay:oc_1863900469ro5MS61:pgl1\" class=\"af_panelGroupLayout\">Centralnej Ewidencji Organizator\u00f3w Turystyki i Przedsi\u0119biorc\u00f3w U\u0142atwiaj\u0105cych Nabywanie Powi\u0105zanych Us\u0142ug Turystycznych<\/span> pod numerem ewidencyjnym <span id=\"T:dclay:oc_176404778ruA53A1:region1:r1:it2::content\" class=\"af_inputText_content\">23628<\/span>, numer wpisu do Rejestru Marsza\u0142ka Wojew\u00f3dztwa Dolno\u015bl\u0105skiego <span id=\"T:dclay:oc_176404778ruA53A1:region1:r1:it8::content\" class=\"af_inputText_content\">818\/23\/2019<\/span> oraz <a href=\"https:\/\/www.fotezja.pl\/fotowyprawy\/gwarancja-ubezpieczeniowa\/\"><strong>posiada aktualn\u0105 gwarancj\u0119 ubezpieczeniow\u0105 wystawion\u0105 przez Signal Iduna Polska TU S.A<\/strong><\/a>.<\/p>\n<div style=\"text-align: center;\"><a style=\"display: inline-block; margin: auto; width: 150px;\" href=\"https:\/\/legalnebiuropodrozy.pl\/sprawdz\/?nip=8943043636\" target=\"_blank\" rel=\"noopener\"><img decoding=\"async\" loading=\"lazy\" style=\"width: 150px;\" src=\"https:\/\/legalnebiuropodrozy.pl\/img\/logo\/legalnebiuropodrozy_h150.png\" alt=\"logo\" \/><noscript><img decoding=\"async\" style=\"width: 150px;\" src=\"https:\/\/legalnebiuropodrozy.pl\/img\/logo\/legalnebiuropodrozy_h150.png\" alt=\"logo\" \/><\/noscript><\/a><\/div>\n<h4>Przydatne informacje:<\/h4>\n<p><a href=\"https:\/\/www.fotezja.pl\/fotowyprawy\/kontakt-do-bp-fotezja\/\"><em>Kontakt do biura podr\u00f3\u017cy Fotezja<\/em><\/a><\/p>\n<p><a href=\"https:\/\/www.fotezja.pl\/fotowyprawy\/o-bp-fotezja\/powiadomienia-o-fotowyprawach\/\"><em>Powiadomienia o fotowyprawach i warsztatach fotograficznych<\/em><\/a><\/p>\n<p><a href=\"https:\/\/www.fotezja.pl\/fotowyprawy\/ogolne-warunki-umowy-o-swiadczeniu-imprez-turystycznych\/\">Og\u00f3lne warunki umowy<\/a><\/p>\n<p><a href=\"https:\/\/www.fotezja.pl\/fotowyprawy\/faq-najczesciej-zadawane-pytania\/\">FAQ fotowyprawowy &#8211; najcz\u0119\u015bciej zadawane pytania<\/a><\/p>\n<p><em><a href=\"https:\/\/www.fotezja.pl\/portal-fotograficzny-fotezja\/polityka-prywatnosci\/\" target=\"_blank\" rel=\"noopener noreferrer\">Polityka prywatno\u015bci<\/a><\/em><\/p>\n<p>&nbsp;<\/p>\n<p>Autorem logotypu Fotezji jest <em><a href=\"http:\/\/lasotaart.wixsite.com\/pofo\" target=\"_blank\" rel=\"noopener noreferrer\">Maciej Lasota<\/a>.<\/em><\/p>\n<h4>Napisz do nas!<\/h4>\n\n<div class=\"wpcf7 no-js\" id=\"wpcf7-f316-o2\" lang=\"pl-PL\" dir=\"ltr\" data-wpcf7-id=\"316\">\n<div class=\"screen-reader-response\"><p role=\"status\" aria-live=\"polite\" aria-atomic=\"true\"><\/p> <ul><\/ul><\/div>\n<form action=\"\/fotowyprawy\/wp-json\/wp\/v2\/pages\/376#wpcf7-f316-o2\" method=\"post\" class=\"wpcf7-form init\" aria-label=\"Formularz kontaktowy\" novalidate=\"novalidate\" data-status=\"init\">\n<fieldset class=\"hidden-fields-container\"><input type=\"hidden\" name=\"_wpcf7\" value=\"316\" \/><input type=\"hidden\" name=\"_wpcf7_version\" value=\"6.1.5\" \/><input type=\"hidden\" name=\"_wpcf7_locale\" value=\"pl_PL\" \/><input type=\"hidden\" name=\"_wpcf7_unit_tag\" value=\"wpcf7-f316-o2\" \/><input type=\"hidden\" name=\"_wpcf7_container_post\" value=\"0\" \/><input type=\"hidden\" name=\"_wpcf7_posted_data_hash\" value=\"\" \/><input type=\"hidden\" name=\"_wpcf7_recaptcha_response\" value=\"\" \/>\n<\/fieldset>\n<p><label> Imi\u0119 i nazwisko (wymagane)<br \/>\n<span class=\"wpcf7-form-control-wrap\" data-name=\"your-name\"><input size=\"40\" maxlength=\"400\" class=\"wpcf7-form-control wpcf7-text wpcf7-validates-as-required\" aria-required=\"true\" aria-invalid=\"false\" value=\"\" type=\"text\" name=\"your-name\" \/><\/span> <\/label>\n<\/p>\n<p><label> Adres email (wymagane)<br \/>\n<span class=\"wpcf7-form-control-wrap\" data-name=\"your-email\"><input size=\"40\" maxlength=\"400\" class=\"wpcf7-form-control wpcf7-email wpcf7-validates-as-required wpcf7-text wpcf7-validates-as-email\" aria-required=\"true\" aria-invalid=\"false\" value=\"\" type=\"email\" name=\"your-email\" \/><\/span> <\/label>\n<\/p>\n<p><label> Temat<br \/>\n<span class=\"wpcf7-form-control-wrap\" data-name=\"your-subject\"><input size=\"40\" maxlength=\"400\" class=\"wpcf7-form-control wpcf7-text\" aria-invalid=\"false\" value=\"\" type=\"text\" name=\"your-subject\" \/><\/span> <\/label>\n<\/p>\n<p><label> Tre\u015b\u0107 wiadomo\u015bci<br \/>\n<span class=\"wpcf7-form-control-wrap\" data-name=\"your-message\"><textarea cols=\"40\" rows=\"10\" maxlength=\"2000\" class=\"wpcf7-form-control wpcf7-textarea\" aria-invalid=\"false\" name=\"your-message\"><\/textarea><\/span> <\/label>\n<\/p>\n\n<p><input class=\"wpcf7-form-control wpcf7-submit has-spinner\" type=\"submit\" value=\"Wy\u015blij\" \/>\n<\/p><div class=\"wpcf7-response-output\" aria-hidden=\"true\"><\/div>\n<\/form>\n<\/div>\n\n<p>&nbsp;<\/p>\n","protected":false},"excerpt":{"rendered":"<p>Podr\u00f3\u017cujemy aby fotografowa\u0107 Fotowyprawy Fotezji powsta\u0142y z potrzeby serca: chcieli\u015bmy je\u017adzi\u0107 po \u015bwiecie na spos\u00f3b fotograficzny, ale nikt nie organizowa\u0142 wyjazd\u00f3w, kt\u00f3re by nam odpowiada\u0142y. Wi\u0119c teraz organizujemy je osobi\u015bcie: takie, jak maj\u0105 by\u0107. My, czyli Ewa Prus i Piotr D\u0119bek. Warsztaty fotograficzne prowadzimy od 2009 roku, a fotowyprawy od 2012. Do roku 2019 przeprowadzili\u015bmy ponad 60 fotowypraw, w kt\u00f3rych wzi\u0119\u0142o udzia\u0142 ponad 650 os\u00f3b, a co trzecia z nich by\u0142a z nami na wyje\u017adzie fotograficznym trzy razy lub wi\u0119cej. [&hellip;]<\/p>\n","protected":false},"author":1,"featured_media":682,"parent":0,"menu_order":0,"comment_status":"closed","ping_status":"closed","template":"","meta":{"footnotes":"","_links_to":"","_links_to_target":""},"class_list":["post-376","page","type-page","status-publish","has-post-thumbnail","hentry"],"_links":{"self":[{"href":"https:\/\/www.fotezja.pl\/fotowyprawy\/wp-json\/wp\/v2\/pages\/376","targetHints":{"allow":["GET"]}}],"collection":[{"href":"https:\/\/www.fotezja.pl\/fotowyprawy\/wp-json\/wp\/v2\/pages"}],"about":[{"href":"https:\/\/www.fotezja.pl\/fotowyprawy\/wp-json\/wp\/v2\/types\/page"}],"author":[{"embeddable":true,"href":"https:\/\/www.fotezja.pl\/fotowyprawy\/wp-json\/wp\/v2\/users\/1"}],"replies":[{"embeddable":true,"href":"https:\/\/www.fotezja.pl\/fotowyprawy\/wp-json\/wp\/v2\/comments?post=376"}],"version-history":[{"count":39,"href":"https:\/\/www.fotezja.pl\/fotowyprawy\/wp-json\/wp\/v2\/pages\/376\/revisions"}],"predecessor-version":[{"id":15366,"href":"https:\/\/www.fotezja.pl\/fotowyprawy\/wp-json\/wp\/v2\/pages\/376\/revisions\/15366"}],"wp:featuredmedia":[{"embeddable":true,"href":"https:\/\/www.fotezja.pl\/fotowyprawy\/wp-json\/wp\/v2\/media\/682"}],"wp:attachment":[{"href":"https:\/\/www.fotezja.pl\/fotowyprawy\/wp-json\/wp\/v2\/media?parent=376"}],"curies":[{"name":"wp","href":"https:\/\/api.w.org\/{rel}","templated":true}]}}