{"id":2274,"date":"2020-06-09T00:35:18","date_gmt":"2020-06-08T22:35:18","guid":{"rendered":"https:\/\/www.fotezja.pl\/fotowyprawy\/?page_id=2274"},"modified":"2022-11-28T00:18:46","modified_gmt":"2022-11-27T23:18:46","slug":"warstwy-i-maski-warsztaty-edycyjne-online","status":"publish","type":"page","link":"https:\/\/www.fotezja.pl\/fotowyprawy\/warstwy-i-maski-warsztaty-edycyjne-online\/","title":{"rendered":"Warstwy i maski \u2013 warsztaty edycyjne online"},"content":{"rendered":"<p><img decoding=\"async\" loading=\"lazy\" src=\"https:\/\/www.fotezja.pl\/fotowyprawy\/wp-content\/uploads\/sites\/6\/2020\/06\/PTR_6214_b.jpg\"><noscript><img decoding=\"async\" src=\"https:\/\/www.fotezja.pl\/fotowyprawy\/wp-content\/uploads\/sites\/6\/2020\/06\/PTR_6214_b.jpg\"><\/noscript><\/p>\n<p>Zapraszam na warsztaty edycji zdj\u0119\u0107 &#8211; robimy je zdalnie, przez internet, siedz\u0105c wygodnie w domu. O um\u00f3wionej godzinie ka\u017cdy zasi\u0105dzie przed swoim komputerem i nauczymy si\u0119 czego\u015b nowego. Tym razem warsztaty dotycz\u0105 zagadnienia, o kt\u00f3re wiele os\u00f3b pyta\u0142o: u\u017cycia warstw. A \u017ce warstwy bez masek to jak mas\u0142o orzechowe bez powide\u0142, to sobie te\u017c troch\u0119 pomaskujemy.<\/p>\n<p><\/p>\n<p><strong>Nasze warsztaty edycyjne to:<\/strong><\/p>\n<p><strong>\u2022 <\/strong>Interaktywne zaj\u0119cia w ma\u0142ych grupach<\/p>\n<p><strong>\u2022 <\/strong>Dok\u0142adne prze\u0107wiczenie ka\u017cdego zagadnienia<\/p>\n<p><strong>\u2022 <\/strong>Nie trzeba nigdzie je\u017adzi\u0107: uczysz si\u0119 w domu, przez internet<\/p>\n<p><strong>\u2022 <\/strong>Mo\u017cna korzysta\u0107 z laptopa albo komputera stacjonarnego<\/p>\n<p><strong>\u2022 <\/strong>Dost\u0119p do materia\u0142\u00f3w z warsztat\u00f3w po ich zako\u0144czeniu<\/p>\n<p style=\"text-align: center;\"><span style=\"color: #ff0000;\">ZAPRASZAMY!<\/span><\/p>\n<p><img decoding=\"async\" loading=\"lazy\" src=\"https:\/\/www.fotezja.pl\/fotowyprawy\/wp-content\/uploads\/sites\/6\/2020\/06\/IMG_4920_b.jpg\"><noscript><img decoding=\"async\" src=\"https:\/\/www.fotezja.pl\/fotowyprawy\/wp-content\/uploads\/sites\/6\/2020\/06\/IMG_4920_b.jpg\"><\/noscript><\/p>\n<p>Spotkania s\u0105 interaktywne i przebiegaj\u0105 wed\u0142ug schematu: prezentacja \u2013 \u0107wiczenie z asyst\u0105. Czyli najpierw ja pokazuj\u0119 co i jak nale\u017cy zrobi\u0107, a nast\u0119pnie Uczestnicy powtarzaj\u0105 czynno\u015bci, korzystaj\u0105c z mojej pomocy je\u015bli jej potrzebuj\u0105. Je\u015bli pojawi si\u0119 konieczno\u015b\u0107 dodatkowych wyja\u015bnie\u0144, te\u017c oczywi\u015bcie mo\u017cna na nie liczy\u0107. Gdy wszyscy wykonaj\u0105 \u0107wiczenie, przejdziemy do nast\u0119pnego. Taki interaktywny tryb pracy jest najbardziej efektywny dla ma\u0142ych grup, wi\u0119c nasze grupy b\u0119d\u0105 liczy\u0107 maksymalnie sze\u015b\u0107 os\u00f3b. <\/p>\n<p><strong>Na tych warsztatach nauczysz si\u0119:<\/strong><\/p>\n<p><strong>\u2022<\/strong> porusza\u0107 si\u0119 bez stresu w palecie warstw<\/p>\n<p><strong>\u2022<\/strong> jakie s\u0105 rodzaje warstw, do czego s\u0142u\u017c\u0105 i jak si\u0119 nimi efektywnie pos\u0142ugiwa\u0107<\/p>\n<p><strong>\u2022<\/strong> robi\u0107 podw\u00f3jn\u0105 (a mo\u017ce i potr\u00f3jn\u0105) ekspozycj\u0119 na r\u00f3\u017cne, kreatywne sposoby<\/p>\n<p><strong>\u2022<\/strong> do czego mo\u017ce s\u0142u\u017cy\u0107 pusta warstwa \u2013 i \u017ce jest bardzo praktyczna!<\/p>\n<p><strong>\u2022<\/strong> zabarwia\u0107, rozja\u015bnia\u0107 i przyciemnia\u0107 fragmenty zdj\u0119cia z u\u017cyciem warstw, uzyskuj\u0105c bardzo naturalne efekty<\/p>\n<p><strong>\u2022<\/strong> optymalnie wyostrza\u0107 zdj\u0119cia z u\u017cyciem warstw<\/p>\n<p><strong>\u2022<\/strong> korygowa\u0107 detale, klonowa\u0107 i retuszowa\u0107 bez obaw o zepsucie obrazu<\/p>\n<p><strong>\u2022<\/strong> \u0142\u0105czy\u0107 zdj\u0119cia tego samego miejsca aby pozby\u0107 si\u0119 niechcianych element\u00f3w\u2026 albo powieli\u0107 po\u017c\u0105dane<\/p>\n<p><strong>\u2022<\/strong> korzysta\u0107 z r\u00f3\u017cnych tryb\u00f3w mieszania warstw dla uzyskania pi\u0119knych efekt\u00f3w<\/p>\n<p><strong>\u2022<\/strong> u\u017cywa\u0107 opcji mieszania warstw w roli por\u0119cznych masek <\/p>\n<p>Zdj\u0119cie powy\u017cej powsta\u0142o ze zdj\u0119cia poni\u017cej dzi\u0119ki u\u017cyciu warstw i rozmywania. Tego te\u017c nauczymy si\u0119 na warsztatach! <\/p>\n<p><img decoding=\"async\" loading=\"lazy\" src=\"https:\/\/www.fotezja.pl\/fotowyprawy\/wp-content\/uploads\/sites\/6\/2020\/06\/IMG_4920_przed_b.jpg\"><noscript><img decoding=\"async\" src=\"https:\/\/www.fotezja.pl\/fotowyprawy\/wp-content\/uploads\/sites\/6\/2020\/06\/IMG_4920_przed_b.jpg\"><\/noscript><\/p>\n<p>Zaj\u0119cia online r\u00f3\u017cni\u0105 si\u0119 od stacjonarnych pod r\u00f3\u017cnymi wzgl\u0119dami. Skoro nigdzie nie musimy jecha\u0107 ani wynajmowa\u0107 sali, nie ma powodu, \u017ceby robi\u0107 trzydniowe posiedzenia. Online jeden dzie\u0144 to jedno zagadnienie, przewa\u0142kowane wzd\u0142u\u017c i wszerz. Pojedyncze spotkanie trwa 5 godzin, z p\u00f3\u0142godzinn\u0105 przerw\u0105 w \u015brodku. Kaw\u0119 i ciastka na przerw\u0119 ka\u017cdy dostarcza sobie we w\u0142asnym zakresie \ud83d\ude42 Potrzeba notowania zagadnie\u0144 jest mniejsza ni\u017c przy dotychczasowych warsztatach obr\u00f3bkowych, bo Uczestnicy dostan\u0105 dost\u0119p do materia\u0142\u00f3w zapisanych przez system Zoom w trakcie warsztat\u00f3w. Mimo to namawiam do notowania przynajmniej niekt\u00f3rych, bardziej skomplikowanych zagadnie\u0144, bo dzi\u0119ki temu lepiej si\u0119 zapami\u0119tuje \u2013 niemniej jednak, w tym systemie wi\u0119cej b\u0119dzie \u0107wicze\u0144, a mniej notowania.<\/p>\n<p>Na zdj\u0119ciu poni\u017cej by\u0142o oryginalnie znacznie wi\u0119cej ludzi&#8230; jak to w Wenecji! Takie cuda te\u017c si\u0119 nauczymy robi\u0107.<\/p>\n<p>Warsztaty s\u0105 prowadzone przy u\u017cyciu platformy Zoom. Do uczestnictwa w nich wystarczy za\u0142o\u017cenie darmowego konta i pobranie bezp\u0142atnej aplikacji Zoom. Instrukcj\u0119 instalacji Zooma oraz korzystania z istotnych jego narz\u0119dzi mo\u017cna znale\u017a\u0107 w poradniku: <a href=\"https:\/\/www.fotezja.pl\/fotowyprawy\/warsztaty-online-jak-sie-przygotowac\/\" style=\"color: #ff9900\"><strong>Warsztaty online &#8211; jak si\u0119 przygotowa\u0107<\/strong><\/a>.<\/p>\n<p><img decoding=\"async\" loading=\"lazy\" src=\"https:\/\/www.fotezja.pl\/fotowyprawy\/wp-content\/uploads\/sites\/6\/2020\/06\/IMG_5050_b.jpg\"><noscript><img decoding=\"async\" src=\"https:\/\/www.fotezja.pl\/fotowyprawy\/wp-content\/uploads\/sites\/6\/2020\/06\/IMG_5050_b.jpg\"><\/noscript><\/p>\n<p style=\"text-align: center;\"><span style=\"color: #ff0000;\">ZAPRASZAMY!<\/span><\/p>\n<p><a name=\"zgloszenie\"><\/a><\/p>\n<p><a href=\"https:\/\/www.fotezja.pl\/fotowyprawy\/warstwy-i-maski-warsztaty-edycyjne-online\/zgloszenie-na-warsztaty-warstwy-i-maski\/\" style=\"color: #ffffff\"><strong><em>Chc\u0119 po\u0107wiczy\u0107 warstwy i maski!<\/em><\/strong><\/a><\/p>\n<p><img decoding=\"async\" loading=\"lazy\" src=\"https:\/\/www.fotezja.pl\/fotowyprawy\/wp-content\/uploads\/sites\/6\/2020\/06\/IMG_3261_b1.jpg\"><noscript><img decoding=\"async\" src=\"https:\/\/www.fotezja.pl\/fotowyprawy\/wp-content\/uploads\/sites\/6\/2020\/06\/IMG_3261_b1.jpg\"><\/noscript><\/p>\n<p><strong><a href=\"https:\/\/www.fotezja.pl\/fotowyprawy\/warstwy-i-maski-warsztaty-edycyjne-online\/zgloszenie-na-warsztaty-warstwy-i-maski\/\" rel=\"noopener noreferrer nofollow\">Zg\u0142aszam si\u0119 na warsztaty warstwy i maski<\/a><\/strong><\/p>\n<p>Warsztaty edycyjne online s\u0105 prowadzone przez internet, niezb\u0119dny jest wi\u0119c sprawny dost\u0119p do internetu. Jak sprawny? Je\u015bli ogl\u0105damy bez problem\u00f3w i zaci\u0119\u0107 filmy w wysokiej rozdzielczo\u015bci na Youtube, Netflix, HBO itp., to prawdopodobnie mamy wystarczaj\u0105co wydajny internet.<\/p>\n<p>Potrzebny jest te\u017c oczywi\u015bcie komputer z oprogramowaniem, kt\u00f3re b\u0119dzie u\u017cywane podczas warsztat\u00f3w. W tym przypadku potrzebne oprogramowanie to:<\/p>\n<p>&#8211; <strong>Adobe Photoshop<\/strong> (najlepiej CC, ale starsze CS &#8211; CS6, CS5, CS4 czy CS3 te\u017c wystarcz\u0105).<\/p>\n<p>Photoshop mo\u017ce by\u0107 w wersji pr\u00f3bnej, kt\u00f3r\u0105 mo\u017cna sobie aktywowa\u0107 bezp\u0142atnie na 7 dni wybieraj\u0105c <strong><span style=\"color: #ff9900;\"><a href=\"https:\/\/www.adobe.com\/pl\/creativecloud\/photography.html#mini-plans-web-cta-photoshop-card\" rel=\"noopener noreferrer nofollow\" target=\"_blank\">Plan fotograficzny Adobe<\/a><\/span><\/strong>.<\/p>\n<p>Komputer powinien by\u0107 na tyle wydajny, aby wygodnie i sprawnie dzia\u0142a\u0142 na nim Photoshop &#8211; bez zaci\u0119\u0107, przestoj\u00f3w, oczekiwania na wykonanie operacji. W praktyce wystarczy do tego komputer z dowolnym procesorem nie starszym ni\u017c 7 lat i pami\u0119ci\u0105 RAM co najmniej 8 GB (a jeszcze lepiej &#8211; 12-16 GB). Potrzebna te\u017c b\u0119dzie myszka do sterowania (g\u0142adzik nie wystarczy!). Dwa monitory b\u0119d\u0105 stanowi\u0142y u\u0142atwienie (na jednym ekranie mo\u017cna wy\u015bwietla\u0107 transmitowane instrukcje warsztatowe, a na drugim ekranie mie\u0107 Photoshopa do \u0107wicze\u0144), ale nie s\u0105 niezb\u0119dne.<\/p>\n<p>Pliki zdj\u0119\u0107 potrzebnych do \u0107wicze\u0144 zostan\u0105 dostarczone przed rozpocz\u0119ciem warsztat\u00f3w &#8211; nie trzeba szykowa\u0107 w\u0142asnych.<\/p>\n<p>Warsztaty s\u0105 prowadzone przy u\u017cyciu platformy Zoom. Do uczestnictwa w nich wystarczy za\u0142o\u017cenie darmowego konta i pobranie bezp\u0142atnej aplikacji Zoom. Instrukcj\u0119 instalacji Zooma oraz korzystania z istotnych jego narz\u0119dzi mo\u017cna znale\u017a\u0107 w poradniku: <strong><span style=\"color: #ff9900;\"><a href=\"https:\/\/www.fotezja.pl\/fotowyprawy\/warsztaty-online-jak-sie-przygotowac\/\" rel=\"noopener noreferrer nofollow\">Warsztaty online &#8211; jak si\u0119 przygotowa\u0107<\/a><\/span><\/strong>. W wiecz\u00f3r poprzedzaj\u0105cy warsztaty zapraszamy na spotkanie techniczne, podczas kt\u00f3rego b\u0119dzie mo\u017cna sprawdzi\u0107, czy wszystko ze zdalnym po\u0142aczeniem jest w porz\u0105dku.<\/p>\n<p><img decoding=\"async\" loading=\"lazy\" src=\"https:\/\/www.fotezja.pl\/fotowyprawy\/wp-content\/uploads\/sites\/6\/2020\/06\/IMG_2831_2b.jpg\"><noscript><img decoding=\"async\" src=\"https:\/\/www.fotezja.pl\/fotowyprawy\/wp-content\/uploads\/sites\/6\/2020\/06\/IMG_2831_2b.jpg\"><\/noscript><\/p>\n<p style=\"text-align: center;\"><strong><span style=\"color: #ff9900;\"><a href=\"https:\/\/www.fotezja.pl\/jak-sobie-ulozyc-palety-w-photoshopie\/\" rel=\"noopener noreferrer nofollow\">Przed warsztatami u\u0142\u00f3\u017c sobie palety w Photoshopie<\/a> <\/span><\/strong><\/p>\n<p style=\"text-align: center;\"><strong><span style=\"color: #ff9900;\"><a href=\"https:\/\/www.ewaipiotr.pl\/obrobka-zdjec\/jak-zdezaktualizowac-adobe-camera-raw\/\" rel=\"noopener noreferrer nofollow\" target=\"_blank\">Jak wr\u00f3ci\u0107 do poprzedniej (sprawnej) wersji Adobe Camera RAW w Photoshopie<\/a><\/span><\/strong><\/p>\n<p><\/p>\n","protected":false},"excerpt":{"rendered":"<p>Zapraszam na warsztaty edycji zdj\u0119\u0107 &#8211; robimy je zdalnie, przez internet, siedz\u0105c wygodnie w domu. O um\u00f3wionej godzinie ka\u017cdy zasi\u0105dzie przed swoim komputerem i nauczymy si\u0119 czego\u015b nowego. Tym razem warsztaty dotycz\u0105 zagadnienia, o kt\u00f3re wiele os\u00f3b pyta\u0142o: u\u017cycia warstw. A \u017ce warstwy bez masek to jak mas\u0142o orzechowe bez powide\u0142, to sobie te\u017c troch\u0119 pomaskujemy. Nasze warsztaty edycyjne to: \u2022 Interaktywne zaj\u0119cia w ma\u0142ych grupach \u2022 Dok\u0142adne prze\u0107wiczenie ka\u017cdego zagadnienia \u2022 Nie trzeba nigdzie je\u017adzi\u0107: uczysz si\u0119 w domu, [&hellip;]<\/p>\n","protected":false},"author":1,"featured_media":2284,"parent":0,"menu_order":0,"comment_status":"closed","ping_status":"closed","template":"","meta":{"footnotes":"","_links_to":"","_links_to_target":""},"class_list":["post-2274","page","type-page","status-publish","has-post-thumbnail","hentry"],"_links":{"self":[{"href":"https:\/\/www.fotezja.pl\/fotowyprawy\/wp-json\/wp\/v2\/pages\/2274","targetHints":{"allow":["GET"]}}],"collection":[{"href":"https:\/\/www.fotezja.pl\/fotowyprawy\/wp-json\/wp\/v2\/pages"}],"about":[{"href":"https:\/\/www.fotezja.pl\/fotowyprawy\/wp-json\/wp\/v2\/types\/page"}],"author":[{"embeddable":true,"href":"https:\/\/www.fotezja.pl\/fotowyprawy\/wp-json\/wp\/v2\/users\/1"}],"replies":[{"embeddable":true,"href":"https:\/\/www.fotezja.pl\/fotowyprawy\/wp-json\/wp\/v2\/comments?post=2274"}],"version-history":[{"count":70,"href":"https:\/\/www.fotezja.pl\/fotowyprawy\/wp-json\/wp\/v2\/pages\/2274\/revisions"}],"predecessor-version":[{"id":6803,"href":"https:\/\/www.fotezja.pl\/fotowyprawy\/wp-json\/wp\/v2\/pages\/2274\/revisions\/6803"}],"wp:featuredmedia":[{"embeddable":true,"href":"https:\/\/www.fotezja.pl\/fotowyprawy\/wp-json\/wp\/v2\/media\/2284"}],"wp:attachment":[{"href":"https:\/\/www.fotezja.pl\/fotowyprawy\/wp-json\/wp\/v2\/media?parent=2274"}],"curies":[{"name":"wp","href":"https:\/\/api.w.org\/{rel}","templated":true}]}}