{"id":2027,"date":"2020-02-29T17:17:35","date_gmt":"2020-02-29T16:17:35","guid":{"rendered":"https:\/\/www.fotezja.pl\/fotowyprawy\/?page_id=2027"},"modified":"2024-12-11T01:28:48","modified_gmt":"2024-12-11T00:28:48","slug":"bon-prezentowy","status":"publish","type":"page","link":"https:\/\/www.fotezja.pl\/fotowyprawy\/bon-prezentowy\/","title":{"rendered":"Bon prezentowy"},"content":{"rendered":"<h3>Bon prezentowy Fotezji &#8211; idealny prezent dla mi\u0142o\u015bnika fotografii, przyrody i podr\u00f3\u017cy!<\/h3>\n<p>Zr\u00f3b prezent swoim bliskim (lub sobie samemu)! Bon prezentowy Fotezji pozwoli ufundowa\u0107 udzia\u0142 w fotowyprawie, wyprawie przyrodniczej lub warsztatach fotograficznych. Sam ustalasz warto\u015b\u0107 prezentu.<\/p>\n<p>Bon prezentowy Fotezji to okazja, aby podarowa\u0107 spe\u0142nienie marze\u0144. Obdarowany sam zdecyduje, czy chce wykorzysta\u0107 bon na np. fotowypraw\u0119 na Islandi\u0119 czy te\u017c weekendowe warsztaty fotograficzne lub przyrodnicze w Polsce. Bon mo\u017ce by\u0107 wystawiony na dowoln\u0105 kwot\u0119 i zachowuje wa\u017cno\u015b\u0107 przez 2 lata.<\/p>\n<p>Mo\u017cesz spersonalizowa\u0107 sw\u00f3j prezent &#8211; podaj imi\u0119 lub imi\u0119 i nazwisko osoby obdarowanej. Mo\u017cesz r\u00f3wnie\u017c poda\u0107 kr\u00f3tk\u0105 dedykacj\u0119 &#8211; naniesiemy j\u0105 na formularz bonu.<\/p>\n<p><img decoding=\"async\" loading=\"lazy\" class=\"aligncenter size-full wp-image-12402\" src=\"https:\/\/www.fotezja.pl\/fotowyprawy\/wp-content\/uploads\/sites\/6\/2024\/12\/Bon_Prezentowy_demoa.jpg\" alt=\"Voucher na wypraw\u0119 Fotezji, bon prezentowy\" width=\"707\" height=\"1000\" srcset=\"https:\/\/www.fotezja.pl\/fotowyprawy\/wp-content\/uploads\/sites\/6\/2024\/12\/Bon_Prezentowy_demoa.jpg 707w, https:\/\/www.fotezja.pl\/fotowyprawy\/wp-content\/uploads\/sites\/6\/2024\/12\/Bon_Prezentowy_demoa-212x300.jpg 212w, https:\/\/www.fotezja.pl\/fotowyprawy\/wp-content\/uploads\/sites\/6\/2024\/12\/Bon_Prezentowy_demoa-500x707.jpg 500w, https:\/\/www.fotezja.pl\/fotowyprawy\/wp-content\/uploads\/sites\/6\/2024\/12\/Bon_Prezentowy_demoa-410x580.jpg 410w\" sizes=\"auto, (max-width: 707px) 100vw, 707px\" \/><noscript><img decoding=\"async\" class=\"aligncenter size-full wp-image-12402\" src=\"https:\/\/www.fotezja.pl\/fotowyprawy\/wp-content\/uploads\/sites\/6\/2024\/12\/Bon_Prezentowy_demoa.jpg\" alt=\"Voucher na wypraw\u0119 Fotezji, bon prezentowy\" width=\"707\" height=\"1000\" srcset=\"https:\/\/www.fotezja.pl\/fotowyprawy\/wp-content\/uploads\/sites\/6\/2024\/12\/Bon_Prezentowy_demoa.jpg 707w, https:\/\/www.fotezja.pl\/fotowyprawy\/wp-content\/uploads\/sites\/6\/2024\/12\/Bon_Prezentowy_demoa-212x300.jpg 212w, https:\/\/www.fotezja.pl\/fotowyprawy\/wp-content\/uploads\/sites\/6\/2024\/12\/Bon_Prezentowy_demoa-500x707.jpg 500w, https:\/\/www.fotezja.pl\/fotowyprawy\/wp-content\/uploads\/sites\/6\/2024\/12\/Bon_Prezentowy_demoa-410x580.jpg 410w\" sizes=\"(max-width: 707px) 100vw, 707px\" \/><\/noscript><\/p>\n<p>&nbsp;<\/p>\n<h3>Jak zam\u00f3wi\u0107 bon prezentowy w 3 krokach<\/h3>\n<ol>\n<li>Wype\u0142niasz poni\u017cszy formularz, podaj\u0105c warto\u015b\u0107 bonu oraz sw\u00f3j adres e-mail, na kt\u00f3ry wy\u015blemy zam\u00f3wiony voucher.<\/li>\n<li>Dokonujesz wp\u0142aty w zadeklarowanej wysoko\u015bci na konto:<br \/>\nFotezja Ewa Prus i Piotr D\u0119bek s.c.<br \/>\n86 2530 0008 2053 1055 8271 0001<br \/>\ntytu\u0142em: bon prezentowy na fotowypraw\u0119<\/li>\n<li>Po zaksi\u0119gowaniu p\u0142atno\u015bci otrzymasz e-mailem zam\u00f3wiony bon w postaci pliku PDF, kt\u00f3ry mo\u017cesz wydrukowa\u0107 lub przes\u0142a\u0107 w formie elektronicznej osobie bliskiej. Je\u015bli czas ma znaczenie &#8211; odpowiedz na e-mail potwierdzaj\u0105cy przyj\u0119cie zam\u00f3wienia, do\u0142\u0105czaj\u0105c bankowe potwierdzenie p\u0142atno\u015bci.<\/li>\n<\/ol>\n<h3>Jak zrealizowa\u0107 bon prezentowy<\/h3>\n<ol>\n<li>Uciesz si\u0119 z takiego przyjemnego i po\u017cytecznego prezentu!<\/li>\n<li>Wejd\u017a na stron\u0119 <a href=\"https:\/\/www.fotezja.pl\/fotowyprawy\/fotowyprawy-i-warsztaty\/\"><strong>https:\/\/www.fotezja.pl\/fotowyprawy\/fotowyprawy-i-warsztaty\/<\/strong><\/a> i wybierz wyjazd swoich marze\u0144.<\/li>\n<li>Zr\u00f3b zg\u0142oszenie, w rubryce Uwagi wpisuj\u0105c &#8220;Bon prezentowy numer &#8230;.&#8221; I ju\u017c!<\/li>\n<\/ol>\n<h3>Bon prezentowy biura podr\u00f3\u017cy Fotezja &#8211; zam\u00f3wienie<\/h3>\n\n<div class=\"wpcf7 no-js\" id=\"wpcf7-f2033-o1\" lang=\"pl-PL\" dir=\"ltr\" data-wpcf7-id=\"2033\">\n<div class=\"screen-reader-response\"><p role=\"status\" aria-live=\"polite\" aria-atomic=\"true\"><\/p> <ul><\/ul><\/div>\n<form action=\"\/fotowyprawy\/wp-json\/wp\/v2\/pages\/2027#wpcf7-f2033-o1\" method=\"post\" class=\"wpcf7-form init\" aria-label=\"Formularz kontaktowy\" novalidate=\"novalidate\" data-status=\"init\">\n<fieldset class=\"hidden-fields-container\"><input type=\"hidden\" name=\"_wpcf7\" value=\"2033\" \/><input type=\"hidden\" name=\"_wpcf7_version\" value=\"6.1.5\" \/><input type=\"hidden\" name=\"_wpcf7_locale\" value=\"pl_PL\" \/><input type=\"hidden\" name=\"_wpcf7_unit_tag\" value=\"wpcf7-f2033-o1\" \/><input type=\"hidden\" name=\"_wpcf7_container_post\" value=\"0\" \/><input type=\"hidden\" name=\"_wpcf7_posted_data_hash\" value=\"\" \/><input type=\"hidden\" name=\"_wpcf7_recaptcha_response\" value=\"\" \/>\n<\/fieldset>\n<p><label> IMI\u0118 I NAZWISKO ZAMAWIAJ\u0104CEGO LUB NAZWA FIRMY(wymagane)<br \/>\n<span class=\"wpcf7-form-control-wrap\" data-name=\"your-name\"><input size=\"40\" maxlength=\"400\" class=\"wpcf7-form-control wpcf7-text wpcf7-validates-as-required\" aria-required=\"true\" aria-invalid=\"false\" value=\"\" type=\"text\" name=\"your-name\" \/><\/span> <\/label>\n<\/p>\n<p><label> ADRES E-MAIL ZAMAWIAJ\u0104CEGO (wymagane)<br \/>\n<span class=\"wpcf7-form-control-wrap\" data-name=\"your-email\"><input size=\"40\" maxlength=\"400\" class=\"wpcf7-form-control wpcf7-email wpcf7-validates-as-required wpcf7-text wpcf7-validates-as-email\" aria-required=\"true\" aria-invalid=\"false\" value=\"\" type=\"email\" name=\"your-email\" \/><\/span> <\/label>\n<\/p>\n<p><label> TELEFON ZAMAWIAJ\u0104CEGO (wymagane)<br \/>\n<span class=\"wpcf7-form-control-wrap\" data-name=\"Telefon\"><input size=\"40\" maxlength=\"400\" class=\"wpcf7-form-control wpcf7-tel wpcf7-validates-as-required wpcf7-text wpcf7-validates-as-tel\" aria-required=\"true\" aria-invalid=\"false\" value=\"\" type=\"tel\" name=\"Telefon\" \/><\/span> <\/label>\n<\/p>\n<p><label> Numer NIP (niezb\u0119dny tylko gdy zamawiaj\u0105cym jest firma)<br \/>\n<span class=\"wpcf7-form-control-wrap\" data-name=\"NIP\"><input size=\"40\" maxlength=\"400\" class=\"wpcf7-form-control wpcf7-text\" aria-invalid=\"false\" value=\"\" type=\"text\" name=\"NIP\" \/><\/span> <\/label>\n<\/p>\n<p><label> WARTO\u015a\u0106 BONU - od 100 do 10 000 PLN (wymagane)<br \/>\n<span class=\"wpcf7-form-control-wrap\" data-name=\"Wartobonu\"><input class=\"wpcf7-form-control wpcf7-number wpcf7-validates-as-required wpcf7-validates-as-number\" min=\"100\" max=\"10000\" aria-required=\"true\" aria-invalid=\"false\" value=\"\" type=\"number\" name=\"Wartobonu\" \/><\/span> <\/label>\n<\/p>\n<p><label> PERSONALIZACJA - imi\u0119 i nazwisko obdarowanego, kr\u00f3tka dedykacja (opcjonalne)<br \/>\n<span class=\"wpcf7-form-control-wrap\" data-name=\"PERSONALIZACJA\"><input size=\"40\" maxlength=\"400\" class=\"wpcf7-form-control wpcf7-text\" aria-invalid=\"false\" value=\"\" type=\"text\" name=\"PERSONALIZACJA\" \/><\/span> <\/label>\n<\/p>\n<p><label> DODATKOWE UWAGI (opcjonalne)<br \/>\n<span class=\"wpcf7-form-control-wrap\" data-name=\"UWAGI\"><input size=\"40\" maxlength=\"400\" class=\"wpcf7-form-control wpcf7-text\" aria-invalid=\"false\" value=\"\" type=\"text\" name=\"UWAGI\" \/><\/span> <\/label>\n<\/p>\n<p><label> Wyra\u017cam zgod\u0119 na przetwarzanie moich danych osobowych dla realizacji zam\u00f3wienia (wymagane)<br \/>\n<span class=\"wpcf7-form-control-wrap\" data-name=\"acceptance-649\"><span class=\"wpcf7-form-control wpcf7-acceptance\"><span class=\"wpcf7-list-item\"><input type=\"checkbox\" name=\"acceptance-649\" value=\"1\" aria-invalid=\"false\" \/><\/span><\/span><\/span><br \/>\n<\/label>\n<\/p>\n\n<p><input class=\"wpcf7-form-control wpcf7-submit has-spinner\" type=\"submit\" value=\"WY\u015aLIJ ZAM\u00d3WIENIE NA BON PODARUNKOWY\" \/>\n<\/p><div class=\"wpcf7-response-output\" aria-hidden=\"true\"><\/div>\n<\/form>\n<\/div>\n\n<p>&nbsp;<\/p>\n<h3>Informacje og\u00f3lne i regulamin bon\u00f3w prezentowych Biura Podr\u00f3\u017cy Fotezja<\/h3>\n<ol>\n<li>Bon prezentowy jest wystawiony przez Fotezja Ewa Prus i Piotr D\u0119bek s.c. z siedzib\u0105 we Wroc\u0142awiu i ma form\u0119 elektroniczn\u0105 &#8211; dokumentu PDF.<\/li>\n<li>Bon prezentowy mo\u017ce by\u0107 u\u017cyty jako p\u0142atno\u015b\u0107 za imprezy turystyczne (<a href=\"https:\/\/www.fotezja.pl\/fotowyprawy\/fotowyprawy-i-warsztaty\/\">fotowyprawy i warsztaty fotograficzne<\/a>) realizowane przez Biuro Podr\u00f3\u017cy Fotezja.<\/li>\n<li>W przypadku zakupu imprezy turystycznej o warto\u015bci ni\u017cszej od warto\u015bci, na jak\u0105 opiewa posiadany bon prezentowy, posiadaczowi bonu prezentowego nie przys\u0142uguje zwrot r\u00f3\u017cnicy ceny.<\/li>\n<li>W przypadku zakupu imprezy turystycznej o warto\u015bci wy\u017cszej od warto\u015bci, na jak\u0105 opiewa posiadany bon wakacyjny, dop\u0142at\u0119 r\u00f3\u017cnicy nale\u017cy dokona\u0107 na konto Biura Podr\u00f3\u017cy Fotezja.<\/li>\n<li>Bon prezentowy mo\u017ce by\u0107 wykorzystany do zap\u0142aty za udzia\u0142 w imprezie turystycznej wi\u0119cej ni\u017c jednej osoby. Warto\u015b\u0107 bonu jest r\u00f3wno dzielona mi\u0119dzy liczb\u0119 os\u00f3b, za kt\u00f3rych udzia\u0142 dokonywana jest p\u0142atno\u015b\u0107 bonem.<\/li>\n<li>Bony mog\u0105 by\u0107 \u0142\u0105czone &#8211; za udzia\u0142 jednej osoby w jednej imprezie turystycznej mo\u017cna zap\u0142aci\u0107 dwoma lub wi\u0119cej bonami, kt\u00f3rych warto\u015b\u0107 zostanie zsumowana.<\/li>\n<li>Ca\u0142kowita lub cz\u0119\u015bciowa zamiana bonu prezentowego na got\u00f3wk\u0119 nie jest mo\u017cliwa.<\/li>\n<li>Bon prezentowy Biura Podr\u00f3\u017cy Fotezja nie stanowi papieru warto\u015bciowego.<\/li>\n<li>Bon prezentowy jest wa\u017cny przez 24 miesi\u0105ce od daty zakupu. Data wa\u017cno\u015bci bonu prezentowego wskazuje ostatni dzie\u0144, w kt\u00f3rym bon mo\u017ce by\u0107 wykorzystany do zakupu udzia\u0142u w fotowyprawie lub warsztatach fotograficznych. Termin realizacji imprezy mo\u017ce by\u0107 p\u00f3\u017aniejszy ni\u017c termin wa\u017cno\u015bci bonu.<\/li>\n<\/ol>\n","protected":false},"excerpt":{"rendered":"<p>Bon prezentowy Fotezji &#8211; idealny prezent dla mi\u0142o\u015bnika fotografii, przyrody i podr\u00f3\u017cy! Zr\u00f3b prezent swoim bliskim (lub sobie samemu)! Bon prezentowy Fotezji pozwoli ufundowa\u0107 udzia\u0142 w fotowyprawie, wyprawie przyrodniczej lub warsztatach fotograficznych. Sam ustalasz warto\u015b\u0107 prezentu. Bon prezentowy Fotezji to okazja, aby podarowa\u0107 spe\u0142nienie marze\u0144. Obdarowany sam zdecyduje, czy chce wykorzysta\u0107 bon na np. fotowypraw\u0119 na Islandi\u0119 czy te\u017c weekendowe warsztaty fotograficzne lub przyrodnicze w Polsce. Bon mo\u017ce by\u0107 wystawiony na dowoln\u0105 kwot\u0119 i zachowuje wa\u017cno\u015b\u0107 przez 2 lata. Mo\u017cesz [&hellip;]<\/p>\n","protected":false},"author":1,"featured_media":2029,"parent":0,"menu_order":0,"comment_status":"closed","ping_status":"closed","template":"","meta":{"footnotes":"","_links_to":"","_links_to_target":""},"class_list":["post-2027","page","type-page","status-publish","has-post-thumbnail","hentry"],"_links":{"self":[{"href":"https:\/\/www.fotezja.pl\/fotowyprawy\/wp-json\/wp\/v2\/pages\/2027","targetHints":{"allow":["GET"]}}],"collection":[{"href":"https:\/\/www.fotezja.pl\/fotowyprawy\/wp-json\/wp\/v2\/pages"}],"about":[{"href":"https:\/\/www.fotezja.pl\/fotowyprawy\/wp-json\/wp\/v2\/types\/page"}],"author":[{"embeddable":true,"href":"https:\/\/www.fotezja.pl\/fotowyprawy\/wp-json\/wp\/v2\/users\/1"}],"replies":[{"embeddable":true,"href":"https:\/\/www.fotezja.pl\/fotowyprawy\/wp-json\/wp\/v2\/comments?post=2027"}],"version-history":[{"count":21,"href":"https:\/\/www.fotezja.pl\/fotowyprawy\/wp-json\/wp\/v2\/pages\/2027\/revisions"}],"predecessor-version":[{"id":12403,"href":"https:\/\/www.fotezja.pl\/fotowyprawy\/wp-json\/wp\/v2\/pages\/2027\/revisions\/12403"}],"wp:featuredmedia":[{"embeddable":true,"href":"https:\/\/www.fotezja.pl\/fotowyprawy\/wp-json\/wp\/v2\/media\/2029"}],"wp:attachment":[{"href":"https:\/\/www.fotezja.pl\/fotowyprawy\/wp-json\/wp\/v2\/media?parent=2027"}],"curies":[{"name":"wp","href":"https:\/\/api.w.org\/{rel}","templated":true}]}}