{"id":1665,"date":"2019-11-27T21:14:42","date_gmt":"2019-11-27T20:14:42","guid":{"rendered":"https:\/\/www.fotezja.pl\/fotowyprawy\/?page_id=1665"},"modified":"2023-03-26T00:06:55","modified_gmt":"2023-03-25T23:06:55","slug":"skalne-labirynty-warsztaty-kontrastowe","status":"publish","type":"page","link":"https:\/\/www.fotezja.pl\/fotowyprawy\/skalne-labirynty-warsztaty-kontrastowe\/","title":{"rendered":"Skalne Labirynty \u2013 warsztaty kontrastowe"},"content":{"rendered":"<p><img decoding=\"async\" loading=\"lazy\" src=\"https:\/\/www.fotezja.pl\/fotowyprawy\/wp-content\/uploads\/sites\/6\/2019\/11\/IMG_6688-6689_b.jpg\"><noscript><img decoding=\"async\" src=\"https:\/\/www.fotezja.pl\/fotowyprawy\/wp-content\/uploads\/sites\/6\/2019\/11\/IMG_6688-6689_b.jpg\"><\/noscript><\/p>\n<p>Pod koniec czerwca zapraszamy na warsztaty fotograficzne, w trakcie kt\u00f3rych b\u0119dzie okazja fotografowa\u0107 najpi\u0119kniejsze formacje skalne G\u00f3r Sto\u0142owych. Przy okazji b\u0119dziemy te\u017c uczy\u0107 jak sobie radzi\u0107 z fotografowaniem scen o wysokim kontra\u015bcie. W trakcie trzech dni warsztat\u00f3w czekaj\u0105 nas plenery w B\u0142\u0119dnych Ska\u0142ach, w skalnym labiryncie Szczeli\u0144ca Wielkiego, a tak\u017ce w &#8220;Skalnym Mie\u015bcie&#8221; ko\u0142o Adr\u0161pachu (po czeskiej stronie granicy). Ska\u0142 o fantastycznych kszta\u0142tach wystarczy dla ka\u017cdego!<\/p>\n<p>Fotografowanie ciasnych skalnych korytarzy, \u0142uk\u00f3w i kamiennych formacji skalnych b\u0119dzie okazj\u0105 do zmierzenia si\u0119 z cz\u0119sto spotykanym problemem fotograficznym: rozpi\u0119to\u015bci\u0105 tonaln\u0105 sceny zbyt du\u017c\u0105 jak na mo\u017cliwo\u015bci matrycy aparatu. Nauczymy Was rozpoznawa\u0107 tego typu sytuacje oraz przedstawimy i prze\u0107wiczymy techniki pozwalaj\u0105ce poprawnie zarejestrowa\u0107 uj\u0119cia o dowolnie wysokim kontra\u015bcie. Wska\u017cemy tak\u017ce ograniczenia ka\u017cdej z technik oraz optymalne dla ka\u017cdej z nich typy sytuacji. Na koniec naszych warsztat\u00f3w fotograficznych w G\u00f3rach Sto\u0142owych jego uczestnicy b\u0119d\u0105 potrafili dobra\u0107 i zastosowa\u0107 najlepsz\u0105 w danych warunkach technik\u0119 radzenia sobie z wysok\u0105 rozpi\u0119to\u015bci\u0105 tonaln\u0105 sceny.<\/p>\n<p style=\"text-align: center;\"><span style=\"color: #00ff00;\">DAJ NAM ZNA\u0106, JE\u015aLI JESTE\u015a ZAINTERESOWANY!<\/span><\/p>\n<p><a href=\"https:\/\/www.fotezja.pl\/fotowyprawy\/skalne-labirynty-warsztaty-kontrastowe\/zgloszenie-na-warsztaty-skalne-labirynty\/\" style=\"color: #ffffff\"><strong>ZG\u0141ASZAM SI\u0118 NA SKALNE LABIRYNTY!<\/strong><\/a><\/p>\n<p><img decoding=\"async\" loading=\"lazy\" src=\"https:\/\/www.fotezja.pl\/fotowyprawy\/wp-content\/uploads\/sites\/6\/2019\/11\/IMG_1103_b.jpg\"><noscript><img decoding=\"async\" src=\"https:\/\/www.fotezja.pl\/fotowyprawy\/wp-content\/uploads\/sites\/6\/2019\/11\/IMG_1103_b.jpg\"><\/noscript><\/p>\n<p>Dla urody sto\u0142owog\u00f3rskich pejza\u017cy przyje\u017cd\u017cali tu filmowcy Disney&#8217;a, gdy kr\u0119cili \u201eKsi\u0119cia Kaspiana\u201d \u2013 drug\u0105 cz\u0119\u015b\u0107 \u201eOpowie\u015bci z Narni\u201d. A mieli nie tylko spore mo\u017cliwo\u015bci w wyborze scenerii, ale te\u017c niez\u0142y punkt odniesienia, bo cz\u0119\u015b\u0107 uj\u0119\u0107 z tego filmu zosta\u0142a zrealizowana w Nowej Zelandii. Je\u015bli ekipom filmowym chce si\u0119 je\u017adzi\u0107 w G\u00f3ry Sto\u0142owe, to z pewno\u015bci\u0105 s\u0105 to miejsca warte podr\u00f3\u017cy. Wybierzecie si\u0119?<\/p>\n<p style=\"text-align: center;\"><span style=\"color: #00ff00;\">DAJ NAM ZNA\u0106, JE\u015aLI JESTE\u015a ZAINTERESOWANY!<\/span><\/p>\n<p><a name=\"zgloszenie\"><\/a><\/p>\n<p><a href=\"https:\/\/www.fotezja.pl\/fotowyprawy\/skalne-labirynty-warsztaty-kontrastowe\/zgloszenie-na-warsztaty-skalne-labirynty\/\" style=\"color: #ffffff\"><strong><em>Chc\u0119 si\u0119 zag\u0142\u0119bi\u0107 w Skalne Labirynty!<\/em><\/strong><\/a><\/p>\n<p><img decoding=\"async\" loading=\"lazy\" src=\"https:\/\/www.fotezja.pl\/fotowyprawy\/wp-content\/uploads\/sites\/6\/2019\/11\/IMG_4752-4753_b.jpg\"><noscript><img decoding=\"async\" src=\"https:\/\/www.fotezja.pl\/fotowyprawy\/wp-content\/uploads\/sites\/6\/2019\/11\/IMG_4752-4753_b.jpg\"><\/noscript><\/p>\n<p><a href=\"https:\/\/www.fotezja.pl\/fotowyprawy\/skalne-labirynty-warsztaty-kontrastowe\/zgloszenie-na-warsztaty-skalne-labirynty\/\"><strong>Zg\u0142aszam si\u0119 na warsztaty Skalne Labirynty <\/strong><\/a><\/p>\n<p>Potrzebny na te warsztaty sprz\u0119t fotograficzny to aparat z pe\u0142n\u0105 kontrol\u0105 ekspozycji &#8211; najlepiej lustrzanka lub bezlusterkowiec. Do tego obiektywy od ultraszerokich (przydadz\u0105 si\u0119!) po \u015brednie teleobiektywy (do 200 mm). Konieczny b\u0119dzie statyw, przyda si\u0119 w\u0119\u017cyk spustowy lub pilot zdalnego wyzwalania. Tradycyjnie zalecamy mie\u0107 na obiektywach filtry polaryzacyjne. Warto zabra\u0107 spory zapas kart pami\u0119ci, bo wieloklatkowy bracketing b\u0119dzie cz\u0119sto u\u017cywany!<\/p>\n<p>Inaczej ni\u017c zwykle, tym razem <strong>nie zalecamy<\/strong> jako wy\u0142\u0105cznej metody noszenia sprz\u0119tu fotograficznego pas\u00f3w i futera\u0142\u00f3w Lowepro. Na jeden z plener\u00f3w bardziej praktyczne b\u0119d\u0105 plecaki fotograficzne. Dlaczego? W B\u0142\u0119dnych Ska\u0142ach jest na tyle ciasno, \u017ce poszerzaj\u0105cy w biodrach pas z futera\u0142ami b\u0119dzie przeszkadza\u0142. W tym miejscu znacznie lepiej sprawdzi si\u0119 plecak, kt\u00f3ry w najcia\u015bniejszych przej\u015bciach mo\u017cna nie\u015b\u0107 przed lub za sob\u0105. Na Szczeli\u0144cu Wielkim jest ju\u017c znacznie swobodniej, a w czeskim Skalnym Mie\u015bcie chodzimy niemal autostradami. \ud83d\ude09<\/p>\n<p>Mimo \u017ce ta edycja warsztat\u00f3w fotograficznych odb\u0119dzie si\u0119 pod koniec czerwca, to nale\u017cy przygotowa\u0107 si\u0119 na ch\u0142ody. Nawet je\u015bli prognozy b\u0119d\u0105 zapowiada\u0107 bardzo ciep\u0142e dni, w\u015br\u00f3d ska\u0142 Szczeli\u0144ca panuje mikroklimat, kt\u00f3ry powoduje, \u017ce miejscami \u015bnieg utrzymuje si\u0119 tam a\u017c do lipca. Zalecamy zabra\u0107 ze sob\u0105 wygodne wysokie buty g\u00f3rskie oraz &#8211; na wszelki wypadek &#8211; odzie\u017c przeciwdeszczow\u0105 dla siebie i aparatu.<\/p>\n<p><img decoding=\"async\" loading=\"lazy\" src=\"https:\/\/www.fotezja.pl\/fotowyprawy\/wp-content\/uploads\/sites\/6\/2019\/11\/IMG_6667-6668_b.jpg\"><noscript><img decoding=\"async\" src=\"https:\/\/www.fotezja.pl\/fotowyprawy\/wp-content\/uploads\/sites\/6\/2019\/11\/IMG_6667-6668_b.jpg\"><\/noscript><\/p>\n<p><a href=\"https:\/\/www.fotezja.pl\/fotowyprawy\/skalne-labirynty-warsztaty-kontrastowe\/zgloszenie-na-warsztaty-skalne-labirynty\/\" style=\"color: #ffffff\"><strong>ZG\u0141ASZAM SI\u0118 NA SKALNE LABIRYNTY!<\/strong><\/a><\/p>\n<p class=\"tipi-center\"><a target=\"_blank\" href=\"https:\/\/www.fotezja.pl\/fotowyprawy\/powinienes-wiedziec-ze\/\" style=\"color: #e69138\" rel=\"noopener\"><strong>Przeczytaj, co jeszcze warto wiedzie\u0107 o naszych fotowyprawach<\/strong><\/a><a target=\"_blank\" href=\"https:\/\/www.fotezja.pl\/fotowyprawy\/category\/powinienes-wiedziec-ze\/\" style=\"color: #e69138\" rel=\"noopener\"><strong> <\/strong><\/a><\/p>\n<p class=\"tipi-center\"><a target=\"_blank\" href=\"https:\/\/www.fotezja.pl\/fotowyprawy\/warto-bo\/\" style=\"color: #e69138\" rel=\"noopener\"><strong>Co oferujemy i dlaczego warto jecha\u0107 w\u0142a\u015bnie z nami<\/strong><\/a><strong style=\"color: #e69138\">&nbsp;<\/strong><\/p>\n<p class=\"tipi-center\"><a target=\"_blank\" href=\"https:\/\/www.fotezja.pl\/fotowyprawy\/ogolne-warunki-umowy-o-swiadczeniu-imprez-turystycznych\/\" style=\"color: #e69138\" rel=\"noopener\"><strong>Jakie s\u0105 og\u00f3lne warunki umowy o \u015bwiadczenie us\u0142ug turystycznych <\/strong><\/a><\/p>\n","protected":false},"excerpt":{"rendered":"<p>Pod koniec czerwca zapraszamy na warsztaty fotograficzne, w trakcie kt\u00f3rych b\u0119dzie okazja fotografowa\u0107 najpi\u0119kniejsze formacje skalne G\u00f3r Sto\u0142owych. Przy okazji b\u0119dziemy te\u017c uczy\u0107 jak sobie radzi\u0107 z fotografowaniem scen o wysokim kontra\u015bcie. W trakcie trzech dni warsztat\u00f3w czekaj\u0105 nas plenery w B\u0142\u0119dnych Ska\u0142ach, w skalnym labiryncie Szczeli\u0144ca Wielkiego, a tak\u017ce w &#8220;Skalnym Mie\u015bcie&#8221; ko\u0142o Adr\u0161pachu (po czeskiej stronie granicy). Ska\u0142 o fantastycznych kszta\u0142tach wystarczy dla ka\u017cdego! Fotografowanie ciasnych skalnych korytarzy, \u0142uk\u00f3w i kamiennych formacji skalnych b\u0119dzie okazj\u0105 do zmierzenia si\u0119 [&hellip;]<\/p>\n","protected":false},"author":1,"featured_media":1684,"parent":0,"menu_order":0,"comment_status":"closed","ping_status":"closed","template":"","meta":{"footnotes":"","_links_to":"","_links_to_target":""},"class_list":["post-1665","page","type-page","status-publish","has-post-thumbnail","hentry"],"_links":{"self":[{"href":"https:\/\/www.fotezja.pl\/fotowyprawy\/wp-json\/wp\/v2\/pages\/1665","targetHints":{"allow":["GET"]}}],"collection":[{"href":"https:\/\/www.fotezja.pl\/fotowyprawy\/wp-json\/wp\/v2\/pages"}],"about":[{"href":"https:\/\/www.fotezja.pl\/fotowyprawy\/wp-json\/wp\/v2\/types\/page"}],"author":[{"embeddable":true,"href":"https:\/\/www.fotezja.pl\/fotowyprawy\/wp-json\/wp\/v2\/users\/1"}],"replies":[{"embeddable":true,"href":"https:\/\/www.fotezja.pl\/fotowyprawy\/wp-json\/wp\/v2\/comments?post=1665"}],"version-history":[{"count":35,"href":"https:\/\/www.fotezja.pl\/fotowyprawy\/wp-json\/wp\/v2\/pages\/1665\/revisions"}],"predecessor-version":[{"id":7224,"href":"https:\/\/www.fotezja.pl\/fotowyprawy\/wp-json\/wp\/v2\/pages\/1665\/revisions\/7224"}],"wp:featuredmedia":[{"embeddable":true,"href":"https:\/\/www.fotezja.pl\/fotowyprawy\/wp-json\/wp\/v2\/media\/1684"}],"wp:attachment":[{"href":"https:\/\/www.fotezja.pl\/fotowyprawy\/wp-json\/wp\/v2\/media?parent=1665"}],"curies":[{"name":"wp","href":"https:\/\/api.w.org\/{rel}","templated":true}]}}