{"id":1407,"date":"2019-10-17T01:31:04","date_gmt":"2019-10-16T23:31:04","guid":{"rendered":"https:\/\/www.fotezja.pl\/fotowyprawy\/?page_id=1407"},"modified":"2023-03-25T23:42:28","modified_gmt":"2023-03-25T22:42:28","slug":"basniowa-jordania-fotowyprawa-orientalna","status":"publish","type":"page","link":"https:\/\/www.fotezja.pl\/fotowyprawy\/basniowa-jordania-fotowyprawa-orientalna\/","title":{"rendered":"Ba\u015bniowa Jordania \u2013 fotowyprawa orientalna"},"content":{"rendered":"<p><img decoding=\"async\" loading=\"lazy\" src=\"https:\/\/www.fotezja.pl\/fotowyprawy\/wp-content\/uploads\/sites\/6\/2019\/10\/PTR_6852_b1.jpg\"><noscript><img decoding=\"async\" src=\"https:\/\/www.fotezja.pl\/fotowyprawy\/wp-content\/uploads\/sites\/6\/2019\/10\/PTR_6852_b1.jpg\"><\/noscript><\/p>\n<p>Wracamy w scenerie z ba\u015bni z 1001 nocy! W listopadzie 2021 czekaj\u0105 nas wieczorne i poranne plenery na pi\u0119knej pustyni Wadi Rum, zach\u00f3d s\u0142o\u0144ca w\u015br\u00f3d naturalnych solnych rze\u017ab na wybrze\u017cu Morza Martwego i dwa pe\u0142ne dni eksploracji jednego z cud\u00f3w \u015bwiata &#8211; nabatejskiej Petry. A to nie wszystkie atrakcje!<\/p>\n<p style=\"text-align: center;\"><span style=\"color: #ff0000;\">DAJ NAM ZNA\u0106, JE\u015aLI JESTE\u015a ZAINTERESOWANY!<\/span><\/p>\n<p><img decoding=\"async\" loading=\"lazy\" src=\"https:\/\/www.fotezja.pl\/fotowyprawy\/wp-content\/uploads\/sites\/6\/2019\/10\/J14E_6135_b1.jpg\"><noscript><img decoding=\"async\" src=\"https:\/\/www.fotezja.pl\/fotowyprawy\/wp-content\/uploads\/sites\/6\/2019\/10\/J14E_6135_b1.jpg\"><\/noscript><\/p>\n<p>Jordania to idealny kraj dla mi\u0142o\u015bnik\u00f3w pustynnych pejza\u017cy, wielbicieli historii, tak\u017ce tej nieco ba\u015bniowej, a tak\u017ce os\u00f3b ciekawych Orientu. Pustynia Wadi Rum jest niezwyk\u0142a &#8211; z piasku wyrastaj\u0105 pot\u0119\u017cne formacje skalne, kamienne \u0142uki, wyrze\u017abione wiatrem osta\u0144ce. Przy wschodzie i zachodzie s\u0142o\u0144ca niskie \u015bwiat\u0142o i d\u0142ugie cienie tworz\u0105 scenerie jak z Marsa. Nie bez powodu zreszt\u0105 tam kr\u0119cono &#8220;Marsjanina&#8221;, a tak\u017ce inne filmy science fiction, kt\u00f3rych akcja rozgrywa si\u0119 na innych planetach. Pi\u0119knie zachowane ruiny Petry to ca\u0142kiem zas\u0142u\u017cenie jeden z cud\u00f3w \u015bwiata. W s\u0142ynnym &#8220;Skarbcu&#8221; Indiana Jones szuka\u0142 \u015awi\u0119tego Graala &#8211; my poszukamy tam \u015awi\u0119tego Graala fotografii podr\u00f3\u017cniczej. Staro\u017cytno\u015bci te\u017c dotkniemy podczas d\u0142ugiej sesji w rzymskim mie\u015bcie D\u017cerasz. Na koniec wyl\u0105dujemy w g\u0142\u0119bokiej depresji, gdy b\u0119dziemy fotografowa\u0107 solne rze\u017aby na wybrze\u017cu Morza Martwego. <\/p>\n<p><img decoding=\"async\" loading=\"lazy\" src=\"https:\/\/www.fotezja.pl\/fotowyprawy\/wp-content\/uploads\/sites\/6\/2019\/10\/IMG_8525_b.jpg\"><noscript><img decoding=\"async\" src=\"https:\/\/www.fotezja.pl\/fotowyprawy\/wp-content\/uploads\/sites\/6\/2019\/10\/IMG_8525_b.jpg\"><\/noscript><\/p>\n<p>Pe\u0142ne dwa dni fotowyprawy do Jordanii (a nawet nieco wi\u0119cej) po\u015bwi\u0119cimy na fotografowanie jednego z cud\u00f3w staro\u017cytnego \u015bwiata &#8211; nabatejskiej Petry. Ju\u017c sam w\u0105w\u00f3z, prowadz\u0105cy do ruin staro\u017cytnego miasta, pe\u0142en kolorowych, pozaplatanych ska\u0142, mo\u017ce fotografa zatrzyma\u0107 na d\u0142ugie godziny. A to dopiero pocz\u0105tek. Dalej rozci\u0105gaj\u0105 si\u0119 rozleg\u0142e tereny, gdzie nabatejskie grobowce s\u0105siaduj\u0105 z rzymskimi \u015bwi\u0105tyniami i naturalnymi jaskiniami o przepi\u0119knych \u0142ososiowych barwach. Wszystko to jest na wyci\u0105gni\u0119cie r\u0119ki, bez barierek, ogrodze\u0144 i zakaz\u00f3w wst\u0119pu. Mo\u017cna nie tylko dotkn\u0105\u0107 staro\u017cytnych konstrukcji, ale te\u017c ustawi\u0107 aparat tam, gdzie przyjdzie nam ochota. W\u015br\u00f3d cud\u00f3w Petry sp\u0119dzimy dwa pe\u0142ne dni, eksploruj\u0105c j\u0105 od wschodu s\u0142o\u0144ca a\u017c do zachodu, a nawet d\u0142u\u017cej! D\u0142u\u017cej, bo jednego wieczoru wybierzemy si\u0119 spektakl &#8220;Petra by night&#8221;. Ponadto trzeciego dnia (czyli sz\u00f3stego dnia fotowyprawy) rano pojedziemy na plener w zupe\u0142nie nieznanej tzw. Ma\u0142ej Petrze.<\/p>\n<p><img decoding=\"async\" loading=\"lazy\" src=\"https:\/\/www.fotezja.pl\/fotowyprawy\/wp-content\/uploads\/sites\/6\/2019\/10\/PTR_5998_b1.jpg\"><noscript><img decoding=\"async\" src=\"https:\/\/www.fotezja.pl\/fotowyprawy\/wp-content\/uploads\/sites\/6\/2019\/10\/PTR_5998_b1.jpg\"><\/noscript><\/p>\n<div style=\"padding:0.2% 0 0 0;position:relative;\"><iframe class=\"zeen-lazy-load-base zeen-lazy-load\" src=\"about:blank\" data-lazy-src=\"https:\/\/player.vimeo.com\/video\/130034654?byline=0&#038;portrait=0&#038;badge=0\" style=\"position:absolute;top:0;left:0;width:100%;height:100%;\" frameborder=\"0\" allow=\"autoplay; fullscreen\" allowfullscreen><\/iframe><noscript><iframe src=\"https:\/\/player.vimeo.com\/video\/130034654?byline=0&#038;portrait=0&#038;badge=0\" style=\"position:absolute;top:0;left:0;width:100%;height:100%;\" frameborder=\"0\" allow=\"autoplay; fullscreen\" allowfullscreen><\/iframe><\/noscript><\/div>\n<p><script src=\"https:\/\/player.vimeo.com\/api\/player.js\"><\/script><\/p>\n<p style=\"text-align: center;\"><span style=\"color: #00ff00;\">DAJ NAM ZNA\u0106, JE\u015aLI JESTE\u015a ZAINTERESOWANY!<\/span><\/p>\n<p><a name=\"zgloszenie\"><\/a><\/p>\n<p><a href=\"https:\/\/www.fotezja.pl\/fotowyprawy\/basniowa-jordania-fotowyprawa-orientalna\/zgloszenie-udzialu-w-fotowyprawie-basniowa-jordania\/\" style=\"color: #000000\"><strong><em>Chc\u0119 pojecha\u0107 do ba\u015bniowej Jordanii!<\/em><\/strong><\/a><\/p>\n<p><img decoding=\"async\" loading=\"lazy\" src=\"https:\/\/www.fotezja.pl\/fotowyprawy\/wp-content\/uploads\/sites\/6\/2019\/10\/J14P_8008_b1.jpg\"><noscript><img decoding=\"async\" src=\"https:\/\/www.fotezja.pl\/fotowyprawy\/wp-content\/uploads\/sites\/6\/2019\/10\/J14P_8008_b1.jpg\"><\/noscript><\/p>\n<p><a href=\"https:\/\/www.fotezja.pl\/fotowyprawy\/basniowa-jordania-fotowyprawa-orientalna\/zgloszenie-udzialu-w-fotowyprawie-basniowa-jordania\/\">Zg\u0142aszam si\u0119 na fotowypraw\u0119 Ba\u015bniowa Jordania<\/a><a target=\"_blank\" href=\"https:\/\/www.fotezja.pl\/fotowyprawy\/bretania-fotowyprawa-2020\/fotowyprawa-do-bretanii-zgloszenie-udzialu\/\" rel=\"noopener\"> <\/a><\/p>\n<p>Listopad w Jordanii to w miar\u0119 umiarkowane temperatury (przynajmniej jak na Jordani\u0119 \ud83d\ude42 ) i szansa na ciekawe fotograficznie wschody i zachody s\u0142o\u0144ca. W dzie\u0144 temperatury si\u0119gaj\u0105 30 stopni Celsjusza, ale w nocy i nad ranem na pustyni Wadi Rum jest raptem 7-10 stopni (na szcz\u0119\u015bcie nadal na plusie). Warto by\u0107 przygotowanym i na solidne ciep\u0142o i ostre s\u0142o\u0144ce, jak i solidny ch\u0142\u00f3d, zw\u0142aszcza podczas porannych plener\u00f3w na pustyni oraz sesji na g\u00f3rze Nebo. Na nocno-poranne sesje przydadz\u0105 si\u0119 pe\u0142ne buty, polar lub sweter i kurtka przeciwwiatrowa, natomiast w ci\u0105gu dnia wystarcz\u0105 sanda\u0142y, spodnie\/sp\u00f3dnica i t-shirt. Wskazane jest zabranie kapelusza lub czapki dla ochrony przed s\u0142o\u0144cem, a tak\u017ce kremu z silnym filtrem przeciws\u0142onecznym. W Jordanii nie obowi\u0105zuje kodeks reguluj\u0105cy kwesti\u0119 ubioru, ale chodzenie z ods\u0142oni\u0119tymi kolanami i ramionami nie jest przyj\u0119te. Kobiety, nawet miejscowe, nie musz\u0105 mie\u0107 zas\u0142oni\u0119tych w\u0142os\u00f3w (cho\u0107 ze wzgl\u0119du na ostre s\u0142o\u0144ce warto mie\u0107 nakrycie g\u0142owy).<\/p>\n<p><\/p>\n<p>Przydatny sprz\u0119t fotograficzny to obiektywy od ultraszerokich po umiarkowane tele (do 200-300 mm), do tego oczywi\u015bcie aparat fotograficzny (optymalnie: lustrzanka lub bezlusterkowiec), zapas kart pami\u0119ci na 10 dni bardzo intensywnego fotografowania oraz akumulatory do aparatu pozwalaj\u0105ce na dwa dni robienia zdj\u0119\u0107. W hotelach b\u0119dzie mo\u017cna codziennie pod\u0142adowa\u0107 akumulatory, ale lepiej tutaj mie\u0107 zapas na nieprzewidziane sytuacje. Zdecydowanie wskazane jest zabranie statywu. Warto zabra\u0107 filtry polaryzacyjne (najwygodniej po jednym filtrze polaryzacyjnym na jeden obiektyw), a tak\u017ce zestaw filtr\u00f3w szarych (warto zerkn\u0105\u0107 do <a target=\"_blank\" href=\"https:\/\/www.fotezja.pl\/jaki-filtr-szary-kupic\/\" style=\"color: #b45f06\" rel=\"noopener\"><strong>poradnika kupowania filtr\u00f3w szarych<\/strong><\/a>). Warto te\u017c przeczyta\u0107 poradnik na temat <a target=\"_blank\" href=\"https:\/\/www.fotezja.pl\/fotografowanie-na-pustyni\/\" style=\"color: #b45f06\" rel=\"noopener\"><strong>fotografowania na pustyni<\/strong><\/a>.<\/p>\n<p><img decoding=\"async\" loading=\"lazy\" src=\"https:\/\/www.fotezja.pl\/fotowyprawy\/wp-content\/uploads\/sites\/6\/2019\/10\/PTR_6536_b.jpg\"><noscript><img decoding=\"async\" src=\"https:\/\/www.fotezja.pl\/fotowyprawy\/wp-content\/uploads\/sites\/6\/2019\/10\/PTR_6536_b.jpg\"><\/noscript><\/p>\n<p>Do wjazdu do Jordanii niezb\u0119dny jest paszport (w momencie wjazdu paszport powinien by\u0107 wa\u017cny co najmniej jeszcze 6 miesi\u0119cy). Suchy klimat powoduje, \u017ce nie wyst\u0119puj\u0105 tu choroby tropikalne. \u017badne szczeg\u00f3lne szczepienia nie s\u0105 wymagane, nie ma te\u017c \u017cadnych nietypowych warunk\u00f3w zdrowotnych.<\/p>\n<p><\/p>\n<p>Jak przed ka\u017cd\u0105 podr\u00f3\u017c\u0105, zach\u0119camy aby w razie w\u0105tpliwo\u015bci sprawdzi\u0107 stron\u0119 <strong><span style=\"color: #e69138;\"><a href=\"https:\/\/www.gov.pl\/web\/dyplomacja\/informacje-dla-podrozujacych\" target=\"_blank\" rel=\"noopener noreferrer\">Ministerstwa Spraw Zagranicznych<\/a><\/span><\/strong>. Znajduj\u0105 si\u0119 tam aktualne informacje o wymaganych dokumentach, szczepieniach, ostrze\u017cenia i przepisy celne dla ka\u017cdego kraju.<\/p>\n<p style=\"text-align: center;\"><strong><span style=\"color: #e69138;\"><a href=\"https:\/\/www.fotezja.pl\/fotowyprawy\/powinienes-wiedziec-ze\/\" target=\"_blank\" rel=\"noopener noreferrer\">Przeczytaj, co jeszcze warto wiedzie\u0107 o naszych fotowyprawach<\/a><\/span><\/strong><\/p>\n<p style=\"text-align: center;\"><strong><span style=\"color: #e69138;\"><a href=\"https:\/\/www.fotezja.pl\/fotowyprawy\/warto-bo\/\" target=\"_blank\" rel=\"noopener noreferrer\">Co oferujemy i dlaczego warto jecha\u0107 w\u0142a\u015bnie z nami<\/a>&nbsp;<\/span><\/strong><\/p>\n<p style=\"text-align: center;\"><strong><span style=\"color: #e69138;\"><a href=\"https:\/\/www.fotezja.pl\/fotowyprawy\/ogolne-warunki-umowy-o-swiadczeniu-imprez-turystycznych\/\" target=\"_blank\" rel=\"noopener noreferrer\">Jakie s\u0105 og\u00f3lne warunki umowy o \u015bwiadczenie us\u0142ug turystycznych<\/a><\/span><\/strong><\/p>\n","protected":false},"excerpt":{"rendered":"<p>Wracamy w scenerie z ba\u015bni z 1001 nocy! W listopadzie 2021 czekaj\u0105 nas wieczorne i poranne plenery na pi\u0119knej pustyni Wadi Rum, zach\u00f3d s\u0142o\u0144ca w\u015br\u00f3d naturalnych solnych rze\u017ab na wybrze\u017cu Morza Martwego i dwa pe\u0142ne dni eksploracji jednego z cud\u00f3w \u015bwiata &#8211; nabatejskiej Petry. A to nie wszystkie atrakcje! DAJ NAM ZNA\u0106, JE\u015aLI JESTE\u015a ZAINTERESOWANY! Jordania to idealny kraj dla mi\u0142o\u015bnik\u00f3w pustynnych pejza\u017cy, wielbicieli historii, tak\u017ce tej nieco ba\u015bniowej, a tak\u017ce os\u00f3b ciekawych Orientu. Pustynia Wadi Rum jest niezwyk\u0142a &#8211; [&hellip;]<\/p>\n","protected":false},"author":1,"featured_media":1446,"parent":0,"menu_order":0,"comment_status":"closed","ping_status":"closed","template":"","meta":{"footnotes":"","_links_to":"","_links_to_target":""},"class_list":["post-1407","page","type-page","status-publish","has-post-thumbnail","hentry"],"_links":{"self":[{"href":"https:\/\/www.fotezja.pl\/fotowyprawy\/wp-json\/wp\/v2\/pages\/1407","targetHints":{"allow":["GET"]}}],"collection":[{"href":"https:\/\/www.fotezja.pl\/fotowyprawy\/wp-json\/wp\/v2\/pages"}],"about":[{"href":"https:\/\/www.fotezja.pl\/fotowyprawy\/wp-json\/wp\/v2\/types\/page"}],"author":[{"embeddable":true,"href":"https:\/\/www.fotezja.pl\/fotowyprawy\/wp-json\/wp\/v2\/users\/1"}],"replies":[{"embeddable":true,"href":"https:\/\/www.fotezja.pl\/fotowyprawy\/wp-json\/wp\/v2\/comments?post=1407"}],"version-history":[{"count":61,"href":"https:\/\/www.fotezja.pl\/fotowyprawy\/wp-json\/wp\/v2\/pages\/1407\/revisions"}],"predecessor-version":[{"id":7190,"href":"https:\/\/www.fotezja.pl\/fotowyprawy\/wp-json\/wp\/v2\/pages\/1407\/revisions\/7190"}],"wp:featuredmedia":[{"embeddable":true,"href":"https:\/\/www.fotezja.pl\/fotowyprawy\/wp-json\/wp\/v2\/media\/1446"}],"wp:attachment":[{"href":"https:\/\/www.fotezja.pl\/fotowyprawy\/wp-json\/wp\/v2\/media?parent=1407"}],"curies":[{"name":"wp","href":"https:\/\/api.w.org\/{rel}","templated":true}]}}