{"id":13560,"date":"2025-05-10T00:34:26","date_gmt":"2025-05-09T22:34:26","guid":{"rendered":"https:\/\/www.fotezja.pl\/fotowyprawy\/?page_id=13560"},"modified":"2026-03-22T18:59:28","modified_gmt":"2026-03-22T17:59:28","slug":"nowa-zelandia-fotowyprawa-do-srodziemia","status":"publish","type":"page","link":"https:\/\/www.fotezja.pl\/fotowyprawy\/nowa-zelandia-fotowyprawa-do-srodziemia\/","title":{"rendered":"Nowa Zelandia \u2013 fotowyprawa do \u015ar\u00f3dziemia"},"content":{"rendered":"<p><img decoding=\"async\" loading=\"lazy\" src=\"https:\/\/www.fotezja.pl\/fotowyprawy\/wp-content\/uploads\/sites\/6\/2025\/05\/Miter-Peak-Milford-Sound-Nowa-Zelandia_a.jpg\"><noscript><img decoding=\"async\" src=\"https:\/\/www.fotezja.pl\/fotowyprawy\/wp-content\/uploads\/sites\/6\/2025\/05\/Miter-Peak-Milford-Sound-Nowa-Zelandia_a.jpg\"><\/noscript><\/p>\n<p>Na drugim ko\u0144cu \u015bwiata jest \u015ar\u00f3dziemie, gdzie hobbit w\u0119drowa\u0142 z pier\u015bcieniem do wulkanu, w lasach spotka\u0107 mo\u017cna by\u0142o elfy, a po r\u00f3wninach galopowa\u0142a konnica Rohirrim\u00f3w. Tam w\u0142a\u015bnie odnale\u017ali\u015bmy dla Was fantastyczne plenery fotograficzne. Zapraszamy na fotowypraw\u0119 do Nowej Zelandii, by fotografowa\u0107 przepi\u0119kne krajobrazy Po\u0142udniowej Wyspy! Czekaj\u0105 tu na nas spektakularne wybrze\u017ca i fiordy, wodospady, nastrojowe jeziora w\u015br\u00f3d g\u00f3rskich szczyt\u00f3w, lodowce i r\u00f3wniny. Jedziemy na (bardzo) d\u0142ug\u0105 maj\u00f3wk\u0119, czyli na&#8230; jesie\u0144, kt\u00f3ra na Po\u0142udniowej Wyspie potrafi by\u0107 bardzo kolorowa.<\/p>\n<p style=\"text-align: center;\"><span style=\"color: #ff0000;\">ZAPRASZAMY ZA ROK!<\/span><\/p>\n<p><img decoding=\"async\" loading=\"lazy\" src=\"https:\/\/www.fotezja.pl\/fotowyprawy\/wp-content\/uploads\/sites\/6\/2025\/05\/Drzewo-na-jeziorze-Wanaka-Nowa-Zelandia_a.jpeg\"><noscript><img decoding=\"async\" src=\"https:\/\/www.fotezja.pl\/fotowyprawy\/wp-content\/uploads\/sites\/6\/2025\/05\/Drzewo-na-jeziorze-Wanaka-Nowa-Zelandia_a.jpeg\"><\/noscript><\/p>\n<p>W trakcie naszej fotowyprawy na Now\u0105 Zelandi\u0119 b\u0119dziemy zwiedza\u0107 Po\u0142udniow\u0105 Wysp\u0119 &#8211; bardzo zr\u00f3\u017cnicowan\u0105 krajobrazowo i klimatycznie. S\u0105 tutaj regiony, gdzie \u015brednio co trzeci dzie\u0144 pada, ale te\u017c obszary p\u00f3\u0142pustynne. Obok g\u00f3r i lodowc\u00f3w s\u0105 rozleg\u0142e r\u00f3wniny, pierwotne lasy, krystaliczne jeziora i skaliste wybrze\u017ca. Wiele z tutejszych scenerii b\u0119dzie znanych mi\u0142o\u015bnikom filmowych trylogii W\u0142adca Pier\u015bcieni i Hobbit, bo b\u0119dziemy przeje\u017cd\u017ca\u0107 ko\u0142o filmowego lasu Fangorn, miniemy Isengard (wykreowany cyfrowo na r\u00f3wninie, ale g\u00f3ry w tle by\u0142y prawdziwe), zajrzymy do Edoras , pospacerujemy po lesie, w kt\u00f3rym Aragaron i hobbici ukrywali si\u0119 przed czarnymi je\u017ad\u017acami. Wprawdzie nie odwiedzimy Hobbitonu (jest na P\u00f3\u0142nocnej Wyspie), ale i tak b\u0119dzie bardzo magicznie i filmowo, zw\u0142aszcza \u017ce na Nowej Zelandii kr\u0119cono m.in. King Konga, Mission: Impossible \u2013 Fallout, Kroniki Narni, a w Ostatnim Samuraju jedna z nowozelandzkich g\u00f3r gra\u0142a symbol Japonii &#8211; g\u00f3r\u0119 Fuji.<\/p>\n<p><img decoding=\"async\" loading=\"lazy\" src=\"https:\/\/www.fotezja.pl\/fotowyprawy\/wp-content\/uploads\/sites\/6\/2025\/05\/Plaza-Wharariki-przed-burza-Nowa-Zelandia_a.jpeg\"><noscript><img decoding=\"async\" src=\"https:\/\/www.fotezja.pl\/fotowyprawy\/wp-content\/uploads\/sites\/6\/2025\/05\/Plaza-Wharariki-przed-burza-Nowa-Zelandia_a.jpeg\"><\/noscript><\/p>\n<p>Nowa Zelandia to pa\u0144stwo o najmniejszym st\u0119\u017ceniu smogu, czystym powietrzu i krystalicznych wodach. Blue Lake na Wyspie Po\u0142udniowej zosta\u0142o uznane za najczystsze jezioro \u015bwiata! Rzadkie zaludnienie wyspy oraz brak intensywnego przemys\u0142u sprawiaj\u0105, \u017ce mo\u017cna tu cieszy\u0107 si\u0119 pierwotn\u0105 przyrod\u0105 i zapomnie\u0107 o t\u0142umach. Czyste powietrze i niski poziom smogu \u015bwietlnego tworz\u0105 dobre warunki do fotografowania gwiazd nad pi\u0119knymi krajobrazami. Jedna trzecia Nowej Zelandii to parki narodowe!<\/p>\n<p><img decoding=\"async\" loading=\"lazy\" src=\"https:\/\/www.fotezja.pl\/fotowyprawy\/wp-content\/uploads\/sites\/6\/2025\/05\/Klify-Omarama-Nowa-Zelandia_a.jpg\"><noscript><img decoding=\"async\" src=\"https:\/\/www.fotezja.pl\/fotowyprawy\/wp-content\/uploads\/sites\/6\/2025\/05\/Klify-Omarama-Nowa-Zelandia_a.jpg\"><\/noscript><\/p>\n<div style=\"padding:0.05% 0 0 0;position:relative;\"><iframe class=\"zeen-lazy-load-base zeen-lazy-load\" src=\"about:blank\" data-lazy-src=\"https:\/\/player.vimeo.com\/video\/303997198?badge=0&amp;autopause=0&amp;player_id=0&amp;app_id=58479\" frameborder=\"0\" allow=\"autoplay; fullscreen; picture-in-picture; clipboard-write; encrypted-media\" style=\"position:absolute;top:0;left:0;width:100%;height:100%;\" title=\"The Raw Beauty of New Zealand\"><\/iframe><noscript><iframe src=\"https:\/\/player.vimeo.com\/video\/303997198?badge=0&amp;autopause=0&amp;player_id=0&amp;app_id=58479\" frameborder=\"0\" allow=\"autoplay; fullscreen; picture-in-picture; clipboard-write; encrypted-media\" style=\"position:absolute;top:0;left:0;width:100%;height:100%;\" title=\"The Raw Beauty of New Zealand\"><\/iframe><\/noscript><\/div>\n<p><script src=\"https:\/\/player.vimeo.com\/api\/player.js\"><\/script><\/p>\n<p style=\"text-align: center;\"><span style=\"color: #ff0000;\">ALE ZA ROK ZNOWU JEDZIEMY!<\/span><\/p>\n<p><a name=\"zgloszenie\"><\/a><\/p>\n<p><strong><em><span style=\"color: #990000;\"><a href=\"https:\/\/www.fotezja.pl\/fotowyprawy\/nowa-zelandia-fotowyprawa-do-srodziemia\/zgloszenie-na-fotowyprawe-do-nowej-zelandii\/\" rel=\"\">Chc\u0119 pojecha\u0107 do Nowej Zelandii!<\/a><\/span><\/em><\/strong><\/p>\n<p><img decoding=\"async\" loading=\"lazy\" src=\"https:\/\/www.fotezja.pl\/fotowyprawy\/wp-content\/uploads\/sites\/6\/2025\/05\/Plaza-Wharariki-Nowa-Zelandia_a.jpeg\"><noscript><img decoding=\"async\" src=\"https:\/\/www.fotezja.pl\/fotowyprawy\/wp-content\/uploads\/sites\/6\/2025\/05\/Plaza-Wharariki-Nowa-Zelandia_a.jpeg\"><\/noscript><\/p>\n<p><strong><span style=\"color: #000000\"><a href=\"https:\/\/www.fotezja.pl\/fotowyprawy\/nowa-zelandia-fotowyprawa-do-srodziemia\/zgloszenie-na-fotowyprawe-do-nowej-zelandii\/\" rel=\"\">Zg\u0142aszam si\u0119 na fotowypraw\u0119 do NOWEJ ZELANDII<\/a><\/span><\/strong><\/p>\n<p><\/p>\n<p><\/p>\n<p>Przydatny sprz\u0119t fotograficzny to obiektywy od ultraszerokich po umiarkowane tele (do 200-300 mm), do tego oczywi\u015bcie aparat fotograficzny (optymalnie: lustrzanka lub bezlusterkowiec), zapas kart pami\u0119ci na kilkana\u015bcie dni intensywnego fotografowania oraz akumulatory do aparatu pozwalaj\u0105ce na dwa dni robienia zdj\u0119\u0107. W hotelach i motelach b\u0119dzie mo\u017cna codziennie pod\u0142adowa\u0107 akumulatory, ale lepiej tutaj mie\u0107 zapas na nieprzewidziane sytuacje. Zdecydowanie wskazane jest zabranie statywu. Warto zabra\u0107 filtry polaryzacyjne (najwygodniej po jednym filtrze polaryzacyjnym na jeden obiektyw), a tak\u017ce zestaw filtr\u00f3w szarych (warto zerkn\u0105\u0107 do <strong><span style=\"color: #b45f06;\"><a href=\"https:\/\/www.fotezja.pl\/jaki-filtr-szary-kupic\/\" target=\"_blank\" rel=\"noopener noreferrer\">poradnika kupowania filtr\u00f3w szarych<\/a><\/span><\/strong>). Je\u015bli tylko warunki pozwol\u0105, planujemy nocne sesje z fotografowaniem gwiazd &#8211; z my\u015bl\u0105 o tych plenerach warto zabra\u0107 najszerszy posiadany obiektyw.<\/p>\n<p>Nowa Zelandia jest krajem przyjaznym dla u\u017cytkownik\u00f3w dron\u00f3w &#8211; nie trzeba uzyskiwa\u0107 pozwole\u0144 na loty popularnymi dronami, a zasady s\u0105 podobne do obowi\u0105zuj\u0105cych w Europie. Drona warto zabra\u0107, cho\u0107by po to, aby zobaczy\u0107 \u015ar\u00f3dziemie oczami lec\u0105cego Nazgula&#8230; \ud83d\ude09<\/p>\n<p><img decoding=\"async\" loading=\"lazy\" src=\"https:\/\/www.fotezja.pl\/fotowyprawy\/wp-content\/uploads\/sites\/6\/2025\/05\/Lower-McLean-Falls_Catlins-National-Park-Nowa-Zelandia_a.jpeg\"><noscript><img decoding=\"async\" src=\"https:\/\/www.fotezja.pl\/fotowyprawy\/wp-content\/uploads\/sites\/6\/2025\/05\/Lower-McLean-Falls_Catlins-National-Park-Nowa-Zelandia_a.jpeg\"><\/noscript><\/p>\n<p>Do wjazdu do Nowej Zelandii niezb\u0119dny jest paszport (w momencie wjazdu paszport powinien by\u0107 wa\u017cny co najmniej jeszcze 6 miesi\u0119cy). Na wyjazdy turystyczne do 90 dni nie jest wymagana wiza, natomiast przed przylotem trzeba si\u0119 zarejestrowa\u0107 w systemie NZeTA (koszt 58 NZD) i op\u0142aci\u0107 podatek turystycznych (100 NZD).<\/p>\n<p><\/p>\n<p>Jak przed ka\u017cd\u0105 podr\u00f3\u017c\u0105, zach\u0119camy aby w razie w\u0105tpliwo\u015bci sprawdzi\u0107 stron\u0119 <strong><span style=\"color: #e69138;\"><a href=\"https:\/\/www.gov.pl\/web\/dyplomacja\/informacje-dla-podrozujacych\" target=\"_blank\" rel=\"noopener noreferrer\">Ministerstwa Spraw Zagranicznych<\/a><\/span><\/strong>. Znajduj\u0105 si\u0119 tam aktualne informacje o wymaganych dokumentach, szczepieniach, ostrze\u017cenia i przepisy celne dla ka\u017cdego kraju.<\/p>\n<p style=\"text-align: center;\"><strong><span style=\"color: #e69138;\"><a href=\"https:\/\/www.fotezja.pl\/fotowyprawy\/powinienes-wiedziec-ze\/\" target=\"_blank\" rel=\"noopener noreferrer\">Przeczytaj, co jeszcze warto wiedzie\u0107 o naszych fotowyprawach<\/a><\/span><\/strong><\/p>\n<p style=\"text-align: center;\"><strong><span style=\"color: #e69138;\"><a href=\"https:\/\/www.fotezja.pl\/fotowyprawy\/warto-bo\/\" target=\"_blank\" rel=\"noopener noreferrer\">Co oferujemy i dlaczego warto jecha\u0107 w\u0142a\u015bnie z nami<\/a>&nbsp;<\/span><\/strong><\/p>\n<p style=\"text-align: center;\"><strong><span style=\"color: #e69138;\"><a href=\"https:\/\/www.fotezja.pl\/fotowyprawy\/ogolne-warunki-umowy-o-swiadczeniu-imprez-turystycznych\/\" target=\"_blank\" rel=\"noopener noreferrer\">Jakie s\u0105 og\u00f3lne warunki umowy o \u015bwiadczenie us\u0142ug turystycznych<\/a><\/span><\/strong><\/p>\n<div id=\"jig1\" class=\"justified-image-grid jig-62a72d8bfc926c4de021025e81dfc261 jig-preset-global jig-source-wp-gallery\"><div class=\"jig-clearfix\"><\/div><noscript id=\"jig1-html\" class=\"justified-image-grid-html\" data-lazy-src=\"skiplazyload\" data-src=\"skipunveillazyload\"><ul><li><a href=\"https:\/\/www.fotezja.pl\/fotowyprawy\/wp-content\/uploads\/sites\/6\/2025\/05\/Miter-Peak-Milford-Sound-Nowa-Zelandia_a.jpg\"><img decoding=\"async\" src=\"https:\/\/www.fotezja.pl\/fotowyprawy\/wp-content\/plugins\/justified-image-grid\/timthumb.php?src=https%3A%2F%2Fwww.fotezja.pl%2Ffotowyprawy%2Fwp-content%2Fuploads%2Fsites%2F6%2F2025%2F05%2FMiter-Peak-Milford-Sound-Nowa-Zelandia_a.jpg&amp;h=340&amp;q=90&amp;f=.jpg\" alt=\"&lt;span id=&quot;wp-image-13552&quot; class=&quot;exif&quot;&gt;&lt;span class=&quot;aperture&quot;&gt;Przys\u0142ona:&#402;\/8&nbsp;&lt;span class=&quot;focal_length&quot;&gt;Ogniskowa:24mm&nbsp;&lt;span class=&quot;iso&quot;&gt;Czu\u0142o\u015b\u0107 ISO:100&nbsp;&lt;span class=&quot;shutter_speed&quot;&gt;Czas na\u015bwietlania:1\/400s&nbsp;&lt;\/span&gt;\" width=\"510\" height=\"340\" \/><\/a><p class=\"jig-HTMLdescription\"><span id=\"wp-image-13552\" class=\"exif\"><span class=\"aperture\">Przys\u0142ona:&#402;\/8&nbsp;<span class=\"focal_length\">Ogniskowa:24mm&nbsp;<span class=\"iso\">Czu\u0142o\u015b\u0107 ISO:100&nbsp;<span class=\"shutter_speed\">Czas na\u015bwietlania:1\/400s&nbsp;<\/span><\/p><\/li><li><a href=\"https:\/\/www.fotezja.pl\/fotowyprawy\/wp-content\/uploads\/sites\/6\/2025\/05\/Milford-Sound-Nowa-Zelandia_a.jpg\"><img decoding=\"async\" src=\"https:\/\/www.fotezja.pl\/fotowyprawy\/wp-content\/plugins\/justified-image-grid\/timthumb.php?src=https%3A%2F%2Fwww.fotezja.pl%2Ffotowyprawy%2Fwp-content%2Fuploads%2Fsites%2F6%2F2025%2F05%2FMilford-Sound-Nowa-Zelandia_a.jpg&amp;h=340&amp;q=90&amp;f=.jpg\" alt=\"&lt;span id=&quot;wp-image-13551&quot; class=&quot;exif&quot;&gt;&lt;span class=&quot;aperture&quot;&gt;Przys\u0142ona:&#402;\/11&nbsp;&lt;span class=&quot;focal_length&quot;&gt;Ogniskowa:35mm&nbsp;&lt;span class=&quot;iso&quot;&gt;Czu\u0142o\u015b\u0107 ISO:200&nbsp;&lt;span class=&quot;shutter_speed&quot;&gt;Czas na\u015bwietlania:1\/10s&nbsp;&lt;\/span&gt;\" width=\"510\" height=\"340\" \/><\/a><p class=\"jig-HTMLdescription\"><span id=\"wp-image-13551\" class=\"exif\"><span class=\"aperture\">Przys\u0142ona:&#402;\/11&nbsp;<span class=\"focal_length\">Ogniskowa:35mm&nbsp;<span class=\"iso\">Czu\u0142o\u015b\u0107 ISO:200&nbsp;<span class=\"shutter_speed\">Czas na\u015bwietlania:1\/10s&nbsp;<\/span><\/p><\/li><li><a href=\"https:\/\/www.fotezja.pl\/fotowyprawy\/wp-content\/uploads\/sites\/6\/2025\/05\/Plaza-Wharariki-przed-burza-Nowa-Zelandia_a.jpeg\" title=\"Dramatic landscape of Wharariki beach with Archway islands on Tasman sea, West of Cape Farewell in the morning at South Island of New Zealand\"><img decoding=\"async\" src=\"https:\/\/www.fotezja.pl\/fotowyprawy\/wp-content\/plugins\/justified-image-grid\/timthumb.php?src=https%3A%2F%2Fwww.fotezja.pl%2Ffotowyprawy%2Fwp-content%2Fuploads%2Fsites%2F6%2F2025%2F05%2FPlaza-Wharariki-przed-burza-Nowa-Zelandia_a.jpeg&amp;h=340&amp;q=90&amp;f=.jpeg\" alt=\"&lt;span id=&quot;wp-image-13555&quot; class=&quot;exif&quot;&gt;&lt;span class=&quot;aperture&quot;&gt;Przys\u0142ona:&#402;\/5.6&nbsp;&lt;span class=&quot;focal_length&quot;&gt;Ogniskowa:50mm&nbsp;&lt;span class=&quot;iso&quot;&gt;Czu\u0142o\u015b\u0107 ISO:100&nbsp;&lt;span class=&quot;shutter_speed&quot;&gt;Czas na\u015bwietlania:1\/640s&nbsp;&lt;\/span&gt;\" width=\"523\" height=\"340\" \/><\/a><p class=\"jig-HTMLdescription\"><span id=\"wp-image-13555\" class=\"exif\"><span class=\"aperture\">Przys\u0142ona:&#402;\/5.6&nbsp;<span class=\"focal_length\">Ogniskowa:50mm&nbsp;<span class=\"iso\">Czu\u0142o\u015b\u0107 ISO:100&nbsp;<span class=\"shutter_speed\">Czas na\u015bwietlania:1\/640s&nbsp;<\/span><br\/>Dramatic landscape of Wharariki beach with Archway islands on Tasman sea, West of Cape Farewell in the morning at South Island of New Zealand<\/p><\/li><li><a href=\"https:\/\/www.fotezja.pl\/fotowyprawy\/wp-content\/uploads\/sites\/6\/2025\/05\/Te-Anau-Nowa-Zelandia_a.jpeg\" title=\"Long exposure image of lake Te Anau jetty at sunrise with a spectacular backdrop of Mt Luxmore and the Murchison mountains, New Zealand\"><img decoding=\"async\" src=\"https:\/\/www.fotezja.pl\/fotowyprawy\/wp-content\/plugins\/justified-image-grid\/timthumb.php?src=https%3A%2F%2Fwww.fotezja.pl%2Ffotowyprawy%2Fwp-content%2Fuploads%2Fsites%2F6%2F2025%2F05%2FTe-Anau-Nowa-Zelandia_a.jpeg&amp;h=340&amp;q=90&amp;f=.jpeg\" alt=\"&lt;span id=&quot;wp-image-13556&quot; class=&quot;exif&quot;&gt;&lt;span class=&quot;aperture&quot;&gt;Przys\u0142ona:&#402;\/11&nbsp;&lt;span class=&quot;focal_length&quot;&gt;Ogniskowa:28mm&nbsp;&lt;span class=&quot;iso&quot;&gt;Czu\u0142o\u015b\u0107 ISO:100&nbsp;&lt;span class=&quot;shutter_speed&quot;&gt;Czas na\u015bwietlania:146s&nbsp;&lt;\/span&gt;\" width=\"604\" height=\"340\" \/><\/a><p class=\"jig-HTMLdescription\"><span id=\"wp-image-13556\" class=\"exif\"><span class=\"aperture\">Przys\u0142ona:&#402;\/11&nbsp;<span class=\"focal_length\">Ogniskowa:28mm&nbsp;<span class=\"iso\">Czu\u0142o\u015b\u0107 ISO:100&nbsp;<span class=\"shutter_speed\">Czas na\u015bwietlania:146s&nbsp;<\/span><br\/>Long exposure image of lake Te Anau jetty at sunrise with a spectacular backdrop of Mt Luxmore and the Murchison mountains, New Zealand<\/p><\/li><li><a href=\"https:\/\/www.fotezja.pl\/fotowyprawy\/wp-content\/uploads\/sites\/6\/2025\/05\/Latarnia-Nugget-Point-Nowa-Zelandia_a.jpg\" title=\"Landscape view with sunset scene of the Catlins, Nugget Point Lighthouse, South Island, New Zealand\"><img decoding=\"async\" src=\"https:\/\/www.fotezja.pl\/fotowyprawy\/wp-content\/plugins\/justified-image-grid\/timthumb.php?src=https%3A%2F%2Fwww.fotezja.pl%2Ffotowyprawy%2Fwp-content%2Fuploads%2Fsites%2F6%2F2025%2F05%2FLatarnia-Nugget-Point-Nowa-Zelandia_a.jpg&amp;h=340&amp;q=90&amp;f=.jpg\" alt=\"Landscape view with sunset scene of the Catlins, Nugget Point Lighthouse, South Island, New Zealand\" width=\"604\" height=\"340\" \/><\/a><p class=\"jig-HTMLdescription\">Landscape view with sunset scene of the Catlins, Nugget Point Lighthouse, South Island, New Zealand<\/p><\/li><li><a href=\"https:\/\/www.fotezja.pl\/fotowyprawy\/wp-content\/uploads\/sites\/6\/2025\/05\/Wairepo-Arm-Twizel-Nowa-Zelandia_a.jpeg\"><img decoding=\"async\" src=\"https:\/\/www.fotezja.pl\/fotowyprawy\/wp-content\/plugins\/justified-image-grid\/timthumb.php?src=https%3A%2F%2Fwww.fotezja.pl%2Ffotowyprawy%2Fwp-content%2Fuploads%2Fsites%2F6%2F2025%2F05%2FWairepo-Arm-Twizel-Nowa-Zelandia_a.jpeg&amp;h=340&amp;q=90&amp;f=.jpeg\" alt=\"\" width=\"510\" height=\"340\" \/><\/a><\/li><li><a href=\"https:\/\/www.fotezja.pl\/fotowyprawy\/wp-content\/uploads\/sites\/6\/2025\/05\/Moeraki-Boulders-Nowa-Zelandia_a.jpeg\"><img decoding=\"async\" src=\"https:\/\/www.fotezja.pl\/fotowyprawy\/wp-content\/plugins\/justified-image-grid\/timthumb.php?src=https%3A%2F%2Fwww.fotezja.pl%2Ffotowyprawy%2Fwp-content%2Fuploads%2Fsites%2F6%2F2025%2F05%2FMoeraki-Boulders-Nowa-Zelandia_a.jpeg&amp;h=340&amp;q=90&amp;f=.jpeg\" alt=\"\" width=\"510\" height=\"340\" \/><\/a><\/li><li><a href=\"https:\/\/www.fotezja.pl\/fotowyprawy\/wp-content\/uploads\/sites\/6\/2025\/05\/Droga-z-widokiem-na-Gore-Cooka-Nowa-Zelandia_a.jpeg\"><img decoding=\"async\" src=\"https:\/\/www.fotezja.pl\/fotowyprawy\/wp-content\/plugins\/justified-image-grid\/timthumb.php?src=https%3A%2F%2Fwww.fotezja.pl%2Ffotowyprawy%2Fwp-content%2Fuploads%2Fsites%2F6%2F2025%2F05%2FDroga-z-widokiem-na-Gore-Cooka-Nowa-Zelandia_a.jpeg&amp;h=340&amp;q=90&amp;f=.jpeg\" alt=\"\" width=\"508\" height=\"340\" \/><\/a><\/li><li><a href=\"https:\/\/www.fotezja.pl\/fotowyprawy\/wp-content\/uploads\/sites\/6\/2025\/05\/Lower-McLean-Falls_Catlins-National-Park-Nowa-Zelandia_a.jpeg\"><img decoding=\"async\" src=\"https:\/\/www.fotezja.pl\/fotowyprawy\/wp-content\/plugins\/justified-image-grid\/timthumb.php?src=https%3A%2F%2Fwww.fotezja.pl%2Ffotowyprawy%2Fwp-content%2Fuploads%2Fsites%2F6%2F2025%2F05%2FLower-McLean-Falls_Catlins-National-Park-Nowa-Zelandia_a.jpeg&amp;h=340&amp;q=90&amp;f=.jpeg\" alt=\"\" width=\"496\" height=\"340\" \/><\/a><\/li><li><a href=\"https:\/\/www.fotezja.pl\/fotowyprawy\/wp-content\/uploads\/sites\/6\/2025\/05\/Drzewo-na-jeziorze-Wanaka-Nowa-Zelandia_a.jpeg\"><img decoding=\"async\" src=\"https:\/\/www.fotezja.pl\/fotowyprawy\/wp-content\/plugins\/justified-image-grid\/timthumb.php?src=https%3A%2F%2Fwww.fotezja.pl%2Ffotowyprawy%2Fwp-content%2Fuploads%2Fsites%2F6%2F2025%2F05%2FDrzewo-na-jeziorze-Wanaka-Nowa-Zelandia_a.jpeg&amp;h=340&amp;q=90&amp;f=.jpeg\" alt=\"&lt;span id=&quot;wp-image-13547&quot; class=&quot;exif&quot;&gt;&lt;span class=&quot;aperture&quot;&gt;Przys\u0142ona:&#402;\/9&nbsp;&lt;span class=&quot;focal_length&quot;&gt;Ogniskowa:50mm&nbsp;&lt;span class=&quot;iso&quot;&gt;Czu\u0142o\u015b\u0107 ISO:100&nbsp;&lt;span class=&quot;shutter_speed&quot;&gt;Czas na\u015bwietlania:30s&nbsp;&lt;\/span&gt;\" width=\"558\" height=\"340\" \/><\/a><p class=\"jig-HTMLdescription\"><span id=\"wp-image-13547\" class=\"exif\"><span class=\"aperture\">Przys\u0142ona:&#402;\/9&nbsp;<span class=\"focal_length\">Ogniskowa:50mm&nbsp;<span class=\"iso\">Czu\u0142o\u015b\u0107 ISO:100&nbsp;<span class=\"shutter_speed\">Czas na\u015bwietlania:30s&nbsp;<\/span><\/p><\/li><li><a href=\"https:\/\/www.fotezja.pl\/fotowyprawy\/wp-content\/uploads\/sites\/6\/2025\/05\/Plaza-Wharariki-Nowa-Zelandia_a.jpeg\"><img decoding=\"async\" src=\"https:\/\/www.fotezja.pl\/fotowyprawy\/wp-content\/plugins\/justified-image-grid\/timthumb.php?src=https%3A%2F%2Fwww.fotezja.pl%2Ffotowyprawy%2Fwp-content%2Fuploads%2Fsites%2F6%2F2025%2F05%2FPlaza-Wharariki-Nowa-Zelandia_a.jpeg&amp;h=340&amp;q=90&amp;f=.jpeg\" alt=\"\" width=\"510\" height=\"340\" \/><\/a><\/li><li><a href=\"https:\/\/www.fotezja.pl\/fotowyprawy\/wp-content\/uploads\/sites\/6\/2025\/05\/Klify-Omarama-Nowa-Zelandia_a.jpg\" title=\"Omarama Clay Cliffs, extraordinary natural rock formations formed a 1 to 2 million years ago, Omarama, Mackenzie Basin, South Island New Zealand\"><img decoding=\"async\" src=\"https:\/\/www.fotezja.pl\/fotowyprawy\/wp-content\/plugins\/justified-image-grid\/timthumb.php?src=https%3A%2F%2Fwww.fotezja.pl%2Ffotowyprawy%2Fwp-content%2Fuploads%2Fsites%2F6%2F2025%2F05%2FKlify-Omarama-Nowa-Zelandia_a.jpg&amp;h=340&amp;q=90&amp;f=.jpg\" alt=\"&lt;span id=&quot;wp-image-13548&quot; class=&quot;exif&quot;&gt;&lt;span class=&quot;aperture&quot;&gt;Przys\u0142ona:&#402;\/2.8&nbsp;&lt;span class=&quot;focal_length&quot;&gt;Ogniskowa:12.6mm&nbsp;&lt;span class=&quot;iso&quot;&gt;Czu\u0142o\u015b\u0107 ISO:100&nbsp;&lt;span class=&quot;shutter_speed&quot;&gt;Czas na\u015bwietlania:1\/125s&nbsp;&lt;\/span&gt;\" width=\"490\" height=\"340\" \/><\/a><p class=\"jig-HTMLdescription\"><span id=\"wp-image-13548\" class=\"exif\"><span class=\"aperture\">Przys\u0142ona:&#402;\/2.8&nbsp;<span class=\"focal_length\">Ogniskowa:12.6mm&nbsp;<span class=\"iso\">Czu\u0142o\u015b\u0107 ISO:100&nbsp;<span class=\"shutter_speed\">Czas na\u015bwietlania:1\/125s&nbsp;<\/span><br\/>Omarama Clay Cliffs, extraordinary natural rock formations formed a 1 to 2 million years ago, Omarama, Mackenzie Basin, South Island New Zealand<\/p><\/li><\/ul><\/noscript><\/div>\n","protected":false},"excerpt":{"rendered":"<p>Na drugim ko\u0144cu \u015bwiata jest \u015ar\u00f3dziemie, gdzie hobbit w\u0119drowa\u0142 z pier\u015bcieniem do wulkanu, w lasach spotka\u0107 mo\u017cna by\u0142o elfy, a po r\u00f3wninach galopowa\u0142a konnica Rohirrim\u00f3w. Tam w\u0142a\u015bnie odnale\u017ali\u015bmy dla Was fantastyczne plenery fotograficzne. Zapraszamy na fotowypraw\u0119 do Nowej Zelandii, by fotografowa\u0107 przepi\u0119kne krajobrazy Po\u0142udniowej Wyspy! Czekaj\u0105 tu na nas spektakularne wybrze\u017ca i fiordy, wodospady, nastrojowe jeziora w\u015br\u00f3d g\u00f3rskich szczyt\u00f3w, lodowce i r\u00f3wniny. Jedziemy na (bardzo) d\u0142ug\u0105 maj\u00f3wk\u0119, czyli na&#8230; jesie\u0144, kt\u00f3ra na Po\u0142udniowej Wyspie potrafi by\u0107 bardzo kolorowa. ZAPRASZAMY ZA [&hellip;]<\/p>\n","protected":false},"author":1,"featured_media":13551,"parent":0,"menu_order":0,"comment_status":"closed","ping_status":"closed","template":"","meta":{"footnotes":"","_links_to":"","_links_to_target":""},"class_list":["post-13560","page","type-page","status-publish","has-post-thumbnail","hentry"],"_links":{"self":[{"href":"https:\/\/www.fotezja.pl\/fotowyprawy\/wp-json\/wp\/v2\/pages\/13560","targetHints":{"allow":["GET"]}}],"collection":[{"href":"https:\/\/www.fotezja.pl\/fotowyprawy\/wp-json\/wp\/v2\/pages"}],"about":[{"href":"https:\/\/www.fotezja.pl\/fotowyprawy\/wp-json\/wp\/v2\/types\/page"}],"author":[{"embeddable":true,"href":"https:\/\/www.fotezja.pl\/fotowyprawy\/wp-json\/wp\/v2\/users\/1"}],"replies":[{"embeddable":true,"href":"https:\/\/www.fotezja.pl\/fotowyprawy\/wp-json\/wp\/v2\/comments?post=13560"}],"version-history":[{"count":101,"href":"https:\/\/www.fotezja.pl\/fotowyprawy\/wp-json\/wp\/v2\/pages\/13560\/revisions"}],"predecessor-version":[{"id":15447,"href":"https:\/\/www.fotezja.pl\/fotowyprawy\/wp-json\/wp\/v2\/pages\/13560\/revisions\/15447"}],"wp:featuredmedia":[{"embeddable":true,"href":"https:\/\/www.fotezja.pl\/fotowyprawy\/wp-json\/wp\/v2\/media\/13551"}],"wp:attachment":[{"href":"https:\/\/www.fotezja.pl\/fotowyprawy\/wp-json\/wp\/v2\/media?parent=13560"}],"curies":[{"name":"wp","href":"https:\/\/api.w.org\/{rel}","templated":true}]}}