{"id":1321,"date":"2019-09-11T20:32:55","date_gmt":"2019-09-11T18:32:55","guid":{"rendered":"https:\/\/www.fotezja.pl\/fotowyprawy\/?page_id=1321"},"modified":"2023-03-25T23:48:21","modified_gmt":"2023-03-25T22:48:21","slug":"deby-rogalinskie-warsztaty-krajobrazowe","status":"publish","type":"page","link":"https:\/\/www.fotezja.pl\/fotowyprawy\/deby-rogalinskie-warsztaty-krajobrazowe\/","title":{"rendered":"D\u0119by Rogali\u0144skie \u2013 warsztaty krajobrazowe"},"content":{"rendered":"<p><img decoding=\"async\" loading=\"lazy\" src=\"https:\/\/www.fotezja.pl\/fotowyprawy\/wp-content\/uploads\/sites\/6\/2019\/09\/IMG_3864_b.jpg\"><noscript><img decoding=\"async\" src=\"https:\/\/www.fotezja.pl\/fotowyprawy\/wp-content\/uploads\/sites\/6\/2019\/09\/IMG_3864_b.jpg\"><\/noscript><\/p>\n<p>Rogalin pod Poznaniem to miejsce o olbrzymim fotograficznym potencjale, wr\u0119cz obowi\u0105zkowe dla ka\u017cdego mi\u0142o\u015bnika pejza\u017cy. Wszystko to za spraw\u0105 s\u0142ynnych d\u0119b\u00f3w. Niekt\u00f3re z nich maj\u0105 ponad 600 lat, na terenie Rogali\u0144skiego Parku Krajobrazowego jest ich prawie p\u00f3\u0142tora tysi\u0105ca, z czego ponad 600 to pomniki przyrody. Rosn\u0105ce na \u0142\u0105kach nad brzegiem Warty pot\u0119\u017cne drzewa daj\u0105 okazj\u0119 do tworzenia wyrazistych i zr\u00f3\u017cnicowanych kompozycji pejza\u017cowych. Ale sesje pejza\u017cowe w\u015br\u00f3d pot\u0119\u017cnych d\u0119b\u00f3w to tylko jedna z atrakcji naszych rogali\u0144skich warsztat\u00f3w fotograficznych.<\/p>\n<p style=\"text-align: center;\"><strong><span style=\"color: #00ff00;\">ZAPRASZAMY NA INNE NASZE WARSZTATY FOTOGRAFICZNE<\/span><\/strong><\/p>\n<p><img decoding=\"async\" loading=\"lazy\" src=\"https:\/\/www.fotezja.pl\/fotowyprawy\/wp-content\/uploads\/sites\/6\/2019\/09\/IMG_9015_b.jpg\"><noscript><img decoding=\"async\" src=\"https:\/\/www.fotezja.pl\/fotowyprawy\/wp-content\/uploads\/sites\/6\/2019\/09\/IMG_9015_b.jpg\"><\/noscript><\/p>\n<p>Stoj\u0105ce samotnie na \u0142\u0105ce d\u0119by to \u015bwietny poligon do \u0107wicze\u0144 z kompozycji. B\u0119dziemy te pot\u0119\u017cne drzewa uk\u0142ada\u0107 w kadrze na r\u00f3\u017cne sposoby, \u0107wicz\u0105c wp\u0142yw przestrzeni negatywnej, perspektywy i czasu na form\u0119 i odbi\u00f3r fotografii. Przy okazji zmierzymy si\u0119 te\u017c z kwesti\u0105 poprawnej ekspozycji zdj\u0119\u0107 pejza\u017cowych, zw\u0142aszcza wykonywanych podczas z\u0142otej godziny.<\/p>\n<p><\/p>\n<p>Ile d\u0119b\u00f3w zmie\u015bci si\u0119 w jednym obiektywie, dlaczego jeden to czasem wi\u0119cej ni\u017c dwa, gdzie ci\u0105\u0107 drzewa \u017ceby nie wygl\u0105da\u0142y na obci\u0119te i jak wype\u0142ni\u0107 prostok\u0105tny kadr rosohatymi konarami &#8211; takie zagadnienia b\u0119dziemy dyskutowa\u0107. I jeszcze troch\u0119 innych te\u017c. <\/p>\n<p><img decoding=\"async\" loading=\"lazy\" src=\"https:\/\/www.fotezja.pl\/fotowyprawy\/wp-content\/uploads\/sites\/6\/2019\/09\/IMG_9098_b.jpg\"><noscript><img decoding=\"async\" src=\"https:\/\/www.fotezja.pl\/fotowyprawy\/wp-content\/uploads\/sites\/6\/2019\/09\/IMG_9098_b.jpg\"><\/noscript><\/p>\n<p>Dlaczego warsztaty fotograficzne w\u015br\u00f3d d\u0119b\u00f3w organizujemy w zimie? Jest kilka powod\u00f3w. Owszem, b\u0119dzie zimno. Nawet na to liczymy: chcemy wy\u017cu, kt\u00f3ry w zimie przynosi silny mr\u00f3z, ale tak\u017ce czyste niebo i pi\u0119kne \u009c\u015bwiat\u0142o o wschodzie i zachodzie s\u0142o\u0144ca. Ponadto silny mr\u00f3z skuje lodem nadwarcia\u0144skie rozlewiska, u\u0142atwiaj\u0105c nam poruszanie si\u0119 i pozwalaj\u0105c postawi\u0107 statyw tam, gdzie w cieplejszy dzie\u0144 nie da\u0142oby si\u0119 dotrze\u0107.<\/p>\n<p><\/p>\n<p>Kolejnym powodem styczniowego terminu warsztat\u00f3w jest to, \u017ce d\u0119by ciekawiej wygl\u0105daj\u0105 bez li\u015bci &#8211; powyginane konary ukazuj\u0105 ekspresyjne sylwetki, u\u0142atwiaj\u0105c uzyskanie wyrazistych kadr\u00f3w.<\/p>\n<p><\/p>\n<p>Dodatkow\u0105 korzy\u015bci\u0105 plener\u00f3w w styczniu&nbsp;jest z\u0142ota godzina o ludzkiej porze: wsch\u00f3d s\u0142o\u0144ca b\u0119dzie przed \u00f3sm\u0105 rano, a zach\u00f3d przed siedemnast\u0105. Je\u015bli kto\u015b nie lubi wstawa\u0107 na wsch\u00f3d s\u0142o\u0144ca, to na tych warsztatach b\u0119dzie to \u0142atwiejsze ni\u017c kiedykolwiek indziej. \ud83d\ude09<\/p>\n<p><\/p>\n<p>Nie b\u0119d\u0105 to wcale warsztaty ekstremalne, nie b\u0119dziemy godzinami sta\u0107 w miejscu czy czeka\u0107 w bezruchu, tylko spacerowa\u0107 po nadwarcia\u0144skich b\u0142oniach, wyszukuj\u0105c ciekawe kadry. Po porannych i wieczornych sesjach plenerowych b\u0119dziemy wraca\u0107 pod dach, \u017ceby si\u0119 zagrza\u0107 i zje\u015b\u0107 co\u015b\u009c ciep\u0142ego.<\/p>\n<p><img decoding=\"async\" loading=\"lazy\" src=\"https:\/\/www.fotezja.pl\/fotowyprawy\/wp-content\/uploads\/sites\/6\/2019\/09\/IMG_9126_b.jpg\"><noscript><img decoding=\"async\" src=\"https:\/\/www.fotezja.pl\/fotowyprawy\/wp-content\/uploads\/sites\/6\/2019\/09\/IMG_9126_b.jpg\"><\/noscript><\/p>\n<p style=\"text-align: center;\"><strong><span style=\"color: #00ff00;\">ZAPRASZAMY NA INNE NASZE WARSZTATY FOTOGRAFICZNE<\/span><\/strong><\/p>\n<p><a name=\"zgloszenie\"><\/a><\/p>\n<p><a href=\"https:\/\/www.fotezja.pl\/fotowyprawy\/deby-rogalinskie-warsztaty-krajobrazowe\/deby-rogalinskie-zgloszenie-udzialu-w-warsztatach\/\" style=\"color: #ffffff\"><strong><em>Chc\u0119 fotografowa\u0107 rogali\u0144skie d\u0119by!<\/em><\/strong><\/a><\/p>\n<p><img decoding=\"async\" loading=\"lazy\" src=\"https:\/\/www.fotezja.pl\/fotowyprawy\/wp-content\/uploads\/sites\/6\/2019\/09\/PTR_8092_b.jpg\"><noscript><img decoding=\"async\" src=\"https:\/\/www.fotezja.pl\/fotowyprawy\/wp-content\/uploads\/sites\/6\/2019\/09\/PTR_8092_b.jpg\"><\/noscript><\/p>\n<p><a href=\"https:\/\/www.fotezja.pl\/fotowyprawy\/deby-rogalinskie-warsztaty-krajobrazowe\/deby-rogalinskie-zgloszenie-udzialu-w-warsztatach\/\">Zg\u0142aszam si\u0119 na warsztaty D\u0119by Rogali\u0144skie<\/a><\/p>\n<p>Podstawa to oczywi\u015bcie aparat &#8211; wystarczy dowolny, daj\u0105cy pe\u0142n\u0105 kontrol\u0119 nad ekspozycj\u0105 (najlepiej lustrzanka lub bezlusterkowiec, cho\u0107 zaawansowany kompakt te\u017c b\u0119dzie ok, je\u015bli tylko ma gwint do nakr\u0119cania filtr\u00f3w. Do tego zalecamy obiektywy od szerokok\u0105tnych po umiarkowane tele (do 200-300 mm). Oczywi\u015bcie trzeba te\u017c zabra\u0107 zapas kart pami\u0119ci na trzy dni intensywnego fotografowania, a tak\u017ce odpowiedni\u0105 liczb\u0119 akumulator\u00f3w (w hotelu b\u0119dzie mo\u017cna do\u0142adowa\u0107 baterie). Warto pami\u0119ta\u0107, \u017ce w niskich temperaturach akumulatory szybciej si\u0119 roz\u0142adowuj\u0105, wi\u0119c trzeba ich mie\u0107 wi\u0119cej.<\/p>\n<p><\/p>\n<p>Niezb\u0119dny b\u0119dzie statyw. Powinien by\u0107 solidny i stabilny, bo warunki b\u0119d\u0105 ci\u0119\u017csze dla tr\u00f3jnog\u00f3w ni\u017c dla uczestnik\u00f3w. Przydatne b\u0119dzie, gdy statyw b\u0119dzie mia\u0142 kolce na ko\u0144cach n\u00f3g, aby wbi\u0107 go w ziemi\u0119. Na czas sesji we wn\u0119trzach zamku w K\u00f3rniku na ko\u0144cach n\u00f3g statyw\u00f3w powinny by\u0107 jednak gumowe lub plastikowe stopki. Przyda si\u0119 tak\u017ce w\u0119\u017cyk spustowy lub pilot zdalnego wyzwalania. Dobrze, aby ka\u017cdy obiektyw wyposa\u017cony by\u0142 w filtr polaryzacyjny. Warto zabra\u0107, je\u015bli kto\u015b ma, filtry szare (pe\u0142ne, nie po\u0142\u00f3wkowe). Optymalny zestaw to trzy filtry o r\u00f3\u017cnej g\u0119sto\u015bci: ND8, ND64 i ND1000 (lub zbli\u017cone, tzn. zamiast ND64 r\u00f3wnie dobry b\u0119dzie zar\u00f3wno ND50, jak i ND100). Warto zerkn\u0105\u0107 do <a target=\"_blank\" href=\"https:\/\/www.fotezja.pl\/jaki-filtr-szary-kupic\/\" style=\"color: #b45f06\" rel=\"noopener\"><strong>poradnika kupowania filtr\u00f3w szarych<\/strong><\/a>.&nbsp;Warto te\u017c zabra\u0107 latark\u0119 i\/lub zewn\u0119trzn\u0105 lamp\u0119 b\u0142yskow\u0105 oraz kolorowe folie -\u0096 je\u015bli tylko uczestnikom starczy zapa\u0142u i wytrwa\u0142o\u015bci, to po zachodzie s\u0142o\u0144ca mo\u017cemy pobawi\u0107 si\u0119 w malowanie \u015bwiat\u0142em kt\u00f3rego\u015b z d\u0119b\u00f3w.<\/p>\n<p><\/p>\n<p>Koniecznie nale\u017cy si\u0119 te\u017c przygotowa\u0107 samemu. Trudno w tej chwili przewidzie\u0107 jaka b\u0119dzie pogoda na prze\u0142omie stycznia i lutego, ale raczej ciep\u0142o nie b\u0119dzie. Szczeg\u00f3lnie mro\u017ane mog\u0105 by\u0107 poranne plenery. Trzeba wi\u0119c zabra\u0107 odzie\u017c na tyle ciep\u0142\u0105, aby bez problemu prze\u017cy\u0107 dwugodzinne sesje na \u015bwie\u017cym powietrzu. Dobrze jest ubra\u0107 si\u0119 na tyle ciep\u0142o, aby nie odczuwa\u0107 dyskomfortu &#8211; g\u0119sia sk\u00f3rka \u017ale wp\u0142ywa na kreatywno\u015b\u0107 \ud83d\ude09&nbsp;<\/p>\n<p><img decoding=\"async\" loading=\"lazy\" src=\"https:\/\/www.fotezja.pl\/fotowyprawy\/wp-content\/uploads\/sites\/6\/2019\/09\/IMG_9012-9014_b.jpg\"><noscript><img decoding=\"async\" src=\"https:\/\/www.fotezja.pl\/fotowyprawy\/wp-content\/uploads\/sites\/6\/2019\/09\/IMG_9012-9014_b.jpg\"><\/noscript><\/p>\n<p class=\"tipi-center\"><a target=\"_blank\" href=\"https:\/\/www.fotezja.pl\/fotowyprawy\/category\/powinienes-wiedziec-ze\/\" style=\"color: #e69138\" rel=\"noopener\"><strong>Przeczytaj, co jeszcze warto wiedzie\u0107 o naszych fotowyprawach <\/strong><\/a><\/p>\n<p class=\"tipi-center\"><a target=\"_blank\" href=\"https:\/\/www.fotezja.pl\/fotowyprawy\/category\/warto-bo\/\" style=\"color: #e69138\" rel=\"noopener\"><strong>Co oferujemy i dlaczego warto jecha\u0107 w\u0142a\u015bnie z nami<\/strong><\/a><strong style=\"color: #e69138\">&nbsp;<\/strong><\/p>\n<p class=\"tipi-center\"><a target=\"_blank\" href=\"https:\/\/www.fotezja.pl\/fotowyprawy\/ogolne-warunki-umowy-o-swiadczeniu-imprez-turystycznych\/\" style=\"color: #e69138\" rel=\"noopener\"><strong>Jakie s\u0105 og\u00f3lne warunki umowy o \u015bwiadczenie us\u0142ug turystycznych <\/strong><\/a><\/p>\n","protected":false},"excerpt":{"rendered":"<p>Rogalin pod Poznaniem to miejsce o olbrzymim fotograficznym potencjale, wr\u0119cz obowi\u0105zkowe dla ka\u017cdego mi\u0142o\u015bnika pejza\u017cy. Wszystko to za spraw\u0105 s\u0142ynnych d\u0119b\u00f3w. Niekt\u00f3re z nich maj\u0105 ponad 600 lat, na terenie Rogali\u0144skiego Parku Krajobrazowego jest ich prawie p\u00f3\u0142tora tysi\u0105ca, z czego ponad 600 to pomniki przyrody. Rosn\u0105ce na \u0142\u0105kach nad brzegiem Warty pot\u0119\u017cne drzewa daj\u0105 okazj\u0119 do tworzenia wyrazistych i zr\u00f3\u017cnicowanych kompozycji pejza\u017cowych. Ale sesje pejza\u017cowe w\u015br\u00f3d pot\u0119\u017cnych d\u0119b\u00f3w to tylko jedna z atrakcji naszych rogali\u0144skich warsztat\u00f3w fotograficznych. ZAPRASZAMY NA INNE [&hellip;]<\/p>\n","protected":false},"author":1,"featured_media":1333,"parent":0,"menu_order":0,"comment_status":"closed","ping_status":"closed","template":"","meta":{"footnotes":"","_links_to":"","_links_to_target":""},"class_list":["post-1321","page","type-page","status-publish","has-post-thumbnail","hentry"],"_links":{"self":[{"href":"https:\/\/www.fotezja.pl\/fotowyprawy\/wp-json\/wp\/v2\/pages\/1321","targetHints":{"allow":["GET"]}}],"collection":[{"href":"https:\/\/www.fotezja.pl\/fotowyprawy\/wp-json\/wp\/v2\/pages"}],"about":[{"href":"https:\/\/www.fotezja.pl\/fotowyprawy\/wp-json\/wp\/v2\/types\/page"}],"author":[{"embeddable":true,"href":"https:\/\/www.fotezja.pl\/fotowyprawy\/wp-json\/wp\/v2\/users\/1"}],"replies":[{"embeddable":true,"href":"https:\/\/www.fotezja.pl\/fotowyprawy\/wp-json\/wp\/v2\/comments?post=1321"}],"version-history":[{"count":24,"href":"https:\/\/www.fotezja.pl\/fotowyprawy\/wp-json\/wp\/v2\/pages\/1321\/revisions"}],"predecessor-version":[{"id":7196,"href":"https:\/\/www.fotezja.pl\/fotowyprawy\/wp-json\/wp\/v2\/pages\/1321\/revisions\/7196"}],"wp:featuredmedia":[{"embeddable":true,"href":"https:\/\/www.fotezja.pl\/fotowyprawy\/wp-json\/wp\/v2\/media\/1333"}],"wp:attachment":[{"href":"https:\/\/www.fotezja.pl\/fotowyprawy\/wp-json\/wp\/v2\/media?parent=1321"}],"curies":[{"name":"wp","href":"https:\/\/api.w.org\/{rel}","templated":true}]}}