{"id":1300,"date":"2019-09-06T01:47:52","date_gmt":"2019-09-05T23:47:52","guid":{"rendered":"https:\/\/www.fotezja.pl\/fotowyprawy\/?page_id=1300"},"modified":"2025-12-01T01:52:20","modified_gmt":"2025-12-01T00:52:20","slug":"podstawy-edycji-zdjec","status":"publish","type":"page","link":"https:\/\/www.fotezja.pl\/fotowyprawy\/podstawy-edycji-zdjec\/","title":{"rendered":"Podstawy edycji zdj\u0119\u0107"},"content":{"rendered":"<p>Jak co roku zach\u0119cam do zaj\u0119cia si\u0119 czym\u015b godnym d\u0142ugich zimowych wieczor\u00f3w, czyli edycj\u0105 zdj\u0119\u0107. Co zrobi\u0107, \u017ceby to, co wysz\u0142o z aparatu, wygl\u0105da\u0142o tak, jak sobie autor tego \u017cyczy? To wcale nie takie trudne, gdy si\u0119 ju\u017c wie jak&#8230;<\/p>\n<p>A czy warto? Pewnie \u017ce warto! Tym bardziej, \u017ce trzeba przecie\u017c przygotowa\u0107 zdj\u0119cia z fotowypraw do naszego kolejnego <a href=\"https:\/\/www.fotezja.pl\/sklep\/produkt\/fotowyprawy-fotezji-2024-fotografie-uczestnikow\/\"><strong>albumu rocznego<\/strong><\/a>!<\/p>\n<p>&nbsp;<\/p>\n<p><strong>Nasze warsztaty edycyjne to:<\/strong><\/p>\n<p>\u2022 Interaktywne zaj\u0119cia w ma\u0142ych grupach<\/p>\n<p>\u2022 Dok\u0142adne prze\u0107wiczenie ka\u017cdego zagadnienia<\/p>\n<p>\u2022 Nie trzeba nigdzie je\u017adzi\u0107: uczysz si\u0119 w domu, przez internet<\/p>\n<p>\u2022 Mo\u017cna korzysta\u0107 z laptopa albo komputera stacjonarnego<\/p>\n<p>\u2022 Dost\u0119p do materia\u0142\u00f3w z warsztat\u00f3w po ich zako\u0144czeniu<\/p>\n<p>&nbsp;<\/p>\n<p>Nasze warsztaty z edycji fotografii odbywaj\u0105 si\u0119 online. O um\u00f3wionej godzinie ka\u017cdy zasi\u0105dzie przed swoim komputerem i nauczymy si\u0119 czego\u015b: tym razem skupimy si\u0119 na doprowadzaniu naszych fotografii ze stanu surowego do takiego, jaki wywo\u0142a u ogl\u0105daj\u0105cych s\u0142ynny &#8220;efekt WOW&#8221;. U\u017cywa\u0107 b\u0119dziemy do tego programu Adobe Photoshop oraz jego modu\u0142u do wywo\u0142ywania RAW-\u00f3w, czyli Camera Raw. Zaj\u0119cia s\u0105 przeznaczone dla pocz\u0105tkuj\u0105cych u\u017cytkownik\u00f3w tego programu: zobaczycie jak bardzo jest po\u017cyteczny, ale przede wszystkim &#8211; \u017ce nie trzeba si\u0119 go ba\u0107!<\/p>\n<p>U\u017cytkownicy Lightrooma r\u00f3wnie\u017c z warsztat\u00f3w skorzystaj\u0105: narz\u0119dzia do edycji RAW-\u00f3w s\u0105 w Lightroomie Classic takie same jak w photoshopowym Camera Raw!<\/p>\n<h3 style=\"text-align: center;\"><span style=\"color: #ff0000;\"><strong>S\u0104 JESZCZE WOLNE MIEJSCA, ZAPRASZAMY!<\/strong><\/span><\/h3>\n<p><img decoding=\"async\" loading=\"lazy\" class=\"size-full wp-image-16473 aligncenter\" src=\"https:\/\/www.ewaipiotr.pl\/wp-content\/uploads\/2019\/01\/edycja_podst_9232_przedpo.jpg\" alt=\"warsztaty edycji zdj\u0119\u0107\" width=\"1062\" height=\"800\" \/><noscript><img decoding=\"async\" class=\"size-full wp-image-16473 aligncenter\" src=\"https:\/\/www.ewaipiotr.pl\/wp-content\/uploads\/2019\/01\/edycja_podst_9232_przedpo.jpg\" alt=\"warsztaty edycji zdj\u0119\u0107\" width=\"1062\" height=\"800\" \/><\/noscript><\/p>\n<p>Program warsztat\u00f3w podstawowej edycji fotografii jest podzielony na kilka zagadnie\u0144:<\/p>\n<h3><strong>Co z tym RAW-em?<\/strong><\/h3>\n<p>Najpierw surowy plik z aparatu trzeba wywo\u0142a\u0107. Mo\u017cliwo\u015bci oferowane przez rawery, w\u0142a\u015bciwe przygotowanie pliku do dalszej obr\u00f3bki oraz omijanie problem\u00f3w i pu\u0142apek pojawiaj\u0105cych si\u0119 na tym etapie b\u0119d\u0105 tematem pierwszej cz\u0119\u015bci warsztat\u00f3w. Wywo\u0142ywanie plik\u00f3w RAW odb\u0119dzie si\u0119 z u\u017cyciem Photoshopa, a konkretnie modu\u0142u Adobe Camera Raw. Chodzi tu nie tylko o wyregulowanie jasno\u015bci czy balansu bieli, ale te\u017c o wykorzystanie bardziej zaawansowanych mo\u017cliwo\u015bci program\u00f3w wywo\u0142uj\u0105cych, jak np. operacje na fragmentach zdj\u0119\u0107 czy podbarwianie. Ilustracja powy\u017cej pokazuje przyk\u0142adowe wywo\u0142anie RAW-a, koryguj\u0105ce kolorystyk\u0119, geometri\u0119, kontrast i rozk\u0142ad jasno\u015bci. Z kolei zdj\u0119cie otwieraj\u0105ce, to na samej g\u00f3rze, prezentuje rozwi\u0105zanie typowego problemu fotograf\u00f3w krajobrazu: sytuacji, gdy \u015bwiat\u0142o jest wprawdzie pi\u0119knie mi\u0119kkie, ale kontrast s\u0142abiutki. Na warsztatach dowiesz si\u0119, jak doj\u015b\u0107 od md\u0142ego orygina\u0142u do efektownej fotografii finalnej. I nie tylko tego&#8230;<\/p>\n<h3><strong>Naturalny HDR<\/strong><\/h3>\n<p>\u0141\u0105czenie kilku uj\u0119\u0107 w celu zarejestrowania sceny o du\u017cej rozpi\u0119to\u015bci tonalnej jest popularn\u0105 technik\u0105, ale o ile sam etap fotografowania jest wzgl\u0119dnie \u0142atwy, o tyle ju\u017c z\u0142o\u017cenie r\u00f3\u017cnie na\u015bwietlonych uj\u0119\u0107 w taki spos\u00f3b, by efekt by\u0142 naturalny i atrakcyjny jest ju\u017c zadaniem trudniejszym. Nienaturalne kolory, dziwny rozk\u0142ad jasno\u015bci, paskudne aureole to znaki zdradzaj\u0105ce kiepsko z\u0142o\u017conego HDR-a. Tymczasem dobry HDR to taki, kt\u00f3ry&#8230; w og\u00f3le nie wygl\u0105da na HDR-a. Da si\u0119 to uzyska\u0107! Sk\u0142adanie HDR odb\u0119dzie si\u0119 na przyk\u0142adzie bardzo dobrego polskiego programu SNS-HDR, kt\u00f3ry uczestnicy warsztat\u00f3w mog\u0105 zakupi\u0107 z 50% zni\u017ck\u0105.<\/p>\n<p><img decoding=\"async\" loading=\"lazy\" class=\"aligncenter size-full wp-image-7040\" src=\"https:\/\/www.ewaipiotr.pl\/wp-content\/uploads\/2014\/11\/hdr_zrzut.jpg\" alt=\"hdr_zrzut\" width=\"900\" height=\"826\" \/><noscript><img decoding=\"async\" class=\"aligncenter size-full wp-image-7040\" src=\"https:\/\/www.ewaipiotr.pl\/wp-content\/uploads\/2014\/11\/hdr_zrzut.jpg\" alt=\"hdr_zrzut\" width=\"900\" height=\"826\" \/><\/noscript><\/p>\n<h3><strong>Krzywe, warstwy i stemple<\/strong><\/h3>\n<p>Nie zawsze da si\u0119 za pomoc\u0105 globalnych operacji uzyska\u0107 zamierzony efekt i cz\u0119sto potrzebne s\u0105 dzia\u0142ania lokalne. Jak wykorzysta\u0107 warstwy, maski i stemple do modyfikowania wybranych obszar\u00f3w? Jak wida\u0107 b\u0119dziemy miesza\u0107 ile wlezie \u2013 oczywi\u015bcie wykorzystuj\u0105c r\u00f3\u017cne tryby mieszania. Zrozumiesz, jak w\u0142a\u015bciwie dzia\u0142aj\u0105 warstwy, po co s\u0105 maski i jak sobie z nimi radzi\u0107. Chcesz wiedzie\u0107, jak by\u0142a edytowana widoczna ni\u017cej fotografia lasu? Na tych warsztatach mo\u017cesz si\u0119 takiej edycji nauczy\u0107.<\/p>\n<div id=\"twenty20-1\" class=\"twenty20\" style=\"width: 100% !important; clear: both;\"><div class=\"twentytwenty-container twenty20-1 t20-hover\"><img decoding=\"async\" src=\"https:\/\/www.fotezja.pl\/fotowyprawy\/wp-content\/uploads\/sites\/6\/2019\/09\/IMG_5540_przed_a.jpg\" alt=\"Before image\" \/><img decoding=\"async\" src=\"https:\/\/www.fotezja.pl\/fotowyprawy\/wp-content\/uploads\/sites\/6\/2019\/09\/IMG_5540_po_a.jpg\" alt=\"edycja RAW-\u00f3w warsztaty\" \/><\/div><\/div>\n<p>&nbsp;<\/p>\n<h3><strong>Dla kogo przeznaczone s\u0105 warsztaty<\/strong><\/h3>\n<p>Na warsztaty zapraszam wszystkich fotoamator\u00f3w, chc\u0105cych nauczy\u0107 si\u0119 cyfrowo cyzelowa\u0107 swoje zdj\u0119cia. Wystarczy pasja do fotografii, ch\u0119\u0107 zdobywania wiedzy oraz podstawowa umiej\u0119tno\u015b\u0107 pos\u0142ugiwania si\u0119 komputerem.<\/p>\n<h3>Czego si\u0119 nauczysz<\/h3>\n<ul>\n<li>Kontrolowa\u0107 kolorystyk\u0119, kontrast i rozk\u0142ad jasno\u015bci na zdj\u0119ciach<\/li>\n<li>Usuwa\u0107 przeszkadzaj\u0105ce elementy, od drut\u00f3w po postacie<\/li>\n<li>Uzupe\u0142nia\u0107 brakuj\u0105ce elementy&#8230;<\/li>\n<li>Prostowa\u0107 zdj\u0119cia i korygowa\u0107 ich geometri\u0119<\/li>\n<li>U\u017cywa\u0107 warstw i masek do korekcji fotografii<\/li>\n<li>Sk\u0142ada\u0107 kilka r\u00f3\u017cnie na\u015bwietlonych uj\u0119\u0107 w jedno (HDR)<\/li>\n<li>Precyzyjnie edytowa\u0107 rozk\u0142ad jasno\u015bci z u\u017cyciem szarej warstwy<\/li>\n<li>Tworzy\u0107 fotografie czarno-bia\u0142e z wykorzystaniem kana\u0142\u00f3w<\/li>\n<li>Kreatywnie podchodzi\u0107 do edycji fotografii: efekt Ortona, flary i inne.<\/li>\n<li>Skalowa\u0107 zdj\u0119cia, przygotowywa\u0107 je do wydruku i do internetu<\/li>\n<li>W\u0142a\u015bciwie stosowa\u0107 metody wyostrzania<\/li>\n<li>wykorzystywa\u0107 przestrzenie RGB i LAB do pracy nad jasno\u015bci\u0105 i kolorem<\/li>\n<li>rozpoznawa\u0107, co lepiej robi\u0107 w module Camera Raw, a co zostawia\u0107 sobie na p\u00f3\u017aniejsz\u0105 obr\u00f3bk\u0119<\/li>\n<li>Zapisywa\u0107 w Photoshopie akcje do p\u00f3\u017aniejszego wykorzystania<\/li>\n<\/ul>\n<p><img decoding=\"async\" loading=\"lazy\" class=\"aligncenter size-full wp-image-14333\" src=\"https:\/\/www.fotezja.pl\/fotowyprawy\/wp-content\/uploads\/sites\/6\/2025\/10\/IMG_9683_b.jpg\" alt=\"\u0141uk skalny Stac a'Phris, Lewis and Harris, Szkocja, zach\u00f3d s\u0142o\u0144ca, fotowyprawa\" width=\"1400\" height=\"934\" srcset=\"https:\/\/www.fotezja.pl\/fotowyprawy\/wp-content\/uploads\/sites\/6\/2025\/10\/IMG_9683_b.jpg 1400w, https:\/\/www.fotezja.pl\/fotowyprawy\/wp-content\/uploads\/sites\/6\/2025\/10\/IMG_9683_b-300x200.jpg 300w, https:\/\/www.fotezja.pl\/fotowyprawy\/wp-content\/uploads\/sites\/6\/2025\/10\/IMG_9683_b-1024x683.jpg 1024w, https:\/\/www.fotezja.pl\/fotowyprawy\/wp-content\/uploads\/sites\/6\/2025\/10\/IMG_9683_b-360x240.jpg 360w, https:\/\/www.fotezja.pl\/fotowyprawy\/wp-content\/uploads\/sites\/6\/2025\/10\/IMG_9683_b-500x334.jpg 500w, https:\/\/www.fotezja.pl\/fotowyprawy\/wp-content\/uploads\/sites\/6\/2025\/10\/IMG_9683_b-1155x770.jpg 1155w, https:\/\/www.fotezja.pl\/fotowyprawy\/wp-content\/uploads\/sites\/6\/2025\/10\/IMG_9683_b-487x325.jpg 487w, https:\/\/www.fotezja.pl\/fotowyprawy\/wp-content\/uploads\/sites\/6\/2025\/10\/IMG_9683_b-887x592.jpg 887w, https:\/\/www.fotezja.pl\/fotowyprawy\/wp-content\/uploads\/sites\/6\/2025\/10\/IMG_9683_b-1272x848.jpg 1272w, https:\/\/www.fotezja.pl\/fotowyprawy\/wp-content\/uploads\/sites\/6\/2025\/10\/IMG_9683_b-410x274.jpg 410w\" sizes=\"auto, (max-width: 1400px) 100vw, 1400px\" \/><noscript><img decoding=\"async\" class=\"aligncenter size-full wp-image-14333\" src=\"https:\/\/www.fotezja.pl\/fotowyprawy\/wp-content\/uploads\/sites\/6\/2025\/10\/IMG_9683_b.jpg\" alt=\"\u0141uk skalny Stac a'Phris, Lewis and Harris, Szkocja, zach\u00f3d s\u0142o\u0144ca, fotowyprawa\" width=\"1400\" height=\"934\" srcset=\"https:\/\/www.fotezja.pl\/fotowyprawy\/wp-content\/uploads\/sites\/6\/2025\/10\/IMG_9683_b.jpg 1400w, https:\/\/www.fotezja.pl\/fotowyprawy\/wp-content\/uploads\/sites\/6\/2025\/10\/IMG_9683_b-300x200.jpg 300w, https:\/\/www.fotezja.pl\/fotowyprawy\/wp-content\/uploads\/sites\/6\/2025\/10\/IMG_9683_b-1024x683.jpg 1024w, https:\/\/www.fotezja.pl\/fotowyprawy\/wp-content\/uploads\/sites\/6\/2025\/10\/IMG_9683_b-360x240.jpg 360w, https:\/\/www.fotezja.pl\/fotowyprawy\/wp-content\/uploads\/sites\/6\/2025\/10\/IMG_9683_b-500x334.jpg 500w, https:\/\/www.fotezja.pl\/fotowyprawy\/wp-content\/uploads\/sites\/6\/2025\/10\/IMG_9683_b-1155x770.jpg 1155w, https:\/\/www.fotezja.pl\/fotowyprawy\/wp-content\/uploads\/sites\/6\/2025\/10\/IMG_9683_b-487x325.jpg 487w, https:\/\/www.fotezja.pl\/fotowyprawy\/wp-content\/uploads\/sites\/6\/2025\/10\/IMG_9683_b-887x592.jpg 887w, https:\/\/www.fotezja.pl\/fotowyprawy\/wp-content\/uploads\/sites\/6\/2025\/10\/IMG_9683_b-1272x848.jpg 1272w, https:\/\/www.fotezja.pl\/fotowyprawy\/wp-content\/uploads\/sites\/6\/2025\/10\/IMG_9683_b-410x274.jpg 410w\" sizes=\"(max-width: 1400px) 100vw, 1400px\" \/><\/noscript><\/p>\n<h3><b>Co trzeba mie\u0107<\/b><\/h3>\n<p>Z pewno\u015bci\u0105 niezb\u0119dny b\u0119dzie komputer. Zdecydowanie zalecam myszk\u0119 jako dodatkowe wyposa\u017cenie.<\/p>\n<p>Na komputerze powinny by\u0107 zainstalowane nast\u0119puj\u0105ce programy, mog\u0105 to by\u0107 ograniczone czasowo wersje pr\u00f3bne (byle funkcjonalne w trakcie warsztat\u00f3w):<\/p>\n<ul>\n<li>Photoshop. Uczestnicy powinni mie\u0107 zainstalowanego (i dzia\u0142aj\u0105cego!) Photoshopa, najlepiej w najnowszej wersji. Mo\u017ce to by\u0107 wersja pr\u00f3bna. Wersja pr\u00f3bna dzia\u0142a do\u015b\u0107 kr\u00f3tko, bo tydzie\u0144. Osoby zamierzaj\u0105ce u\u017cywa\u0107 na codzie\u0144 Lightrooma r\u00f3wnie\u017c z warsztat\u00f3w skorzystaj\u0105, bo Lightroom Classic ma <strong>te same narz\u0119dzia<\/strong> do wywo\u0142ywania RAW-\u00f3w co photoshopowy modu\u0142 Camera Raw, z kt\u00f3rego b\u0119dziemy korzysta\u0107.<\/li>\n<li>SNS-HDR w wersji Home lub Pro<u><\/u><\/li>\n<\/ul>\n<div id=\"block-wrap-92997\" class=\"block-wrap-native block-wrap block-wrap-48 block-css-92997 block-wrap-title block-wrap-no-12 columns__m--1 elements-design-1 block-skin-0 block-col-self tipi-box tipi-row clearfix\" data-id=\"92997\" data-base=\"0\">\n<div class=\"tipi-row-inner-style clearfix\">\n<div class=\"tipi-row-inner-box contents sticky--wrap\">\n<div class=\"block-title-wrap module-block-title clearfix block-title-wrap-style block-title-2\">\n<div class=\"block-title-area clearfix\">\n<div class=\"block-title font-1\">\n<p>&nbsp;<\/p>\n<h3 style=\"text-align: center;\">Warsztaty edycyjne w trybie wygodnym<\/h3>\n<\/div>\n<\/div>\n<\/div>\n<div class=\"block-html-content clearfix\">\n<p>Zaj\u0119cia online r\u00f3\u017cni\u0105 si\u0119 od stacjonarnych pod r\u00f3\u017cnymi wzgl\u0119dami. Przede wszystkim nigdzie nie musimy jecha\u0107 ani wynajmowa\u0107 sali, co jest wygodne samo w sobie. Pojedyncze spotkanie trwa 5 godzin, z p\u00f3\u0142godzinn\u0105 przerw\u0105 w \u015brodku. Kaw\u0119 i ciastka na przerw\u0119 ka\u017cdy dostarcza sobie we w\u0142asnym zakresie \ud83d\ude42 Potrzeba notowania zagadnie\u0144 jest mniejsza ni\u017c przy wyjazdowych warsztatach obr\u00f3bkowych, bo Uczestnicy dostan\u0105 dost\u0119p do materia\u0142\u00f3w zapisanych przez system Zoom w trakcie warsztat\u00f3w. Mimo to namawiam do notowania przynajmniej niekt\u00f3rych, bardziej skomplikowanych zagadnie\u0144, bo dzi\u0119ki temu lepiej si\u0119 zapami\u0119tuje \u2013 niemniej jednak, w tym systemie wi\u0119cej b\u0119dzie \u0107wicze\u0144, a mniej notowania.<\/p>\n<p>Warsztaty s\u0105 prowadzone przy u\u017cyciu platformy Zoom. Do uczestnictwa w nich wystarczy za\u0142o\u017cenie darmowego konta i pobranie bezp\u0142atnej aplikacji Zoom. Instrukcj\u0119 instalacji Zooma oraz korzystania z istotnych jego narz\u0119dzi mo\u017cna znale\u017a\u0107 w poradniku: <a href=\"https:\/\/www.fotezja.pl\/fotowyprawy\/warsztaty-online-jak-sie-przygotowac\/\"><strong>Warsztaty online &#8211; jak si\u0119 przygotowa\u0107<\/strong><\/a>.<\/p>\n<\/div>\n<\/div>\n<\/div>\n<\/div>\n<p>&nbsp;<\/p>\n<p>Liczba miejsc jest ograniczona do 6, gwarancja miejsca na warsztatach nast\u0119puje po wp\u0142acie.<\/p>\n<p>Po zg\u0142oszeniu mailowym nale\u017cy poczeka\u0107 na maila zwrotnego z potwierdzeniem miejsca, umow\u0105 i numerem konta do wp\u0142aty.<\/p>\n<p>Serdecznie zapraszamy!<\/p>\n<div id=\"twenty20-2\" class=\"twenty20\" style=\"width: 100% !important; clear: both;\"><div class=\"twentytwenty-container twenty20-2 t20-hover\"><img decoding=\"async\" src=\"https:\/\/www.fotezja.pl\/fotowyprawy\/wp-content\/uploads\/sites\/6\/2019\/09\/IMG_2269_b.jpg\" alt=\"edycja RAW-\u00f3w warsztaty\" \/><img decoding=\"async\" src=\"https:\/\/www.fotezja.pl\/fotowyprawy\/wp-content\/uploads\/sites\/6\/2019\/09\/IMG_2269_b2.jpg\" alt=\"edycja RAW-\u00f3w warsztaty\" \/><\/div><\/div>\n<h3 style=\"text-align: center;\"><span style=\"color: #ff0000;\"><strong>S\u0104 JESZCZE WOLNE MIEJSCA, ZAPRASZAMY!<\/strong><\/span><\/h3>\n<p>Ch\u0119\u0107 udzia\u0142u w warsztatach prosz\u0119 wyrazi\u0107 mailem lub za pomoc\u0105 poni\u017cszego formularza:<\/p>\n\n<div class=\"wpcf7 no-js\" id=\"wpcf7-f316-o1\" lang=\"pl-PL\" dir=\"ltr\" data-wpcf7-id=\"316\">\n<div class=\"screen-reader-response\"><p role=\"status\" aria-live=\"polite\" aria-atomic=\"true\"><\/p> <ul><\/ul><\/div>\n<form action=\"\/fotowyprawy\/wp-json\/wp\/v2\/pages\/1300#wpcf7-f316-o1\" method=\"post\" class=\"wpcf7-form init\" aria-label=\"Formularz kontaktowy\" novalidate=\"novalidate\" data-status=\"init\">\n<fieldset class=\"hidden-fields-container\"><input type=\"hidden\" name=\"_wpcf7\" value=\"316\" \/><input type=\"hidden\" name=\"_wpcf7_version\" value=\"6.1.5\" \/><input type=\"hidden\" name=\"_wpcf7_locale\" value=\"pl_PL\" \/><input type=\"hidden\" name=\"_wpcf7_unit_tag\" value=\"wpcf7-f316-o1\" \/><input type=\"hidden\" name=\"_wpcf7_container_post\" value=\"0\" \/><input type=\"hidden\" name=\"_wpcf7_posted_data_hash\" value=\"\" \/><input type=\"hidden\" name=\"_wpcf7_recaptcha_response\" value=\"\" \/>\n<\/fieldset>\n<p><label> Imi\u0119 i nazwisko (wymagane)<br \/>\n<span class=\"wpcf7-form-control-wrap\" data-name=\"your-name\"><input size=\"40\" maxlength=\"400\" class=\"wpcf7-form-control wpcf7-text wpcf7-validates-as-required\" aria-required=\"true\" aria-invalid=\"false\" value=\"\" type=\"text\" name=\"your-name\" \/><\/span> <\/label>\n<\/p>\n<p><label> Adres email (wymagane)<br \/>\n<span class=\"wpcf7-form-control-wrap\" data-name=\"your-email\"><input size=\"40\" maxlength=\"400\" class=\"wpcf7-form-control wpcf7-email wpcf7-validates-as-required wpcf7-text wpcf7-validates-as-email\" aria-required=\"true\" aria-invalid=\"false\" value=\"\" type=\"email\" name=\"your-email\" \/><\/span> <\/label>\n<\/p>\n<p><label> Temat<br \/>\n<span class=\"wpcf7-form-control-wrap\" data-name=\"your-subject\"><input size=\"40\" maxlength=\"400\" class=\"wpcf7-form-control wpcf7-text\" aria-invalid=\"false\" value=\"\" type=\"text\" name=\"your-subject\" \/><\/span> <\/label>\n<\/p>\n<p><label> Tre\u015b\u0107 wiadomo\u015bci<br \/>\n<span class=\"wpcf7-form-control-wrap\" data-name=\"your-message\"><textarea cols=\"40\" rows=\"10\" maxlength=\"2000\" class=\"wpcf7-form-control wpcf7-textarea\" aria-invalid=\"false\" name=\"your-message\"><\/textarea><\/span> <\/label>\n<\/p>\n\n<p><input class=\"wpcf7-form-control wpcf7-submit has-spinner\" type=\"submit\" value=\"Wy\u015blij\" \/>\n<\/p><div class=\"wpcf7-response-output\" aria-hidden=\"true\"><\/div>\n<\/form>\n<\/div>\n\n<p>&nbsp;<\/p>\n","protected":false},"excerpt":{"rendered":"<p>Jak co roku zach\u0119cam do zaj\u0119cia si\u0119 czym\u015b godnym d\u0142ugich zimowych wieczor\u00f3w, czyli edycj\u0105 zdj\u0119\u0107. Co zrobi\u0107, \u017ceby to, co wysz\u0142o z aparatu, wygl\u0105da\u0142o tak, jak sobie autor tego \u017cyczy? To wcale nie takie trudne, gdy si\u0119 ju\u017c wie jak&#8230; A czy warto? Pewnie \u017ce warto! Tym bardziej, \u017ce trzeba przecie\u017c przygotowa\u0107 zdj\u0119cia z fotowypraw do naszego kolejnego albumu rocznego! &nbsp; Nasze warsztaty edycyjne to: \u2022 Interaktywne zaj\u0119cia w ma\u0142ych grupach \u2022 Dok\u0142adne prze\u0107wiczenie ka\u017cdego zagadnienia \u2022 Nie trzeba nigdzie [&hellip;]<\/p>\n","protected":false},"author":2,"featured_media":14734,"parent":0,"menu_order":0,"comment_status":"closed","ping_status":"closed","template":"","meta":{"footnotes":"","_links_to":"","_links_to_target":""},"class_list":["post-1300","page","type-page","status-publish","has-post-thumbnail","hentry"],"_links":{"self":[{"href":"https:\/\/www.fotezja.pl\/fotowyprawy\/wp-json\/wp\/v2\/pages\/1300","targetHints":{"allow":["GET"]}}],"collection":[{"href":"https:\/\/www.fotezja.pl\/fotowyprawy\/wp-json\/wp\/v2\/pages"}],"about":[{"href":"https:\/\/www.fotezja.pl\/fotowyprawy\/wp-json\/wp\/v2\/types\/page"}],"author":[{"embeddable":true,"href":"https:\/\/www.fotezja.pl\/fotowyprawy\/wp-json\/wp\/v2\/users\/2"}],"replies":[{"embeddable":true,"href":"https:\/\/www.fotezja.pl\/fotowyprawy\/wp-json\/wp\/v2\/comments?post=1300"}],"version-history":[{"count":8,"href":"https:\/\/www.fotezja.pl\/fotowyprawy\/wp-json\/wp\/v2\/pages\/1300\/revisions"}],"predecessor-version":[{"id":14739,"href":"https:\/\/www.fotezja.pl\/fotowyprawy\/wp-json\/wp\/v2\/pages\/1300\/revisions\/14739"}],"wp:featuredmedia":[{"embeddable":true,"href":"https:\/\/www.fotezja.pl\/fotowyprawy\/wp-json\/wp\/v2\/media\/14734"}],"wp:attachment":[{"href":"https:\/\/www.fotezja.pl\/fotowyprawy\/wp-json\/wp\/v2\/media?parent=1300"}],"curies":[{"name":"wp","href":"https:\/\/api.w.org\/{rel}","templated":true}]}}