{"id":1291,"date":"2019-09-05T02:37:25","date_gmt":"2019-09-05T00:37:25","guid":{"rendered":"https:\/\/www.fotezja.pl\/fotowyprawy\/?page_id=1291"},"modified":"2020-05-28T00:18:56","modified_gmt":"2020-05-27T22:18:56","slug":"warsztaty-zaawansowanej-edycji-zdjec-photoshopem","status":"publish","type":"page","link":"https:\/\/www.fotezja.pl\/fotowyprawy\/warsztaty-zaawansowanej-edycji-zdjec-photoshopem\/","title":{"rendered":"Warsztaty zaawansowanej edycji zdj\u0119\u0107 Photoshopem"},"content":{"rendered":"<h4>Warsztaty zaawansowanej edycji zdj\u0119\u0107 za pomoc\u0105 Photoshopa<\/h4>\n<p>Zapraszamy na warsztaty, na kt\u00f3rych zajmiemy si\u0119 zaawansowan\u0105 edycj\u0105 fotografii. Warsztaty potrwaj\u0105 trzy dni: 0d <strong>13 do 15 grudnia 2019<\/strong> i odb\u0119d\u0105 si\u0119 w Warszawie. Czas ten po\u015bwi\u0119cimy na poznawanie tajnik\u00f3w fotograficznej kuchni: mieszanie (warstw i kana\u0142\u00f3w), krojenie (zdj\u0119\u0107 na kawa\u0142ki), \u0142\u0105czenie (tych\u017ce kawa\u0142k\u00f3w), wyrzucanie (niepotrzebnych obiekt\u00f3w), rozci\u0105ganie (i pikseli, i ich kontrastu), wyg\u0142adzanie, wyostrzanie, barwienie na przer\u00f3\u017cne odcienie. Poka\u017c\u0119, jakie mo\u017cliwo\u015bci daje maskowanie, co w\u0142a\u015bciwie tkwi w kana\u0142ach, jak sobie zrobi\u0107 w\u0142asny zestaw narz\u0119dzi &#8211; i dowiecie si\u0119, po co w\u0142a\u015bciwie takie rzeczy warto umie\u0107.<\/p>\n<h3 style=\"text-align: center;\"><span style=\"color: #ff0000;\"><strong>OSTATNIE WOLNE MIEJSCA, ZAPRASZAMY!<\/strong><\/span><\/h3>\n<p><img decoding=\"async\" loading=\"lazy\" class=\"size-full wp-image-12481 aligncenter\" src=\"https:\/\/www.ewaipiotr.pl\/wp-content\/uploads\/2017\/12\/IMG_1094_przedpo.jpg\" alt=\"warsztaty Photoshopa\" width=\"900\" height=\"597\" \/><noscript><img decoding=\"async\" class=\"size-full wp-image-12481 aligncenter\" src=\"https:\/\/www.ewaipiotr.pl\/wp-content\/uploads\/2017\/12\/IMG_1094_przedpo.jpg\" alt=\"warsztaty Photoshopa\" width=\"900\" height=\"597\" \/><\/noscript><\/p>\n<h4>W programie warsztat\u00f3w:<\/h4>\n<ul>\n<li>Jak miesza\u0107 warstwy, po co to robi\u0107 i jak ustala\u0107 warunki mieszania<\/li>\n<li>Maski lepsze ni\u017c karnawa\u0142owe, czyli tworzenie, edycja i wykorzystanie masek<\/li>\n<li>Kana\u0142\u00f3w wi\u0119cej ni\u017c w Holandii, czyli wykorzystujemy tw\u00f3rczo mieszanie kana\u0142\u00f3w<\/li>\n<li>Ile obrazk\u00f3w jest w jednym zdj\u0119ciu, czyli co maj\u0105 wsp\u00f3lnego kana\u0142y, maski i zdj\u0119cia czarno-bia\u0142e<\/li>\n<li>Szumi doko\u0142a las, i niebo nad nim te\u017c &#8211; czyli rzecz o selektywnym odszumianiu<\/li>\n<li>Szczoteczka do z\u0119b\u00f3w i Jasno\u015bciemniacz, czyli zr\u00f3b sobie w\u0142asne p\u0119dzle &#8211; i naucz si\u0119 je wykorzystywa\u0107<\/li>\n<li>Magia przestrzeni, czyli po co warto stosowa\u0107 tryb LAB i jak to robi\u0107<\/li>\n<li>Jak ostrzy\u0107, \u017ceby nie przeostrzy\u0107, czyli metody wyostrzania dla perfekcjonist\u00f3w<\/li>\n<li>Wielkie sprz\u0105tanie, czyli metody usuwania ze zdj\u0119cia rzeczy zb\u0119dnych (i dodawania koniecznych): \u0142atka, p\u0119dzle koryguj\u0105ce, uzupe\u0142nianie, klonowanie, klonowanie z perspektyw\u0105<\/li>\n<li>Kolor to nie wszystko, czyli jak bogaty mo\u017ce by\u0107 \u015bwiat czerni i bieli, je\u015bli zastosujemy w\u0142a\u015bciwe narz\u0119dzia<\/li>\n<li>Poza czer\u0144 i biel, czyli zdj\u0119cia dwutonowe oraz podbarwianie zdj\u0119\u0107<\/li>\n<li>Gdy \u015bwiat\u0142a zapalono za p\u00f3\u017ano, czyli jak mie\u0107 i kolorowe niebo, i o\u015bwietlone miasto<\/li>\n<li>K\u0142opoty z t\u0142em, czyli jak zaznacza\u0107 postacie &#8211; r\u00f3wnie\u017c takie z w\u0142osami<\/li>\n<\/ul>\n<p>&nbsp;<\/p>\n<p><img decoding=\"async\" loading=\"lazy\" class=\"size-full wp-image-12482 aligncenter\" src=\"https:\/\/www.ewaipiotr.pl\/wp-content\/uploads\/2017\/12\/IMG_0371_przedpo.jpg\" alt=\"warsztaty Photoshopa\" width=\"900\" height=\"587\" \/><noscript><img decoding=\"async\" class=\"size-full wp-image-12482 aligncenter\" src=\"https:\/\/www.ewaipiotr.pl\/wp-content\/uploads\/2017\/12\/IMG_0371_przedpo.jpg\" alt=\"warsztaty Photoshopa\" width=\"900\" height=\"587\" \/><\/noscript><\/p>\n<p>Warsztaty maj\u0105 charakter praktyczny: wszystkie zagadnienia zostan\u0105 przez uczestnik\u00f3w prze\u0107wiczone na w\u0142asnych komputerach. Pod moim okiem ka\u017cdy osobi\u015bcie przeklika pokazywane metody edycji i zobaczy, \u017ce wcale nie s\u0105 takie skomplikowane jak si\u0119 wydaje!<\/p>\n<h4>Czas i miejsce:<\/h4>\n<p>Warsztaty odb\u0119d\u0105 si\u0119 w dniach <strong>13-15 grudnia 2019<\/strong> (pi\u0105tek-niedziela) w Warszawie. W pi\u0105tek potrwaj\u0105 od 17. do 20., w sobot\u0119 od 10. do 18. (z przerw\u0105 na obiad), w niedziel\u0119 od 10. do 14.<\/p>\n<p><img decoding=\"async\" loading=\"lazy\" class=\"alignnone size-full wp-image-11556\" src=\"https:\/\/www.ewaipiotr.pl\/wp-content\/uploads\/2017\/09\/czb-ir_oba_0226.jpg\" alt=\"\" width=\"1142\" height=\"900\" \/><noscript><img decoding=\"async\" class=\"alignnone size-full wp-image-11556\" src=\"https:\/\/www.ewaipiotr.pl\/wp-content\/uploads\/2017\/09\/czb-ir_oba_0226.jpg\" alt=\"\" width=\"1142\" height=\"900\" \/><\/noscript><\/p>\n<h4>Cena i warunki:<\/h4>\n<p>Cena warsztat\u00f3w wynosi <strong>840<\/strong> z\u0142 dla os\u00f3b, kt\u00f3re bra\u0142y ju\u017c udzia\u0142 w naszych warsztatach lub fotowyprawach oraz <strong>940<\/strong> z\u0142 dla pozosta\u0142ych os\u00f3b. W cenie nie ma nocleg\u00f3w, ale jest obiad w sobot\u0119 oraz napoje przez ca\u0142y czas trwania warsztat\u00f3w. Uczestnicy powinni mie\u0107 w\u0142asne komputery, zainstalowanego Photoshopa oraz myszki.<\/p>\n<h4>Liczba uczestnik\u00f3w jest ograniczona do 8. Gwarancja miejsca nast\u0119puje po wp\u0142acie.<\/h4>\n<p><img decoding=\"async\" loading=\"lazy\" class=\"size-full wp-image-12484 aligncenter\" src=\"https:\/\/www.ewaipiotr.pl\/wp-content\/uploads\/2017\/12\/strachy.jpg\" alt=\"edycja Photoshop\" width=\"1188\" height=\"791\" \/><noscript><img decoding=\"async\" class=\"size-full wp-image-12484 aligncenter\" src=\"https:\/\/www.ewaipiotr.pl\/wp-content\/uploads\/2017\/12\/strachy.jpg\" alt=\"edycja Photoshop\" width=\"1188\" height=\"791\" \/><\/noscript><\/p>\n<h4><\/h4>\n<p>Po zg\u0142oszeniu mailowym nale\u017cy poczeka\u0107 na maila zwrotnego z potwierdzeniem miejsca i numerem konta do wp\u0142aty.<\/p>\n<p><span style=\"color: #ff0000;\"><strong>Uwaga:<\/strong><\/span> Je\u015bli chcesz si\u0119 dowiedzie\u0107 jak wywo\u0142ywa\u0107 RAW-y i sk\u0142ada\u0107 HDR-y, jak nada\u0107 zdj\u0119ciu poprawn\u0105 kolorystyk\u0119 i kontrast, wyprostowa\u0107 je, przeskalowa\u0107 czy usun\u0105\u0107 z niego \u015bmieci \u2013 zapraszam na <strong>warsztaty podstawowej edycji zdj\u0119\u0107<\/strong>.<\/p>\n<h3 style=\"text-align: center;\"><strong><span style=\"color: #ff0000;\">OSTATNIE WOLNE MIEJSCA, ZAPRASZAMY!<\/span><\/strong><\/h3>\n<p style=\"text-align: left;\">Ch\u0119\u0107 udzia\u0142u w warsztatach prosz\u0119 wyrazi\u0107 za pomoc\u0105 poni\u017cszego formularza:<\/p>\n\n<div class=\"wpcf7 no-js\" id=\"wpcf7-f316-o1\" lang=\"pl-PL\" dir=\"ltr\" data-wpcf7-id=\"316\">\n<div class=\"screen-reader-response\"><p role=\"status\" aria-live=\"polite\" aria-atomic=\"true\"><\/p> <ul><\/ul><\/div>\n<form action=\"\/fotowyprawy\/wp-json\/wp\/v2\/pages\/1291#wpcf7-f316-o1\" method=\"post\" class=\"wpcf7-form init\" aria-label=\"Formularz kontaktowy\" novalidate=\"novalidate\" data-status=\"init\">\n<fieldset class=\"hidden-fields-container\"><input type=\"hidden\" name=\"_wpcf7\" value=\"316\" \/><input type=\"hidden\" name=\"_wpcf7_version\" value=\"6.1.5\" \/><input type=\"hidden\" name=\"_wpcf7_locale\" value=\"pl_PL\" \/><input type=\"hidden\" name=\"_wpcf7_unit_tag\" value=\"wpcf7-f316-o1\" \/><input type=\"hidden\" name=\"_wpcf7_container_post\" value=\"0\" \/><input type=\"hidden\" name=\"_wpcf7_posted_data_hash\" value=\"\" \/><input type=\"hidden\" name=\"_wpcf7_recaptcha_response\" value=\"\" \/>\n<\/fieldset>\n<p><label> Imi\u0119 i nazwisko (wymagane)<br \/>\n<span class=\"wpcf7-form-control-wrap\" data-name=\"your-name\"><input size=\"40\" maxlength=\"400\" class=\"wpcf7-form-control wpcf7-text wpcf7-validates-as-required\" aria-required=\"true\" aria-invalid=\"false\" value=\"\" type=\"text\" name=\"your-name\" \/><\/span> <\/label>\n<\/p>\n<p><label> Adres email (wymagane)<br \/>\n<span class=\"wpcf7-form-control-wrap\" data-name=\"your-email\"><input size=\"40\" maxlength=\"400\" class=\"wpcf7-form-control wpcf7-email wpcf7-validates-as-required wpcf7-text wpcf7-validates-as-email\" aria-required=\"true\" aria-invalid=\"false\" value=\"\" type=\"email\" name=\"your-email\" \/><\/span> <\/label>\n<\/p>\n<p><label> Temat<br \/>\n<span class=\"wpcf7-form-control-wrap\" data-name=\"your-subject\"><input size=\"40\" maxlength=\"400\" class=\"wpcf7-form-control wpcf7-text\" aria-invalid=\"false\" value=\"\" type=\"text\" name=\"your-subject\" \/><\/span> <\/label>\n<\/p>\n<p><label> Tre\u015b\u0107 wiadomo\u015bci<br \/>\n<span class=\"wpcf7-form-control-wrap\" data-name=\"your-message\"><textarea cols=\"40\" rows=\"10\" maxlength=\"2000\" class=\"wpcf7-form-control wpcf7-textarea\" aria-invalid=\"false\" name=\"your-message\"><\/textarea><\/span> <\/label>\n<\/p>\n\n<p><input class=\"wpcf7-form-control wpcf7-submit has-spinner\" type=\"submit\" value=\"Wy\u015blij\" \/>\n<\/p><div class=\"wpcf7-response-output\" aria-hidden=\"true\"><\/div>\n<\/form>\n<\/div>\n\n<p><img decoding=\"async\" loading=\"lazy\" class=\"aligncenter size-full wp-image-1293\" src=\"https:\/\/www.fotezja.pl\/fotowyprawy\/wp-content\/uploads\/sites\/6\/2019\/09\/IMG_1244_oba.jpg\" alt=\"warsztaty Photoshopa\" width=\"900\" height=\"900\" srcset=\"https:\/\/www.fotezja.pl\/fotowyprawy\/wp-content\/uploads\/sites\/6\/2019\/09\/IMG_1244_oba.jpg 900w, https:\/\/www.fotezja.pl\/fotowyprawy\/wp-content\/uploads\/sites\/6\/2019\/09\/IMG_1244_oba-100x100.jpg 100w, https:\/\/www.fotezja.pl\/fotowyprawy\/wp-content\/uploads\/sites\/6\/2019\/09\/IMG_1244_oba-300x300.jpg 300w, https:\/\/www.fotezja.pl\/fotowyprawy\/wp-content\/uploads\/sites\/6\/2019\/09\/IMG_1244_oba-770x770.jpg 770w, https:\/\/www.fotezja.pl\/fotowyprawy\/wp-content\/uploads\/sites\/6\/2019\/09\/IMG_1244_oba-500x500.jpg 500w, https:\/\/www.fotezja.pl\/fotowyprawy\/wp-content\/uploads\/sites\/6\/2019\/09\/IMG_1244_oba-293x293.jpg 293w, https:\/\/www.fotezja.pl\/fotowyprawy\/wp-content\/uploads\/sites\/6\/2019\/09\/IMG_1244_oba-390x390.jpg 390w, https:\/\/www.fotezja.pl\/fotowyprawy\/wp-content\/uploads\/sites\/6\/2019\/09\/IMG_1244_oba-585x585.jpg 585w\" sizes=\"auto, (max-width: 900px) 100vw, 900px\" \/><noscript><img decoding=\"async\" class=\"aligncenter size-full wp-image-1293\" src=\"https:\/\/www.fotezja.pl\/fotowyprawy\/wp-content\/uploads\/sites\/6\/2019\/09\/IMG_1244_oba.jpg\" alt=\"warsztaty Photoshopa\" width=\"900\" height=\"900\" srcset=\"https:\/\/www.fotezja.pl\/fotowyprawy\/wp-content\/uploads\/sites\/6\/2019\/09\/IMG_1244_oba.jpg 900w, https:\/\/www.fotezja.pl\/fotowyprawy\/wp-content\/uploads\/sites\/6\/2019\/09\/IMG_1244_oba-100x100.jpg 100w, https:\/\/www.fotezja.pl\/fotowyprawy\/wp-content\/uploads\/sites\/6\/2019\/09\/IMG_1244_oba-300x300.jpg 300w, https:\/\/www.fotezja.pl\/fotowyprawy\/wp-content\/uploads\/sites\/6\/2019\/09\/IMG_1244_oba-770x770.jpg 770w, https:\/\/www.fotezja.pl\/fotowyprawy\/wp-content\/uploads\/sites\/6\/2019\/09\/IMG_1244_oba-500x500.jpg 500w, https:\/\/www.fotezja.pl\/fotowyprawy\/wp-content\/uploads\/sites\/6\/2019\/09\/IMG_1244_oba-293x293.jpg 293w, https:\/\/www.fotezja.pl\/fotowyprawy\/wp-content\/uploads\/sites\/6\/2019\/09\/IMG_1244_oba-390x390.jpg 390w, https:\/\/www.fotezja.pl\/fotowyprawy\/wp-content\/uploads\/sites\/6\/2019\/09\/IMG_1244_oba-585x585.jpg 585w\" sizes=\"(max-width: 900px) 100vw, 900px\" \/><\/noscript><\/p>\n","protected":false},"excerpt":{"rendered":"<p>Warsztaty zaawansowanej edycji zdj\u0119\u0107 za pomoc\u0105 Photoshopa Zapraszamy na warsztaty, na kt\u00f3rych zajmiemy si\u0119 zaawansowan\u0105 edycj\u0105 fotografii. Warsztaty potrwaj\u0105 trzy dni: 0d 13 do 15 grudnia 2019 i odb\u0119d\u0105 si\u0119 w Warszawie. Czas ten po\u015bwi\u0119cimy na poznawanie tajnik\u00f3w fotograficznej kuchni: mieszanie (warstw i kana\u0142\u00f3w), krojenie (zdj\u0119\u0107 na kawa\u0142ki), \u0142\u0105czenie (tych\u017ce kawa\u0142k\u00f3w), wyrzucanie (niepotrzebnych obiekt\u00f3w), rozci\u0105ganie (i pikseli, i ich kontrastu), wyg\u0142adzanie, wyostrzanie, barwienie na przer\u00f3\u017cne odcienie. Poka\u017c\u0119, jakie mo\u017cliwo\u015bci daje maskowanie, co w\u0142a\u015bciwie tkwi w kana\u0142ach, jak sobie zrobi\u0107 w\u0142asny [&hellip;]<\/p>\n","protected":false},"author":2,"featured_media":1292,"parent":0,"menu_order":0,"comment_status":"closed","ping_status":"closed","template":"","meta":{"footnotes":"","_links_to":"","_links_to_target":""},"class_list":["post-1291","page","type-page","status-publish","has-post-thumbnail","hentry"],"_links":{"self":[{"href":"https:\/\/www.fotezja.pl\/fotowyprawy\/wp-json\/wp\/v2\/pages\/1291","targetHints":{"allow":["GET"]}}],"collection":[{"href":"https:\/\/www.fotezja.pl\/fotowyprawy\/wp-json\/wp\/v2\/pages"}],"about":[{"href":"https:\/\/www.fotezja.pl\/fotowyprawy\/wp-json\/wp\/v2\/types\/page"}],"author":[{"embeddable":true,"href":"https:\/\/www.fotezja.pl\/fotowyprawy\/wp-json\/wp\/v2\/users\/2"}],"replies":[{"embeddable":true,"href":"https:\/\/www.fotezja.pl\/fotowyprawy\/wp-json\/wp\/v2\/comments?post=1291"}],"version-history":[{"count":3,"href":"https:\/\/www.fotezja.pl\/fotowyprawy\/wp-json\/wp\/v2\/pages\/1291\/revisions"}],"predecessor-version":[{"id":2167,"href":"https:\/\/www.fotezja.pl\/fotowyprawy\/wp-json\/wp\/v2\/pages\/1291\/revisions\/2167"}],"wp:featuredmedia":[{"embeddable":true,"href":"https:\/\/www.fotezja.pl\/fotowyprawy\/wp-json\/wp\/v2\/media\/1292"}],"wp:attachment":[{"href":"https:\/\/www.fotezja.pl\/fotowyprawy\/wp-json\/wp\/v2\/media?parent=1291"}],"curies":[{"name":"wp","href":"https:\/\/api.w.org\/{rel}","templated":true}]}}