{"id":1260,"date":"2019-10-17T02:52:00","date_gmt":"2019-10-17T00:52:00","guid":{"rendered":"https:\/\/www.fotezja.pl\/fotowyprawy\/?page_id=1260"},"modified":"2021-12-02T03:45:49","modified_gmt":"2021-12-02T02:45:49","slug":"birma-fotowyprawa","status":"publish","type":"page","link":"https:\/\/www.fotezja.pl\/fotowyprawy\/birma-fotowyprawa\/","title":{"rendered":"Birma \u2013 fotowyprawa azjatycka"},"content":{"rendered":"<p><img decoding=\"async\" loading=\"lazy\" src=\"https:\/\/www.fotezja.pl\/fotowyprawy\/wp-content\/uploads\/sites\/6\/2019\/08\/DSC_0595_3_b.jpg\"><noscript><img decoding=\"async\" src=\"https:\/\/www.fotezja.pl\/fotowyprawy\/wp-content\/uploads\/sites\/6\/2019\/08\/DSC_0595_3_b.jpg\"><\/noscript><\/p>\n<p>Fotowyprawa do Birmy to nasza propozycja na fotograficzn\u0105 podr\u00f3\u017c na pocz\u0105tku 2022 roku. Przez lata niedost\u0119pny i niemal zapomniany kraj b\u0119dzie celem naszej fotowyprawy w lutym 2022. Cho\u0107 od niedawna Birma jest otwarta na \u015bwiat, to nadal jest to miejsce niezepsute przez masow\u0105 turystyk\u0119, naturalne i autentyczne. B\u0119dziemy mieli okazj\u0119 fotografowa\u0107 jeden z najpi\u0119kniejszych kraj\u00f3w Azji, kt\u00f3rego g\u0142\u00f3wne atuty to pozosta\u0142o\u015bci antycznych cywilizacji, tropikalna przyroda, fantastyczne \u015bwi\u0105tynie i przyja\u017ani, go\u015bcinni mieszka\u0144cy. Ws\u0142uchaj si\u0119 z nami w birma\u0144skie poranki!<\/p>\n<p style=\"text-align: center;\"><strong><span style=\"color: #ff00ff;\">ZREALIZUJEMY J\u0104, GDY SYTUACJA POLITYCZNA W BIRMIE NA TO POZWOLI<\/span><\/strong><\/p>\n<p><img decoding=\"async\" loading=\"lazy\" src=\"https:\/\/www.fotezja.pl\/fotowyprawy\/wp-content\/uploads\/sites\/6\/2019\/08\/DSC_0435_b.jpg\"><noscript><img decoding=\"async\" src=\"https:\/\/www.fotezja.pl\/fotowyprawy\/wp-content\/uploads\/sites\/6\/2019\/08\/DSC_0435_b.jpg\"><\/noscript><\/p>\n<p>Wsch\u00f3d s\u0142o\u0144ca z widokiem na dolin\u0119 z setkami wy\u0142aniaj\u0105cych si\u0119 z d\u017cungli \u015bwi\u0105ty\u0144, czyli Bagan w pe\u0142nej krasie b\u0119dzie z pewno\u015bci\u0105 nale\u017ca\u0142 do najbardziej niezapomnianych sesji fotograficznych. W kolejne dni czekaj\u0105 nas plenery nad jeziorem Inle, gdzie zobaczymy wioski na palach i rybak\u00f3w \u0142owi\u0105cych ryby tradycyjn\u0105 technik\u0105 z u\u017cyciem koszy. Birma\u0144czycy b\u0119d\u0105 na wielu naszych zdj\u0119ciach: buddyjscy mnisi, uliczni sprzedawcy, rolnicy. Zobaczymy s\u0142ynny drewniany most U Bein o d\u0142ugo\u015bci ponad kilometra. Ponadto b\u0119dziemy fotografowa\u0107 Rangun, jego zgie\u0142kliwe targi i monumentalne z\u0142ote pagody, ale tak\u017ce wioski i azjatyckie pejza\u017ce!&nbsp;<\/p>\n<p><img decoding=\"async\" loading=\"lazy\" src=\"https:\/\/www.fotezja.pl\/fotowyprawy\/wp-content\/uploads\/sites\/6\/2019\/08\/DSC_1107_b.jpg\"><noscript><img decoding=\"async\" src=\"https:\/\/www.fotezja.pl\/fotowyprawy\/wp-content\/uploads\/sites\/6\/2019\/08\/DSC_1107_b.jpg\"><\/noscript><\/p>\n<p>Do Birmy lecimy samolotem (domy\u015blnie z Warszawy, ale je\u015bli kto\u015b woli wylot z innego lotniska, to pomo\u017cemy znale\u017a\u0107 odpowiednie po\u0142\u0105czenie). Z lotniska odbiera nas autobus, kt\u00f3rym b\u0119dziemy si\u0119 porusza\u0107 po tym pi\u0119knym kraju. B\u0119dziemy te\u017c lata\u0107, a nawet raz wsi\u0105dziemy na \u0142\u00f3dk\u0119 i na w\u00f3zek ci\u0105gni\u0119ty przez os\u0142a &#8211; ale g\u0142\u00f3wnie jednak autobus. \ud83d\ude42<\/p>\n<p><img decoding=\"async\" loading=\"lazy\" src=\"https:\/\/www.fotezja.pl\/fotowyprawy\/wp-content\/uploads\/sites\/6\/2019\/08\/DSC_0159_b.jpg\"><noscript><img decoding=\"async\" src=\"https:\/\/www.fotezja.pl\/fotowyprawy\/wp-content\/uploads\/sites\/6\/2019\/08\/DSC_0159_b.jpg\"><\/noscript><\/p>\n<div style=\"padding:0.1% 0 0 0;position:relative;\"><iframe class=\"zeen-lazy-load-base zeen-lazy-load\" src=\"about:blank\" data-lazy-src=\"https:\/\/player.vimeo.com\/video\/274430991?badge=0\" style=\"position:absolute;top:0;left:0;width:100%;height:100%;\" frameborder=\"0\" allow=\"autoplay; fullscreen\" allowfullscreen><\/iframe><noscript><iframe src=\"https:\/\/player.vimeo.com\/video\/274430991?badge=0\" style=\"position:absolute;top:0;left:0;width:100%;height:100%;\" frameborder=\"0\" allow=\"autoplay; fullscreen\" allowfullscreen><\/iframe><\/noscript><\/div>\n<p><script src=\"https:\/\/player.vimeo.com\/api\/player.js\"><\/script><\/p>\n<p style=\"text-align: center;\"><strong><span style=\"color: #ff00ff;\">JE\u015aLI JESTE\u015a ZAINTERESOWANY, DAJ NAM ZNA\u0106!<\/span><\/strong><\/p>\n<p><a name=\"zgloszenie\"><\/a><\/p>\n<p><a href=\"https:\/\/www.fotezja.pl\/fotowyprawy\/birma-fotowyprawa\/birma-zgloszenie-na-fotowyprawe\/\" style=\"color: #ffffff\"><strong><em>Chc\u0119 zobaczy\u0107 birma\u0144skie poranki!<\/em><\/strong><\/a><\/p>\n<p><img decoding=\"async\" loading=\"lazy\" src=\"https:\/\/www.fotezja.pl\/fotowyprawy\/wp-content\/uploads\/sites\/6\/2019\/08\/DSC_0595_3_b.jpg\"><noscript><img decoding=\"async\" src=\"https:\/\/www.fotezja.pl\/fotowyprawy\/wp-content\/uploads\/sites\/6\/2019\/08\/DSC_0595_3_b.jpg\"><\/noscript><\/p>\n<p><a href=\"https:\/\/www.fotezja.pl\/fotowyprawy\/birma-fotowyprawa\/birma-zgloszenie-na-fotowyprawe\/\">Zg\u0142aszam si\u0119 na fotowypraw\u0119 azjatyck\u0105 do Birmy<\/a><\/p>\n<p>Przydatny sprz\u0119t fotograficzny to obiektywy od ultraszerokich po umiarkowane tele (do 200-300 mm), do tego oczywi\u015bcie aparat fotograficzny (optymalnie: lustrzanka lub bezlusterkowiec), zapas kart pami\u0119ci na dziesi\u0119\u0107 dni intensywnego fotografowania oraz akumulatory do aparatu pozwalaj\u0105ce na dwa dni robienia zdj\u0119\u0107. W hotelach b\u0119dzie mo\u017cna codziennie pod\u0142adowa\u0107 akumulatory, ale lepiej tutaj mie\u0107 zapas na nieprzewidziane sytuacje. Zdecydowanie wskazane jest zabranie statywu. Warto zabra\u0107 filtry polaryzacyjne (najwygodniej po jednym filtrze polaryzacyjnym na jeden obiektyw). Do portret\u00f3w w trudnych warunkach o\u015bwietleniowych mo\u017ce si\u0119 przyda\u0107 jasny obiektyw sta\u0142oogniskowy, ale nie jest konieczny. <\/p>\n<p><img decoding=\"async\" loading=\"lazy\" src=\"https:\/\/www.fotezja.pl\/fotowyprawy\/wp-content\/uploads\/sites\/6\/2019\/08\/DSC_1091_b.jpg\"><noscript><img decoding=\"async\" src=\"https:\/\/www.fotezja.pl\/fotowyprawy\/wp-content\/uploads\/sites\/6\/2019\/08\/DSC_1091_b.jpg\"><\/noscript><\/p>\n<p>Wjazd do Birmy wymaga oczywi\u015bcie paszportu, a tak\u017ce wizy, kt\u00f3r\u0105 nale\u017cy wyrobi\u0107 wcze\u015bniej w przedstawicielstwie dyplomatycznym tego kraju lub przez internet. \u017badne szczeg\u00f3lne szczepienia nie s\u0105 wymagane, ale rozs\u0105dnie jest by\u0107 zaszczepionym na typowe choroby, np. \u017c\u00f3\u0142taczk\u0119.<\/p>\n<p><\/p>\n<p>Jak przed ka\u017cd\u0105 podr\u00f3\u017c\u0105, zach\u0119camy aby w razie w\u0105tpliwo\u015bci sprawdzi\u0107 stron\u0119 <strong><span style=\"color: #e69138;\"><a href=\"https:\/\/www.gov.pl\/web\/dyplomacja\/informacje-dla-podrozujacych\" target=\"_blank\" rel=\"noopener noreferrer\">Ministerstwa Spraw Zagranicznych<\/a><\/span><\/strong>. Znajduj\u0105 si\u0119 tam aktualne informacje o wymaganych dokumentach, szczepieniach, ostrze\u017cenia i przepisy celne dla ka\u017cdego kraju.<\/p>\n<p class=\"tipi-center\"><a target=\"_blank\" href=\"https:\/\/www.fotezja.pl\/fotowyprawy\/powinienes-wiedziec-ze\/\" style=\"color: #e69138\" rel=\"noopener\"><strong>Przeczytaj, co jeszcze warto wiedzie\u0107 o naszych fotowyprawach<\/strong><\/a><a target=\"_blank\" href=\"https:\/\/www.fotezja.pl\/fotowyprawy\/powinienes-wiedziec-ze\/\" style=\"color: #e69138\" rel=\"noopener\"><strong> <\/strong><\/a><\/p>\n<p class=\"tipi-center\"><a target=\"_blank\" href=\"https:\/\/www.fotezja.pl\/fotowyprawy\/warto-bo\/\" style=\"color: #e69138\" rel=\"noopener\"><strong>Co oferujemy i dlaczego warto jecha\u0107 w\u0142a\u015bnie z nami<\/strong><\/a><strong style=\"color: #e69138\">&nbsp;<\/strong><\/p>\n<p class=\"tipi-center\"><a target=\"_blank\" href=\"https:\/\/www.fotezja.pl\/fotowyprawy\/ogolne-warunki-umowy-o-swiadczeniu-imprez-turystycznych\/\" style=\"color: #e69138\" rel=\"noopener\"><strong>Jakie s\u0105 og\u00f3lne warunki umowy o \u015bwiadczenie us\u0142ug turystycznych <\/strong><\/a><\/p>\n","protected":false},"excerpt":{"rendered":"<p>Fotowyprawa do Birmy to nasza propozycja na fotograficzn\u0105 podr\u00f3\u017c na pocz\u0105tku 2022 roku. Przez lata niedost\u0119pny i niemal zapomniany kraj b\u0119dzie celem naszej fotowyprawy w lutym 2022. Cho\u0107 od niedawna Birma jest otwarta na \u015bwiat, to nadal jest to miejsce niezepsute przez masow\u0105 turystyk\u0119, naturalne i autentyczne. B\u0119dziemy mieli okazj\u0119 fotografowa\u0107 jeden z najpi\u0119kniejszych kraj\u00f3w Azji, kt\u00f3rego g\u0142\u00f3wne atuty to pozosta\u0142o\u015bci antycznych cywilizacji, tropikalna przyroda, fantastyczne \u015bwi\u0105tynie i przyja\u017ani, go\u015bcinni mieszka\u0144cy. Ws\u0142uchaj si\u0119 z nami w birma\u0144skie poranki! ZREALIZUJEMY J\u0104, [&hellip;]<\/p>\n","protected":false},"author":2,"featured_media":1262,"parent":0,"menu_order":0,"comment_status":"closed","ping_status":"closed","template":"","meta":{"footnotes":"","_links_to":"","_links_to_target":""},"class_list":["post-1260","page","type-page","status-publish","has-post-thumbnail","hentry"],"_links":{"self":[{"href":"https:\/\/www.fotezja.pl\/fotowyprawy\/wp-json\/wp\/v2\/pages\/1260","targetHints":{"allow":["GET"]}}],"collection":[{"href":"https:\/\/www.fotezja.pl\/fotowyprawy\/wp-json\/wp\/v2\/pages"}],"about":[{"href":"https:\/\/www.fotezja.pl\/fotowyprawy\/wp-json\/wp\/v2\/types\/page"}],"author":[{"embeddable":true,"href":"https:\/\/www.fotezja.pl\/fotowyprawy\/wp-json\/wp\/v2\/users\/2"}],"replies":[{"embeddable":true,"href":"https:\/\/www.fotezja.pl\/fotowyprawy\/wp-json\/wp\/v2\/comments?post=1260"}],"version-history":[{"count":57,"href":"https:\/\/www.fotezja.pl\/fotowyprawy\/wp-json\/wp\/v2\/pages\/1260\/revisions"}],"predecessor-version":[{"id":4642,"href":"https:\/\/www.fotezja.pl\/fotowyprawy\/wp-json\/wp\/v2\/pages\/1260\/revisions\/4642"}],"wp:featuredmedia":[{"embeddable":true,"href":"https:\/\/www.fotezja.pl\/fotowyprawy\/wp-json\/wp\/v2\/media\/1262"}],"wp:attachment":[{"href":"https:\/\/www.fotezja.pl\/fotowyprawy\/wp-json\/wp\/v2\/media?parent=1260"}],"curies":[{"name":"wp","href":"https:\/\/api.w.org\/{rel}","templated":true}]}}