{"id":11402,"date":"2024-09-02T01:55:15","date_gmt":"2024-09-01T23:55:15","guid":{"rendered":"https:\/\/www.fotezja.pl\/fotowyprawy\/?page_id=11402"},"modified":"2025-10-25T20:10:20","modified_gmt":"2025-10-25T18:10:20","slug":"skrzydlata-gambia-wyprawa-przyrodnicza","status":"publish","type":"page","link":"https:\/\/www.fotezja.pl\/fotowyprawy\/skrzydlata-gambia-wyprawa-przyrodnicza\/","title":{"rendered":"Skrzydlata Gambia \u2013 wyprawa przyrodnicza"},"content":{"rendered":"<p><img decoding=\"async\" loading=\"lazy\" src=\"https:\/\/www.fotezja.pl\/fotowyprawy\/wp-content\/uploads\/sites\/6\/2024\/09\/03.jpg\"><noscript><img decoding=\"async\" src=\"https:\/\/www.fotezja.pl\/fotowyprawy\/wp-content\/uploads\/sites\/6\/2024\/09\/03.jpg\"><\/noscript><\/p>\n<p>Gambia \u2013 najmniejszy kraj kontynentalnej Afryki, kt\u00f3rego charakter i kszta\u0142t wyznacza b\u0119d\u0105ca jego osi\u0105 rzeka o tej samej nazwie, zachwyca przyrodniczym kolorytem. Na terenie ograniczonym od zachodu wodami Atlantyku, a z pozosta\u0142ych stron Senegalem, stwierdzono ponad 600 gatunk\u00f3w ptak\u00f3w, co czyni go topowym kierunkiem dla europejskiego birdwatchera. Gambia ma mniej ni\u017c 50 kilometr\u00f3w szeroko\u015bci w najszerszym punkcie, dzi\u0119ki czemu \u017ceby odkry\u0107 jej pi\u0119kno nie musimy pokonywa\u0107 du\u017cych dystans\u00f3w. Kraj ten ma do zaoferowania interesuj\u0105cy zestaw ekosystem\u00f3w: mozaiki las\u00f3w, sawanny i namorzyn\u00f3w \u2013 ponadto oko\u0142o 11% obszaru to woda, zapewniaj\u0105ca du\u017c\u0105 bior\u00f3\u017cnorodno\u015b\u0107. Zapraszamy na ptasie obserwacje do Gambii w kameralnej grupie!<\/p>\n<h4><strong>Uczestnicy naszych wcze\u015bniejszych wypraw przyrodniczych i fotowypraw Fotezji maj\u0105 <u>zni\u017ck\u0119 50 euro<\/u><\/strong>. <\/h4>\n<p style=\"text-align: center;\">\n<p>Cen\u0119 tej fotowyprawy podajemy w euro, poniewa\u017c jej koszty r\u00f3wnie\u017c p\u0142acimy w euro. Hotele, przewozy, bilety &#8211; to wszystko op\u0142acamy w walucie. Cena podana w euro, a nie w z\u0142ot\u00f3wkach, gwarantuje, \u017ce nie pobierzemy od Was mniej ni\u017c wynosi koszt imprezy&#8230; ani wi\u0119cej.<\/p>\n<p>Wp\u0142at mo\u017cna dokonywa\u0107 na dwa sposoby:<\/p>\n<p>Przelicza\u0107 sobie wysoko\u015b\u0107 zaliczki w euro na z\u0142ot\u00f3wki po <strong><span style=\"color: #ff9900;\"><a href=\"https:\/\/www.nbp.pl\/home.aspx?f=\/kursy\/kursyc.html\" target=\"_blank\" rel=\"noopener noreferrer\">kursie sprzeda\u017cy NBP<\/a><\/span><\/strong> z danego dnia, a wynik, w z\u0142ot\u00f3wkach, wp\u0142aca\u0107 na nasze konto z\u0142ot\u00f3wkowe: 86 2530 0008 2053 1055 8271 0001<\/p>\n<p>Wp\u0142aca\u0107 sum\u0119 wyra\u017con\u0105 w euro na nasze konto w euro (59 2530 0008 2053 1055 8271 0002), niczego nie przeliczaj\u0105c. Osoby, kt\u00f3re same posiadaj\u0105 konto w euro, mog\u0105 to robi\u0107 prostym przelewem; pozostali mog\u0105 np. korzysta\u0107 z serwis\u00f3w  wymiany walut, gdzie mo\u017cna zleca\u0107 przelewy mi\u0119dzywalutowe po bardzo dobrym kursie.<\/p>\n<p><strong>Prosz\u0119 w \u017cadnym wypadku nie wp\u0142aca\u0107 z\u0142ot\u00f3wek na konto euro ani euro na konto z\u0142ot\u00f3wkowe, nawet je\u015bli bank to umo\u017cliwia!<\/strong> W takim przypadku Wy wp\u0142aciliby\u015bcie wi\u0119cej ni\u017c trzeba, my dostaliby\u015bmy mniej ni\u017c trzeba, i tylko bank by\u0142by zadowolony.<\/p>\n<p>Gdyby kto\u015b mia\u0142 w\u0105tpliwo\u015bci co do wp\u0142at, prosimy o kontakt &#8211; pomo\u017cemy.<\/p>\n<p><img decoding=\"async\" loading=\"lazy\" src=\"https:\/\/www.fotezja.pl\/fotowyprawy\/wp-content\/uploads\/sites\/6\/2024\/09\/07.jpg\"><noscript><img decoding=\"async\" src=\"https:\/\/www.fotezja.pl\/fotowyprawy\/wp-content\/uploads\/sites\/6\/2024\/09\/07.jpg\"><\/noscript><\/p>\n<p style=\"text-align: right;\">fot. Alexander Hagge<\/p>\n<p>To wyjazd adresowany przede wszystkim do mi\u0142o\u015bnik\u00f3w obserwacji i fotografowania zwierz\u0105t, przede wszystkim ptak\u00f3w, cho\u0107 nie tylko. Wsparcie do\u015bwiadczonego przyrodnika i ornitologa pozwoli dostrzec nawet p\u0142ochliwe czy odleg\u0142e zwierz\u0119ta, a tak\u017ce je zidentyfikowa\u0107. Warto zabra\u0107 teleobiektywy &#8211; najlepiej zar\u00f3wno 70-200, jak i d\u0142u\u017cszy zakres do 400 czy 600 mm.<\/p>\n<p style=\"text-align: center;\"><span style=\"color: #ff00ff;\">ZAPRASZAMY NA CZO\u0141OCZUBY, W\u0104SALE I SZKLARNIKI!<\/span><\/p>\n<p><a name=\"zgloszenie\"><\/a><\/p>\n<p><strong><em><span style=\"color: #ff0000;\"><a href=\"https:\/\/www.fotezja.pl\/fotowyprawy\/skrzydlata-gambia-wyprawa-przyrodnicza\/zgloszenie-na-wyprawe-do-gambii\/\" rel=\"\">Chc\u0119 zobaczy\u0107 przyrod\u0119 Gambii!<\/a><\/span><\/em><\/strong><\/p>\n<p><img decoding=\"async\" loading=\"lazy\" src=\"https:\/\/www.fotezja.pl\/fotowyprawy\/wp-content\/uploads\/sites\/6\/2024\/09\/08.jpg\"><noscript><img decoding=\"async\" src=\"https:\/\/www.fotezja.pl\/fotowyprawy\/wp-content\/uploads\/sites\/6\/2024\/09\/08.jpg\"><\/noscript><\/p>\n<p><a href=\"https:\/\/www.fotezja.pl\/fotowyprawy\/skrzydlata-gambia-wyprawa-przyrodnicza\/zgloszenie-na-wyprawe-do-gambii\/\" rel=\"\">Zg\u0142aszam si\u0119 na wypraw\u0119 do Gambii!<\/a><\/p>\n<p style=\"text-align: right;\">fot. Alexander Hagge<\/p>\n<p>Bardzo istotna kwestia, kt\u00f3ra wp\u0142ywa tak na wygod\u0119, jak i bezpiecze\u0144stwo to spos\u00f3b pakowania. <strong>Zalecamy dwa baga\u017ce<\/strong>: g\u0142\u00f3wny i podr\u0119czny. G\u0142\u00f3wny, ze wszystkimi ubraniami, rzeczami osobistymi, ewentualnie statywem i \u017cywno\u015bci\u0105 to najlepiej du\u017ca torba na k\u00f3\u0142kach. <strong>Nie zalecamy walizki<\/strong> jako baga\u017cu g\u0142\u00f3wnego &#8211; trudniej j\u0105 upakowa\u0107 w busie, a do tego jest bardziej nara\u017cona na uszkodzenie w transporcie lotniczym.<strong> Limit dla baga\u017cu g\u0142\u00f3wnego przewa\u017cnie wynosi 20 kilogram\u00f3w <\/strong>(zale\u017cy od linii lotniczych, niekiedy jest to nieco wi\u0119cej). Nie nale\u017cy pakowa\u0107 do baga\u017cu g\u0142\u00f3wnego \u017cadnej elektroniki, a baterii i akumulator\u00f3w nawet nie wolno!<\/p>\n<p>Je\u015bli mamy jaki\u015b sprz\u0119t fotograficzny lub obserwacyjny (luneta, lornetka) nale\u017cy go zmie\u015bci\u0107 w baga\u017cu podr\u0119cznym. Na czas podr\u00f3\u017cy samolotem tam te\u017c powinny by\u0107 wszystkie akumulatory, \u0142adowarki i powerbanki. Je\u015bli kto\u015b zabiera notebooka, to r\u00f3wnie\u017c do baga\u017cu podr\u0119cznego &#8211; przynajmniej na czas podr\u00f3\u017cy lotniczej. Wskazane jest, aby m\u00f3c nosi\u0107 ze sob\u0105 termos lub\/i butelk\u0119 wody oraz kanapki &#8211; w taki spos\u00f3b, aby nie grozi\u0142o to ubrudzeniem lub zalaniem aparatu fotograficznego czy lornetki. Je\u015bli chodzi o sprz\u0119t fotograficzny, to najbardziej przydatne b\u0119d\u0105 teleobiektywy &#8211; co najmniej 200 mm, cho\u0107 wi\u0119ksze ogniskowe te\u017c b\u0119d\u0105 u\u017cyteczne.<\/p>\n<p><img decoding=\"async\" loading=\"lazy\" src=\"https:\/\/www.fotezja.pl\/fotowyprawy\/wp-content\/uploads\/sites\/6\/2024\/09\/10.jpg\"><noscript><img decoding=\"async\" src=\"https:\/\/www.fotezja.pl\/fotowyprawy\/wp-content\/uploads\/sites\/6\/2024\/09\/10.jpg\"><\/noscript><\/p>\n<p style=\"text-align: right;\">fot. Alexander Hagge<\/p>\n<p>Do wjazdu do Gambii niezb\u0119dny jest paszport (powinien by\u0107 wa\u017cny jeszcze co najmniej 6 miesi\u0119cy). Nie jest wymagana wiza na wyjazdy turystyczne do 28 dni. \u017badne szczeg\u00f3lne szczepienia nie s\u0105 wymagane od os\u00f3b przyje\u017cd\u017caj\u0105cych z Polski, natomiast zalecane s\u0105 szczepienia przeciwko WZW A i B, durowi brzusznemu, \u017c\u00f3\u0142tej gor\u0105czce i meningokokom. Warto mie\u0107 te\u017c \u015brodki odstraszaj\u0105ce komary i rozwa\u017cy\u0107 profilaktyczne stosowanie \u015brodk\u00f3w przeciwmalarycznych.<\/p>\n<p><\/p>\n<p><\/p>\n<p><\/p>\n<p><\/p>\n<p><\/p>\n<p>Jak przed ka\u017cd\u0105 podr\u00f3\u017c\u0105, zach\u0119camy aby w razie w\u0105tpliwo\u015bci sprawdzi\u0107 stron\u0119 <strong><span style=\"color: #e69138;\"><a href=\"https:\/\/www.gov.pl\/web\/dyplomacja\/informacje-dla-podrozujacych\" target=\"_blank\" rel=\"noopener noreferrer\">Ministerstwa Spraw Zagranicznych<\/a><\/span><\/strong>. Znajduj\u0105 si\u0119 tam aktualne informacje o wymaganych dokumentach, szczepieniach, ostrze\u017cenia i przepisy celne dla ka\u017cdego kraju.<\/p>\n<div id=\"jig1\" class=\"justified-image-grid jig-9bd596cff8292af8378ae18a02d62598 jig-preset-global jig-source-wp-gallery\"><div class=\"jig-clearfix\"><\/div><noscript id=\"jig1-html\" class=\"justified-image-grid-html\" data-lazy-src=\"skiplazyload\" data-src=\"skipunveillazyload\"><ul><li><a href=\"https:\/\/www.fotezja.pl\/fotowyprawy\/wp-content\/uploads\/sites\/6\/2024\/09\/04.jpg\" title=\"Yellow-billed Oxpecker, Gambia, fot. Alexander Hagge\"><img decoding=\"async\" src=\"https:\/\/www.fotezja.pl\/fotowyprawy\/wp-content\/plugins\/justified-image-grid\/timthumb.php?src=https%3A%2F%2Fwww.fotezja.pl%2Ffotowyprawy%2Fwp-content%2Fuploads%2Fsites%2F6%2F2024%2F09%2F04.jpg&amp;h=340&amp;q=90&amp;f=.jpg\" alt=\"Yellow-billed Oxpecker, Gambia, fot. Alexander Hagge\" width=\"510\" height=\"340\" \/><\/a><p class=\"jig-HTMLdescription\">Yellow-billed Oxpecker, Gambia, fot. Alexander Hagge<\/p><\/li><li><a href=\"https:\/\/www.fotezja.pl\/fotowyprawy\/wp-content\/uploads\/sites\/6\/2024\/09\/06.jpg\" title=\"Senegal Coucal, Gambia, fot. Alexander Hagge\"><img decoding=\"async\" src=\"https:\/\/www.fotezja.pl\/fotowyprawy\/wp-content\/plugins\/justified-image-grid\/timthumb.php?src=https%3A%2F%2Fwww.fotezja.pl%2Ffotowyprawy%2Fwp-content%2Fuploads%2Fsites%2F6%2F2024%2F09%2F06.jpg&amp;h=340&amp;q=90&amp;f=.jpg\" alt=\"Senegal Coucal, Gambia, fot. Alexander Hagge\" width=\"509\" height=\"340\" \/><\/a><p class=\"jig-HTMLdescription\">Senegal Coucal, Gambia, fot. Alexander Hagge<\/p><\/li><li><a href=\"https:\/\/www.fotezja.pl\/fotowyprawy\/wp-content\/uploads\/sites\/6\/2024\/09\/10.jpg\" title=\"Blue-breasted Kingfisher, Gambia, fot. Alexander Hagge\"><img decoding=\"async\" src=\"https:\/\/www.fotezja.pl\/fotowyprawy\/wp-content\/plugins\/justified-image-grid\/timthumb.php?src=https%3A%2F%2Fwww.fotezja.pl%2Ffotowyprawy%2Fwp-content%2Fuploads%2Fsites%2F6%2F2024%2F09%2F10.jpg&amp;h=340&amp;q=90&amp;f=.jpg\" alt=\"Blue-breasted Kingfisher, Gambia, fot. Alexander Hagge\" width=\"510\" height=\"340\" \/><\/a><p class=\"jig-HTMLdescription\">Blue-breasted Kingfisher, Gambia, fot. Alexander Hagge<\/p><\/li><li><a href=\"https:\/\/www.fotezja.pl\/fotowyprawy\/wp-content\/uploads\/sites\/6\/2024\/09\/12.jpg\" title=\"Wahlberg&#039;s Eagle, Gambia, fot. Alexander Hagge\"><img decoding=\"async\" src=\"https:\/\/www.fotezja.pl\/fotowyprawy\/wp-content\/plugins\/justified-image-grid\/timthumb.php?src=https%3A%2F%2Fwww.fotezja.pl%2Ffotowyprawy%2Fwp-content%2Fuploads%2Fsites%2F6%2F2024%2F09%2F12.jpg&amp;h=340&amp;q=90&amp;f=.jpg\" alt=\"Wahlberg&#039;s Eagle, Gambia, fot. Alexander Hagge\" width=\"509\" height=\"340\" \/><\/a><p class=\"jig-HTMLdescription\">Wahlberg's Eagle, Gambia, fot. Alexander Hagge<\/p><\/li><li><a href=\"https:\/\/www.fotezja.pl\/fotowyprawy\/wp-content\/uploads\/sites\/6\/2024\/09\/08.jpg\" title=\"Abyssinian Roller, Gambia, fot. Alexander Hagge\"><img decoding=\"async\" src=\"https:\/\/www.fotezja.pl\/fotowyprawy\/wp-content\/plugins\/justified-image-grid\/timthumb.php?src=https%3A%2F%2Fwww.fotezja.pl%2Ffotowyprawy%2Fwp-content%2Fuploads%2Fsites%2F6%2F2024%2F09%2F08.jpg&amp;h=340&amp;q=90&amp;f=.jpg\" alt=\"Abyssinian Roller, Gambia, fot. Alexander Hagge\" width=\"510\" height=\"340\" \/><\/a><p class=\"jig-HTMLdescription\">Abyssinian Roller, Gambia, fot. Alexander Hagge<\/p><\/li><li><a href=\"https:\/\/www.fotezja.pl\/fotowyprawy\/wp-content\/uploads\/sites\/6\/2024\/09\/02.jpg\" title=\"Little Bee-eater, Gambia, fot. Alexander Hagge\"><img decoding=\"async\" src=\"https:\/\/www.fotezja.pl\/fotowyprawy\/wp-content\/plugins\/justified-image-grid\/timthumb.php?src=https%3A%2F%2Fwww.fotezja.pl%2Ffotowyprawy%2Fwp-content%2Fuploads%2Fsites%2F6%2F2024%2F09%2F02.jpg&amp;h=340&amp;q=90&amp;f=.jpg\" alt=\"Little Bee-eater, Gambia, fot. Alexander Hagge\" width=\"509\" height=\"340\" \/><\/a><p class=\"jig-HTMLdescription\">Little Bee-eater, Gambia, fot. Alexander Hagge<\/p><\/li><li><a href=\"https:\/\/www.fotezja.pl\/fotowyprawy\/wp-content\/uploads\/sites\/6\/2024\/09\/01.jpg\" title=\"White-faced Whistling-Duck, Gambia, fot. Alexander Hagge\"><img decoding=\"async\" src=\"https:\/\/www.fotezja.pl\/fotowyprawy\/wp-content\/plugins\/justified-image-grid\/timthumb.php?src=https%3A%2F%2Fwww.fotezja.pl%2Ffotowyprawy%2Fwp-content%2Fuploads%2Fsites%2F6%2F2024%2F09%2F01.jpg&amp;h=340&amp;q=90&amp;f=.jpg\" alt=\"White-faced Whistling-Duck, Gambia, fot. Alexander Hagge\" width=\"509\" height=\"340\" \/><\/a><p class=\"jig-HTMLdescription\">White-faced Whistling-Duck, Gambia, fot. Alexander Hagge<\/p><\/li><li><a href=\"https:\/\/www.fotezja.pl\/fotowyprawy\/wp-content\/uploads\/sites\/6\/2024\/09\/13.jpg\" title=\"African Harrier-Hawk, Gambia, fot. Alexander Hagge\"><img decoding=\"async\" src=\"https:\/\/www.fotezja.pl\/fotowyprawy\/wp-content\/plugins\/justified-image-grid\/timthumb.php?src=https%3A%2F%2Fwww.fotezja.pl%2Ffotowyprawy%2Fwp-content%2Fuploads%2Fsites%2F6%2F2024%2F09%2F13.jpg&amp;h=340&amp;q=90&amp;f=.jpg\" alt=\"African Harrier-Hawk, Gambia, fot. Alexander Hagge\" width=\"509\" height=\"340\" \/><\/a><p class=\"jig-HTMLdescription\">African Harrier-Hawk, Gambia, fot. Alexander Hagge<\/p><\/li><li><a href=\"https:\/\/www.fotezja.pl\/fotowyprawy\/wp-content\/uploads\/sites\/6\/2024\/09\/03.jpg\" title=\"Red-billed Firefinch, Gambia, fot. Alexander Hagge\"><img decoding=\"async\" src=\"https:\/\/www.fotezja.pl\/fotowyprawy\/wp-content\/plugins\/justified-image-grid\/timthumb.php?src=https%3A%2F%2Fwww.fotezja.pl%2Ffotowyprawy%2Fwp-content%2Fuploads%2Fsites%2F6%2F2024%2F09%2F03.jpg&amp;h=340&amp;q=90&amp;f=.jpg\" alt=\"Red-billed Firefinch, Gambia, fot. Alexander Hagge\" width=\"509\" height=\"340\" \/><\/a><p class=\"jig-HTMLdescription\">Red-billed Firefinch, Gambia, fot. Alexander Hagge<\/p><\/li><li><a href=\"https:\/\/www.fotezja.pl\/fotowyprawy\/wp-content\/uploads\/sites\/6\/2024\/09\/11.jpg\" title=\"Yello-crowned Gonolek, Gambia, fot. Alexander Hagge\"><img decoding=\"async\" src=\"https:\/\/www.fotezja.pl\/fotowyprawy\/wp-content\/plugins\/justified-image-grid\/timthumb.php?src=https%3A%2F%2Fwww.fotezja.pl%2Ffotowyprawy%2Fwp-content%2Fuploads%2Fsites%2F6%2F2024%2F09%2F11.jpg&amp;h=340&amp;q=90&amp;f=.jpg\" alt=\"Yello-crowned Gonolek, Gambia, fot. Alexander Hagge\" width=\"510\" height=\"340\" \/><\/a><p class=\"jig-HTMLdescription\">Yello-crowned Gonolek, Gambia, fot. Alexander Hagge<\/p><\/li><li><a href=\"https:\/\/www.fotezja.pl\/fotowyprawy\/wp-content\/uploads\/sites\/6\/2024\/09\/09.jpg\" title=\"Senegal Thick-knee, Gambia, fot. Alexander Hagge\"><img decoding=\"async\" src=\"https:\/\/www.fotezja.pl\/fotowyprawy\/wp-content\/plugins\/justified-image-grid\/timthumb.php?src=https%3A%2F%2Fwww.fotezja.pl%2Ffotowyprawy%2Fwp-content%2Fuploads%2Fsites%2F6%2F2024%2F09%2F09.jpg&amp;h=340&amp;q=90&amp;f=.jpg\" alt=\"Senegal Thick-knee, Gambia, fot. Alexander Hagge\" width=\"509\" height=\"340\" \/><\/a><p class=\"jig-HTMLdescription\">Senegal Thick-knee, Gambia, fot. Alexander Hagge<\/p><\/li><li><a href=\"https:\/\/www.fotezja.pl\/fotowyprawy\/wp-content\/uploads\/sites\/6\/2024\/09\/14.jpg\" title=\"African Grey Hornbill, Gambia, fot. Alexander Hagge\"><img decoding=\"async\" src=\"https:\/\/www.fotezja.pl\/fotowyprawy\/wp-content\/plugins\/justified-image-grid\/timthumb.php?src=https%3A%2F%2Fwww.fotezja.pl%2Ffotowyprawy%2Fwp-content%2Fuploads%2Fsites%2F6%2F2024%2F09%2F14.jpg&amp;h=340&amp;q=90&amp;f=.jpg\" alt=\"African Grey Hornbill, Gambia, fot. Alexander Hagge\" width=\"510\" height=\"340\" \/><\/a><p class=\"jig-HTMLdescription\">African Grey Hornbill, Gambia, fot. Alexander Hagge<\/p><\/li><li><a href=\"https:\/\/www.fotezja.pl\/fotowyprawy\/wp-content\/uploads\/sites\/6\/2024\/09\/07.jpg\" title=\"Hamerkop, Gambia, fot. Alexander Hagge\"><img decoding=\"async\" src=\"https:\/\/www.fotezja.pl\/fotowyprawy\/wp-content\/plugins\/justified-image-grid\/timthumb.php?src=https%3A%2F%2Fwww.fotezja.pl%2Ffotowyprawy%2Fwp-content%2Fuploads%2Fsites%2F6%2F2024%2F09%2F07.jpg&amp;h=340&amp;q=90&amp;f=.jpg\" alt=\"Hamerkop, Gambia, fot. Alexander Hagge\" width=\"509\" height=\"340\" \/><\/a><p class=\"jig-HTMLdescription\">Hamerkop, Gambia, fot. Alexander Hagge<\/p><\/li><li><a href=\"https:\/\/www.fotezja.pl\/fotowyprawy\/wp-content\/uploads\/sites\/6\/2024\/09\/05.jpg\" title=\"Long-tailed Nightjar, Gambia, fot. Alexander Hagge\"><img decoding=\"async\" src=\"https:\/\/www.fotezja.pl\/fotowyprawy\/wp-content\/plugins\/justified-image-grid\/timthumb.php?src=https%3A%2F%2Fwww.fotezja.pl%2Ffotowyprawy%2Fwp-content%2Fuploads%2Fsites%2F6%2F2024%2F09%2F05.jpg&amp;h=340&amp;q=90&amp;f=.jpg\" alt=\"Long-tailed Nightjar, Gambia, fot. Alexander Hagge\" width=\"510\" height=\"340\" \/><\/a><p class=\"jig-HTMLdescription\">Long-tailed Nightjar, Gambia, fot. Alexander Hagge<\/p><\/li><\/ul><\/noscript><\/div>\n<p class=\"tipi-center\"><a target=\"_blank\" href=\"https:\/\/www.fotezja.pl\/fotowyprawy\/powinienes-wiedziec-ze\/\" style=\"color: #e69138\"><strong>Przeczytaj, co jeszcze warto wiedzie\u0107 o naszych fotowyprawach<\/strong><\/a><a target=\"_blank\" href=\"https:\/\/www.fotezja.pl\/fotowyprawy\/category\/powinienes-wiedziec-ze\/\" style=\"color: #e69138\"><strong> <\/strong><\/a><\/p>\n<p class=\"tipi-center\"><a target=\"_blank\" href=\"https:\/\/www.fotezja.pl\/fotowyprawy\/warto-bo\/\" style=\"color: #e69138\"><strong>Co oferujemy i dlaczego warto jecha\u0107 w\u0142a\u015bnie z nami<\/strong><\/a><a target=\"_blank\" href=\"https:\/\/www.fotezja.pl\/fotowyprawy\/warto-bo\/\" style=\"color: #e69138\"><strong>&nbsp;<\/strong><\/a><\/p>\n<p class=\"tipi-center\"><a target=\"_blank\" href=\"https:\/\/www.fotezja.pl\/fotowyprawy\/ogolne-warunki-umowy-o-swiadczeniu-imprez-turystycznych\/\" style=\"color: #e69138\"><strong>Jakie s\u0105 og\u00f3lne warunki umowy o \u015bwiadczenie us\u0142ug turystycznych <\/strong><\/a><\/p>\n","protected":false},"excerpt":{"rendered":"<p>Gambia \u2013 najmniejszy kraj kontynentalnej Afryki, kt\u00f3rego charakter i kszta\u0142t wyznacza b\u0119d\u0105ca jego osi\u0105 rzeka o tej samej nazwie, zachwyca przyrodniczym kolorytem. Na terenie ograniczonym od zachodu wodami Atlantyku, a z pozosta\u0142ych stron Senegalem, stwierdzono ponad 600 gatunk\u00f3w ptak\u00f3w, co czyni go topowym kierunkiem dla europejskiego birdwatchera. Gambia ma mniej ni\u017c 50 kilometr\u00f3w szeroko\u015bci w najszerszym punkcie, dzi\u0119ki czemu \u017ceby odkry\u0107 jej pi\u0119kno nie musimy pokonywa\u0107 du\u017cych dystans\u00f3w. Kraj ten ma do zaoferowania interesuj\u0105cy zestaw ekosystem\u00f3w: mozaiki las\u00f3w, sawanny i [&hellip;]<\/p>\n","protected":false},"author":1,"featured_media":11390,"parent":0,"menu_order":0,"comment_status":"closed","ping_status":"closed","template":"","meta":{"footnotes":"","_links_to":"","_links_to_target":""},"class_list":["post-11402","page","type-page","status-publish","has-post-thumbnail","hentry"],"_links":{"self":[{"href":"https:\/\/www.fotezja.pl\/fotowyprawy\/wp-json\/wp\/v2\/pages\/11402","targetHints":{"allow":["GET"]}}],"collection":[{"href":"https:\/\/www.fotezja.pl\/fotowyprawy\/wp-json\/wp\/v2\/pages"}],"about":[{"href":"https:\/\/www.fotezja.pl\/fotowyprawy\/wp-json\/wp\/v2\/types\/page"}],"author":[{"embeddable":true,"href":"https:\/\/www.fotezja.pl\/fotowyprawy\/wp-json\/wp\/v2\/users\/1"}],"replies":[{"embeddable":true,"href":"https:\/\/www.fotezja.pl\/fotowyprawy\/wp-json\/wp\/v2\/comments?post=11402"}],"version-history":[{"count":75,"href":"https:\/\/www.fotezja.pl\/fotowyprawy\/wp-json\/wp\/v2\/pages\/11402\/revisions"}],"predecessor-version":[{"id":14437,"href":"https:\/\/www.fotezja.pl\/fotowyprawy\/wp-json\/wp\/v2\/pages\/11402\/revisions\/14437"}],"wp:featuredmedia":[{"embeddable":true,"href":"https:\/\/www.fotezja.pl\/fotowyprawy\/wp-json\/wp\/v2\/media\/11390"}],"wp:attachment":[{"href":"https:\/\/www.fotezja.pl\/fotowyprawy\/wp-json\/wp\/v2\/media?parent=11402"}],"curies":[{"name":"wp","href":"https:\/\/api.w.org\/{rel}","templated":true}]}}