{"id":10239,"date":"2024-03-03T01:09:35","date_gmt":"2024-03-03T00:09:35","guid":{"rendered":"https:\/\/www.fotezja.pl\/fotowyprawy\/?page_id=10239"},"modified":"2024-10-22T01:39:25","modified_gmt":"2024-10-21T23:39:25","slug":"sylwester-z-zubrami","status":"publish","type":"page","link":"https:\/\/www.fotezja.pl\/fotowyprawy\/sylwester-z-zubrami\/","title":{"rendered":"Sylwester z \u017cubrami"},"content":{"rendered":"<p><img decoding=\"async\" loading=\"lazy\" src=\"https:\/\/www.fotezja.pl\/fotowyprawy\/wp-content\/uploads\/sites\/6\/2024\/03\/IMG_0848_b.jpg\"><noscript><img decoding=\"async\" src=\"https:\/\/www.fotezja.pl\/fotowyprawy\/wp-content\/uploads\/sites\/6\/2024\/03\/IMG_0848_b.jpg\"><\/noscript><\/p>\n<p>Muzyka puszczy, rozgrzewaj\u0105cy serce blask ognia, weso\u0142e iskry strzelaj\u0105ce w niebo&#8230; W tak czarownej atmosferze mo\u017cna wita\u0107 Nowy Rok podczas naszej sylwestrowej wyprawy do Puszczy Bia\u0142owieskiej. A magia nocy sp\u0119dzonej przy ogniu na wypatrywaniu swoich szcz\u0119\u015bliwych gwiazd to jeszcze nie wszystko. Co ponadto? Niespieszne w\u0119dr\u00f3wki w rytmie puszcza\u0144skiej natury, zar\u00f3wno po jej arteriach, jak i wci\u0105\u017c prawdziwie dzikich zakamarkach. Ich pejza\u017c d\u017awi\u0119kowy, mg\u0142awice zapach\u00f3w, kt\u00f3re wabi\u0105 zmys\u0142y w\u0119drowc\u00f3w i tworz\u0105 niezwyk\u0142y klimat tych ost\u0119p\u00f3w gwarantuj\u0105 niezapomniane wra\u017cenia. Powitanie s\u0142o\u0144ca w towarzystwie majestatycznych \u017cubr\u00f3w. A przy sprzyjaj\u0105cej aurze cudna, bajkowa zima. Nagle rankiem \u015bwiat w mro\u017anej bieli l\u015bni jak diament. Nic, tylko fotografowa\u0107 to nieskazitelne pi\u0119kno.<\/p>\n<p><\/p>\n<p>Ta wyprawa to okazja dla mi\u0142o\u015bnik\u00f3w przyrody, by sp\u0119dzi\u0107 Sylwestra w ulubionych sceneriach, a tak\u017ce doskona\u0142a alternatywa dla zm\u0119czonych tradycyjnymi zabawami. Bia\u0142owieski Park Narodowy to ostatni na skal\u0119 europejsk\u0105 wi\u0119kszy fragment naturalnego lasu nizinnego . Jego unikatowo\u015b\u0107 sprawi\u0142a, \u017ce znalaz\u0142 si\u0119 na li\u015bcie \u015bwiatowego dziedzictwa UNESCO. Nasza wyprawa pozwala do\u015bwiadczy\u0107 pierwotnej dziko\u015bci natury dzi\u0119ki w\u0119dr\u00f3wce przez \u015bcis\u0142y rezerwat.Podczas przemierzania puszcza\u0144skich \u015bcie\u017cek nietrudno o spotkanie rzadkich gatunk\u00f3w dzi\u0119cio\u0142\u00f3w: tr\u00f3jpalczastego i bia\u0142ogrzbietego. Park jest te\u017c ostoj\u0105 dla s\u00f3weczki. Mo\u017cemy tu spr\u00f3bowa\u0107 mierzy\u0107 si\u0119 wzrokiem z budz\u0105cym respekt \u017cubrem, jak te\u017c napotka\u0107 wilki, a to w wersji samotnika-indywidualisty, a to w opcji rodzinnej \u2013 z ca\u0142\u0105 watah\u0105. By\u0107 mo\u017ce \u0142askawie objawi nam si\u0119 najbardziej tajemniczy mieszkaniec puszczy \u2013 ry\u015b.<\/p>\n<p style=\"text-align: center;\">\n<p><a name=\"zgloszenie\"><\/a><\/p>\n<p><strong><span style=\"color: #ff0000;\"><a href=\"https:\/\/www.fotezja.pl\/fotowyprawy\/sylwester-z-zubrami\/zgloszenie-na-wyprawe-sylwestrowa-do-bialowiezy\/\" rel=\"\">Jad\u0119 na Sylwestra do Bia\u0142owie\u017cy!<\/a><\/span><\/strong><\/p>\n<p><img decoding=\"async\" loading=\"lazy\" src=\"https:\/\/www.fotezja.pl\/fotowyprawy\/wp-content\/uploads\/sites\/6\/2024\/03\/IMG_1023_b.jpg\"><noscript><img decoding=\"async\" src=\"https:\/\/www.fotezja.pl\/fotowyprawy\/wp-content\/uploads\/sites\/6\/2024\/03\/IMG_1023_b.jpg\"><\/noscript><\/p>\n<p><span style=\"color: #000000\"><a href=\"https:\/\/www.fotezja.pl\/fotowyprawy\/sylwester-z-zubrami\/zgloszenie-na-wyprawe-sylwestrowa-do-bialowiezy\/\" rel=\"\">Zg\u0142aszam si\u0119 na wypraw\u0119 do bia\u0142owie\u017cy<\/a><\/span><\/p>\n<p class=\"tipi-center\"><a target=\"_blank\" href=\"https:\/\/www.fotezja.pl\/fotowyprawy\/powinienes-wiedziec-ze\/\" style=\"color: #e69138\" rel=\"noopener\"><strong>Przeczytaj, co jeszcze warto wiedzie\u0107 o naszych fotowyprawach<\/strong><\/a><a target=\"_blank\" href=\"https:\/\/www.fotezja.pl\/fotowyprawy\/category\/powinienes-wiedziec-ze\/\" style=\"color: #e69138\" rel=\"noopener\"><strong> <\/strong><\/a><\/p>\n<p class=\"tipi-center\"><a target=\"_blank\" href=\"https:\/\/www.fotezja.pl\/fotowyprawy\/warto-bo\/\" style=\"color: #e69138\" rel=\"noopener\"><strong>Co oferujemy i dlaczego warto jecha\u0107 w\u0142a\u015bnie z nami<\/strong><\/a><a target=\"_blank\" href=\"https:\/\/www.fotezja.pl\/fotowyprawy\/warto-bo\/\" style=\"color: #e69138\" rel=\"noopener\"><strong>&nbsp;<\/strong><\/a><\/p>\n<p class=\"tipi-center\"><a target=\"_blank\" href=\"https:\/\/www.fotezja.pl\/fotowyprawy\/ogolne-warunki-umowy-o-swiadczeniu-imprez-turystycznych\/\" style=\"color: #e69138\" rel=\"noopener\"><strong>Jakie s\u0105 og\u00f3lne warunki umowy o \u015bwiadczenie us\u0142ug turystycznych <\/strong><\/a><\/p>\n","protected":false},"excerpt":{"rendered":"<p>Muzyka puszczy, rozgrzewaj\u0105cy serce blask ognia, weso\u0142e iskry strzelaj\u0105ce w niebo&#8230; W tak czarownej atmosferze mo\u017cna wita\u0107 Nowy Rok podczas naszej sylwestrowej wyprawy do Puszczy Bia\u0142owieskiej. A magia nocy sp\u0119dzonej przy ogniu na wypatrywaniu swoich szcz\u0119\u015bliwych gwiazd to jeszcze nie wszystko. Co ponadto? Niespieszne w\u0119dr\u00f3wki w rytmie puszcza\u0144skiej natury, zar\u00f3wno po jej arteriach, jak i wci\u0105\u017c prawdziwie dzikich zakamarkach. Ich pejza\u017c d\u017awi\u0119kowy, mg\u0142awice zapach\u00f3w, kt\u00f3re wabi\u0105 zmys\u0142y w\u0119drowc\u00f3w i tworz\u0105 niezwyk\u0142y klimat tych ost\u0119p\u00f3w gwarantuj\u0105 niezapomniane wra\u017cenia. Powitanie s\u0142o\u0144ca w [&hellip;]<\/p>\n","protected":false},"author":1,"featured_media":9620,"parent":0,"menu_order":0,"comment_status":"closed","ping_status":"closed","template":"","meta":{"footnotes":"","_links_to":"","_links_to_target":""},"class_list":["post-10239","page","type-page","status-publish","has-post-thumbnail","hentry"],"_links":{"self":[{"href":"https:\/\/www.fotezja.pl\/fotowyprawy\/wp-json\/wp\/v2\/pages\/10239","targetHints":{"allow":["GET"]}}],"collection":[{"href":"https:\/\/www.fotezja.pl\/fotowyprawy\/wp-json\/wp\/v2\/pages"}],"about":[{"href":"https:\/\/www.fotezja.pl\/fotowyprawy\/wp-json\/wp\/v2\/types\/page"}],"author":[{"embeddable":true,"href":"https:\/\/www.fotezja.pl\/fotowyprawy\/wp-json\/wp\/v2\/users\/1"}],"replies":[{"embeddable":true,"href":"https:\/\/www.fotezja.pl\/fotowyprawy\/wp-json\/wp\/v2\/comments?post=10239"}],"version-history":[{"count":43,"href":"https:\/\/www.fotezja.pl\/fotowyprawy\/wp-json\/wp\/v2\/pages\/10239\/revisions"}],"predecessor-version":[{"id":11882,"href":"https:\/\/www.fotezja.pl\/fotowyprawy\/wp-json\/wp\/v2\/pages\/10239\/revisions\/11882"}],"wp:featuredmedia":[{"embeddable":true,"href":"https:\/\/www.fotezja.pl\/fotowyprawy\/wp-json\/wp\/v2\/media\/9620"}],"wp:attachment":[{"href":"https:\/\/www.fotezja.pl\/fotowyprawy\/wp-json\/wp\/v2\/media?parent=10239"}],"curies":[{"name":"wp","href":"https:\/\/api.w.org\/{rel}","templated":true}]}}